{"id":10383,"date":"2025-06-09T10:07:00","date_gmt":"2025-06-09T08:07:00","guid":{"rendered":"https:\/\/sites.ac-nancy-metz.fr\/arts-plastiques\/?page_id=10383"},"modified":"2025-06-09T13:29:12","modified_gmt":"2025-06-09T11:29:12","slug":"carnet-et-cahier-en-arts-plastiques","status":"publish","type":"page","link":"https:\/\/sites.ac-nancy-metz.fr\/arts-plastiques\/carnet-et-cahier-en-arts-plastiques\/","title":{"rendered":"Carnet et cahier en arts plastiques"},"content":{"rendered":"\n<p>Quelle place accorder au cahier et au carnet dans la didactique des arts plastiques, au regard de leur emploi dans la cr\u00e9ation artistique, de ses origines \u00e0 nos jours? Cet article de Christian Vieaux, IGESR, prononc\u00e9 lors d&rsquo;une journ\u00e9e d&rsquo;\u00e9tude dans l&rsquo;acad\u00e9mie de Dijon, revient sur l&rsquo;\u00e9volution des usages des diff\u00e9rents supports visant \u00e0 conserver les traces graphiques en classe et au-del\u00e0, la m\u00e9moire des apprentissages de la discipline. <\/p>\n\n\n\n<div data-wp-interactive=\"core\/file\" class=\"wp-block-file\"><object data-wp-bind--hidden=\"!state.hasPdfPreview\" hidden class=\"wp-block-file__embed\" data=\"https:\/\/sites.ac-nancy-metz.fr\/arts-plastiques\/wp-content\/uploads\/2025-03-17_LE-CAHIER-EN-AP_CVIEAUX-1.pdf\" type=\"application\/pdf\" style=\"width:100%;height:600px\" aria-label=\"Contenu embarqu\u00e9 2025 03 17_LE CAHIER EN AP_CVIEAUX.\"><\/object><a id=\"wp-block-file--media-b882ab2c-dd57-4b49-bebb-b20f7c46b144\" href=\"https:\/\/sites.ac-nancy-metz.fr\/arts-plastiques\/wp-content\/uploads\/2025-03-17_LE-CAHIER-EN-AP_CVIEAUX-1.pdf\">2025 03 17_LE CAHIER EN AP_CVIEAUX<\/a><a href=\"https:\/\/sites.ac-nancy-metz.fr\/arts-plastiques\/wp-content\/uploads\/2025-03-17_LE-CAHIER-EN-AP_CVIEAUX-1.pdf\" class=\"wp-block-file__button wp-element-button\" download aria-describedby=\"wp-block-file--media-b882ab2c-dd57-4b49-bebb-b20f7c46b144\">T\u00e9l\u00e9charger<\/a><\/div>\n","protected":false},"excerpt":{"rendered":"<p>Quelle place accorder au cahier et au carnet dans la didactique des arts plastiques, au regard de leur emploi dans la cr\u00e9ation artistique, de ses origines&#8230;<\/p>\n","protected":false},"author":5,"featured_media":0,"parent":0,"menu_order":0,"comment_status":"closed","ping_status":"closed","template":"","meta":{"footnotes":""},"class_list":["post-10383","page","type-page","status-publish","hentry"],"_links":{"self":[{"href":"https:\/\/sites.ac-nancy-metz.fr\/arts-plastiques\/wp-json\/wp\/v2\/pages\/10383","targetHints":{"allow":["GET"]}}],"collection":[{"href":"https:\/\/sites.ac-nancy-metz.fr\/arts-plastiques\/wp-json\/wp\/v2\/pages"}],"about":[{"href":"https:\/\/sites.ac-nancy-metz.fr\/arts-plastiques\/wp-json\/wp\/v2\/types\/page"}],"author":[{"embeddable":true,"href":"https:\/\/sites.ac-nancy-metz.fr\/arts-plastiques\/wp-json\/wp\/v2\/users\/5"}],"replies":[{"embeddable":true,"href":"https:\/\/sites.ac-nancy-metz.fr\/arts-plastiques\/wp-json\/wp\/v2\/comments?post=10383"}],"version-history":[{"count":3,"href":"https:\/\/sites.ac-nancy-metz.fr\/arts-plastiques\/wp-json\/wp\/v2\/pages\/10383\/revisions"}],"predecessor-version":[{"id":10390,"href":"https:\/\/sites.ac-nancy-metz.fr\/arts-plastiques\/wp-json\/wp\/v2\/pages\/10383\/revisions\/10390"}],"wp:attachment":[{"href":"https:\/\/sites.ac-nancy-metz.fr\/arts-plastiques\/wp-json\/wp\/v2\/media?parent=10383"}],"curies":[{"name":"wp","href":"https:\/\/api.w.org\/{rel}","templated":true}]}}