{"id":149,"date":"2020-09-06T15:34:19","date_gmt":"2020-09-06T13:34:19","guid":{"rendered":"https:\/\/sites.ac-nancy-metz.fr\/arts-plastiques\/?page_id=149"},"modified":"2021-11-12T12:42:39","modified_gmt":"2021-11-12T11:42:39","slug":"actualites","status":"publish","type":"page","link":"https:\/\/sites.ac-nancy-metz.fr\/arts-plastiques\/actualites\/","title":{"rendered":"Actualit\u00e9s"},"content":{"rendered":"\n<p class=\"has-text-align-right\">\u00ab&nbsp;<em>J\u2019appelle partage du sensible ce syst\u00e8me d\u2019\u00e9vidences sensibles qui donne \u00e0 voir en m\u00eame temps l\u2019existence d\u2019un commun et les d\u00e9coupages qui y d\u00e9finissent les places et les parts respectives.&nbsp;<\/em>\u00bb&nbsp;<\/p>\n\n\n\n<p class=\"has-text-align-right\">Jacques RANCI\u00c8RE,\u00a0<em>Le Partage du sensible,\u00a0<\/em>La Fabrique \u00e9ditions, 2000.<\/p>\n\n\n\n<p class=\"has-text-align-center\"><strong>Lettres des arts plastiques dans les acad\u00e9mies<\/strong><\/p>\n\n\n\n<div class=\"wp-block-columns has-3-columns is-layout-flex wp-container-core-columns-is-layout-9d6595d7 wp-block-columns-is-layout-flex\">\n<div class=\"wp-block-column is-layout-flow wp-block-column-is-layout-flow\">\n<div class=\"wp-block-image\"><figure class=\"aligncenter is-resized\"><a href=\"http:\/\/arts-plastiques.spip.ac-rouen.fr\/spip.php?rubrique39\"><img decoding=\"async\" src=\"https:\/\/sites.ac-nancy-metz.fr\/arts-plastiques\/wp-content\/uploads\/arton1120-fc2e6-150x83.jpg\" alt=\"\" class=\"wp-image-3044\" width=\"187\" height=\"103\"\/><\/a><figcaption>Acad\u00e9mie de Normandie<\/figcaption><\/figure><\/div>\n\n\n\n<div class=\"wp-block-image\"><figure class=\"aligncenter is-resized\"><a href=\"https:\/\/pedagogie.ac-rennes.fr\/spip.php?article1895\"><img decoding=\"async\" src=\"https:\/\/sites.ac-nancy-metz.fr\/arts-plastiques\/wp-content\/uploads\/arton1895-00940.jpg\" alt=\"\" class=\"wp-image-3049\" width=\"137\" height=\"105\"\/><\/a><figcaption>Acad\u00e9mie de Rennes<\/figcaption><\/figure><\/div>\n\n\n\n<div class=\"wp-block-image\"><figure class=\"aligncenter is-resized\"><a href=\"https:\/\/www.pedagogie.ac-nantes.fr\/arts-plastiques-insitu\/kiosque\/\"><img decoding=\"async\" src=\"https:\/\/sites.ac-nancy-metz.fr\/arts-plastiques\/wp-content\/uploads\/logo-insitu-academie-de-nantes_1_1.jpg\" alt=\"\" class=\"wp-image-3059\" width=\"140\" height=\"94\"\/><\/a><figcaption>Acad\u00e9mie de Nantes<\/figcaption><\/figure><\/div>\n<\/div>\n\n\n\n<div class=\"wp-block-column is-layout-flow wp-block-column-is-layout-flow\">\n<div class=\"wp-block-image\"><figure class=\"aligncenter is-resized\"><a href=\"https:\/\/disciplines.ac-toulouse.fr\/arts-plastiques\/sommaire-des-zaplettres\"><img loading=\"lazy\" decoding=\"async\" src=\"https:\/\/sites.ac-nancy-metz.fr\/arts-plastiques\/wp-content\/uploads\/capture-decran-2021-02-06-a-14-21-30-150x150.png\" alt=\"\" class=\"wp-image-3051\" width=\"104\" height=\"104\" srcset=\"https:\/\/sites.ac-nancy-metz.fr\/arts-plastiques\/wp-content\/uploads\/capture-decran-2021-02-06-a-14-21-30-150x150.png 150w, https:\/\/sites.ac-nancy-metz.fr\/arts-plastiques\/wp-content\/uploads\/capture-decran-2021-02-06-a-14-21-30-100x100.png 100w\" sizes=\"(max-width: 104px) 100vw, 104px\" \/><\/a><figcaption>Acad\u00e9mie de Toulouse<\/figcaption><\/figure><\/div>\n\n\n\n<div class=\"wp-block-image\"><figure class=\"aligncenter is-resized\"><a href=\"http:\/\/www.ac-clermont.fr\/disciplines\/index.php?id=881&amp;L=558&amp;tx_ttnews%5Btt_news%5D=12102&amp;cHash=aa941d266e8ab644fd77e0d2119b3355\"><img loading=\"lazy\" decoding=\"async\" src=\"https:\/\/sites.ac-nancy-metz.fr\/arts-plastiques\/wp-content\/uploads\/csm_letter_arts_plastiques_num_6_4f4e082ddf-1.png\" alt=\"\" class=\"wp-image-3054\" width=\"136\" height=\"98\"\/><\/a><figcaption>Acad\u00e9mie de Clermont-Ferrand<\/figcaption><\/figure><\/div>\n\n\n\n<div class=\"wp-block-image\"><figure class=\"aligncenter is-resized\"><a href=\"https:\/\/sites.ac-nancy-metz.fr\/arts-plastiques\/lettres-ian\/\"><img loading=\"lazy\" decoding=\"async\" src=\"https:\/\/sites.ac-nancy-metz.fr\/arts-plastiques\/wp-content\/uploads\/capture-decran-2021-02-06-a-14-37-25-300x148.png\" alt=\"\" class=\"wp-image-3061\" width=\"171\" height=\"84\" srcset=\"https:\/\/sites.ac-nancy-metz.fr\/arts-plastiques\/wp-content\/uploads\/capture-decran-2021-02-06-a-14-37-25-300x148.png 300w, https:\/\/sites.ac-nancy-metz.fr\/arts-plastiques\/wp-content\/uploads\/capture-decran-2021-02-06-a-14-37-25-768x380.png 768w, https:\/\/sites.ac-nancy-metz.fr\/arts-plastiques\/wp-content\/uploads\/capture-decran-2021-02-06-a-14-37-25.png 945w\" sizes=\"(max-width: 171px) 100vw, 171px\" \/><\/a><figcaption>Acad\u00e9mie de Nancy-Metz<\/figcaption><\/figure><\/div>\n<\/div>\n\n\n\n<div class=\"wp-block-column is-layout-flow wp-block-column-is-layout-flow\">\n<div class=\"wp-block-image\"><figure class=\"aligncenter is-resized\"><a href=\"http:\/\/ww2.ac-poitiers.fr\/arts_p\/spip.php?rubrique133\"><img loading=\"lazy\" decoding=\"async\" src=\"https:\/\/sites.ac-nancy-metz.fr\/arts-plastiques\/wp-content\/uploads\/arton1251-9683b.png\" alt=\"\" class=\"wp-image-3047\" width=\"202\" height=\"97\"\/><\/a><figcaption>Acad\u00e9mie de Poitiers Limoges<\/figcaption><\/figure><\/div>\n\n\n\n<div class=\"wp-block-image\"><figure class=\"aligncenter is-resized\"><a href=\"http:\/\/arts-plastiques.ac-amiens.fr\/132-jetee-culturelle.html\"><img loading=\"lazy\" decoding=\"async\" src=\"https:\/\/sites.ac-nancy-metz.fr\/arts-plastiques\/wp-content\/uploads\/capture-decran-2021-02-06-a-14-32-00.png\" alt=\"\" class=\"wp-image-3056\" width=\"106\" height=\"104\" srcset=\"https:\/\/sites.ac-nancy-metz.fr\/arts-plastiques\/wp-content\/uploads\/capture-decran-2021-02-06-a-14-32-00.png 373w, https:\/\/sites.ac-nancy-metz.fr\/arts-plastiques\/wp-content\/uploads\/capture-decran-2021-02-06-a-14-32-00-300x295.png 300w\" sizes=\"(max-width: 106px) 100vw, 106px\" \/><\/a><figcaption>Acad\u00e9mie d&rsquo;Amiens<\/figcaption><\/figure><\/div>\n\n\n\n<div class=\"wp-block-image\"><figure class=\"aligncenter is-resized\"><a href=\"http:\/\/artsplastiques.discipline.ac-lille.fr\/continuite-pedagogique-2020\/la-lettre-d2019informations-arts-plastiques\"><img loading=\"lazy\" decoding=\"async\" src=\"https:\/\/sites.ac-nancy-metz.fr\/arts-plastiques\/wp-content\/uploads\/capture-decran-2021-02-06-a-14-55-43-150x111.png\" alt=\"\" class=\"wp-image-3063\" width=\"108\" height=\"80\"\/><\/a><figcaption>Acad\u00e9mie de Lille<\/figcaption><\/figure><\/div>\n<\/div>\n<\/div>\n\n\n\n<p class=\"has-text-align-center\"><strong><a href=\"http:\/\/arts-plastiques.ac-dijon.fr\/IMG\/pdf\/forum_de_l_e_ducation_artistique_et_culturelle_-_art_de_l_image_-_image_de_l_art.pdf\">L&rsquo;art de l&rsquo;image \u2013 L&rsquo;image de l&rsquo;art : Bruno DURAND, conf\u00e9rence janvier 2021<\/a><\/strong><\/p>\n\n\n\n<a href=\"https:\/\/twitter.com\/intent\/tweet?screen_name=eduscol_AP&amp;ref_src=twsrc%5Etfw\" class=\"twitter-mention-button\" data-show-count=\"false\">Tweet to @eduscol_AP<\/a><script async=\"\" src=\"https:\/\/platform.twitter.com\/widgets.js\" charset=\"utf-8\"><\/script>\n","protected":false},"excerpt":{"rendered":"<p>\u00ab&nbsp;J\u2019appelle partage du sensible ce syst\u00e8me d\u2019\u00e9vidences sensibles qui donne \u00e0 voir en m\u00eame temps l\u2019existence d\u2019un commun et les d\u00e9coupages qui y d\u00e9finissent les places&#8230;<\/p>\n","protected":false},"author":2,"featured_media":0,"parent":0,"menu_order":0,"comment_status":"closed","ping_status":"closed","template":"","meta":{"footnotes":""},"class_list":["post-149","page","type-page","status-publish","hentry"],"_links":{"self":[{"href":"https:\/\/sites.ac-nancy-metz.fr\/arts-plastiques\/wp-json\/wp\/v2\/pages\/149","targetHints":{"allow":["GET"]}}],"collection":[{"href":"https:\/\/sites.ac-nancy-metz.fr\/arts-plastiques\/wp-json\/wp\/v2\/pages"}],"about":[{"href":"https:\/\/sites.ac-nancy-metz.fr\/arts-plastiques\/wp-json\/wp\/v2\/types\/page"}],"author":[{"embeddable":true,"href":"https:\/\/sites.ac-nancy-metz.fr\/arts-plastiques\/wp-json\/wp\/v2\/users\/2"}],"replies":[{"embeddable":true,"href":"https:\/\/sites.ac-nancy-metz.fr\/arts-plastiques\/wp-json\/wp\/v2\/comments?post=149"}],"version-history":[{"count":12,"href":"https:\/\/sites.ac-nancy-metz.fr\/arts-plastiques\/wp-json\/wp\/v2\/pages\/149\/revisions"}],"predecessor-version":[{"id":6218,"href":"https:\/\/sites.ac-nancy-metz.fr\/arts-plastiques\/wp-json\/wp\/v2\/pages\/149\/revisions\/6218"}],"wp:attachment":[{"href":"https:\/\/sites.ac-nancy-metz.fr\/arts-plastiques\/wp-json\/wp\/v2\/media?parent=149"}],"curies":[{"name":"wp","href":"https:\/\/api.w.org\/{rel}","templated":true}]}}