{"id":160,"date":"2020-09-06T15:40:43","date_gmt":"2020-09-06T13:40:43","guid":{"rendered":"https:\/\/sites.ac-nancy-metz.fr\/arts-plastiques\/?page_id=160"},"modified":"2021-04-19T12:22:26","modified_gmt":"2021-04-19T10:22:26","slug":"ressources-pedagogiques-college","status":"publish","type":"page","link":"https:\/\/sites.ac-nancy-metz.fr\/arts-plastiques\/ressources-pedagogiques-college\/","title":{"rendered":"Ressources coll\u00e8ge"},"content":{"rendered":"\n<p style=\"text-align:center\"><strong>Ressources d\u2019accompagnement des programmes <\/strong><\/p>\n\n\n\n<p><a rel=\"noreferrer noopener\" href=\"http:\/\/eduscol.education.fr\/cid99287\/ressources-d-accompagnement-enseignements-artistiques-aux-cycles-2-et-3.html\" target=\"_blank\">http:\/\/eduscol.education.fr\/cid99287\/ressources-d-accompagnement-enseignements-artistiques-aux-cycles-2-et-3.html <\/a><\/p>\n\n\n\n<p><a rel=\"noreferrer noopener\" href=\"http:\/\/eduscol.education.fr\/cid99284\/ressources-d-accompagnement-arts-plastiques-c4.html\" target=\"_blank\">http:\/\/eduscol.education.fr\/cid99284\/ressources-d-accompagnement-arts-plastiques-c4.html<\/a><\/p>\n\n\n\n<p>Ressources : Marie ROUSSEAU IA-IPR Inspectrice d\u2019Acad\u00e9mie \u2013 Inspectrice P\u00e9dagogique R\u00e9gionale et S\u00e9bastien CHAMPION Charg\u00e9 de Mission d\u2019Inspection<\/p>\n\n\n\n<p>Cliquer sur l&rsquo;image pour acc\u00e9der aux ressources : <\/p>\n\n\n\n<div class=\"wp-block-image\"><figure class=\"aligncenter is-resized\"><a href=\"https:\/\/sites.ac-nancy-metz.fr\/arts-plastiques\/2020\/10\/30\/ressources-rentree-novembre-2020\/\"><img fetchpriority=\"high\" decoding=\"async\" src=\"https:\/\/sites.ac-nancy-metz.fr\/arts-plastiques\/wp-content\/uploads\/capture-decran-2020-11-11-a-18-36-22.png\" alt=\"\" class=\"wp-image-2116\" width=\"402\" height=\"425\" srcset=\"https:\/\/sites.ac-nancy-metz.fr\/arts-plastiques\/wp-content\/uploads\/capture-decran-2020-11-11-a-18-36-22.png 589w, https:\/\/sites.ac-nancy-metz.fr\/arts-plastiques\/wp-content\/uploads\/capture-decran-2020-11-11-a-18-36-22-284x300.png 284w\" sizes=\"(max-width: 402px) 100vw, 402px\" \/><\/a><\/figure><\/div>\n\n\n\n<div class=\"wp-block-columns has-3-columns is-layout-flex wp-container-core-columns-is-layout-9d6595d7 wp-block-columns-is-layout-flex\">\n<div class=\"wp-block-column is-layout-flow wp-block-column-is-layout-flow\">\n<figure class=\"wp-block-image\"><a href=\"http:\/\/www4.ac-nancy-metz.fr\/arts-plastiques\/docs\/sequences\/musee%203%20eme%20.pdf\"><img decoding=\"async\" width=\"325\" height=\"313\" src=\"https:\/\/sites.ac-nancy-metz.fr\/arts-plastiques\/wp-content\/uploads\/seq_9.jpg\" alt=\"\" class=\"wp-image-634\" srcset=\"https:\/\/sites.ac-nancy-metz.fr\/arts-plastiques\/wp-content\/uploads\/seq_9.jpg 325w, https:\/\/sites.ac-nancy-metz.fr\/arts-plastiques\/wp-content\/uploads\/seq_9-300x289.jpg 300w\" sizes=\"(max-width: 325px) 100vw, 325px\" \/><\/a><\/figure>\n\n\n\n<figure class=\"wp-block-image\"><a href=\"http:\/\/www4.ac-nancy-metz.fr\/arts-plastiques\/docs\/sequences\/souligner_espace.pdf\"><img decoding=\"async\" width=\"325\" height=\"313\" src=\"https:\/\/sites.ac-nancy-metz.fr\/arts-plastiques\/wp-content\/uploads\/souligner.jpg\" alt=\"\" class=\"wp-image-638\" srcset=\"https:\/\/sites.ac-nancy-metz.fr\/arts-plastiques\/wp-content\/uploads\/souligner.jpg 325w, https:\/\/sites.ac-nancy-metz.fr\/arts-plastiques\/wp-content\/uploads\/souligner-300x289.jpg 300w\" sizes=\"(max-width: 325px) 100vw, 325px\" \/><\/a><\/figure>\n\n\n\n<figure class=\"wp-block-image\"><a href=\"http:\/\/www4.ac-nancy-metz.fr\/arts-plastiques\/docs\/sequences\/echelle%20et%20point%20de%20vue%205%20eme%20.pdf\"><img loading=\"lazy\" decoding=\"async\" width=\"325\" height=\"313\" src=\"https:\/\/sites.ac-nancy-metz.fr\/arts-plastiques\/wp-content\/uploads\/seq_10.jpg\" alt=\"\" class=\"wp-image-635\" srcset=\"https:\/\/sites.ac-nancy-metz.fr\/arts-plastiques\/wp-content\/uploads\/seq_10.jpg 325w, https:\/\/sites.ac-nancy-metz.fr\/arts-plastiques\/wp-content\/uploads\/seq_10-300x289.jpg 300w\" sizes=\"(max-width: 325px) 100vw, 325px\" \/><\/a><\/figure>\n\n\n\n<figure class=\"wp-block-image\"><a href=\"http:\/\/www4.ac-nancy-metz.fr\/arts-plastiques\/docs\/sequences\/seq3.ppt\"><img loading=\"lazy\" decoding=\"async\" width=\"325\" height=\"313\" src=\"https:\/\/sites.ac-nancy-metz.fr\/arts-plastiques\/wp-content\/uploads\/seq_3.jpg\" alt=\"\" class=\"wp-image-630\" srcset=\"https:\/\/sites.ac-nancy-metz.fr\/arts-plastiques\/wp-content\/uploads\/seq_3.jpg 325w, https:\/\/sites.ac-nancy-metz.fr\/arts-plastiques\/wp-content\/uploads\/seq_3-300x289.jpg 300w\" sizes=\"(max-width: 325px) 100vw, 325px\" \/><\/a><\/figure>\n\n\n\n<figure class=\"wp-block-image\"><a href=\"http:\/\/www4.ac-nancy-metz.fr\/arts-plastiques\/docs\/sequences\/seq4.ppt\"><img loading=\"lazy\" decoding=\"async\" width=\"325\" height=\"313\" src=\"https:\/\/sites.ac-nancy-metz.fr\/arts-plastiques\/wp-content\/uploads\/seq_4.jpg\" alt=\"\" class=\"wp-image-631\" srcset=\"https:\/\/sites.ac-nancy-metz.fr\/arts-plastiques\/wp-content\/uploads\/seq_4.jpg 325w, https:\/\/sites.ac-nancy-metz.fr\/arts-plastiques\/wp-content\/uploads\/seq_4-300x289.jpg 300w\" sizes=\"(max-width: 325px) 100vw, 325px\" \/><\/a><\/figure>\n\n\n\n<figure class=\"wp-block-image\"><a href=\"http:\/\/www4.ac-nancy-metz.fr\/arts-plastiques\/docs\/traam\/sequence4_lusr.pdf\"><img loading=\"lazy\" decoding=\"async\" width=\"325\" height=\"313\" src=\"https:\/\/sites.ac-nancy-metz.fr\/arts-plastiques\/wp-content\/uploads\/traam3_2014-1.jpg\" alt=\"\" class=\"wp-image-802\" srcset=\"https:\/\/sites.ac-nancy-metz.fr\/arts-plastiques\/wp-content\/uploads\/traam3_2014-1.jpg 325w, https:\/\/sites.ac-nancy-metz.fr\/arts-plastiques\/wp-content\/uploads\/traam3_2014-1-300x289.jpg 300w\" sizes=\"(max-width: 325px) 100vw, 325px\" \/><\/a><\/figure>\n\n\n\n<figure class=\"wp-block-image\"><a href=\"http:\/\/www4.ac-nancy-metz.fr\/arts-plastiques\/docs\/traam\/04_Brunel_Laurent%20_tout-est-faux.pdf\"><img loading=\"lazy\" decoding=\"async\" width=\"325\" height=\"313\" src=\"https:\/\/sites.ac-nancy-metz.fr\/arts-plastiques\/wp-content\/uploads\/traam_4-1.jpg\" alt=\"\" class=\"wp-image-799\" srcset=\"https:\/\/sites.ac-nancy-metz.fr\/arts-plastiques\/wp-content\/uploads\/traam_4-1.jpg 325w, https:\/\/sites.ac-nancy-metz.fr\/arts-plastiques\/wp-content\/uploads\/traam_4-1-300x289.jpg 300w\" sizes=\"(max-width: 325px) 100vw, 325px\" \/><\/a><\/figure>\n\n\n\n<figure class=\"wp-block-image\"><a href=\"http:\/\/www4.ac-nancy-metz.fr\/arts-plastiques\/docs\/traam\/07_hosy_maud_a_la_une.pdf\"><img loading=\"lazy\" decoding=\"async\" width=\"325\" height=\"313\" src=\"https:\/\/sites.ac-nancy-metz.fr\/arts-plastiques\/wp-content\/uploads\/traam_7-1.jpg\" alt=\"\" class=\"wp-image-796\" srcset=\"https:\/\/sites.ac-nancy-metz.fr\/arts-plastiques\/wp-content\/uploads\/traam_7-1.jpg 325w, https:\/\/sites.ac-nancy-metz.fr\/arts-plastiques\/wp-content\/uploads\/traam_7-1-300x289.jpg 300w\" sizes=\"(max-width: 325px) 100vw, 325px\" \/><\/a><\/figure>\n\n\n\n<figure class=\"wp-block-image\"><a href=\"http:\/\/www4.ac-nancy-metz.fr\/arts-plastiques\/docs\/traam\/02_aurelien_schaffer_petit_theatre.pdf\"><img loading=\"lazy\" decoding=\"async\" width=\"325\" height=\"313\" src=\"https:\/\/sites.ac-nancy-metz.fr\/arts-plastiques\/wp-content\/uploads\/traam_1.jpg\" alt=\"\" class=\"wp-image-781\" srcset=\"https:\/\/sites.ac-nancy-metz.fr\/arts-plastiques\/wp-content\/uploads\/traam_1.jpg 325w, https:\/\/sites.ac-nancy-metz.fr\/arts-plastiques\/wp-content\/uploads\/traam_1-300x289.jpg 300w\" sizes=\"(max-width: 325px) 100vw, 325px\" \/><\/a><\/figure>\n<\/div>\n\n\n\n<div class=\"wp-block-column is-layout-flow wp-block-column-is-layout-flow\">\n<figure class=\"wp-block-image\"><a href=\"http:\/\/www4.ac-nancy-metz.fr\/arts-plastiques\/docs\/sequences\/froisser%205%20eme%20.pdf\"><img loading=\"lazy\" decoding=\"async\" width=\"325\" height=\"313\" src=\"https:\/\/sites.ac-nancy-metz.fr\/arts-plastiques\/wp-content\/uploads\/seq_7.jpg\" alt=\"\" class=\"wp-image-632\" srcset=\"https:\/\/sites.ac-nancy-metz.fr\/arts-plastiques\/wp-content\/uploads\/seq_7.jpg 325w, https:\/\/sites.ac-nancy-metz.fr\/arts-plastiques\/wp-content\/uploads\/seq_7-300x289.jpg 300w\" sizes=\"(max-width: 325px) 100vw, 325px\" \/><\/a><\/figure>\n\n\n\n<figure class=\"wp-block-image\"><a href=\"http:\/\/www4.ac-nancy-metz.fr\/arts-plastiques\/img\/seq2.pdf\"><img loading=\"lazy\" decoding=\"async\" width=\"325\" height=\"313\" src=\"https:\/\/sites.ac-nancy-metz.fr\/arts-plastiques\/wp-content\/uploads\/seq_2.jpg\" alt=\"\" class=\"wp-image-629\" srcset=\"https:\/\/sites.ac-nancy-metz.fr\/arts-plastiques\/wp-content\/uploads\/seq_2.jpg 325w, https:\/\/sites.ac-nancy-metz.fr\/arts-plastiques\/wp-content\/uploads\/seq_2-300x289.jpg 300w\" sizes=\"(max-width: 325px) 100vw, 325px\" \/><\/a><\/figure>\n\n\n\n<figure class=\"wp-block-image\"><a href=\"http:\/\/www4.ac-nancy-metz.fr\/arts-plastiques\/img\/seq1.pdf\"><img loading=\"lazy\" decoding=\"async\" width=\"325\" height=\"313\" src=\"https:\/\/sites.ac-nancy-metz.fr\/arts-plastiques\/wp-content\/uploads\/seq_1.jpg\" alt=\"\" class=\"wp-image-628\" srcset=\"https:\/\/sites.ac-nancy-metz.fr\/arts-plastiques\/wp-content\/uploads\/seq_1.jpg 325w, https:\/\/sites.ac-nancy-metz.fr\/arts-plastiques\/wp-content\/uploads\/seq_1-300x289.jpg 300w\" sizes=\"(max-width: 325px) 100vw, 325px\" \/><\/a><\/figure>\n\n\n\n<figure class=\"wp-block-image\"><a href=\"http:\/\/www4.ac-nancy-metz.fr\/arts-plastiques\/docs\/sequences\/seq5.ppt\"><img loading=\"lazy\" decoding=\"async\" width=\"325\" height=\"313\" src=\"https:\/\/sites.ac-nancy-metz.fr\/arts-plastiques\/wp-content\/uploads\/seq_5.jpg\" alt=\"\" class=\"wp-image-627\" srcset=\"https:\/\/sites.ac-nancy-metz.fr\/arts-plastiques\/wp-content\/uploads\/seq_5.jpg 325w, https:\/\/sites.ac-nancy-metz.fr\/arts-plastiques\/wp-content\/uploads\/seq_5-300x289.jpg 300w\" sizes=\"(max-width: 325px) 100vw, 325px\" \/><\/a><\/figure>\n\n\n\n<figure class=\"wp-block-image\"><a href=\"http:\/\/www4.ac-nancy-metz.fr\/arts-plastiques\/docs\/traam\/sequence6_lusr.pdf\"><img loading=\"lazy\" decoding=\"async\" width=\"325\" height=\"313\" src=\"https:\/\/sites.ac-nancy-metz.fr\/arts-plastiques\/wp-content\/uploads\/traam5_2014-1.jpg\" alt=\"\" class=\"wp-image-804\" srcset=\"https:\/\/sites.ac-nancy-metz.fr\/arts-plastiques\/wp-content\/uploads\/traam5_2014-1.jpg 325w, https:\/\/sites.ac-nancy-metz.fr\/arts-plastiques\/wp-content\/uploads\/traam5_2014-1-300x289.jpg 300w\" sizes=\"(max-width: 325px) 100vw, 325px\" \/><\/a><\/figure>\n\n\n\n<figure class=\"wp-block-image\"><a href=\"http:\/\/www4.ac-nancy-metz.fr\/arts-plastiques\/docs\/traam\/01-bis_Atmayer_severine_fiche_Je_lu%20SR.docx\"><img loading=\"lazy\" decoding=\"async\" width=\"325\" height=\"313\" src=\"https:\/\/sites.ac-nancy-metz.fr\/arts-plastiques\/wp-content\/uploads\/traam_5-1.jpg\" alt=\"\" class=\"wp-image-800\" srcset=\"https:\/\/sites.ac-nancy-metz.fr\/arts-plastiques\/wp-content\/uploads\/traam_5-1.jpg 325w, https:\/\/sites.ac-nancy-metz.fr\/arts-plastiques\/wp-content\/uploads\/traam_5-1-300x289.jpg 300w\" sizes=\"(max-width: 325px) 100vw, 325px\" \/><\/a><\/figure>\n\n\n\n<figure class=\"wp-block-image\"><a href=\"http:\/\/www4.ac-nancy-metz.fr\/arts-plastiques\/docs\/traam\/sequence%203_luSR.pdf\"><img loading=\"lazy\" decoding=\"async\" width=\"325\" height=\"313\" src=\"https:\/\/sites.ac-nancy-metz.fr\/arts-plastiques\/wp-content\/uploads\/traam2_2014-1.jpg\" alt=\"\" class=\"wp-image-798\" srcset=\"https:\/\/sites.ac-nancy-metz.fr\/arts-plastiques\/wp-content\/uploads\/traam2_2014-1.jpg 325w, https:\/\/sites.ac-nancy-metz.fr\/arts-plastiques\/wp-content\/uploads\/traam2_2014-1-300x289.jpg 300w\" sizes=\"(max-width: 325px) 100vw, 325px\" \/><\/a><\/figure>\n\n\n\n<figure class=\"wp-block-image\"><a href=\"http:\/\/www4.ac-nancy-metz.fr\/arts-plastiques\/docs\/traam\/05_hugain_camouflart_cahier_des_charges_national1.pdf\"><img loading=\"lazy\" decoding=\"async\" width=\"325\" height=\"313\" src=\"https:\/\/sites.ac-nancy-metz.fr\/arts-plastiques\/wp-content\/uploads\/traam_3-1.jpg\" alt=\"\" class=\"wp-image-795\" srcset=\"https:\/\/sites.ac-nancy-metz.fr\/arts-plastiques\/wp-content\/uploads\/traam_3-1.jpg 325w, https:\/\/sites.ac-nancy-metz.fr\/arts-plastiques\/wp-content\/uploads\/traam_3-1-300x289.jpg 300w\" sizes=\"(max-width: 325px) 100vw, 325px\" \/><\/a><\/figure>\n<\/div>\n\n\n\n<div class=\"wp-block-column is-layout-flow wp-block-column-is-layout-flow\">\n<figure class=\"wp-block-image\"><a href=\"http:\/\/www4.ac-nancy-metz.fr\/arts-plastiques\/docs\/sequences\/chimere%205%20eme%20.pdf\"><img loading=\"lazy\" decoding=\"async\" width=\"325\" height=\"313\" src=\"https:\/\/sites.ac-nancy-metz.fr\/arts-plastiques\/wp-content\/uploads\/seq_12.jpg\" alt=\"\" class=\"wp-image-640\" srcset=\"https:\/\/sites.ac-nancy-metz.fr\/arts-plastiques\/wp-content\/uploads\/seq_12.jpg 325w, https:\/\/sites.ac-nancy-metz.fr\/arts-plastiques\/wp-content\/uploads\/seq_12-300x289.jpg 300w\" sizes=\"(max-width: 325px) 100vw, 325px\" \/><\/a><\/figure>\n\n\n\n<figure class=\"wp-block-image\"><a href=\"http:\/\/www4.ac-nancy-metz.fr\/arts-plastiques\/img\/seq1.pdf\"><img loading=\"lazy\" decoding=\"async\" width=\"325\" height=\"313\" src=\"https:\/\/sites.ac-nancy-metz.fr\/arts-plastiques\/wp-content\/uploads\/seq_8.jpg\" alt=\"\" class=\"wp-image-633\" srcset=\"https:\/\/sites.ac-nancy-metz.fr\/arts-plastiques\/wp-content\/uploads\/seq_8.jpg 325w, https:\/\/sites.ac-nancy-metz.fr\/arts-plastiques\/wp-content\/uploads\/seq_8-300x289.jpg 300w\" sizes=\"(max-width: 325px) 100vw, 325px\" \/><\/a><\/figure>\n\n\n\n<figure class=\"wp-block-image\"><a href=\"http:\/\/www4.ac-nancy-metz.fr\/arts-plastiques\/docs\/sequences\/im_ss_paroles.pdf\"><img loading=\"lazy\" decoding=\"async\" width=\"325\" height=\"313\" src=\"https:\/\/sites.ac-nancy-metz.fr\/arts-plastiques\/wp-content\/uploads\/seq_1.gif\" alt=\"\" class=\"wp-image-625\"\/><\/a><\/figure>\n\n\n\n<figure class=\"wp-block-image\"><a href=\"http:\/\/www4.ac-nancy-metz.fr\/arts-plastiques\/docs\/traam\/traam_vag.odt\"><img loading=\"lazy\" decoding=\"async\" width=\"325\" height=\"313\" src=\"https:\/\/sites.ac-nancy-metz.fr\/arts-plastiques\/wp-content\/uploads\/outilsnum.jpg\" alt=\"\" class=\"wp-image-624\" srcset=\"https:\/\/sites.ac-nancy-metz.fr\/arts-plastiques\/wp-content\/uploads\/outilsnum.jpg 325w, https:\/\/sites.ac-nancy-metz.fr\/arts-plastiques\/wp-content\/uploads\/outilsnum-300x289.jpg 300w\" sizes=\"(max-width: 325px) 100vw, 325px\" \/><\/a><\/figure>\n\n\n\n<figure class=\"wp-block-image\"><a href=\"http:\/\/www4.ac-nancy-metz.fr\/arts-plastiques\/docs\/traam\/espece.doc\"><img loading=\"lazy\" decoding=\"async\" width=\"325\" height=\"313\" src=\"https:\/\/sites.ac-nancy-metz.fr\/arts-plastiques\/wp-content\/uploads\/traam4_2014-1.jpg\" alt=\"\" class=\"wp-image-803\" srcset=\"https:\/\/sites.ac-nancy-metz.fr\/arts-plastiques\/wp-content\/uploads\/traam4_2014-1.jpg 325w, https:\/\/sites.ac-nancy-metz.fr\/arts-plastiques\/wp-content\/uploads\/traam4_2014-1-300x289.jpg 300w\" sizes=\"(max-width: 325px) 100vw, 325px\" \/><\/a><\/figure>\n\n\n\n<figure class=\"wp-block-image\"><a href=\"http:\/\/www4.ac-nancy-metz.fr\/arts-plastiques\/docs\/traam\/01_Altmayer_severine_synthese_lu%20SR.docx\"><img loading=\"lazy\" decoding=\"async\" width=\"325\" height=\"313\" src=\"https:\/\/sites.ac-nancy-metz.fr\/arts-plastiques\/wp-content\/uploads\/traam_6-1.jpg\" alt=\"\" class=\"wp-image-801\" srcset=\"https:\/\/sites.ac-nancy-metz.fr\/arts-plastiques\/wp-content\/uploads\/traam_6-1.jpg 325w, https:\/\/sites.ac-nancy-metz.fr\/arts-plastiques\/wp-content\/uploads\/traam_6-1-300x289.jpg 300w\" sizes=\"(max-width: 325px) 100vw, 325px\" \/><\/a><\/figure>\n\n\n\n<figure class=\"wp-block-image\"><a href=\"http:\/\/www4.ac-nancy-metz.fr\/arts-plastiques\/docs\/traam\/sequence%201_luSR.pdf\"><img loading=\"lazy\" decoding=\"async\" width=\"325\" height=\"313\" src=\"https:\/\/sites.ac-nancy-metz.fr\/arts-plastiques\/wp-content\/uploads\/traam1_2014-1.jpg\" alt=\"\" class=\"wp-image-797\" srcset=\"https:\/\/sites.ac-nancy-metz.fr\/arts-plastiques\/wp-content\/uploads\/traam1_2014-1.jpg 325w, https:\/\/sites.ac-nancy-metz.fr\/arts-plastiques\/wp-content\/uploads\/traam1_2014-1-300x289.jpg 300w\" sizes=\"(max-width: 325px) 100vw, 325px\" \/><\/a><\/figure>\n\n\n\n<figure class=\"wp-block-image\"><a href=\"http:\/\/www4.ac-nancy-metz.fr\/arts-plastiques\/docs\/traam\/06_vageon-maud-van-gogh-joyeux-07-2013-04.rtf\"><img loading=\"lazy\" decoding=\"async\" width=\"325\" height=\"313\" src=\"https:\/\/sites.ac-nancy-metz.fr\/arts-plastiques\/wp-content\/uploads\/traam_2-1.jpg\" alt=\"\" class=\"wp-image-794\" srcset=\"https:\/\/sites.ac-nancy-metz.fr\/arts-plastiques\/wp-content\/uploads\/traam_2-1.jpg 325w, https:\/\/sites.ac-nancy-metz.fr\/arts-plastiques\/wp-content\/uploads\/traam_2-1-300x289.jpg 300w\" sizes=\"(max-width: 325px) 100vw, 325px\" \/><\/a><\/figure>\n<\/div>\n<\/div>\n\n\n\n<div class=\"wp-block-file\"><a href=\"https:\/\/sites.ac-nancy-metz.fr\/arts-plastiques\/wp-content\/uploads\/Cycle-3-Retrospective-1.pdf\">Cycle 3 R\u00e9trospective<\/a><a href=\"https:\/\/sites.ac-nancy-metz.fr\/arts-plastiques\/wp-content\/uploads\/Cycle-3-Retrospective-1.pdf\" class=\"wp-block-file__button\" download>T\u00e9l\u00e9charger<\/a><\/div>\n\n\n\n<div class=\"wp-block-file\"><a href=\"https:\/\/sites.ac-nancy-metz.fr\/arts-plastiques\/wp-content\/uploads\/Cycle-3-Monochrome-2.pdf\">Cycle 3 Monochrome<\/a><a href=\"https:\/\/sites.ac-nancy-metz.fr\/arts-plastiques\/wp-content\/uploads\/Cycle-3-Monochrome-2.pdf\" class=\"wp-block-file__button\" download>T\u00e9l\u00e9charger<\/a><\/div>\n\n\n\n<div class=\"wp-block-file\"><a href=\"https:\/\/sites.ac-nancy-metz.fr\/arts-plastiques\/wp-content\/uploads\/cycle-3-a-vos-loupes.pdf\">Cycle 3 \u00c0 vos loupes<\/a><a href=\"https:\/\/sites.ac-nancy-metz.fr\/arts-plastiques\/wp-content\/uploads\/cycle-3-a-vos-loupes.pdf\" class=\"wp-block-file__button\" download>T\u00e9l\u00e9charger<\/a><\/div>\n\n\n\n<div class=\"wp-block-file\"><a href=\"https:\/\/sites.ac-nancy-metz.fr\/arts-plastiques\/wp-content\/uploads\/cycle-3-bestiaire-fantastique.pdf\">Cycle 3 Bestiaire fantastique<\/a><a href=\"https:\/\/sites.ac-nancy-metz.fr\/arts-plastiques\/wp-content\/uploads\/cycle-3-bestiaire-fantastique.pdf\" class=\"wp-block-file__button\" download>T\u00e9l\u00e9charger<\/a><\/div>\n\n\n\n<div class=\"wp-block-file\"><a href=\"https:\/\/sites.ac-nancy-metz.fr\/arts-plastiques\/wp-content\/uploads\/Cycle-3-Les-architectures-ephemeres-1.pdf\">Cycle 3 Les architectures \u00e9ph\u00e9m\u00e8res<\/a><a href=\"https:\/\/sites.ac-nancy-metz.fr\/arts-plastiques\/wp-content\/uploads\/Cycle-3-Les-architectures-ephemeres-1.pdf\" class=\"wp-block-file__button\" download>T\u00e9l\u00e9charger<\/a><\/div>\n\n\n\n<div class=\"wp-block-file\"><a href=\"https:\/\/sites.ac-nancy-metz.fr\/arts-plastiques\/wp-content\/uploads\/Cycle-3-Les-petits-mondes-2.pdf\">Cycle 3 Les petits mondes<\/a><a href=\"https:\/\/sites.ac-nancy-metz.fr\/arts-plastiques\/wp-content\/uploads\/Cycle-3-Les-petits-mondes-2.pdf\" class=\"wp-block-file__button\" download>T\u00e9l\u00e9charger<\/a><\/div>\n\n\n\n<div class=\"wp-block-file\"><a href=\"https:\/\/sites.ac-nancy-metz.fr\/arts-plastiques\/wp-content\/uploads\/cycle-4-documents-inedits.pdf\">Cycle 4 Documents in\u00e9dits<\/a><a href=\"https:\/\/sites.ac-nancy-metz.fr\/arts-plastiques\/wp-content\/uploads\/cycle-4-documents-inedits.pdf\" class=\"wp-block-file__button\" download>T\u00e9l\u00e9charger<\/a><\/div>\n\n\n\n<div class=\"wp-block-file\"><a href=\"https:\/\/sites.ac-nancy-metz.fr\/arts-plastiques\/wp-content\/uploads\/cycle-4-palimpseste.pdf\">Cycle 4 Palimpseste<\/a><a href=\"https:\/\/sites.ac-nancy-metz.fr\/arts-plastiques\/wp-content\/uploads\/cycle-4-palimpseste.pdf\" class=\"wp-block-file__button\" download>T\u00e9l\u00e9charger<\/a><\/div>\n\n\n\n<div class=\"wp-block-file\"><a href=\"https:\/\/sites.ac-nancy-metz.fr\/arts-plastiques\/wp-content\/uploads\/cycle-4-d-autres-visages.pdf\">Cycle 4 D&rsquo;autres visages<\/a><a href=\"https:\/\/sites.ac-nancy-metz.fr\/arts-plastiques\/wp-content\/uploads\/cycle-4-d-autres-visages.pdf\" class=\"wp-block-file__button\" download>T\u00e9l\u00e9charger<\/a><\/div>\n\n\n\n<div class=\"wp-block-file\"><a href=\"https:\/\/sites.ac-nancy-metz.fr\/arts-plastiques\/wp-content\/uploads\/cycle-4-nouveaux-horizons.pdf\">Cycle 4 Nouveaux horizons<\/a><a href=\"https:\/\/sites.ac-nancy-metz.fr\/arts-plastiques\/wp-content\/uploads\/cycle-4-nouveaux-horizons.pdf\" class=\"wp-block-file__button\" download>T\u00e9l\u00e9charger<\/a><\/div>\n\n\n\n<div class=\"wp-block-file\"><a href=\"https:\/\/sites.ac-nancy-metz.fr\/arts-plastiques\/wp-content\/uploads\/Cycle-4-Mus\u00e9e-de-poche-1.pdf\">Cycle 4 Mus\u00e9e de poche<\/a><a href=\"https:\/\/sites.ac-nancy-metz.fr\/arts-plastiques\/wp-content\/uploads\/Cycle-4-Mus\u00e9e-de-poche-1.pdf\" class=\"wp-block-file__button\" download>T\u00e9l\u00e9charger<\/a><\/div>\n\n\n\n<div class=\"wp-block-file\"><a href=\"https:\/\/sites.ac-nancy-metz.fr\/arts-plastiques\/wp-content\/uploads\/cycle-4-traces-de-paysages.pdf\">Cycle 4 Traces de paysages<\/a><a href=\"https:\/\/sites.ac-nancy-metz.fr\/arts-plastiques\/wp-content\/uploads\/cycle-4-traces-de-paysages.pdf\" class=\"wp-block-file__button\" download>T\u00e9l\u00e9charger<\/a><\/div>\n\n\n\n<div class=\"wp-block-file\"><a href=\"https:\/\/sites.ac-nancy-metz.fr\/arts-plastiques\/wp-content\/uploads\/Cycle-4-Curiosites-2.pdf\">Cycle 4 Curiosit\u00e9s<\/a><a href=\"https:\/\/sites.ac-nancy-metz.fr\/arts-plastiques\/wp-content\/uploads\/Cycle-4-Curiosites-2.pdf\" class=\"wp-block-file__button\" download>T\u00e9l\u00e9charger<\/a><\/div>\n\n\n\n<div class=\"wp-block-file\"><a href=\"https:\/\/sites.ac-nancy-metz.fr\/arts-plastiques\/wp-content\/uploads\/Cycle-4-Oeuvre-a-protocole-2.pdf\">Cycle 4  Oeuvre \u00e0 protocole<\/a><a href=\"https:\/\/sites.ac-nancy-metz.fr\/arts-plastiques\/wp-content\/uploads\/Cycle-4-Oeuvre-a-protocole-2.pdf\" class=\"wp-block-file__button\" download>T\u00e9l\u00e9charger<\/a><\/div>\n\n\n\n<div class=\"wp-block-file\"><a href=\"https:\/\/sites.ac-nancy-metz.fr\/arts-plastiques\/wp-content\/uploads\/cycle-4-effets-speciaux.pdf\">Cycle 4 Effets sp\u00e9ciaux<\/a><a href=\"https:\/\/sites.ac-nancy-metz.fr\/arts-plastiques\/wp-content\/uploads\/cycle-4-effets-speciaux.pdf\" class=\"wp-block-file__button\" download>T\u00e9l\u00e9charger<\/a><\/div>\n","protected":false},"excerpt":{"rendered":"<p>Ressources d\u2019accompagnement des programmes http:\/\/eduscol.education.fr\/cid99287\/ressources-d-accompagnement-enseignements-artistiques-aux-cycles-2-et-3.html http:\/\/eduscol.education.fr\/cid99284\/ressources-d-accompagnement-arts-plastiques-c4.html Ressources : Marie ROUSSEAU IA-IPR Inspectrice d\u2019Acad\u00e9mie \u2013 Inspectrice P\u00e9dagogique R\u00e9gionale et S\u00e9bastien CHAMPION Charg\u00e9 de Mission d\u2019Inspection Cliquer sur&#8230;<\/p>\n","protected":false},"author":2,"featured_media":0,"parent":0,"menu_order":0,"comment_status":"closed","ping_status":"closed","template":"","meta":{"footnotes":""},"class_list":["post-160","page","type-page","status-publish","hentry"],"_links":{"self":[{"href":"https:\/\/sites.ac-nancy-metz.fr\/arts-plastiques\/wp-json\/wp\/v2\/pages\/160","targetHints":{"allow":["GET"]}}],"collection":[{"href":"https:\/\/sites.ac-nancy-metz.fr\/arts-plastiques\/wp-json\/wp\/v2\/pages"}],"about":[{"href":"https:\/\/sites.ac-nancy-metz.fr\/arts-plastiques\/wp-json\/wp\/v2\/types\/page"}],"author":[{"embeddable":true,"href":"https:\/\/sites.ac-nancy-metz.fr\/arts-plastiques\/wp-json\/wp\/v2\/users\/2"}],"replies":[{"embeddable":true,"href":"https:\/\/sites.ac-nancy-metz.fr\/arts-plastiques\/wp-json\/wp\/v2\/comments?post=160"}],"version-history":[{"count":50,"href":"https:\/\/sites.ac-nancy-metz.fr\/arts-plastiques\/wp-json\/wp\/v2\/pages\/160\/revisions"}],"predecessor-version":[{"id":4245,"href":"https:\/\/sites.ac-nancy-metz.fr\/arts-plastiques\/wp-json\/wp\/v2\/pages\/160\/revisions\/4245"}],"wp:attachment":[{"href":"https:\/\/sites.ac-nancy-metz.fr\/arts-plastiques\/wp-json\/wp\/v2\/media?parent=160"}],"curies":[{"name":"wp","href":"https:\/\/api.w.org\/{rel}","templated":true}]}}