{"id":162,"date":"2020-09-06T15:40:43","date_gmt":"2020-09-06T13:40:43","guid":{"rendered":"https:\/\/sites.ac-nancy-metz.fr\/arts-plastiques\/?page_id=162"},"modified":"2025-07-03T15:02:23","modified_gmt":"2025-07-03T13:02:23","slug":"baccalaureat","status":"publish","type":"page","link":"https:\/\/sites.ac-nancy-metz.fr\/arts-plastiques\/baccalaureat\/","title":{"rendered":"Baccalaur\u00e9at"},"content":{"rendered":"\n<p>Sp\u00e9cialit\u00e9 Arts plastiques &#8211; \u00a0Japon\/centres d\u2019Asie &#8211; 2025\u00a0<\/p>\n\n\n\n<div data-wp-interactive=\"core\/file\" class=\"wp-block-file\"><object data-wp-bind--hidden=\"!state.hasPdfPreview\" hidden class=\"wp-block-file__embed\" data=\"https:\/\/sites.ac-nancy-metz.fr\/arts-plastiques\/wp-content\/uploads\/25-AAPJA1.pdf\" type=\"application\/pdf\" style=\"width:100%;height:600px\" aria-label=\"Contenu embarqu\u00e9 25-AAPJA1.\"><\/object><a id=\"wp-block-file--media-e6eb85a7-81b2-4549-b002-72598f106ec0\" href=\"https:\/\/sites.ac-nancy-metz.fr\/arts-plastiques\/wp-content\/uploads\/25-AAPJA1.pdf\">25-AAPJA1<\/a><a href=\"https:\/\/sites.ac-nancy-metz.fr\/arts-plastiques\/wp-content\/uploads\/25-AAPJA1.pdf\" class=\"wp-block-file__button wp-element-button\" download aria-describedby=\"wp-block-file--media-e6eb85a7-81b2-4549-b002-72598f106ec0\">T\u00e9l\u00e9charger<\/a><\/div>\n\n\n\n<p>Sp\u00e9cialit\u00e9 Arts plastiques &#8211; Centres \u00e9trangers du groupe 1 &#8211; 2025<\/p>\n\n\n\n<div data-wp-interactive=\"core\/file\" class=\"wp-block-file\"><object data-wp-bind--hidden=\"!state.hasPdfPreview\" hidden class=\"wp-block-file__embed\" data=\"https:\/\/sites.ac-nancy-metz.fr\/arts-plastiques\/wp-content\/uploads\/25-AAPG11.pdf\" type=\"application\/pdf\" style=\"width:100%;height:600px\" aria-label=\"Contenu embarqu\u00e9 25-AAPG11.\"><\/object><a id=\"wp-block-file--media-55d80164-0fcd-4847-8840-2150dc31a404\" href=\"https:\/\/sites.ac-nancy-metz.fr\/arts-plastiques\/wp-content\/uploads\/25-AAPG11.pdf\">25-AAPG11<\/a><a href=\"https:\/\/sites.ac-nancy-metz.fr\/arts-plastiques\/wp-content\/uploads\/25-AAPG11.pdf\" class=\"wp-block-file__button wp-element-button\" download aria-describedby=\"wp-block-file--media-55d80164-0fcd-4847-8840-2150dc31a404\">T\u00e9l\u00e9charger<\/a><\/div>\n\n\n\n<p>Sp\u00e9cialit\u00e9 Arts plastiques &#8211; M\u00e9tropole et toutes acad\u00e9mies DOM\/COM rattach\u00e9es &#8211; 2025<\/p>\n\n\n\n<div data-wp-interactive=\"core\/file\" class=\"wp-block-file\"><object data-wp-bind--hidden=\"!state.hasPdfPreview\" hidden class=\"wp-block-file__embed\" data=\"https:\/\/sites.ac-nancy-metz.fr\/arts-plastiques\/wp-content\/uploads\/25-AAPME1.pdf\" type=\"application\/pdf\" style=\"width:100%;height:600px\" aria-label=\"Contenu embarqu\u00e9 25-AAPME1.\"><\/object><a id=\"wp-block-file--media-c5d240ee-a86e-46fd-9c92-d1fdbd198063\" href=\"https:\/\/sites.ac-nancy-metz.fr\/arts-plastiques\/wp-content\/uploads\/25-AAPME1.pdf\">25-AAPME1<\/a><a href=\"https:\/\/sites.ac-nancy-metz.fr\/arts-plastiques\/wp-content\/uploads\/25-AAPME1.pdf\" class=\"wp-block-file__button wp-element-button\" download aria-describedby=\"wp-block-file--media-c5d240ee-a86e-46fd-9c92-d1fdbd198063\">T\u00e9l\u00e9charger<\/a><\/div>\n\n\n\n<p>Sp\u00e9cialit\u00e9 Arts plastiques &#8211; Polyn\u00e9sie &#8211; 2025<\/p>\n\n\n\n<div data-wp-interactive=\"core\/file\" class=\"wp-block-file\"><object data-wp-bind--hidden=\"!state.hasPdfPreview\" hidden class=\"wp-block-file__embed\" data=\"https:\/\/sites.ac-nancy-metz.fr\/arts-plastiques\/wp-content\/uploads\/25-AAPPO1_v1-1.pdf\" type=\"application\/pdf\" style=\"width:100%;height:600px\" aria-label=\"Contenu embarqu\u00e9 25-AAPPO1_v1 (1).\"><\/object><a id=\"wp-block-file--media-b1f9bdde-cd9e-407c-8761-3449e5d990a7\" href=\"https:\/\/sites.ac-nancy-metz.fr\/arts-plastiques\/wp-content\/uploads\/25-AAPPO1_v1-1.pdf\">25-AAPPO1_v1 (1)<\/a><a href=\"https:\/\/sites.ac-nancy-metz.fr\/arts-plastiques\/wp-content\/uploads\/25-AAPPO1_v1-1.pdf\" class=\"wp-block-file__button wp-element-button\" download aria-describedby=\"wp-block-file--media-b1f9bdde-cd9e-407c-8761-3449e5d990a7\">T\u00e9l\u00e9charger<\/a><\/div>\n\n\n\n<div data-wp-interactive=\"core\/file\" class=\"wp-block-file\"><object data-wp-bind--hidden=\"!state.hasPdfPreview\" hidden class=\"wp-block-file__embed\" data=\"https:\/\/sites.ac-nancy-metz.fr\/arts-plastiques\/wp-content\/uploads\/Rapport-jury-bac-arts-plastiques-2022.pdf\" type=\"application\/pdf\" style=\"width:100%;height:600px\" aria-label=\"Contenu embarqu\u00e9 Rapport-jury-bac-arts-plastiques-2022.\"><\/object><a id=\"wp-block-file--media-fa9cda40-34e1-4a86-9c9d-3cffa6717c8f\" href=\"https:\/\/sites.ac-nancy-metz.fr\/arts-plastiques\/wp-content\/uploads\/Rapport-jury-bac-arts-plastiques-2022.pdf\">Rapport-jury-bac-arts-plastiques-2022<\/a><a href=\"https:\/\/sites.ac-nancy-metz.fr\/arts-plastiques\/wp-content\/uploads\/Rapport-jury-bac-arts-plastiques-2022.pdf\" class=\"wp-block-file__button wp-element-button\" download aria-describedby=\"wp-block-file--media-fa9cda40-34e1-4a86-9c9d-3cffa6717c8f\">T\u00e9l\u00e9charger<\/a><\/div>\n\n\n\n<div data-wp-interactive=\"core\/file\" class=\"wp-block-file\"><object data-wp-bind--hidden=\"!state.hasPdfPreview\" hidden class=\"wp-block-file__embed\" data=\"https:\/\/sites.ac-nancy-metz.fr\/arts-plastiques\/wp-content\/uploads\/22-AAPME1-AR3_01.03_Metropole-Antilles-Guyane.pdf\" type=\"application\/pdf\" style=\"width:100%;height:600px\" aria-label=\"Contenu embarqu\u00e9 22-AAPME1-AR3_01.03_Metropole-Antilles-Guyane.\"><\/object><a id=\"wp-block-file--media-701d8479-da42-45fd-9e83-6721aa0053cc\" href=\"https:\/\/sites.ac-nancy-metz.fr\/arts-plastiques\/wp-content\/uploads\/22-AAPME1-AR3_01.03_Metropole-Antilles-Guyane.pdf\">22-AAPME1-AR3_01.03_Metropole-Antilles-Guyane<\/a><a href=\"https:\/\/sites.ac-nancy-metz.fr\/arts-plastiques\/wp-content\/uploads\/22-AAPME1-AR3_01.03_Metropole-Antilles-Guyane.pdf\" class=\"wp-block-file__button wp-element-button\" download aria-describedby=\"wp-block-file--media-701d8479-da42-45fd-9e83-6721aa0053cc\">T\u00e9l\u00e9charger<\/a><\/div>\n\n\n\n<div class=\"wp-block-columns is-layout-flex wp-container-core-columns-is-layout-9d6595d7 wp-block-columns-is-layout-flex\">\n<div class=\"wp-block-column is-layout-flow wp-block-column-is-layout-flow\">\n<div data-wp-interactive=\"core\/file\" class=\"wp-block-file\"><object data-wp-bind--hidden=\"!state.hasPdfPreview\" hidden class=\"wp-block-file__embed\" data=\"https:\/\/sites.ac-nancy-metz.fr\/arts-plastiques\/wp-content\/uploads\/22-AAPLR1_Mayotte-et-quelques-centres-etrangers.pdf\" type=\"application\/pdf\" style=\"width:100%;height:600px\" aria-label=\"Contenu embarqu\u00e9 22-AAPLR1_Mayotte-et-quelques-centres-etrangers.\"><\/object><a id=\"wp-block-file--media-638ed48a-e074-4e4a-b684-eec627f75a1b\" href=\"https:\/\/sites.ac-nancy-metz.fr\/arts-plastiques\/wp-content\/uploads\/22-AAPLR1_Mayotte-et-quelques-centres-etrangers.pdf\">22-AAPLR1_Mayotte-et-quelques-centres-etrangers<\/a><a href=\"https:\/\/sites.ac-nancy-metz.fr\/arts-plastiques\/wp-content\/uploads\/22-AAPLR1_Mayotte-et-quelques-centres-etrangers.pdf\" class=\"wp-block-file__button wp-element-button\" download aria-describedby=\"wp-block-file--media-638ed48a-e074-4e4a-b684-eec627f75a1b\">T\u00e9l\u00e9charger<\/a><\/div>\n<\/div>\n\n\n\n<div class=\"wp-block-column is-layout-flow wp-block-column-is-layout-flow\">\n<div data-wp-interactive=\"core\/file\" class=\"wp-block-file\"><object data-wp-bind--hidden=\"!state.hasPdfPreview\" hidden class=\"wp-block-file__embed\" data=\"https:\/\/sites.ac-nancy-metz.fr\/arts-plastiques\/wp-content\/uploads\/22-AAPG11_Centres-etrangers-groupe-1-1.pdf\" type=\"application\/pdf\" style=\"width:100%;height:600px\" aria-label=\"Contenu embarqu\u00e9 22-AAPG11_Centres-etrangers-groupe-1-1.\"><\/object><a id=\"wp-block-file--media-fed94196-8bd1-48fc-8e65-ecf21f638a73\" href=\"https:\/\/sites.ac-nancy-metz.fr\/arts-plastiques\/wp-content\/uploads\/22-AAPG11_Centres-etrangers-groupe-1-1.pdf\">22-AAPG11_Centres-etrangers-groupe-1-1<\/a><a href=\"https:\/\/sites.ac-nancy-metz.fr\/arts-plastiques\/wp-content\/uploads\/22-AAPG11_Centres-etrangers-groupe-1-1.pdf\" class=\"wp-block-file__button wp-element-button\" download aria-describedby=\"wp-block-file--media-fed94196-8bd1-48fc-8e65-ecf21f638a73\">T\u00e9l\u00e9charger<\/a><\/div>\n<\/div>\n<\/div>\n\n\n\n<p class=\"has-text-align-center\"><strong>PREMI\u00c8RE PARTIE<\/strong><\/p>\n\n\n\n<p><strong>Analyse m\u00e9thodique&nbsp;d\u2019un&nbsp;corpus&nbsp;d\u2019\u0153uvres&nbsp;et r\u00e9flexion sur certains aspects de la cr\u00e9ation artistique<\/strong><\/p>\n\n\n\n<iframe width=\"853\" height=\"480\" src=\"https:\/\/embed.coggle.it\/diagram\/YoEhebpD2_LEbrsN\/bb9b31790bc969e0298ea4370d004a07e698e36397eb4862a92ab778ee95a438\" frameborder=\"0\" allowfullscreen=\"\"><\/iframe>\n\n\n\n<p class=\"has-text-align-center\"><strong>DEUXI\u00c8ME PARTIE<\/strong><\/p>\n\n\n\n<p><strong>Sujet A : commentaire critique d\u2019un document sur l\u2019art et dimension spectaculaire de certaines manifestations<br>artistiques<\/strong><\/p>\n\n\n\n<iframe width=\"853\" height=\"480\" src=\"https:\/\/embed.coggle.it\/diagram\/YoEr8Q8o3JWk9ahD\/19989f34efc556c6f0e1405d4147233d0e3b4b6c9a6fe04ca2ab5284e69a89d0\" frameborder=\"0\" allowfullscreen=\"\"><\/iframe>\n\n\n\n<p><strong>Sujet B : note&nbsp;d\u2019intention&nbsp;pour un projet&nbsp;d\u2019exposition abordant le r\u00f4le de la lumi\u00e8re<\/strong><\/p>\n\n\n\n<iframe width=\"853\" height=\"480\" src=\"https:\/\/embed.coggle.it\/diagram\/YoEreQ8o3JWk9VRh\/9855c0008808eb54d8616806c9d14b19f4779f33fdd9751257f8f940efe6a599\" frameborder=\"0\" allowfullscreen=\"\"><\/iframe>\n\n\n\n<p class=\"has-medium-font-size\"><strong>Note de service relative aux modalit\u00e9s d&rsquo;\u00e9valuation des candidats \u00e0 compter de la session 2022<\/strong><\/p>\n\n\n\n<p><strong>Cette version consolid\u00e9e fait appara\u00eetre en rouge les modifications introduites par la&nbsp;<a rel=\"noreferrer noopener\" href=\"https:\/\/www.education.gouv.fr\/bo\/21\/Hebdo42\/MENE2128670N.htm\" target=\"_blank\">note de service modificative du 9 novembre 2021<\/a>&nbsp;(NOR&nbsp;: MENE2128670N) publi\u00e9e au BO n\u00b042 du 12 novembre 2021, dans la&nbsp;<a rel=\"noreferrer noopener\" href=\"https:\/\/www.education.gouv.fr\/bo\/21\/Hebdo30\/MENE2121270N.htm\" target=\"_blank\">note de service du 28 juillet 2021<\/a>&nbsp;(NOR&nbsp;: MENE2121270N) publi\u00e9e au BO n\u00b030 du 29 juillet 2021.&nbsp;<\/strong><\/p>\n\n\n\n<div data-wp-interactive=\"core\/file\" class=\"wp-block-file\"><object data-wp-bind--hidden=\"!state.hasPdfPreview\" hidden class=\"wp-block-file__embed\" data=\"https:\/\/sites.ac-nancy-metz.fr\/arts-plastiques\/wp-content\/uploads\/nds-modalites-evaluation_consolidee.pdf\" type=\"application\/pdf\" style=\"width:100%;height:600px\" aria-label=\"Contenu embarqu\u00e9 nds-modalites-evaluation_consolidee.\"><\/object><a id=\"wp-block-file--media-72b8a41d-7b06-4676-bd28-fa553adb39cc\" href=\"https:\/\/sites.ac-nancy-metz.fr\/arts-plastiques\/wp-content\/uploads\/nds-modalites-evaluation_consolidee.pdf\">nds-modalites-evaluation_consolidee<\/a><a href=\"https:\/\/sites.ac-nancy-metz.fr\/arts-plastiques\/wp-content\/uploads\/nds-modalites-evaluation_consolidee.pdf\" class=\"wp-block-file__button wp-element-button\" download aria-describedby=\"wp-block-file--media-72b8a41d-7b06-4676-bd28-fa553adb39cc\">T\u00e9l\u00e9charger<\/a><\/div>\n\n\n\n<p><strong>Baccalaur\u00e9at 2022 : <strong>\u00c9preuves terminales de l&rsquo;enseignement de sp\u00e9cialit\u00e9 <\/strong><\/strong><\/p>\n\n\n\n<figure class=\"wp-block-embed is-type-wp-embed is-provider-arts-plastiques wp-block-embed-arts-plastiques\"><div class=\"wp-block-embed__wrapper\">\nhttps:\/\/sites.ac-nancy-metz.fr\/arts-plastiques\/2021\/12\/20\/baccalaureat-2022-epreuve-de-specialite-arts-plastiques\n<\/div><\/figure>\n\n\n\n<figure class=\"wp-block-embed is-type-wp-embed is-provider-arts-plastiques wp-block-embed-arts-plastiques\"><div class=\"wp-block-embed__wrapper\">\nhttps:\/\/sites.ac-nancy-metz.fr\/arts-plastiques\/2021\/09\/10\/guide-de-levaluation\n<\/div><\/figure>\n\n\n\n<figure class=\"wp-block-image size-full\"><a href=\"https:\/\/www.education.gouv.fr\/bo\/21\/Hebdo30\/MENE2121271N.htm\"><img fetchpriority=\"high\" decoding=\"async\" width=\"816\" height=\"94\" src=\"https:\/\/sites.ac-nancy-metz.fr\/arts-plastiques\/wp-content\/uploads\/Capture-decran-2021-07-29-a-15.54.07-1.png\" alt=\"\" class=\"wp-image-5189\" srcset=\"https:\/\/sites.ac-nancy-metz.fr\/arts-plastiques\/wp-content\/uploads\/Capture-decran-2021-07-29-a-15.54.07-1.png 816w, https:\/\/sites.ac-nancy-metz.fr\/arts-plastiques\/wp-content\/uploads\/Capture-decran-2021-07-29-a-15.54.07-1-300x35.png 300w, https:\/\/sites.ac-nancy-metz.fr\/arts-plastiques\/wp-content\/uploads\/Capture-decran-2021-07-29-a-15.54.07-1-768x88.png 768w\" sizes=\"(max-width: 816px) 100vw, 816px\" \/><\/a><\/figure>\n\n\n\n<p><strong>Baccalaur\u00e9at 2022 : <\/strong><\/p>\n\n\n<div class=\"wp-block-image\">\n<figure class=\"aligncenter size-large is-resized\"><a href=\"https:\/\/www.education.gouv.fr\/ajustement-pour-le-baccalaureat-general-et-technologie-compter-de-la-session-2022-324134\"><img decoding=\"async\" width=\"710\" height=\"393\" src=\"https:\/\/sites.ac-nancy-metz.fr\/arts-plastiques\/wp-content\/uploads\/Capture-decran-2021-07-10-a-15.29.41.png\" alt=\"\" class=\"wp-image-5075\" style=\"width:-957px;height:-529px\" srcset=\"https:\/\/sites.ac-nancy-metz.fr\/arts-plastiques\/wp-content\/uploads\/Capture-decran-2021-07-10-a-15.29.41.png 710w, https:\/\/sites.ac-nancy-metz.fr\/arts-plastiques\/wp-content\/uploads\/Capture-decran-2021-07-10-a-15.29.41-300x166.png 300w\" sizes=\"(max-width: 710px) 100vw, 710px\" \/><\/a><\/figure>\n<\/div>\n\n\n<p><strong>Baccalaur\u00e9at 2021 : Guide de l&rsquo;\u00e9valuation dans le cadre du contr\u00f4le continu<\/strong><\/p>\n\n\n<div class=\"wp-block-image\">\n<figure class=\"aligncenter is-resized\"><a href=\"https:\/\/eduscol.education.fr\/2688\/bac-2021-guide-de-l-evaluation\"><img decoding=\"async\" width=\"553\" height=\"790\" src=\"https:\/\/sites.ac-nancy-metz.fr\/arts-plastiques\/wp-content\/uploads\/capture-decran-2021-02-10-a-17-45-05.png\" alt=\"\" class=\"wp-image-3157\" style=\"width:272px;height:389px\" srcset=\"https:\/\/sites.ac-nancy-metz.fr\/arts-plastiques\/wp-content\/uploads\/capture-decran-2021-02-10-a-17-45-05.png 553w, https:\/\/sites.ac-nancy-metz.fr\/arts-plastiques\/wp-content\/uploads\/capture-decran-2021-02-10-a-17-45-05-210x300.png 210w\" sizes=\"(max-width: 553px) 100vw, 553px\" \/><\/a><\/figure>\n<\/div>\n\n\n<p class=\"has-pale-cyan-blue-background-color has-background\"><a href=\"https:\/\/cache.media.eduscol.education.fr\/file\/Annales_zero_BAC_2021_1e\/19\/0\/S0BAC21_Tle-SPE-Arts_plastiques-1_1350190.pdf\">Sujet z\u00e9ro n\u00b01 <\/a><\/p>\n\n\n\n<p class=\"has-pale-cyan-blue-background-color has-background\"><a href=\"https:\/\/eduscol.education.fr\/media\/3726\/download\">Sujet z\u00e9ro n\u00b02<\/a><\/p>\n\n\n\n<p><a href=\"https:\/\/www.education.gouv.fr\/bo\/20\/Special7\/MENE2019489N.htm\">\u00c9valuations communes des enseignements de sp\u00e9cialit\u00e9 suivis uniquement pendant la classe de premi\u00e8re de la voie g\u00e9n\u00e9rale \u00e0 compter de la session 2021<\/a><\/p>\n\n\n\n<p><a href=\"https:\/\/www.education.gouv.fr\/pid285\/bulletin_officiel.html?cid_bo=149136\">\u00c9preuve de l\u2019enseignement de sp\u00e9cialit\u00e9 \u00ab&nbsp;arts&nbsp;\u00bb de la classe de terminale de la voie g\u00e9n\u00e9rale \u00e0 compter de la session 2021 de l\u2019examen du baccalaur\u00e9at<\/a><\/p>\n\n\n<div class=\"wp-block-image\">\n<figure class=\"aligncenter\"><a href=\"https:\/\/www.education.gouv.fr\/bo\/20\/Hebdo47\/MENE2034197C.htm\"><img loading=\"lazy\" decoding=\"async\" width=\"855\" height=\"146\" src=\"https:\/\/sites.ac-nancy-metz.fr\/arts-plastiques\/wp-content\/uploads\/capture-decran-2020-12-18-a-15-23-57.png\" alt=\"\" class=\"wp-image-2795\" srcset=\"https:\/\/sites.ac-nancy-metz.fr\/arts-plastiques\/wp-content\/uploads\/capture-decran-2020-12-18-a-15-23-57.png 855w, https:\/\/sites.ac-nancy-metz.fr\/arts-plastiques\/wp-content\/uploads\/capture-decran-2020-12-18-a-15-23-57-300x51.png 300w, https:\/\/sites.ac-nancy-metz.fr\/arts-plastiques\/wp-content\/uploads\/capture-decran-2020-12-18-a-15-23-57-768x131.png 768w\" sizes=\"(max-width: 855px) 100vw, 855px\" \/><\/a><\/figure>\n<\/div>\n\n\n<p><\/p>\n","protected":false},"excerpt":{"rendered":"<p>Sp\u00e9cialit\u00e9 Arts plastiques &#8211; \u00a0Japon\/centres d\u2019Asie &#8211; 2025\u00a0 Sp\u00e9cialit\u00e9 Arts plastiques &#8211; Centres \u00e9trangers du groupe 1 &#8211; 2025 Sp\u00e9cialit\u00e9 Arts plastiques &#8211; M\u00e9tropole et toutes&#8230;<\/p>\n","protected":false},"author":2,"featured_media":0,"parent":0,"menu_order":0,"comment_status":"closed","ping_status":"closed","template":"","meta":{"footnotes":""},"class_list":["post-162","page","type-page","status-publish","hentry"],"_links":{"self":[{"href":"https:\/\/sites.ac-nancy-metz.fr\/arts-plastiques\/wp-json\/wp\/v2\/pages\/162","targetHints":{"allow":["GET"]}}],"collection":[{"href":"https:\/\/sites.ac-nancy-metz.fr\/arts-plastiques\/wp-json\/wp\/v2\/pages"}],"about":[{"href":"https:\/\/sites.ac-nancy-metz.fr\/arts-plastiques\/wp-json\/wp\/v2\/types\/page"}],"author":[{"embeddable":true,"href":"https:\/\/sites.ac-nancy-metz.fr\/arts-plastiques\/wp-json\/wp\/v2\/users\/2"}],"replies":[{"embeddable":true,"href":"https:\/\/sites.ac-nancy-metz.fr\/arts-plastiques\/wp-json\/wp\/v2\/comments?post=162"}],"version-history":[{"count":99,"href":"https:\/\/sites.ac-nancy-metz.fr\/arts-plastiques\/wp-json\/wp\/v2\/pages\/162\/revisions"}],"predecessor-version":[{"id":10412,"href":"https:\/\/sites.ac-nancy-metz.fr\/arts-plastiques\/wp-json\/wp\/v2\/pages\/162\/revisions\/10412"}],"wp:attachment":[{"href":"https:\/\/sites.ac-nancy-metz.fr\/arts-plastiques\/wp-json\/wp\/v2\/media?parent=162"}],"curies":[{"name":"wp","href":"https:\/\/api.w.org\/{rel}","templated":true}]}}