{"id":164,"date":"2020-09-06T15:40:43","date_gmt":"2020-09-06T13:40:43","guid":{"rendered":"https:\/\/sites.ac-nancy-metz.fr\/arts-plastiques\/?page_id=164"},"modified":"2022-01-06T10:27:42","modified_gmt":"2022-01-06T09:27:42","slug":"pratiques-numeriques","status":"publish","type":"page","link":"https:\/\/sites.ac-nancy-metz.fr\/arts-plastiques\/pratiques-numeriques\/","title":{"rendered":"Pratiques num\u00e9riques"},"content":{"rendered":"\n<figure class=\"wp-block-gallery columns-2 is-cropped wp-block-gallery-1 is-layout-flex wp-block-gallery-is-layout-flex\"><ul class=\"blocks-gallery-grid\"><li class=\"blocks-gallery-item\"><figure><img decoding=\"async\" width=\"191\" height=\"68\" src=\"https:\/\/sites.ac-nancy-metz.fr\/arts-plastiques\/wp-content\/uploads\/7-1.png\" alt=\"\" data-id=\"504\" class=\"wp-image-504\"\/><\/figure><\/li><li class=\"blocks-gallery-item\"><figure><img decoding=\"async\" width=\"193\" height=\"143\" src=\"https:\/\/sites.ac-nancy-metz.fr\/arts-plastiques\/wp-content\/uploads\/6-1.png\" alt=\"\" data-id=\"505\" data-link=\"https:\/\/sites.ac-nancy-metz.fr\/arts-plastiques\/numerique-educatif\/6-2\/\" class=\"wp-image-505\"\/><\/figure><\/li><\/ul><\/figure>\n\n\n\n<p>\u00ab&nbsp;<em>L&rsquo;hybridation ou la rencontre de deux media est un moment de v\u00e9rit\u00e9 et de d\u00e9couverte qui engendre des formes nouvelles<\/em>.&nbsp;\u00bb<\/p>\n\n\n\n<p>Marshall MC\u00a0LUHAN,\u00a0<em>Pour comprendre les m\u00e9dias. Les prolongements technologiques de l&rsquo;homme<\/em>, 1964.\u00a0<\/p>\n\n\n\n<p><strong>Prisme 7 : les \u0153uvres d&rsquo;art en jeu vid\u00e9o<\/strong><\/p>\n\n\n\n<iframe width=\"560\" height=\"315\" sandbox=\"allow-same-origin allow-scripts allow-popups\" src=\"https:\/\/videos.ac-nancy-metz.fr\/videos\/embed\/84988de8-6e61-47f2-a2f0-92c8390f612c\" frameborder=\"0\" allowfullscreen><\/iframe>\n\n\n\n<p><strong>PIX : comp\u00e9tences num\u00e9riques en arts plastiques<\/strong><\/p>\n\n\n\n<iframe width=\"560\" height=\"315\" sandbox=\"allow-same-origin allow-scripts allow-popups\" src=\"https:\/\/videos.ac-nancy-metz.fr\/videos\/embed\/0fb00528-5522-4f4d-8eae-cf6dfff2b546\" frameborder=\"0\" allowfullscreen><\/iframe>\n\n\n\n<p><strong>L&rsquo;hybridation des espaces en arts plastiques<\/strong><\/p>\n\n\n\n<iframe width=\"560\" height=\"315\" sandbox=\"allow-same-origin allow-scripts allow-popups\" src=\"https:\/\/videos.ac-nancy-metz.fr\/videos\/embed\/028a9bb0-67b5-45be-b829-d55a1918e389\" frameborder=\"0\" allowfullscreen=\"\"><\/iframe>\n\n\n\n<p><strong>Les portes ouvertes virtuelles en arts plastiques<\/strong><\/p>\n\n\n\n<iframe width=\"560\" height=\"315\" sandbox=\"allow-same-origin allow-scripts allow-popups\" src=\"https:\/\/videos.ac-nancy-metz.fr\/videos\/embed\/dd92947a-e91b-4353-9029-cc62de3360e9\" frameborder=\"0\" allowfullscreen=\"\"><\/iframe>\n\n\n\n<p><strong>Les Galeries Virtuelles EntreLAC<\/strong><\/p>\n\n\n\n<iframe width=\"560\" height=\"315\" sandbox=\"allow-same-origin allow-scripts allow-popups\" src=\"https:\/\/videos.ac-nancy-metz.fr\/videos\/embed\/bde9d7d7-b551-48e4-b3a5-d8793e846167\" frameborder=\"0\" allowfullscreen=\"\"><\/iframe>\n","protected":false},"excerpt":{"rendered":"<p>\u00ab&nbsp;L&rsquo;hybridation ou la rencontre de deux media est un moment de v\u00e9rit\u00e9 et de d\u00e9couverte qui engendre des formes nouvelles.&nbsp;\u00bb Marshall MC\u00a0LUHAN,\u00a0Pour comprendre les m\u00e9dias. Les&#8230;<\/p>\n","protected":false},"author":2,"featured_media":0,"parent":0,"menu_order":0,"comment_status":"closed","ping_status":"closed","template":"","meta":{"footnotes":""},"class_list":["post-164","page","type-page","status-publish","hentry"],"_links":{"self":[{"href":"https:\/\/sites.ac-nancy-metz.fr\/arts-plastiques\/wp-json\/wp\/v2\/pages\/164","targetHints":{"allow":["GET"]}}],"collection":[{"href":"https:\/\/sites.ac-nancy-metz.fr\/arts-plastiques\/wp-json\/wp\/v2\/pages"}],"about":[{"href":"https:\/\/sites.ac-nancy-metz.fr\/arts-plastiques\/wp-json\/wp\/v2\/types\/page"}],"author":[{"embeddable":true,"href":"https:\/\/sites.ac-nancy-metz.fr\/arts-plastiques\/wp-json\/wp\/v2\/users\/2"}],"replies":[{"embeddable":true,"href":"https:\/\/sites.ac-nancy-metz.fr\/arts-plastiques\/wp-json\/wp\/v2\/comments?post=164"}],"version-history":[{"count":15,"href":"https:\/\/sites.ac-nancy-metz.fr\/arts-plastiques\/wp-json\/wp\/v2\/pages\/164\/revisions"}],"predecessor-version":[{"id":6696,"href":"https:\/\/sites.ac-nancy-metz.fr\/arts-plastiques\/wp-json\/wp\/v2\/pages\/164\/revisions\/6696"}],"wp:attachment":[{"href":"https:\/\/sites.ac-nancy-metz.fr\/arts-plastiques\/wp-json\/wp\/v2\/media?parent=164"}],"curies":[{"name":"wp","href":"https:\/\/api.w.org\/{rel}","templated":true}]}}