{"id":1646,"date":"2020-10-31T01:58:34","date_gmt":"2020-10-31T00:58:34","guid":{"rendered":"https:\/\/sites.ac-nancy-metz.fr\/arts-plastiques\/?page_id=1646"},"modified":"2022-05-08T11:29:21","modified_gmt":"2022-05-08T09:29:21","slug":"baccalaureat-programme-enseignement-de-specialite","status":"publish","type":"page","link":"https:\/\/sites.ac-nancy-metz.fr\/arts-plastiques\/baccalaureat-programme-enseignement-de-specialite\/","title":{"rendered":"Programme lyc\u00e9e enseignement de sp\u00e9cialit\u00e9"},"content":{"rendered":"\n<p class=\"has-text-align-center\">Chaque dossier propos\u00e9 interroge une entr\u00e9e du programme d&rsquo;enseignement et articule les oeuvres, questions et th\u00e8mes de r\u00e9f\u00e9rence avec des documents critiques sur l&rsquo;art.<\/p>\n\n\n\n<p class=\"has-small-font-size\"><strong>PREMI\u00c8RE ENSEIGNEMENT DE SP\u00c9CIALIT\u00c9 :<\/strong> <\/p>\n\n\n\n<p class=\"has-small-font-size\">Ressources propos\u00e9es par Mme C\u00e9line MAADINI, Mme Myriam SACKSTEDER, Mme Camille Fleurot-Mougel, Mme Corinne BOURDENET-VICAIRE, Mme Val\u00e9rie ANTOINE, Monsieur J\u00e9r\u00e9my LOPEZ, Madame Virginie COUILLARD, Mme Marie ROUSSEAU IA-IPR Arts plastiques<\/p>\n\n\n\n<div class=\"wp-block-image\"><figure class=\"aligncenter size-full\"><a href=\"https:\/\/sites.ac-nancy-metz.fr\/arts-plastiques\/wp-content\/uploads\/Incontournables-SPE-1ere-1.pdf\"><img fetchpriority=\"high\" decoding=\"async\" width=\"375\" height=\"458\" src=\"https:\/\/sites.ac-nancy-metz.fr\/arts-plastiques\/wp-content\/uploads\/Capture-decran-2022-05-08-a-11.27.57.png\" alt=\"\" class=\"wp-image-8439\" srcset=\"https:\/\/sites.ac-nancy-metz.fr\/arts-plastiques\/wp-content\/uploads\/Capture-decran-2022-05-08-a-11.27.57.png 375w, https:\/\/sites.ac-nancy-metz.fr\/arts-plastiques\/wp-content\/uploads\/Capture-decran-2022-05-08-a-11.27.57-246x300.png 246w\" sizes=\"(max-width: 375px) 100vw, 375px\" \/><\/a><\/figure><\/div>\n\n\n\n<p class=\"has-small-font-size\"><strong>TERMINALE ENSEIGNEMENT DE SP\u00c9CIALIT\u00c9 : <\/strong><\/p>\n\n\n\n<p class=\"has-small-font-size\">Ressources propos\u00e9es par Mme C\u00e9line MAADINI, Mme Myriam SACKSTEDER, Mme Camille Fleurot-Mougel, Mme Corinne BOURDENET-VICAIRE, Mme Val\u00e9rie ANTOINE, Mme Marie ROUSSEAU IA-IPR Arts plastiques<\/p>\n\n\n\n<p class=\"has-text-align-left has-small-font-size\"><strong>Domaines de l&rsquo;investigation et de la mise en \u0153uvre des langages et des pratiques plastiques: outils, moyens, techniques, m\u00e9diums, mat\u00e9riaux, notions au service d&rsquo;une cr\u00e9ation \u00e0 vis\u00e9e artistique&nbsp;<\/strong><\/p>\n\n\n\n<div class=\"wp-block-columns has-2-columns is-layout-flex wp-container-core-columns-is-layout-9d6595d7 wp-block-columns-is-layout-flex\">\n<div class=\"wp-block-column is-layout-flow wp-block-column-is-layout-flow\">\n<div class=\"wp-block-image\"><figure class=\"aligncenter is-resized\"><a href=\"https:\/\/sites.ac-nancy-metz.fr\/arts-plastiques\/wp-content\/uploads\/la-representation.pdf\"><img decoding=\"async\" src=\"https:\/\/sites.ac-nancy-metz.fr\/arts-plastiques\/wp-content\/uploads\/capture-decran-2020-11-01-a-14-25-31-1024x604.png\" alt=\"\" class=\"wp-image-1803\" width=\"323\" height=\"191\" srcset=\"https:\/\/sites.ac-nancy-metz.fr\/arts-plastiques\/wp-content\/uploads\/capture-decran-2020-11-01-a-14-25-31-1024x604.png 1024w, https:\/\/sites.ac-nancy-metz.fr\/arts-plastiques\/wp-content\/uploads\/capture-decran-2020-11-01-a-14-25-31-300x177.png 300w, https:\/\/sites.ac-nancy-metz.fr\/arts-plastiques\/wp-content\/uploads\/capture-decran-2020-11-01-a-14-25-31-768x453.png 768w, https:\/\/sites.ac-nancy-metz.fr\/arts-plastiques\/wp-content\/uploads\/capture-decran-2020-11-01-a-14-25-31.png 1274w\" sizes=\"(max-width: 323px) 100vw, 323px\" \/><\/a><figcaption><strong>La repr\u00e9sentation, ses langages, moyens plastiques et enjeux artistiques<\/strong><\/figcaption><\/figure><\/div>\n<\/div>\n\n\n\n<div class=\"wp-block-column is-layout-flow wp-block-column-is-layout-flow\">\n<div class=\"wp-block-image\"><figure class=\"aligncenter is-resized\"><a href=\"https:\/\/sites.ac-nancy-metz.fr\/arts-plastiques\/wp-content\/uploads\/la-figuration-et-l-image-3.pdf\"><img decoding=\"async\" src=\"https:\/\/sites.ac-nancy-metz.fr\/arts-plastiques\/wp-content\/uploads\/capture-decran-2020-10-31-a-18-37-54-1024x720.png\" alt=\"\" class=\"wp-image-1725\" width=\"282\" height=\"198\" srcset=\"https:\/\/sites.ac-nancy-metz.fr\/arts-plastiques\/wp-content\/uploads\/capture-decran-2020-10-31-a-18-37-54-1024x720.png 1024w, https:\/\/sites.ac-nancy-metz.fr\/arts-plastiques\/wp-content\/uploads\/capture-decran-2020-10-31-a-18-37-54-300x211.png 300w, https:\/\/sites.ac-nancy-metz.fr\/arts-plastiques\/wp-content\/uploads\/capture-decran-2020-10-31-a-18-37-54-768x540.png 768w, https:\/\/sites.ac-nancy-metz.fr\/arts-plastiques\/wp-content\/uploads\/capture-decran-2020-10-31-a-18-37-54.png 1099w\" sizes=\"(max-width: 282px) 100vw, 282px\" \/><\/a><figcaption><strong>La figuration et l&rsquo;image<\/strong><\/figcaption><\/figure><\/div>\n<\/div>\n<\/div>\n\n\n\n<div class=\"wp-block-image\"><figure class=\"aligncenter size-medium\"><a href=\"https:\/\/sites.ac-nancy-metz.fr\/arts-plastiques\/wp-content\/uploads\/materialite-1.pdf\"><img loading=\"lazy\" decoding=\"async\" width=\"300\" height=\"208\" src=\"https:\/\/sites.ac-nancy-metz.fr\/arts-plastiques\/wp-content\/uploads\/Capture-decran-2021-05-08-a-14.53.16-1024x711-1-300x208.png\" alt=\"\" class=\"wp-image-8430\" srcset=\"https:\/\/sites.ac-nancy-metz.fr\/arts-plastiques\/wp-content\/uploads\/Capture-decran-2021-05-08-a-14.53.16-1024x711-1-300x208.png 300w, https:\/\/sites.ac-nancy-metz.fr\/arts-plastiques\/wp-content\/uploads\/Capture-decran-2021-05-08-a-14.53.16-1024x711-1-768x533.png 768w, https:\/\/sites.ac-nancy-metz.fr\/arts-plastiques\/wp-content\/uploads\/Capture-decran-2021-05-08-a-14.53.16-1024x711-1-392x272.png 392w, https:\/\/sites.ac-nancy-metz.fr\/arts-plastiques\/wp-content\/uploads\/Capture-decran-2021-05-08-a-14.53.16-1024x711-1-130x90.png 130w, https:\/\/sites.ac-nancy-metz.fr\/arts-plastiques\/wp-content\/uploads\/Capture-decran-2021-05-08-a-14.53.16-1024x711-1.png 1024w\" sizes=\"(max-width: 300px) 100vw, 300px\" \/><\/a><figcaption><strong>La mati\u00e8re, les mat\u00e9riaux et la mat\u00e9rialit\u00e9 de l&rsquo;\u0153uvre&nbsp;<\/strong><br><\/figcaption><\/figure><\/div>\n\n\n\n<p class=\"has-small-font-size\"><strong>Domaines de la pr\u00e9sentation des pratiques, des productions plastiques et de la r\u00e9ception du fait artistique&nbsp;: les relations entre l&rsquo;\u0153uvre, l&rsquo;espace, l&rsquo;auteur, le spectateur<\/strong><\/p>\n\n\n\n<div class=\"wp-block-image\"><figure class=\"aligncenter size-medium\"><a href=\"https:\/\/sites.ac-nancy-metz.fr\/arts-plastiques\/wp-content\/uploads\/domaines-de-la-presentation-des-pratiques_.pdf\"><img loading=\"lazy\" decoding=\"async\" width=\"300\" height=\"168\" src=\"https:\/\/sites.ac-nancy-metz.fr\/arts-plastiques\/wp-content\/uploads\/capture-decran-2020-10-31-a-02-01-05-1-300x168.png\" alt=\"\" class=\"wp-image-8427\" srcset=\"https:\/\/sites.ac-nancy-metz.fr\/arts-plastiques\/wp-content\/uploads\/capture-decran-2020-10-31-a-02-01-05-1-300x168.png 300w, https:\/\/sites.ac-nancy-metz.fr\/arts-plastiques\/wp-content\/uploads\/capture-decran-2020-10-31-a-02-01-05-1-768x430.png 768w, https:\/\/sites.ac-nancy-metz.fr\/arts-plastiques\/wp-content\/uploads\/capture-decran-2020-10-31-a-02-01-05-1-800x445.png 800w, https:\/\/sites.ac-nancy-metz.fr\/arts-plastiques\/wp-content\/uploads\/capture-decran-2020-10-31-a-02-01-05-1.png 921w\" sizes=\"(max-width: 300px) 100vw, 300px\" \/><\/a><\/figure><\/div>\n\n\n\n<p class=\"has-small-font-size\"><strong>Domaines de la formalisation des processus et des d\u00e9marches de cr\u00e9ation : penser l\u2019\u0153uvre, faire \u0153uvre<\/strong><\/p>\n\n\n\n<div class=\"wp-block-image\"><figure class=\"aligncenter size-medium\"><a href=\"https:\/\/sites.ac-nancy-metz.fr\/arts-plastiques\/wp-content\/uploads\/Domaines-de-la-formalisation-des-processus-et-des-demarches-de-creation-penser-loeuvre-faire-oeuvre-.pdf\"><img loading=\"lazy\" decoding=\"async\" width=\"300\" height=\"203\" src=\"https:\/\/sites.ac-nancy-metz.fr\/arts-plastiques\/wp-content\/uploads\/Capture-decran-2021-05-09-a-23.53.24-300x203.png\" alt=\"\" class=\"wp-image-4501\" srcset=\"https:\/\/sites.ac-nancy-metz.fr\/arts-plastiques\/wp-content\/uploads\/Capture-decran-2021-05-09-a-23.53.24-300x203.png 300w, https:\/\/sites.ac-nancy-metz.fr\/arts-plastiques\/wp-content\/uploads\/Capture-decran-2021-05-09-a-23.53.24.png 621w\" sizes=\"(max-width: 300px) 100vw, 300px\" \/><\/a><\/figure><\/div>\n\n\n\n<p class=\"has-small-font-size\"><strong>Champ des questionnements artistiques interdisciplinaires <\/strong><\/p>\n\n\n\n<div class=\"wp-block-image\"><figure class=\"aligncenter size-medium\"><a href=\"https:\/\/sites.ac-nancy-metz.fr\/arts-plastiques\/wp-content\/uploads\/champ-des-questionnements-artistiques-interdisciplinaires.pdf\"><img loading=\"lazy\" decoding=\"async\" width=\"300\" height=\"169\" src=\"https:\/\/sites.ac-nancy-metz.fr\/arts-plastiques\/wp-content\/uploads\/Capture-decran-2020-10-31-a-02.00.35-1-1024x578-1-300x169.png\" alt=\"\" class=\"wp-image-8433\" srcset=\"https:\/\/sites.ac-nancy-metz.fr\/arts-plastiques\/wp-content\/uploads\/Capture-decran-2020-10-31-a-02.00.35-1-1024x578-1-300x169.png 300w, https:\/\/sites.ac-nancy-metz.fr\/arts-plastiques\/wp-content\/uploads\/Capture-decran-2020-10-31-a-02.00.35-1-1024x578-1-768x434.png 768w, https:\/\/sites.ac-nancy-metz.fr\/arts-plastiques\/wp-content\/uploads\/Capture-decran-2020-10-31-a-02.00.35-1-1024x578-1.png 1024w\" sizes=\"(max-width: 300px) 100vw, 300px\" \/><\/a><\/figure><\/div>\n\n\n\n<p class=\"has-small-font-size\"><strong><strong>Champ des questionnements artistiques<\/strong><\/strong> <strong>transversaux&nbsp;<\/strong><\/p>\n\n\n\n<div class=\"wp-block-columns has-2-columns is-layout-flex wp-container-core-columns-is-layout-9d6595d7 wp-block-columns-is-layout-flex\">\n<div class=\"wp-block-column is-layout-flow wp-block-column-is-layout-flow\">\n<div class=\"wp-block-image\"><figure class=\"aligncenter is-resized\"><a href=\"https:\/\/sites.ac-nancy-metz.fr\/arts-plastiques\/wp-content\/uploads\/Champ-des-questionnements-artistiques-transversaux-3.pdf\"><img loading=\"lazy\" decoding=\"async\" src=\"https:\/\/sites.ac-nancy-metz.fr\/arts-plastiques\/wp-content\/uploads\/capture-decran-2020-11-24-a-15-50-27.png\" alt=\"\" class=\"wp-image-2468\" width=\"288\" height=\"206\" srcset=\"https:\/\/sites.ac-nancy-metz.fr\/arts-plastiques\/wp-content\/uploads\/capture-decran-2020-11-24-a-15-50-27.png 882w, https:\/\/sites.ac-nancy-metz.fr\/arts-plastiques\/wp-content\/uploads\/capture-decran-2020-11-24-a-15-50-27-300x215.png 300w, https:\/\/sites.ac-nancy-metz.fr\/arts-plastiques\/wp-content\/uploads\/capture-decran-2020-11-24-a-15-50-27-768x551.png 768w\" sizes=\"(max-width: 288px) 100vw, 288px\" \/><\/a><\/figure><\/div>\n<\/div>\n<\/div>\n","protected":false},"excerpt":{"rendered":"<p>Chaque dossier propos\u00e9 interroge une entr\u00e9e du programme d&rsquo;enseignement et articule les oeuvres, questions et th\u00e8mes de r\u00e9f\u00e9rence avec des documents critiques sur l&rsquo;art. PREMI\u00c8RE ENSEIGNEMENT&#8230;<\/p>\n","protected":false},"author":2,"featured_media":0,"parent":0,"menu_order":0,"comment_status":"closed","ping_status":"closed","template":"","meta":{"footnotes":""},"class_list":["post-1646","page","type-page","status-publish","hentry"],"_links":{"self":[{"href":"https:\/\/sites.ac-nancy-metz.fr\/arts-plastiques\/wp-json\/wp\/v2\/pages\/1646","targetHints":{"allow":["GET"]}}],"collection":[{"href":"https:\/\/sites.ac-nancy-metz.fr\/arts-plastiques\/wp-json\/wp\/v2\/pages"}],"about":[{"href":"https:\/\/sites.ac-nancy-metz.fr\/arts-plastiques\/wp-json\/wp\/v2\/types\/page"}],"author":[{"embeddable":true,"href":"https:\/\/sites.ac-nancy-metz.fr\/arts-plastiques\/wp-json\/wp\/v2\/users\/2"}],"replies":[{"embeddable":true,"href":"https:\/\/sites.ac-nancy-metz.fr\/arts-plastiques\/wp-json\/wp\/v2\/comments?post=1646"}],"version-history":[{"count":61,"href":"https:\/\/sites.ac-nancy-metz.fr\/arts-plastiques\/wp-json\/wp\/v2\/pages\/1646\/revisions"}],"predecessor-version":[{"id":8444,"href":"https:\/\/sites.ac-nancy-metz.fr\/arts-plastiques\/wp-json\/wp\/v2\/pages\/1646\/revisions\/8444"}],"wp:attachment":[{"href":"https:\/\/sites.ac-nancy-metz.fr\/arts-plastiques\/wp-json\/wp\/v2\/media?parent=1646"}],"curies":[{"name":"wp","href":"https:\/\/api.w.org\/{rel}","templated":true}]}}