{"id":166,"date":"2020-09-06T15:40:44","date_gmt":"2020-09-06T13:40:44","guid":{"rendered":"https:\/\/sites.ac-nancy-metz.fr\/arts-plastiques\/?page_id=166"},"modified":"2024-05-30T20:13:32","modified_gmt":"2024-05-30T18:13:32","slug":"travaux-academiques-mutualises-traam","status":"publish","type":"page","link":"https:\/\/sites.ac-nancy-metz.fr\/arts-plastiques\/travaux-academiques-mutualises-traam\/","title":{"rendered":"Travaux Acad\u00e9miques Mutualis\u00e9s TraAM"},"content":{"rendered":"\n<blockquote class=\"wp-block-quote is-layout-flow wp-block-quote-is-layout-flow\">\n<blockquote class=\"wp-block-quote is-layout-flow wp-block-quote-is-layout-flow\">\n<h2 class=\"wp-block-heading has-white-color has-text-color\">R\u00e9alit\u00e9 mixte RA RV<\/h2>\n\n\n\n<p>Comment les outils num\u00e9riques peuvent hybrider\/mixer\/enrichir la r\u00e9alit\u00e9&nbsp;<\/p>\n\n\n\n<p>S\u2019appuyant sur le r\u00e9seau des e Lab de l\u2019acad\u00e9mie et les outils num\u00e9riques innovants qu\u2019ils mettent \u00e0 disposition des \u00e9quipes p\u00e9dagogiques, cette exp\u00e9rimentation vise \u00e0 la conception, la cr\u00e9ation, l\u2019exp\u00e9rimentation et la mise en valeur (expositions, diffusion, publication) de projets p\u00e9dagogiques permettant de parcourir les nouvelles possibilit\u00e9s de travailler le mat\u00e9riau \u00abr\u00e9alit\u00e9 \u00bb dans une optique de m\u00e9tissage et de partage. En r\u00e9inventant la cartographie de la r\u00e9alit\u00e9, ces projets sont construits pour et avec les \u00e9l\u00e8ves. Ils permettront un d\u00e9ploiement de l\u2019espace de la classe et un partage de pratiques \u00e0 une \u00e9chelle acad\u00e9mique gr\u00e2ce au r\u00e9seau des e-lab<\/p>\n<\/blockquote>\n<\/blockquote>\n\n\n\n<p><\/p>\n\n\n\n<figure class=\"wp-block-embed is-type-wp-embed is-provider-genially wp-block-embed-genially\"><div class=\"wp-block-embed__wrapper\">\n<iframe class=\"wp-embedded-content\" sandbox=\"allow-scripts\" security=\"restricted\" title=\"Projet, animation d &#039;images\" frameborder='0' width='1200' height='675' src='https:\/\/view.genially.com\/657727fb1a6e670015f243ba#?secret=HuBut7FnaU' data-secret='HuBut7FnaU' scrolling='yes'><\/iframe>\n<\/div><\/figure>\n\n\n\n<div data-wp-interactive=\"core\/file\" class=\"wp-block-file\"><object data-wp-bind--hidden=\"!state.hasPdfPreview\" hidden class=\"wp-block-file__embed\" data=\"https:\/\/sites.ac-nancy-metz.fr\/arts-plastiques\/wp-content\/uploads\/de-la-2d-a-la-3d-reelle-et-virtuelle-4eTraAM.pdf\" type=\"application\/pdf\" style=\"width:100%;height:600px\" aria-label=\"Contenu embarqu\u00e9 de la 2d \u00e0 la 3d r\u00e9elle et virtuelle - 4e(TraAM).\"><\/object><a id=\"wp-block-file--media-f47eb535-d441-471b-81ef-78bc0c1ae77d\" href=\"https:\/\/sites.ac-nancy-metz.fr\/arts-plastiques\/wp-content\/uploads\/de-la-2d-a-la-3d-reelle-et-virtuelle-4eTraAM.pdf\">de la 2d \u00e0 la 3d r\u00e9elle et virtuelle &#8211; 4e(TraAM)<\/a><a href=\"https:\/\/sites.ac-nancy-metz.fr\/arts-plastiques\/wp-content\/uploads\/de-la-2d-a-la-3d-reelle-et-virtuelle-4eTraAM.pdf\" class=\"wp-block-file__button wp-element-button\" download aria-describedby=\"wp-block-file--media-f47eb535-d441-471b-81ef-78bc0c1ae77d\">T\u00e9l\u00e9charger<\/a><\/div>\n\n\n\n<p><\/p>\n\n\n\n<div data-wp-interactive=\"core\/file\" class=\"wp-block-file\"><object data-wp-bind--hidden=\"!state.hasPdfPreview\" hidden class=\"wp-block-file__embed\" data=\"https:\/\/sites.ac-nancy-metz.fr\/arts-plastiques\/wp-content\/uploads\/Faire-mentir-DALI.pdf\" type=\"application\/pdf\" style=\"width:100%;height:600px\" aria-label=\"Contenu embarqu\u00e9 Faire mentir DALI.\"><\/object><a id=\"wp-block-file--media-f47eb535-d441-471b-81ef-78bc0c1ae77d\" href=\"https:\/\/sites.ac-nancy-metz.fr\/arts-plastiques\/wp-content\/uploads\/Faire-mentir-DALI.pdf\">Faire mentir DALI<\/a><a href=\"https:\/\/sites.ac-nancy-metz.fr\/arts-plastiques\/wp-content\/uploads\/Faire-mentir-DALI.pdf\" class=\"wp-block-file__button wp-element-button\" download aria-describedby=\"wp-block-file--media-f47eb535-d441-471b-81ef-78bc0c1ae77d\">T\u00e9l\u00e9charger<\/a><\/div>\n\n\n\n<div data-wp-interactive=\"core\/file\" class=\"wp-block-file\"><object data-wp-bind--hidden=\"!state.hasPdfPreview\" hidden class=\"wp-block-file__embed\" data=\"https:\/\/sites.ac-nancy-metz.fr\/arts-plastiques\/wp-content\/uploads\/integrer-du-volume-dans-une-galerie-virtuelle.pdf\" type=\"application\/pdf\" style=\"width:100%;height:600px\" aria-label=\"Contenu embarqu\u00e9 integrer-du-volume-dans-une-galerie-virtuelle.\"><\/object><a id=\"wp-block-file--media-f47eb535-d441-471b-81ef-78bc0c1ae77d\" href=\"https:\/\/sites.ac-nancy-metz.fr\/arts-plastiques\/wp-content\/uploads\/integrer-du-volume-dans-une-galerie-virtuelle.pdf\">integrer-du-volume-dans-une-galerie-virtuelle<\/a><a href=\"https:\/\/sites.ac-nancy-metz.fr\/arts-plastiques\/wp-content\/uploads\/integrer-du-volume-dans-une-galerie-virtuelle.pdf\" class=\"wp-block-file__button wp-element-button\" download aria-describedby=\"wp-block-file--media-f47eb535-d441-471b-81ef-78bc0c1ae77d\">T\u00e9l\u00e9charger<\/a><\/div>\n\n\n\n<div data-wp-interactive=\"core\/file\" class=\"wp-block-file\"><object data-wp-bind--hidden=\"!state.hasPdfPreview\" hidden class=\"wp-block-file__embed\" data=\"https:\/\/sites.ac-nancy-metz.fr\/arts-plastiques\/wp-content\/uploads\/sculptGL.pdf\" type=\"application\/pdf\" style=\"width:100%;height:600px\" aria-label=\"Contenu embarqu\u00e9 sculptGL.\"><\/object><a id=\"wp-block-file--media-f47eb535-d441-471b-81ef-78bc0c1ae77d\" href=\"https:\/\/sites.ac-nancy-metz.fr\/arts-plastiques\/wp-content\/uploads\/sculptGL.pdf\">sculptGL<\/a><a href=\"https:\/\/sites.ac-nancy-metz.fr\/arts-plastiques\/wp-content\/uploads\/sculptGL.pdf\" class=\"wp-block-file__button wp-element-button\" download aria-describedby=\"wp-block-file--media-f47eb535-d441-471b-81ef-78bc0c1ae77d\">T\u00e9l\u00e9charger<\/a><\/div>\n\n\n\n<p><\/p>\n\n\n<div class=\"wp-block-image\">\n<figure class=\"aligncenter size-full is-resized\"><a href=\"https:\/\/sites.ac-nancy-metz.fr\/arts-plastiques\/geste-s-la-web-serie-des-arts-plastiques\/\"><img fetchpriority=\"high\" decoding=\"async\" width=\"744\" height=\"363\" src=\"https:\/\/sites.ac-nancy-metz.fr\/arts-plastiques\/wp-content\/uploads\/Capture-decran-2021-11-13-a-11.48.59.png\" alt=\"\" class=\"wp-image-6230\" style=\"width:744px;height:363px\" srcset=\"https:\/\/sites.ac-nancy-metz.fr\/arts-plastiques\/wp-content\/uploads\/Capture-decran-2021-11-13-a-11.48.59.png 744w, https:\/\/sites.ac-nancy-metz.fr\/arts-plastiques\/wp-content\/uploads\/Capture-decran-2021-11-13-a-11.48.59-300x146.png 300w\" sizes=\"(max-width: 744px) 100vw, 744px\" \/><\/a><\/figure>\n<\/div>\n\n<div class=\"wp-block-image\">\n<figure class=\"aligncenter is-resized\"><a href=\"https:\/\/eduscol.education.fr\/arts-plastiques\/enseigner\/ressources-et-usages-numeriques\/developpement-des-pratiques-pedagogiques-en-academie\/travaux-academiques-mutualises-traam.html\"><img decoding=\"async\" width=\"235\" height=\"74\" src=\"https:\/\/sites.ac-nancy-metz.fr\/arts-plastiques\/wp-content\/uploads\/arts-plastiques.png\" alt=\"\" class=\"wp-image-406\" style=\"width:362px;height:114px\"\/><\/a><\/figure>\n<\/div>\n\n<div class=\"wp-block-image\">\n<figure class=\"aligncenter is-resized\"><a href=\"https:\/\/eduscol.education.fr\/arts-plastiques\/enseigner\/ressources-et-usages-numeriques\/developpement-des-pratiques-pedagogiques-en-academie\/travaux-academiques-mutualises-traam.html\"><img decoding=\"async\" width=\"1024\" height=\"534\" src=\"https:\/\/sites.ac-nancy-metz.fr\/arts-plastiques\/wp-content\/uploads\/capture-decran-2020-09-06-a-23-48-26-1024x534.png\" alt=\"\" class=\"wp-image-407\" style=\"width:525px;height:273px\" srcset=\"https:\/\/sites.ac-nancy-metz.fr\/arts-plastiques\/wp-content\/uploads\/capture-decran-2020-09-06-a-23-48-26-1024x534.png 1024w, https:\/\/sites.ac-nancy-metz.fr\/arts-plastiques\/wp-content\/uploads\/capture-decran-2020-09-06-a-23-48-26-300x157.png 300w, https:\/\/sites.ac-nancy-metz.fr\/arts-plastiques\/wp-content\/uploads\/capture-decran-2020-09-06-a-23-48-26-768x401.png 768w, https:\/\/sites.ac-nancy-metz.fr\/arts-plastiques\/wp-content\/uploads\/capture-decran-2020-09-06-a-23-48-26.png 1083w\" sizes=\"(max-width: 1024px) 100vw, 1024px\" \/><\/a><\/figure>\n<\/div>\n\n\n<p class=\"has-text-align-center\"><a href=\"https:\/\/eduscol.education.fr\/arts-plastiques\/enseigner\/ressources-et-usages-numeriques\/developpement-des-pratiques-pedagogiques-en-academie\/travaux-academiques-mutualises-traam.html\">https:\/\/eduscol.education.fr\/arts-plastiques\/enseigner\/ressources-et-usages-numeriques\/developpement-des-pratiques-pedagogiques-en-academie\/travaux-academiques-mutualises-traam.html<\/a><\/p>\n","protected":false},"excerpt":{"rendered":"<p>https:\/\/eduscol.education.fr\/arts-plastiques\/enseigner\/ressources-et-usages-numeriques\/developpement-des-pratiques-pedagogiques-en-academie\/travaux-academiques-mutualises-traam.html<\/p>\n","protected":false},"author":2,"featured_media":0,"parent":0,"menu_order":0,"comment_status":"closed","ping_status":"closed","template":"","meta":{"footnotes":""},"class_list":["post-166","page","type-page","status-publish","hentry"],"_links":{"self":[{"href":"https:\/\/sites.ac-nancy-metz.fr\/arts-plastiques\/wp-json\/wp\/v2\/pages\/166","targetHints":{"allow":["GET"]}}],"collection":[{"href":"https:\/\/sites.ac-nancy-metz.fr\/arts-plastiques\/wp-json\/wp\/v2\/pages"}],"about":[{"href":"https:\/\/sites.ac-nancy-metz.fr\/arts-plastiques\/wp-json\/wp\/v2\/types\/page"}],"author":[{"embeddable":true,"href":"https:\/\/sites.ac-nancy-metz.fr\/arts-plastiques\/wp-json\/wp\/v2\/users\/2"}],"replies":[{"embeddable":true,"href":"https:\/\/sites.ac-nancy-metz.fr\/arts-plastiques\/wp-json\/wp\/v2\/comments?post=166"}],"version-history":[{"count":17,"href":"https:\/\/sites.ac-nancy-metz.fr\/arts-plastiques\/wp-json\/wp\/v2\/pages\/166\/revisions"}],"predecessor-version":[{"id":9832,"href":"https:\/\/sites.ac-nancy-metz.fr\/arts-plastiques\/wp-json\/wp\/v2\/pages\/166\/revisions\/9832"}],"wp:attachment":[{"href":"https:\/\/sites.ac-nancy-metz.fr\/arts-plastiques\/wp-json\/wp\/v2\/media?parent=166"}],"curies":[{"name":"wp","href":"https:\/\/api.w.org\/{rel}","templated":true}]}}