{"id":167,"date":"2020-09-06T15:40:44","date_gmt":"2020-09-06T13:40:44","guid":{"rendered":"https:\/\/sites.ac-nancy-metz.fr\/arts-plastiques\/?page_id=167"},"modified":"2025-02-06T20:42:17","modified_gmt":"2025-02-06T19:42:17","slug":"innovations-pedagogiques","status":"publish","type":"page","link":"https:\/\/sites.ac-nancy-metz.fr\/arts-plastiques\/innovations-pedagogiques\/","title":{"rendered":"Innovations p\u00e9dagogiques"},"content":{"rendered":"\n<p class=\"has-large-font-size\"><strong>L&rsquo;IA AU COEUR DES PRATIQUES<\/strong><\/p>\n\n\n\n<figure class=\"wp-block-image size-large\"><img fetchpriority=\"high\" decoding=\"async\" width=\"1024\" height=\"628\" src=\"https:\/\/sites.ac-nancy-metz.fr\/arts-plastiques\/wp-content\/uploads\/Capture-decran-2025-02-06-a-20.32.57-1024x628.png\" alt=\"\" class=\"wp-image-10211\" srcset=\"https:\/\/sites.ac-nancy-metz.fr\/arts-plastiques\/wp-content\/uploads\/Capture-decran-2025-02-06-a-20.32.57-1024x628.png 1024w, https:\/\/sites.ac-nancy-metz.fr\/arts-plastiques\/wp-content\/uploads\/Capture-decran-2025-02-06-a-20.32.57-300x184.png 300w, https:\/\/sites.ac-nancy-metz.fr\/arts-plastiques\/wp-content\/uploads\/Capture-decran-2025-02-06-a-20.32.57-768x471.png 768w, https:\/\/sites.ac-nancy-metz.fr\/arts-plastiques\/wp-content\/uploads\/Capture-decran-2025-02-06-a-20.32.57.png 1191w\" sizes=\"(max-width: 1024px) 100vw, 1024px\" \/><\/figure>\n\n\n\n<p><\/p>\n\n\n\n<figure class=\"wp-block-image size-large\"><img decoding=\"async\" width=\"1024\" height=\"646\" src=\"https:\/\/sites.ac-nancy-metz.fr\/arts-plastiques\/wp-content\/uploads\/Capture-decran-2025-02-06-a-20.33.46-1024x646.png\" alt=\"\" class=\"wp-image-10212\" srcset=\"https:\/\/sites.ac-nancy-metz.fr\/arts-plastiques\/wp-content\/uploads\/Capture-decran-2025-02-06-a-20.33.46-1024x646.png 1024w, https:\/\/sites.ac-nancy-metz.fr\/arts-plastiques\/wp-content\/uploads\/Capture-decran-2025-02-06-a-20.33.46-300x189.png 300w, https:\/\/sites.ac-nancy-metz.fr\/arts-plastiques\/wp-content\/uploads\/Capture-decran-2025-02-06-a-20.33.46-768x485.png 768w, https:\/\/sites.ac-nancy-metz.fr\/arts-plastiques\/wp-content\/uploads\/Capture-decran-2025-02-06-a-20.33.46.png 1158w\" sizes=\"(max-width: 1024px) 100vw, 1024px\" \/><\/figure>\n\n\n\n<figure class=\"wp-block-image size-large\"><img decoding=\"async\" width=\"1024\" height=\"689\" src=\"https:\/\/sites.ac-nancy-metz.fr\/arts-plastiques\/wp-content\/uploads\/Capture-decran-2025-02-06-a-20.34.19-1024x689.png\" alt=\"\" class=\"wp-image-10213\" srcset=\"https:\/\/sites.ac-nancy-metz.fr\/arts-plastiques\/wp-content\/uploads\/Capture-decran-2025-02-06-a-20.34.19-1024x689.png 1024w, https:\/\/sites.ac-nancy-metz.fr\/arts-plastiques\/wp-content\/uploads\/Capture-decran-2025-02-06-a-20.34.19-300x202.png 300w, https:\/\/sites.ac-nancy-metz.fr\/arts-plastiques\/wp-content\/uploads\/Capture-decran-2025-02-06-a-20.34.19-768x517.png 768w, https:\/\/sites.ac-nancy-metz.fr\/arts-plastiques\/wp-content\/uploads\/Capture-decran-2025-02-06-a-20.34.19.png 1080w\" sizes=\"(max-width: 1024px) 100vw, 1024px\" \/><\/figure>\n\n\n\n<p><\/p>\n\n\n\n<p><\/p>\n\n\n\n<p><\/p>\n\n\n\n<p class=\"has-large-font-size\"><strong>ARCHIPACK<\/strong><\/p>\n\n\n\n<p><\/p>\n\n\n\n<figure><iframe width=\"1200px\" height=\"675px\" src=\"https:\/\/view.genial.ly\/5e886854260c290e39a4035b\" allowfullscreen=\"true\"><\/iframe><\/figure>\n\n\n\n<figure class=\"wp-block-image\"><a href=\"https:\/\/wordwall.net\/play\/1324\/799\/203\"><img loading=\"lazy\" decoding=\"async\" width=\"1024\" height=\"597\" src=\"https:\/\/sites.ac-nancy-metz.fr\/arts-plastiques\/wp-content\/uploads\/capture-decran-2020-11-17-a-13-45-06-1024x597.png\" alt=\"\" class=\"wp-image-2270\" srcset=\"https:\/\/sites.ac-nancy-metz.fr\/arts-plastiques\/wp-content\/uploads\/capture-decran-2020-11-17-a-13-45-06-1024x597.png 1024w, https:\/\/sites.ac-nancy-metz.fr\/arts-plastiques\/wp-content\/uploads\/capture-decran-2020-11-17-a-13-45-06-300x175.png 300w, https:\/\/sites.ac-nancy-metz.fr\/arts-plastiques\/wp-content\/uploads\/capture-decran-2020-11-17-a-13-45-06-768x448.png 768w, https:\/\/sites.ac-nancy-metz.fr\/arts-plastiques\/wp-content\/uploads\/capture-decran-2020-11-17-a-13-45-06.png 1495w\" sizes=\"(max-width: 1024px) 100vw, 1024px\" \/><\/a><\/figure>\n\n\n\n<figure><iframe width=\"1200px\" height=\"675px\" src=\"https:\/\/view.genial.ly\/5ea5451b075c7c0dc014576c\" allowfullscreen=\"true\"><\/iframe><\/figure>\n\n\n\n<figure><iframe width=\"1200px\" height=\"675px\" src=\"https:\/\/view.genial.ly\/5eb1823954415e0d3e4f308e\" allowfullscreen=\"true\"><\/iframe><\/figure>\n\n\n<div class=\"wp-block-image\">\n<figure class=\"aligncenter\"><a href=\"http:\/\/eduvideo.fr\"><img loading=\"lazy\" decoding=\"async\" width=\"1024\" height=\"145\" src=\"https:\/\/sites.ac-nancy-metz.fr\/arts-plastiques\/wp-content\/uploads\/logoeduvideo_officiel-1024x145.png\" alt=\"\" class=\"wp-image-771\" srcset=\"https:\/\/sites.ac-nancy-metz.fr\/arts-plastiques\/wp-content\/uploads\/logoeduvideo_officiel-1024x145.png 1024w, https:\/\/sites.ac-nancy-metz.fr\/arts-plastiques\/wp-content\/uploads\/logoeduvideo_officiel-300x42.png 300w, https:\/\/sites.ac-nancy-metz.fr\/arts-plastiques\/wp-content\/uploads\/logoeduvideo_officiel-768x109.png 768w, https:\/\/sites.ac-nancy-metz.fr\/arts-plastiques\/wp-content\/uploads\/logoeduvideo_officiel.png 1535w\" sizes=\"(max-width: 1024px) 100vw, 1024px\" \/><\/a><\/figure>\n<\/div>\n\n\n<p class=\"has-text-align-center\"><a href=\"http:\/\/eduvideo.fr\">Eduvid\u00e9o : site vid\u00e9o de la DANE de l&rsquo;acad\u00e9mie de Nancy-Metz<\/a><\/p>\n\n\n\n<p><\/p>\n","protected":false},"excerpt":{"rendered":"<p>L&rsquo;IA AU COEUR DES PRATIQUES ARCHIPACK Eduvid\u00e9o : site vid\u00e9o de la DANE de l&rsquo;acad\u00e9mie de Nancy-Metz<\/p>\n","protected":false},"author":2,"featured_media":0,"parent":0,"menu_order":0,"comment_status":"closed","ping_status":"closed","template":"","meta":{"footnotes":""},"class_list":["post-167","page","type-page","status-publish","hentry"],"_links":{"self":[{"href":"https:\/\/sites.ac-nancy-metz.fr\/arts-plastiques\/wp-json\/wp\/v2\/pages\/167","targetHints":{"allow":["GET"]}}],"collection":[{"href":"https:\/\/sites.ac-nancy-metz.fr\/arts-plastiques\/wp-json\/wp\/v2\/pages"}],"about":[{"href":"https:\/\/sites.ac-nancy-metz.fr\/arts-plastiques\/wp-json\/wp\/v2\/types\/page"}],"author":[{"embeddable":true,"href":"https:\/\/sites.ac-nancy-metz.fr\/arts-plastiques\/wp-json\/wp\/v2\/users\/2"}],"replies":[{"embeddable":true,"href":"https:\/\/sites.ac-nancy-metz.fr\/arts-plastiques\/wp-json\/wp\/v2\/comments?post=167"}],"version-history":[{"count":13,"href":"https:\/\/sites.ac-nancy-metz.fr\/arts-plastiques\/wp-json\/wp\/v2\/pages\/167\/revisions"}],"predecessor-version":[{"id":10215,"href":"https:\/\/sites.ac-nancy-metz.fr\/arts-plastiques\/wp-json\/wp\/v2\/pages\/167\/revisions\/10215"}],"wp:attachment":[{"href":"https:\/\/sites.ac-nancy-metz.fr\/arts-plastiques\/wp-json\/wp\/v2\/media?parent=167"}],"curies":[{"name":"wp","href":"https:\/\/api.w.org\/{rel}","templated":true}]}}