{"id":168,"date":"2020-09-06T15:40:44","date_gmt":"2020-09-06T13:40:44","guid":{"rendered":"https:\/\/sites.ac-nancy-metz.fr\/arts-plastiques\/?page_id=168"},"modified":"2023-11-25T16:40:07","modified_gmt":"2023-11-25T15:40:07","slug":"cpes-caap","status":"publish","type":"page","link":"https:\/\/sites.ac-nancy-metz.fr\/arts-plastiques\/cpes-caap\/","title":{"rendered":"CPES-CAAP"},"content":{"rendered":"\n<div class=\"wp-block-columns is-layout-flex wp-container-core-columns-is-layout-9d6595d7 wp-block-columns-is-layout-flex\">\n<div class=\"wp-block-column is-layout-flow wp-block-column-is-layout-flow\">\n<figure class=\"wp-block-image size-full\"><img fetchpriority=\"high\" decoding=\"async\" width=\"731\" height=\"687\" src=\"https:\/\/sites.ac-nancy-metz.fr\/arts-plastiques\/wp-content\/uploads\/Capture-decran-2023-03-14-a-17.28.59.png\" alt=\"\" class=\"wp-image-8985\" srcset=\"https:\/\/sites.ac-nancy-metz.fr\/arts-plastiques\/wp-content\/uploads\/Capture-decran-2023-03-14-a-17.28.59.png 731w, https:\/\/sites.ac-nancy-metz.fr\/arts-plastiques\/wp-content\/uploads\/Capture-decran-2023-03-14-a-17.28.59-300x282.png 300w\" sizes=\"(max-width: 731px) 100vw, 731px\" \/><\/figure>\n<\/div>\n\n\n\n<div class=\"wp-block-column is-layout-flow wp-block-column-is-layout-flow\">\n<figure class=\"wp-block-image size-full\"><a href=\"https:\/\/sites.ac-nancy-metz.fr\/arts-plastiques\/wp-content\/uploads\/plaquette-CPES_CAAP_nov_2022_or.pdf\"><img decoding=\"async\" width=\"415\" height=\"570\" src=\"https:\/\/sites.ac-nancy-metz.fr\/arts-plastiques\/wp-content\/uploads\/Capture-decran-2023-03-14-a-17.32.38.png\" alt=\"\" class=\"wp-image-8988\" srcset=\"https:\/\/sites.ac-nancy-metz.fr\/arts-plastiques\/wp-content\/uploads\/Capture-decran-2023-03-14-a-17.32.38.png 415w, https:\/\/sites.ac-nancy-metz.fr\/arts-plastiques\/wp-content\/uploads\/Capture-decran-2023-03-14-a-17.32.38-218x300.png 218w\" sizes=\"(max-width: 415px) 100vw, 415px\" \/><\/a><figcaption class=\"wp-element-caption\">Cliquer pour voir le pdf<\/figcaption><\/figure>\n<\/div>\n\n\n\n<div class=\"wp-block-column is-layout-flow wp-block-column-is-layout-flow\">\n<figure class=\"wp-block-image size-full\"><a href=\"https:\/\/sites.ac-nancy-metz.fr\/arts-plastiques\/wp-content\/uploads\/Presentation-CPES-CAAP.pdf\"><img decoding=\"async\" width=\"440\" height=\"381\" src=\"https:\/\/sites.ac-nancy-metz.fr\/arts-plastiques\/wp-content\/uploads\/Capture-decran-2023-03-14-a-17.37.51.png\" alt=\"\" class=\"wp-image-8989\" srcset=\"https:\/\/sites.ac-nancy-metz.fr\/arts-plastiques\/wp-content\/uploads\/Capture-decran-2023-03-14-a-17.37.51.png 440w, https:\/\/sites.ac-nancy-metz.fr\/arts-plastiques\/wp-content\/uploads\/Capture-decran-2023-03-14-a-17.37.51-300x260.png 300w\" sizes=\"(max-width: 440px) 100vw, 440px\" \/><\/a><figcaption class=\"wp-element-caption\">Cliquer pour voir le pdf<\/figcaption><\/figure>\n<\/div>\n<\/div>\n\n\n\n<p><strong>Classe Pr\u00e9paratoire aux \u00c9tudes Sup\u00e9rieures-Classe d\u2019Approfondissement en Arts Plastiques<\/strong><\/p>\n\n\n\n<div data-wp-interactive=\"core\/file\" class=\"wp-block-file aligncenter\"><object data-wp-bind--hidden=\"!state.hasPdfPreview\" hidden class=\"wp-block-file__embed\" data=\"https:\/\/sites.ac-nancy-metz.fr\/arts-plastiques\/wp-content\/uploads\/cpes_caap_carte_-2-1.pdf\" type=\"application\/pdf\" style=\"width:100%;height:600px\" aria-label=\"Contenu embarqu\u00e9 cpes_caap_carte_-2-1.\"><\/object><a id=\"wp-block-file--media-ed56cd6c-6218-4b1f-b1b1-dfc87514d06b\" href=\"https:\/\/sites.ac-nancy-metz.fr\/arts-plastiques\/wp-content\/uploads\/cpes_caap_carte_-2-1.pdf\">cpes_caap_carte_-2-1<\/a><a href=\"https:\/\/sites.ac-nancy-metz.fr\/arts-plastiques\/wp-content\/uploads\/cpes_caap_carte_-2-1.pdf\" class=\"wp-block-file__button wp-element-button\" download aria-describedby=\"wp-block-file--media-ed56cd6c-6218-4b1f-b1b1-dfc87514d06b\">T\u00e9l\u00e9charger<\/a><\/div>\n\n\n\n<p class=\"has-text-align-center\"><\/p>\n\n\n\n<div data-wp-interactive=\"core\/file\" class=\"wp-block-file\"><object data-wp-bind--hidden=\"!state.hasPdfPreview\" hidden class=\"wp-block-file__embed\" data=\"https:\/\/sites.ac-nancy-metz.fr\/arts-plastiques\/wp-content\/uploads\/Presentation-CPES-CAAP-1.pdf\" type=\"application\/pdf\" style=\"width:100%;height:600px\" aria-label=\"Contenu embarqu\u00e9 Presentation-CPES-CAAP-1.\"><\/object><a id=\"wp-block-file--media-57280f57-c47f-4d76-9b7d-a322e9a2d741\" href=\"https:\/\/sites.ac-nancy-metz.fr\/arts-plastiques\/wp-content\/uploads\/Presentation-CPES-CAAP-1.pdf\">Presentation-CPES-CAAP-1<\/a><a href=\"https:\/\/sites.ac-nancy-metz.fr\/arts-plastiques\/wp-content\/uploads\/Presentation-CPES-CAAP-1.pdf\" class=\"wp-block-file__button wp-element-button\" download aria-describedby=\"wp-block-file--media-57280f57-c47f-4d76-9b7d-a322e9a2d741\">T\u00e9l\u00e9charger<\/a><\/div>\n\n\n\n<figure><iframe width=\"560\" height=\"315\" src=\"https:\/\/www.youtube.com\/embed\/VqTmJ19dvZU\" allowfullscreen=\"\"><\/iframe><\/figure>\n\n\n\n<figure><iframe width=\"560\" height=\"315\" src=\"https:\/\/www.youtube.com\/embed\/WBrIaRTGaPE\" allowfullscreen=\"\"><\/iframe><\/figure>\n\n\n<div class=\"wp-block-image\">\n<figure class=\"aligncenter is-resized\"><a href=\"http:\/\/www.lycee-chopin.fr\/classe-cpes-caap\"><img loading=\"lazy\" decoding=\"async\" width=\"895\" height=\"724\" src=\"https:\/\/sites.ac-nancy-metz.fr\/arts-plastiques\/wp-content\/uploads\/capture-decran-2020-09-06-a-23-53-40.png\" alt=\"\" class=\"wp-image-412\" style=\"width:322px;height:260px\" srcset=\"https:\/\/sites.ac-nancy-metz.fr\/arts-plastiques\/wp-content\/uploads\/capture-decran-2020-09-06-a-23-53-40.png 895w, https:\/\/sites.ac-nancy-metz.fr\/arts-plastiques\/wp-content\/uploads\/capture-decran-2020-09-06-a-23-53-40-300x243.png 300w, https:\/\/sites.ac-nancy-metz.fr\/arts-plastiques\/wp-content\/uploads\/capture-decran-2020-09-06-a-23-53-40-768x621.png 768w\" sizes=\"(max-width: 895px) 100vw, 895px\" \/><\/a><\/figure>\n<\/div>\n\n\n<p>La&nbsp;Classe Pr\u00e9paratoire aux \u00c9tudes Sup\u00e9rieures-Classe d\u2019Approfondissement en Arts Plastiques (CPES-CAAP) du lyc\u00e9e Chopin \u00e0 Nancy&nbsp;permet de poursuivre des \u00e9tudes dans le domaine artistique et de pr\u00e9parer les concours des \u00e9coles d\u2019art. Je vous encourage vivement \u00e0 la valoriser aupr\u00e8s des \u00e9l\u00e8ves.<\/p>\n\n\n\n<p>Pour en savoir plus : <a href=\"http:\/\/www.lycee-chopin.fr\/classe-cpes-caap\">http:\/\/www.lycee-chopin.fr\/classe-cpes-caap <\/a><\/p>\n\n\n\n<figure><iframe width=\"560\" height=\"315\" src=\"https:\/\/videos.ac-nancy-metz.fr\/videos\/embed\/1ba5c0ea-b544-4dc9-97a1-c70e055ee24b\" allowfullscreen=\"\"><\/iframe><\/figure>\n\n\n\n<p class=\"has-text-align-center\"><a href=\"https:\/\/www.youtube.com\/channel\/UCI2kBnmhB131xYPKVLRSuIQ\">https:\/\/www.youtube.com\/channel\/UCI2kBnmhB131xYPKVLRSuIQ<\/a><\/p>\n\n\n\n<figure class=\"wp-block-gallery has-nested-images columns-default is-cropped wp-block-gallery-1 is-layout-flex wp-block-gallery-is-layout-flex\">\n<figure class=\"wp-block-image size-large\"><img loading=\"lazy\" decoding=\"async\" width=\"930\" height=\"660\" data-id=\"2797\" src=\"https:\/\/sites.ac-nancy-metz.fr\/arts-plastiques\/wp-content\/uploads\/capture-decran-2020-12-18-a-15-27-43.png\" alt=\"\" class=\"wp-image-2797\" srcset=\"https:\/\/sites.ac-nancy-metz.fr\/arts-plastiques\/wp-content\/uploads\/capture-decran-2020-12-18-a-15-27-43.png 930w, https:\/\/sites.ac-nancy-metz.fr\/arts-plastiques\/wp-content\/uploads\/capture-decran-2020-12-18-a-15-27-43-300x213.png 300w, https:\/\/sites.ac-nancy-metz.fr\/arts-plastiques\/wp-content\/uploads\/capture-decran-2020-12-18-a-15-27-43-768x545.png 768w\" sizes=\"(max-width: 930px) 100vw, 930px\" \/><\/figure>\n\n\n\n<figure class=\"wp-block-image size-large\"><img loading=\"lazy\" decoding=\"async\" width=\"927\" height=\"651\" data-id=\"2798\" src=\"https:\/\/sites.ac-nancy-metz.fr\/arts-plastiques\/wp-content\/uploads\/capture-decran-2020-12-18-a-15-27-54.png\" alt=\"\" class=\"wp-image-2798\" srcset=\"https:\/\/sites.ac-nancy-metz.fr\/arts-plastiques\/wp-content\/uploads\/capture-decran-2020-12-18-a-15-27-54.png 927w, https:\/\/sites.ac-nancy-metz.fr\/arts-plastiques\/wp-content\/uploads\/capture-decran-2020-12-18-a-15-27-54-300x211.png 300w, https:\/\/sites.ac-nancy-metz.fr\/arts-plastiques\/wp-content\/uploads\/capture-decran-2020-12-18-a-15-27-54-768x539.png 768w\" sizes=\"(max-width: 927px) 100vw, 927px\" \/><\/figure>\n<\/figure>\n\n\n\n<div class=\"wp-block-file aligncenter\"><a id=\"wp-block-file--media-2568df24-35c7-4f92-8518-8570c2d378ac\" href=\"https:\/\/sites.ac-nancy-metz.fr\/arts-plastiques\/wp-content\/uploads\/plaquette-cpes_caap-20-21.pdf\">Plaquette-CPES_CAAP-20-21<\/a><a href=\"https:\/\/sites.ac-nancy-metz.fr\/arts-plastiques\/wp-content\/uploads\/plaquette-cpes_caap-20-21.pdf\" class=\"wp-block-file__button wp-element-button\" download aria-describedby=\"wp-block-file--media-2568df24-35c7-4f92-8518-8570c2d378ac\">T\u00e9l\u00e9charger<\/a><\/div>\n\n\n\n<p><br><\/p>\n\n\n<div class=\"wp-block-image\">\n<figure class=\"aligncenter is-resized\"><a href=\"http:\/\/cpescaapchopin.fr\/2020\/01\/08\/galerie-2\/\"><img loading=\"lazy\" decoding=\"async\" width=\"1024\" height=\"613\" src=\"https:\/\/sites.ac-nancy-metz.fr\/arts-plastiques\/wp-content\/uploads\/capture-decran-2020-12-18-a-15-29-44-1024x613.png\" alt=\"\" class=\"wp-image-2802\" style=\"width:359px;height:214px\" srcset=\"https:\/\/sites.ac-nancy-metz.fr\/arts-plastiques\/wp-content\/uploads\/capture-decran-2020-12-18-a-15-29-44-1024x613.png 1024w, https:\/\/sites.ac-nancy-metz.fr\/arts-plastiques\/wp-content\/uploads\/capture-decran-2020-12-18-a-15-29-44-300x180.png 300w, https:\/\/sites.ac-nancy-metz.fr\/arts-plastiques\/wp-content\/uploads\/capture-decran-2020-12-18-a-15-29-44-768x460.png 768w, https:\/\/sites.ac-nancy-metz.fr\/arts-plastiques\/wp-content\/uploads\/capture-decran-2020-12-18-a-15-29-44.png 1139w\" sizes=\"(max-width: 1024px) 100vw, 1024px\" \/><\/a><\/figure>\n<\/div>","protected":false},"excerpt":{"rendered":"<p>Classe Pr\u00e9paratoire aux \u00c9tudes Sup\u00e9rieures-Classe d\u2019Approfondissement en Arts Plastiques La&nbsp;Classe Pr\u00e9paratoire aux \u00c9tudes Sup\u00e9rieures-Classe d\u2019Approfondissement en Arts Plastiques (CPES-CAAP) du lyc\u00e9e Chopin \u00e0 Nancy&nbsp;permet de poursuivre&#8230;<\/p>\n","protected":false},"author":2,"featured_media":0,"parent":0,"menu_order":0,"comment_status":"closed","ping_status":"closed","template":"","meta":{"footnotes":""},"class_list":["post-168","page","type-page","status-publish","hentry"],"_links":{"self":[{"href":"https:\/\/sites.ac-nancy-metz.fr\/arts-plastiques\/wp-json\/wp\/v2\/pages\/168","targetHints":{"allow":["GET"]}}],"collection":[{"href":"https:\/\/sites.ac-nancy-metz.fr\/arts-plastiques\/wp-json\/wp\/v2\/pages"}],"about":[{"href":"https:\/\/sites.ac-nancy-metz.fr\/arts-plastiques\/wp-json\/wp\/v2\/types\/page"}],"author":[{"embeddable":true,"href":"https:\/\/sites.ac-nancy-metz.fr\/arts-plastiques\/wp-json\/wp\/v2\/users\/2"}],"replies":[{"embeddable":true,"href":"https:\/\/sites.ac-nancy-metz.fr\/arts-plastiques\/wp-json\/wp\/v2\/comments?post=168"}],"version-history":[{"count":21,"href":"https:\/\/sites.ac-nancy-metz.fr\/arts-plastiques\/wp-json\/wp\/v2\/pages\/168\/revisions"}],"predecessor-version":[{"id":9411,"href":"https:\/\/sites.ac-nancy-metz.fr\/arts-plastiques\/wp-json\/wp\/v2\/pages\/168\/revisions\/9411"}],"wp:attachment":[{"href":"https:\/\/sites.ac-nancy-metz.fr\/arts-plastiques\/wp-json\/wp\/v2\/media?parent=168"}],"curies":[{"name":"wp","href":"https:\/\/api.w.org\/{rel}","templated":true}]}}