{"id":171,"date":"2020-09-06T15:40:45","date_gmt":"2020-09-06T13:40:45","guid":{"rendered":"https:\/\/sites.ac-nancy-metz.fr\/arts-plastiques\/?page_id=171"},"modified":"2023-05-30T15:56:23","modified_gmt":"2023-05-30T13:56:23","slug":"espaces-arts-plastiques","status":"publish","type":"page","link":"https:\/\/sites.ac-nancy-metz.fr\/arts-plastiques\/espaces-arts-plastiques\/","title":{"rendered":"Espaces, lieux et environnements"},"content":{"rendered":"\n<p>La didactique des arts plastiques implique de penser les espaces de travail et la sp\u00e9cificit\u00e9 de la salle d\u00e9di\u00e9e. Plastique par essence, le lieu de la pratique est modulable et transformable. La diversit\u00e9 des m\u00e9diums, supports, techniques, mat\u00e9riaux permet aussi \u00e0 l\u2019\u00e9l\u00e8ve de d\u00e9velopper un projet plastique, qu\u2019il soit individuel ou collectif et de travailler les gestes et les postures artistiques en les d\u00e9ployant dans l\u2019espace. La forme spatiale s\u2019adaptera autant que de besoin aux diff\u00e9rentes situations, qu\u2019elles soient li\u00e9es aux dispositifs propos\u00e9s ou aux besoins des \u00e9l\u00e8ves.<\/p>\n\n\n\n<div data-wp-interactive=\"core\/file\" class=\"wp-block-file\"><object data-wp-bind--hidden=\"!state.hasPdfPreview\" hidden class=\"wp-block-file__embed\" data=\"https:\/\/sites.ac-nancy-metz.fr\/arts-plastiques\/wp-content\/uploads\/amenagement-des-salles-darts-plastiques.pdf\" type=\"application\/pdf\" style=\"width:100%;height:600px\" aria-label=\"PDF embarqu\u00e9\"><\/object><a href=\"https:\/\/sites.ac-nancy-metz.fr\/arts-plastiques\/wp-content\/uploads\/amenagement-des-salles-darts-plastiques.pdf\" class=\"wp-block-file__button wp-element-button\" download>T\u00e9l\u00e9charger<\/a><\/div>\n\n\n<div class=\"wp-block-image\">\n<figure class=\"aligncenter is-resized\"><a href=\"https:\/\/cache.media.eduscol.education.fr\/file\/Arts_plastiques\/56\/4\/38_RA16_C4_APLA_Conseils-preco-espace-travail_DM_V3_664564.pdf\"><img fetchpriority=\"high\" decoding=\"async\" src=\"https:\/\/sites.ac-nancy-metz.fr\/arts-plastiques\/wp-content\/uploads\/capture-decran-2021-03-04-a-17-32-10-1024x529.png\" alt=\"\" class=\"wp-image-3497\" width=\"482\" height=\"249\" srcset=\"https:\/\/sites.ac-nancy-metz.fr\/arts-plastiques\/wp-content\/uploads\/capture-decran-2021-03-04-a-17-32-10-1024x529.png 1024w, https:\/\/sites.ac-nancy-metz.fr\/arts-plastiques\/wp-content\/uploads\/capture-decran-2021-03-04-a-17-32-10-300x155.png 300w, https:\/\/sites.ac-nancy-metz.fr\/arts-plastiques\/wp-content\/uploads\/capture-decran-2021-03-04-a-17-32-10-768x396.png 768w, https:\/\/sites.ac-nancy-metz.fr\/arts-plastiques\/wp-content\/uploads\/capture-decran-2021-03-04-a-17-32-10.png 1145w\" sizes=\"(max-width: 482px) 100vw, 482px\" \/><\/a><\/figure>\n<\/div>\n\n<div class=\"wp-block-image\">\n<figure class=\"aligncenter size-large is-resized\"><a href=\"https:\/\/cache.media.eduscol.education.fr\/file\/Arts_plastiques\/65\/8\/34_RA16_C4_APLA_arts-plastiques-numerique_usages_DM_625658.pdf\"><img decoding=\"async\" src=\"https:\/\/sites.ac-nancy-metz.fr\/arts-plastiques\/wp-content\/uploads\/Capture-decran-2021-08-23-a-10.38.35-1024x489.png\" alt=\"\" class=\"wp-image-5249\" width=\"-148\" height=\"-70\" srcset=\"https:\/\/sites.ac-nancy-metz.fr\/arts-plastiques\/wp-content\/uploads\/Capture-decran-2021-08-23-a-10.38.35-1024x489.png 1024w, https:\/\/sites.ac-nancy-metz.fr\/arts-plastiques\/wp-content\/uploads\/Capture-decran-2021-08-23-a-10.38.35-300x143.png 300w, https:\/\/sites.ac-nancy-metz.fr\/arts-plastiques\/wp-content\/uploads\/Capture-decran-2021-08-23-a-10.38.35-768x367.png 768w, https:\/\/sites.ac-nancy-metz.fr\/arts-plastiques\/wp-content\/uploads\/Capture-decran-2021-08-23-a-10.38.35.png 1304w\" sizes=\"(max-width: 1024px) 100vw, 1024px\" \/><\/a><\/figure>\n<\/div>\n\n\n<div class=\"wp-block-file\"><a id=\"wp-block-file--media-c7b01fd4-969c-42ed-b8f6-717ed4746642\" href=\"https:\/\/sites.ac-nancy-metz.fr\/arts-plastiques\/wp-content\/uploads\/amenagement-des-salles-darts-plastiques.docx\">Document d&rsquo;accompagnement de l&rsquo;am\u00e9nagement des salles d\u2019arts plastiques<br><\/a><a href=\"https:\/\/sites.ac-nancy-metz.fr\/arts-plastiques\/wp-content\/uploads\/amenagement-des-salles-darts-plastiques.docx\" class=\"wp-block-file__button wp-element-button\" download aria-describedby=\"wp-block-file--media-c7b01fd4-969c-42ed-b8f6-717ed4746642\">Download<\/a><\/div>\n\n\n\n<p><strong><a href=\"https:\/\/www.pedagogie.ac-nantes.fr\/arts-plastiques-insitu\/informations\/la-salle-d-arts-plastiques-737735.kjsp?RH=1419246437231\">Utilisation de mat\u00e9riel sp\u00e9cifique en arts plastiques <\/a><\/strong><\/p>\n\n\n\n<p class=\"has-text-align-center has-pale-cyan-blue-background-color has-background has-medium-font-size\"><a href=\"https:\/\/archiclasse.education.fr\/Les-Comment-faire\">Les Comment faire ? site Archiclasse  <\/a><\/p>\n\n\n\n<figure class=\"wp-block-image size-full\"><img decoding=\"async\" width=\"966\" height=\"526\" src=\"https:\/\/sites.ac-nancy-metz.fr\/arts-plastiques\/wp-content\/uploads\/Capture-decran-2023-05-30-a-15.55.47.png\" alt=\"\" class=\"wp-image-9131\" srcset=\"https:\/\/sites.ac-nancy-metz.fr\/arts-plastiques\/wp-content\/uploads\/Capture-decran-2023-05-30-a-15.55.47.png 966w, https:\/\/sites.ac-nancy-metz.fr\/arts-plastiques\/wp-content\/uploads\/Capture-decran-2023-05-30-a-15.55.47-300x163.png 300w, https:\/\/sites.ac-nancy-metz.fr\/arts-plastiques\/wp-content\/uploads\/Capture-decran-2023-05-30-a-15.55.47-768x418.png 768w\" sizes=\"(max-width: 966px) 100vw, 966px\" \/><\/figure>\n\n\n\n<div data-wp-interactive=\"core\/file\" class=\"wp-block-file\"><object data-wp-bind--hidden=\"!state.hasPdfPreview\" hidden class=\"wp-block-file__embed\" data=\"https:\/\/sites.ac-nancy-metz.fr\/arts-plastiques\/wp-content\/uploads\/men_fiches_archiclasse_place_aux_eleves_fiche-3.pdf\" type=\"application\/pdf\" style=\"width:100%;height:600px\" aria-label=\"Contenu embarqu\u00e9 men_fiches_archiclasse_place_aux_eleves_fiche-3.\"><\/object><a id=\"wp-block-file--media-dbdd1ddb-367f-4276-a919-be76eb9d67ae\" href=\"https:\/\/sites.ac-nancy-metz.fr\/arts-plastiques\/wp-content\/uploads\/men_fiches_archiclasse_place_aux_eleves_fiche-3.pdf\">men_fiches_archiclasse_place_aux_eleves_fiche-3<\/a><a href=\"https:\/\/sites.ac-nancy-metz.fr\/arts-plastiques\/wp-content\/uploads\/men_fiches_archiclasse_place_aux_eleves_fiche-3.pdf\" class=\"wp-block-file__button wp-element-button\" download aria-describedby=\"wp-block-file--media-dbdd1ddb-367f-4276-a919-be76eb9d67ae\">T\u00e9l\u00e9charger<\/a><\/div>\n","protected":false},"excerpt":{"rendered":"<p>La didactique des arts plastiques implique de penser les espaces de travail et la sp\u00e9cificit\u00e9 de la salle d\u00e9di\u00e9e. Plastique par essence, le lieu de la&#8230;<\/p>\n","protected":false},"author":2,"featured_media":0,"parent":0,"menu_order":0,"comment_status":"closed","ping_status":"closed","template":"","meta":{"footnotes":""},"class_list":["post-171","page","type-page","status-publish","hentry"],"_links":{"self":[{"href":"https:\/\/sites.ac-nancy-metz.fr\/arts-plastiques\/wp-json\/wp\/v2\/pages\/171","targetHints":{"allow":["GET"]}}],"collection":[{"href":"https:\/\/sites.ac-nancy-metz.fr\/arts-plastiques\/wp-json\/wp\/v2\/pages"}],"about":[{"href":"https:\/\/sites.ac-nancy-metz.fr\/arts-plastiques\/wp-json\/wp\/v2\/types\/page"}],"author":[{"embeddable":true,"href":"https:\/\/sites.ac-nancy-metz.fr\/arts-plastiques\/wp-json\/wp\/v2\/users\/2"}],"replies":[{"embeddable":true,"href":"https:\/\/sites.ac-nancy-metz.fr\/arts-plastiques\/wp-json\/wp\/v2\/comments?post=171"}],"version-history":[{"count":43,"href":"https:\/\/sites.ac-nancy-metz.fr\/arts-plastiques\/wp-json\/wp\/v2\/pages\/171\/revisions"}],"predecessor-version":[{"id":9132,"href":"https:\/\/sites.ac-nancy-metz.fr\/arts-plastiques\/wp-json\/wp\/v2\/pages\/171\/revisions\/9132"}],"wp:attachment":[{"href":"https:\/\/sites.ac-nancy-metz.fr\/arts-plastiques\/wp-json\/wp\/v2\/media?parent=171"}],"curies":[{"name":"wp","href":"https:\/\/api.w.org\/{rel}","templated":true}]}}