{"id":173,"date":"2020-09-06T15:40:45","date_gmt":"2020-09-06T13:40:45","guid":{"rendered":"https:\/\/sites.ac-nancy-metz.fr\/arts-plastiques\/?page_id=173"},"modified":"2025-09-09T09:30:52","modified_gmt":"2025-09-09T07:30:52","slug":"referents-academiques","status":"publish","type":"page","link":"https:\/\/sites.ac-nancy-metz.fr\/arts-plastiques\/referents-academiques\/","title":{"rendered":"R\u00e9f\u00e9rents acad\u00e9miques"},"content":{"rendered":"\n<p><strong>Inspecteur d\u2019Acad\u00e9mie-Inspecteur P\u00e9dagogique R\u00e9gional IA-IPR Arts plastiques : <\/strong>Benjamin HORRUT, responsable d&rsquo;\u00e9dition <\/p>\n\n\n\n<p><strong>Charg\u00e9 de Mission d\u2019Inspection\u00a0:  <\/strong>S\u00e9bastien CHAMPION et Claire ZAMBELLI<\/p>\n\n\n\n<p><strong>Webmestre&nbsp;:<\/strong>&nbsp;Virginie MAGISTRALI<\/p>\n\n\n\n<p><strong>Interlocuteur Acad\u00e9mique Num\u00e9rique (IAN)\u00a0:\u00a0<\/strong>Virginie MAGISTRALI et Anne LALLEMAND<\/p>\n\n\n\n<p><strong>L&rsquo;\u00e9quipe des formateurs\u00a0acad\u00e9miques disciplinaires : <\/strong>S\u00e9bastien CHAMPION, Elisabeth MOUREY,  Anne LALLEMAND, Maud VAGEON, Virginie MAGISTRALI, Corinne HUGAIN, Virginie DUVAL-WINGEL, J\u00e9r\u00e9my LOPEZ, C\u00e9line MAADINI, Anne LEFORT, Yannick CHELMIS<\/p>\n\n\n\n<iframe width=\"560\" height=\"315\" sandbox=\"allow-same-origin allow-scripts allow-popups\" src=\"https:\/\/videos.ac-nancy-metz.fr\/videos\/embed\/765b3f87-a4f7-4638-8ed0-1df83d9d70b6\" frameborder=\"0\" allowfullscreen=\"\"><\/iframe>\n\n\n\n<p><\/p>\n","protected":false},"excerpt":{"rendered":"<p>Inspecteur d\u2019Acad\u00e9mie-Inspecteur P\u00e9dagogique R\u00e9gional IA-IPR Arts plastiques : Benjamin HORRUT, responsable d&rsquo;\u00e9dition Charg\u00e9 de Mission d\u2019Inspection\u00a0: S\u00e9bastien CHAMPION et Claire ZAMBELLI Webmestre&nbsp;:&nbsp;Virginie MAGISTRALI Interlocuteur Acad\u00e9mique Num\u00e9rique&#8230;<\/p>\n","protected":false},"author":2,"featured_media":0,"parent":0,"menu_order":0,"comment_status":"closed","ping_status":"closed","template":"","meta":{"footnotes":""},"class_list":["post-173","page","type-page","status-publish","hentry"],"_links":{"self":[{"href":"https:\/\/sites.ac-nancy-metz.fr\/arts-plastiques\/wp-json\/wp\/v2\/pages\/173","targetHints":{"allow":["GET"]}}],"collection":[{"href":"https:\/\/sites.ac-nancy-metz.fr\/arts-plastiques\/wp-json\/wp\/v2\/pages"}],"about":[{"href":"https:\/\/sites.ac-nancy-metz.fr\/arts-plastiques\/wp-json\/wp\/v2\/types\/page"}],"author":[{"embeddable":true,"href":"https:\/\/sites.ac-nancy-metz.fr\/arts-plastiques\/wp-json\/wp\/v2\/users\/2"}],"replies":[{"embeddable":true,"href":"https:\/\/sites.ac-nancy-metz.fr\/arts-plastiques\/wp-json\/wp\/v2\/comments?post=173"}],"version-history":[{"count":29,"href":"https:\/\/sites.ac-nancy-metz.fr\/arts-plastiques\/wp-json\/wp\/v2\/pages\/173\/revisions"}],"predecessor-version":[{"id":10438,"href":"https:\/\/sites.ac-nancy-metz.fr\/arts-plastiques\/wp-json\/wp\/v2\/pages\/173\/revisions\/10438"}],"wp:attachment":[{"href":"https:\/\/sites.ac-nancy-metz.fr\/arts-plastiques\/wp-json\/wp\/v2\/media?parent=173"}],"curies":[{"name":"wp","href":"https:\/\/api.w.org\/{rel}","templated":true}]}}