{"id":174,"date":"2020-09-06T15:40:45","date_gmt":"2020-09-06T13:40:45","guid":{"rendered":"https:\/\/sites.ac-nancy-metz.fr\/arts-plastiques\/?page_id=174"},"modified":"2026-04-07T10:04:39","modified_gmt":"2026-04-07T08:04:39","slug":"concours","status":"publish","type":"page","link":"https:\/\/sites.ac-nancy-metz.fr\/arts-plastiques\/concours\/","title":{"rendered":"Concours"},"content":{"rendered":"\n<figure class=\"wp-block-embed is-type-wp-embed is-provider-genially wp-block-embed-genially\"><div class=\"wp-block-embed__wrapper\">\n<iframe class=\"wp-embedded-content\" sandbox=\"allow-scripts\" security=\"restricted\" title=\"Guide ODDconcours\" frameborder='0' width='1200' height='675' src='https:\/\/view.genially.com\/66fd587d736cec48de41b583#?secret=Jkn1DNwyuD' data-secret='Jkn1DNwyuD' scrolling='yes'><\/iframe>\n<\/div><\/figure>\n\n\n\n<p class=\"has-text-align-center\"><\/p>\n\n\n\n<p><strong>CONCOURS EXTERNE CAPES L3 &#8211; \u00c9PREUVE ADMISSIBILIT\u00c9 SESSION 2026<\/strong> &#8211; 1<\/p>\n\n\n\n<div data-wp-interactive=\"core\/file\" class=\"wp-block-file\"><object data-wp-bind--hidden=\"!state.hasPdfPreview\" hidden class=\"wp-block-file__embed\" data=\"https:\/\/sites.ac-nancy-metz.fr\/arts-plastiques\/wp-content\/uploads\/LBE-ART-1.pdf\" type=\"application\/pdf\" style=\"width:100%;height:600px\" aria-label=\"Contenu embarqu\u00e9 LBE ART 1.\"><\/object><a id=\"wp-block-file--media-bed08f8b-329c-4c57-bcd4-21815e49e3a4\" href=\"https:\/\/sites.ac-nancy-metz.fr\/arts-plastiques\/wp-content\/uploads\/LBE-ART-1.pdf\">LBE ART 1<\/a><a href=\"https:\/\/sites.ac-nancy-metz.fr\/arts-plastiques\/wp-content\/uploads\/LBE-ART-1.pdf\" class=\"wp-block-file__button wp-element-button\" download aria-describedby=\"wp-block-file--media-bed08f8b-329c-4c57-bcd4-21815e49e3a4\">T\u00e9l\u00e9charger<\/a><\/div>\n\n\n\n<p><strong>CONCOURS EXTERNE CAPES L3 &#8211; \u00c9PREUVE ADMISSIBILIT\u00c9 SESSION 2026<\/strong> &#8211; 2<\/p>\n\n\n\n<div data-wp-interactive=\"core\/file\" class=\"wp-block-file\"><object data-wp-bind--hidden=\"!state.hasPdfPreview\" hidden class=\"wp-block-file__embed\" data=\"https:\/\/sites.ac-nancy-metz.fr\/arts-plastiques\/wp-content\/uploads\/LBE-ART-2.pdf\" type=\"application\/pdf\" style=\"width:100%;height:600px\" aria-label=\"Contenu embarqu\u00e9 LBE ART 2.\"><\/object><a id=\"wp-block-file--media-18ebe8b6-4aa7-4a08-a88f-90c659b08b6f\" href=\"https:\/\/sites.ac-nancy-metz.fr\/arts-plastiques\/wp-content\/uploads\/LBE-ART-2.pdf\">LBE ART 2<\/a><a href=\"https:\/\/sites.ac-nancy-metz.fr\/arts-plastiques\/wp-content\/uploads\/LBE-ART-2.pdf\" class=\"wp-block-file__button wp-element-button\" download aria-describedby=\"wp-block-file--media-18ebe8b6-4aa7-4a08-a88f-90c659b08b6f\">T\u00e9l\u00e9charger<\/a><\/div>\n\n\n\n<p><\/p>\n\n\n\n<div data-wp-interactive=\"core\/file\" class=\"wp-block-file\"><object data-wp-bind--hidden=\"!state.hasPdfPreview\" hidden class=\"wp-block-file__embed\" data=\"https:\/\/sites.ac-nancy-metz.fr\/arts-plastiques\/wp-content\/uploads\/LBE-ART-2.pdf\" type=\"application\/pdf\" style=\"width:100%;height:600px\" aria-label=\"Contenu embarqu\u00e9 LBE ART 2.\"><\/object><a id=\"wp-block-file--media-df26597a-3e9d-4e84-a88b-3e3494574166\" href=\"https:\/\/sites.ac-nancy-metz.fr\/arts-plastiques\/wp-content\/uploads\/LBE-ART-2.pdf\">LBE ART 2<\/a><a href=\"https:\/\/sites.ac-nancy-metz.fr\/arts-plastiques\/wp-content\/uploads\/LBE-ART-2.pdf\" class=\"wp-block-file__button wp-element-button\" download aria-describedby=\"wp-block-file--media-df26597a-3e9d-4e84-a88b-3e3494574166\">T\u00e9l\u00e9charger<\/a><\/div>\n\n\n\n<p><strong>RAPPORTS DU JURY<\/strong><\/p>\n\n\n\n<p>Rapport du jury du Capes externe pour la session 2024<\/p>\n\n\n\n<div data-wp-interactive=\"core\/file\" class=\"wp-block-file\"><object data-wp-bind--hidden=\"!state.hasPdfPreview\" hidden class=\"wp-block-file__embed\" data=\"https:\/\/sites.ac-nancy-metz.fr\/arts-plastiques\/wp-content\/uploads\/capes-externe-section-arts-plastiques-rapport-du-jury-de-la-session-2024-14464.pdf\" type=\"application\/pdf\" style=\"width:100%;height:600px\" aria-label=\"Contenu embarqu\u00e9 capes-externe-section-arts-plastiques---rapport-du-jury-de-la-session-2024-14464.\"><\/object><a id=\"wp-block-file--media-a1658ded-cb97-4bf9-8fc2-b94c5a084ba0\" href=\"https:\/\/sites.ac-nancy-metz.fr\/arts-plastiques\/wp-content\/uploads\/capes-externe-section-arts-plastiques-rapport-du-jury-de-la-session-2024-14464.pdf\">capes-externe-section-arts-plastiques&#8212;rapport-du-jury-de-la-session-2024-14464<\/a><a href=\"https:\/\/sites.ac-nancy-metz.fr\/arts-plastiques\/wp-content\/uploads\/capes-externe-section-arts-plastiques-rapport-du-jury-de-la-session-2024-14464.pdf\" class=\"wp-block-file__button wp-element-button\" download aria-describedby=\"wp-block-file--media-a1658ded-cb97-4bf9-8fc2-b94c5a084ba0\">T\u00e9l\u00e9charger<\/a><\/div>\n\n\n\n<p><\/p>\n\n\n\n<figure class=\"wp-block-embed\"><div class=\"wp-block-embed__wrapper\">\nhttps:\/\/www.devenirenseignant.gouv.fr\/cid98448\/calendrier-des-concours-recrutement-enseignants-second-degre.html\n<\/div><\/figure>\n\n\n\n<p id=\"block-a923b858-3d5d-4d9f-b2de-e25a65cf36d4\"><strong>LES PROGRAMMES DES CONCOURS D&rsquo;ENSEIGNANTS DU SECOND DEGR\u00c9 DE LA SESSION 2023<\/strong><\/p>\n\n\n\n<figure class=\"wp-block-embed\"><div class=\"wp-block-embed__wrapper\">\nhttps:\/\/www.devenirenseignant.gouv.fr\/cid100820\/les-programmes-des-concours-d-enseignants-du-second-degre-de-la-session-2023.html\n<\/div><\/figure>\n\n\n\n<p id=\"block-611c98a2-1d31-4c6a-aae4-90e79a010628\"><\/p>\n\n\n\n<p id=\"block-6ff12392-82c1-4f6d-94dd-5a34c4487cc1\"><strong>RAPPORTS DU JURY<\/strong><\/p>\n\n\n\n<p id=\"block-4c2a0bff-2bde-4d5c-a9ff-838a034a0c9b\">Rapport du jury du Capes interne pour la session 2024<\/p>\n\n\n\n<div data-wp-interactive=\"core\/file\" class=\"wp-block-file\"><object data-wp-bind--hidden=\"!state.hasPdfPreview\" hidden class=\"wp-block-file__embed\" data=\"https:\/\/sites.ac-nancy-metz.fr\/arts-plastiques\/wp-content\/uploads\/capes-interne-section-arts-plastiques-rapport-du-jury-de-la-session-2024-14320.pdf\" type=\"application\/pdf\" style=\"width:100%;height:600px\" aria-label=\"Contenu embarqu\u00e9 capes-interne-section-arts-plastiques---rapport-du-jury-de-la-session-2024-14320.\"><\/object><a id=\"wp-block-file--media-b1b77632-e663-4d25-85d8-9412f166c20c\" href=\"https:\/\/sites.ac-nancy-metz.fr\/arts-plastiques\/wp-content\/uploads\/capes-interne-section-arts-plastiques-rapport-du-jury-de-la-session-2024-14320.pdf\">capes-interne-section-arts-plastiques&#8212;rapport-du-jury-de-la-session-2024-14320<\/a><a href=\"https:\/\/sites.ac-nancy-metz.fr\/arts-plastiques\/wp-content\/uploads\/capes-interne-section-arts-plastiques-rapport-du-jury-de-la-session-2024-14320.pdf\" class=\"wp-block-file__button wp-element-button\" download aria-describedby=\"wp-block-file--media-b1b77632-e663-4d25-85d8-9412f166c20c\">T\u00e9l\u00e9charger<\/a><\/div>\n\n\n\n<p>Rapport du jury du Capes externe pour la session 2023<\/p>\n\n\n\n<div data-wp-interactive=\"core\/file\" class=\"wp-block-file\"><object data-wp-bind--hidden=\"!state.hasPdfPreview\" hidden class=\"wp-block-file__embed\" data=\"https:\/\/sites.ac-nancy-metz.fr\/arts-plastiques\/wp-content\/uploads\/capes-externe-section-arts-plastiques-rapport-du-jury-de-la-session-2023-11397.pdf\" type=\"application\/pdf\" style=\"width:100%;height:600px\" aria-label=\"Contenu embarqu\u00e9 capes-externe-section-arts-plastiques-rapport-du-jury-de-la-session-2023-11397.\"><\/object><a id=\"wp-block-file--media-b9f71587-c94b-4871-b465-397f669e218a\" href=\"https:\/\/sites.ac-nancy-metz.fr\/arts-plastiques\/wp-content\/uploads\/capes-externe-section-arts-plastiques-rapport-du-jury-de-la-session-2023-11397.pdf\">capes-externe-section-arts-plastiques-rapport-du-jury-de-la-session-2023-11397<\/a><a href=\"https:\/\/sites.ac-nancy-metz.fr\/arts-plastiques\/wp-content\/uploads\/capes-externe-section-arts-plastiques-rapport-du-jury-de-la-session-2023-11397.pdf\" class=\"wp-block-file__button wp-element-button\" download aria-describedby=\"wp-block-file--media-b9f71587-c94b-4871-b465-397f669e218a\">T\u00e9l\u00e9charger<\/a><\/div>\n\n\n\n<p><a href=\"https:\/\/www.devenirenseignant.gouv.fr\/les-sujets-des-epreuves-d-admissibilite-et-les-rapports-des-jurys-des-concours-du-capes-de-la-1232#item4\">https:\/\/www.devenirenseignant.gouv.fr\/les-sujets-des-epreuves-d-admissibilite-et-les-rapports-des-jurys-des-concours-du-capes-de-la-1232#item4<\/a><\/p>\n\n\n\n<p><strong>EXEMPLES DE SUJETS POUR LES \u00c9PREUVES DES CONCOURS DE RECRUTEMENT D&rsquo;ENSEIGNANTS DE LA SESSION 202<\/strong>4<\/p>\n\n\n\n<p><a href=\"\"><\/a><\/p>\n\n\n\n<p><a href=\"https:\/\/www.devenirenseignant.gouv.fr\/media\/12906\/download\">Capes externe section arts plastiques &#8211; Sujet de la premi\u00e8re \u00e9preuve \u00e9crite de la session 2024<\/a><\/p>\n\n\n\n<p><a href=\"https:\/\/www.devenirenseignant.gouv.fr\/media\/12909\/download\">Capes externe section arts plastiques &#8211; Sujet de la deuxi\u00e8me \u00e9preuve \u00e9crite de la session 2024<\/a><\/p>\n\n\n\n<p class=\"has-normal-font-size\"><strong>EXEMPLES DE SUJETS POUR LES \u00c9PREUVES DES CONCOURS DE RECRUTEMENT D&rsquo;ENSEIGNANTS DE LA SESSION 2022<\/strong><\/p>\n\n\n\n<p><a href=\"https:\/\/media.devenirenseignant.gouv.fr\/file\/arts_plastiques\/30\/3\/sujet0_capes_externe_arts_plastiques_lecon_1425303.pdf\">Exemple de sujet et attendus du jury pour l&rsquo;\u00e9preuve de le\u00e7on<\/a><\/p>\n\n\n\n<p><a href=\"https:\/\/media.devenirenseignant.gouv.fr\/file\/arts_plastiques\/22\/1\/sujet0_capes_externe_arts_plastiques_ED_1_1417221.pdf\">Premi\u00e8re \u00e9preuve d&rsquo;admissibilit\u00e9 : \u00e9preuve \u00e9crite disciplinaire : exemple 1<\/a><\/p>\n\n\n\n<p><a href=\"https:\/\/media.devenirenseignant.gouv.fr\/file\/arts_plastiques\/22\/1\/sujet0_capes_externe_arts_plastiques_ED_1_1417221.pdf\">Premi\u00e8re \u00e9preuve d&rsquo;admissibilit\u00e9 : \u00e9preuve \u00e9crite disciplinaire : exemple 2<\/a><\/p>\n\n\n\n<p><a href=\"https:\/\/media.devenirenseignant.gouv.fr\/file\/arts_plastiques\/22\/5\/sujet0_capes_externe_arts_plastiques_EDA_1_1417225.pdf\">Deuxi\u00e8me \u00e9preuve d&rsquo;admissibilit\u00e9 : \u00e9preuve \u00e9crite disciplinaire appliqu\u00e9e : exemple 1<\/a><\/p>\n\n\n\n<p><a href=\"https:\/\/media.devenirenseignant.gouv.fr\/file\/arts_plastiques\/22\/7\/sujet0_capes_externe_arts_plastiques_EDA_2_1417227.pdf\">Deuxi\u00e8me \u00e9preuve d&rsquo;admissibilit\u00e9 : \u00e9preuve \u00e9crite disciplinaire appliqu\u00e9e : exemple 2<\/a><\/p>\n\n\n\n<p><strong>Les sujets des \u00e9preuves \u00e9crites ainsi que les rapports des jurys qui commentent ces \u00e9preuves donnent des indications sur les attentes des jurys.<\/strong><\/p>\n\n\n\n<p><strong>Agr\u00e9gation externe \/ Agr\u00e9gation interne-CAER session 2022<\/strong><\/p>\n\n\n\n<p><a href=\"https:\/\/www.devenirenseignant.gouv.fr\/cid159832\/sujets-rapports-des-jurys-agregation-2022.html?menu=2\">https:\/\/www.devenirenseignant.gouv.fr\/cid159832\/sujets-rapports-des-jurys-agregation-2022.html?menu=2<\/a><\/p>\n\n\n\n<p><strong>Agr\u00e9gation externe \/ Agr\u00e9gation interne-CAER session 2021<\/strong><\/p>\n\n\n\n<p><a href=\"https:\/\/www.devenirenseignant.gouv.fr\/cid156537\/sujets-rapports-des-jurys-agregation-2021.html\">https:\/\/www.devenirenseignant.gouv.fr\/cid156537\/sujets-rapports-des-jurys-agregation-2021.html<\/a><\/p>\n\n\n\n<p><strong>CAPES-CAFEP externe\/ CAPES-CAER interne session 2021<\/strong><\/p>\n\n\n\n<p><a href=\"https:\/\/www.devenirenseignant.gouv.fr\/cid157512\/sujets-et-rapports-des-jurys-capes-2021.html\">https:\/\/www.devenirenseignant.gouv.fr\/cid157512\/sujets-et-rapports-des-jurys-capes-2021.html<\/a><\/p>\n\n\n\n<p class=\"has-text-align-left\"><strong>CAPES-CAFEP externe\/ CAPES-CAER interne session 2020<\/strong><\/p>\n\n\n\n<p class=\"has-text-align-left\"><a href=\"https:\/\/www.devenirenseignant.gouv.fr\/cid149235\/sujets-rapports-des-jurys-2020.html\">https:\/\/www.devenirenseignant.gouv.fr\/cid149235\/sujets-rapports-des-jurys-2020.html<\/a><\/p>\n\n\n\n<p><strong>Agr\u00e9gation externe \/ Agr\u00e9gation interne-CAER session 2020<\/strong><\/p>\n\n\n\n<p class=\"has-text-align-left\"><a href=\"https:\/\/www.devenirenseignant.gouv.fr\/cid148653\/sujets-rapports-des-jurys-agregation-2020.html\">https:\/\/www.devenirenseignant.gouv.fr\/cid148653\/sujets-rapports-des-jurys-agregation-2020.html<\/a><\/p>\n\n\n\n<p><strong>Capes interne et CAER Arts plastiques session 2020<\/strong><\/p>\n\n\n\n<p><a href=\"https:\/\/media.devenirenseignant.gouv.fr\/file\/interne\/10\/5\/rj2020-capes-interne-arts-plastiques_1378105.pdf\">https:\/\/media.devenirenseignant.gouv.fr\/file\/interne\/10\/5\/rj2020-capes-interne-arts-plastiques_1378105.pdf<\/a><\/p>\n\n\n\n<p><strong>Capes externe et CAFEP Arts plastiques session 2020<\/strong><\/p>\n\n\n\n<p><a href=\"https:\/\/media.devenirenseignant.gouv.fr\/file\/externe\/55\/9\/rj2020-capes-externe-arts-plastiques_1352559.pdf\">https:\/\/media.devenirenseignant.gouv.fr\/file\/externe\/55\/9\/rj2020-capes-externe-arts-plastiques_1352559.pdf<\/a><\/p>\n\n\n\n<p><strong>Agr\u00e9gation externe Arts plastiques session 2020<\/strong><\/p>\n\n\n\n<p><a href=\"https:\/\/media.devenirenseignant.gouv.fr\/file\/externe\/05\/4\/rj-2020-agregation-externe-arts-plastiques_1363054.pdf\">https:\/\/media.devenirenseignant.gouv.fr\/file\/externe\/05\/4\/rj-2020-agregation-externe-arts-plastiques_1363054.pdf<\/a><\/p>\n\n\n\n<p><strong>Agr\u00e9gation interne et CAERPA Arts plastiques session 2020<\/strong><\/p>\n\n\n\n<p><a href=\"https:\/\/media.devenirenseignant.gouv.fr\/file\/interne\/93\/5\/rj-2020_agregation-interne-arts-plastiques_1348935.pdf\">https:\/\/media.devenirenseignant.gouv.fr\/file\/interne\/93\/5\/rj-2020_agregation-interne-arts-plastiques_1348935.pdf <\/a><br><\/p>\n","protected":false},"excerpt":{"rendered":"<p>CONCOURS EXTERNE CAPES L3 &#8211; \u00c9PREUVE ADMISSIBILIT\u00c9 SESSION 2026 &#8211; 1 CONCOURS EXTERNE CAPES L3 &#8211; \u00c9PREUVE ADMISSIBILIT\u00c9 SESSION 2026 &#8211; 2 RAPPORTS DU JURY Rapport&#8230;<\/p>\n","protected":false},"author":2,"featured_media":0,"parent":0,"menu_order":0,"comment_status":"closed","ping_status":"closed","template":"","meta":{"footnotes":""},"class_list":["post-174","page","type-page","status-publish","hentry"],"_links":{"self":[{"href":"https:\/\/sites.ac-nancy-metz.fr\/arts-plastiques\/wp-json\/wp\/v2\/pages\/174","targetHints":{"allow":["GET"]}}],"collection":[{"href":"https:\/\/sites.ac-nancy-metz.fr\/arts-plastiques\/wp-json\/wp\/v2\/pages"}],"about":[{"href":"https:\/\/sites.ac-nancy-metz.fr\/arts-plastiques\/wp-json\/wp\/v2\/types\/page"}],"author":[{"embeddable":true,"href":"https:\/\/sites.ac-nancy-metz.fr\/arts-plastiques\/wp-json\/wp\/v2\/users\/2"}],"replies":[{"embeddable":true,"href":"https:\/\/sites.ac-nancy-metz.fr\/arts-plastiques\/wp-json\/wp\/v2\/comments?post=174"}],"version-history":[{"count":31,"href":"https:\/\/sites.ac-nancy-metz.fr\/arts-plastiques\/wp-json\/wp\/v2\/pages\/174\/revisions"}],"predecessor-version":[{"id":10712,"href":"https:\/\/sites.ac-nancy-metz.fr\/arts-plastiques\/wp-json\/wp\/v2\/pages\/174\/revisions\/10712"}],"wp:attachment":[{"href":"https:\/\/sites.ac-nancy-metz.fr\/arts-plastiques\/wp-json\/wp\/v2\/media?parent=174"}],"curies":[{"name":"wp","href":"https:\/\/api.w.org\/{rel}","templated":true}]}}