{"id":176,"date":"2020-09-06T15:40:46","date_gmt":"2020-09-06T13:40:46","guid":{"rendered":"https:\/\/sites.ac-nancy-metz.fr\/arts-plastiques\/?page_id=176"},"modified":"2021-11-13T11:41:49","modified_gmt":"2021-11-13T10:41:49","slug":"formation-continue","status":"publish","type":"page","link":"https:\/\/sites.ac-nancy-metz.fr\/arts-plastiques\/formation-continue\/","title":{"rendered":"Formation continue"},"content":{"rendered":"\n<p>Les&nbsp;<a href=\"https:\/\/mifor.ac-nancy-metz.fr\/presentation-du-paf-2020-2021\/\">formations<\/a>&nbsp;r\u00e9pondent aux enjeux \u00e9ducatifs de cette ann\u00e9e.&nbsp;&nbsp;<\/p>\n\n\n\n<p>Voici les formations propos\u00e9es par le Plan Acad\u00e9mique de Formation (PAF).&nbsp;&nbsp;<\/p>\n\n\n\n<div data-wp-interactive=\"core\/file\" class=\"wp-block-file aligncenter\"><object data-wp-bind--hidden=\"!state.hasPdfPreview\" hidden class=\"wp-block-file__embed\" data=\"https:\/\/sites.ac-nancy-metz.fr\/arts-plastiques\/wp-content\/uploads\/Formation-PAF-2022-5.pdf\" type=\"application\/pdf\" style=\"width:100%;height:600px\" aria-label=\"Contenu embarqu\u00e9 Contenu embarqu\u00e9 Formation-PAF-2022-5..\"><\/object><a href=\"https:\/\/sites.ac-nancy-metz.fr\/arts-plastiques\/wp-content\/uploads\/Formation-PAF-2022-5.pdf\">Formation-PAF-2022-5<\/a><a href=\"https:\/\/sites.ac-nancy-metz.fr\/arts-plastiques\/wp-content\/uploads\/Formation-PAF-2022-5.pdf\" class=\"wp-block-file__button\" download>T\u00e9l\u00e9charger<\/a><\/div>\n\n\n\n<p>La recherche en didactique des arts plastiques est accompagn\u00e9e dans le cadre des formations notamment les Labos-Arts qui favorisent la rencontre et le travail entre pairs et questionneront pour la premi\u00e8re ann\u00e9e les dialogues entre l&rsquo;art et la m\u00e9moire intitul\u00e9s \u00ab\u00a0Pour ne pas oublier\u00a0\u00bb.<\/p>\n\n\n\n<p>Les rendez-vous de carri\u00e8re : l\u2019accompagnement de carri\u00e8re des enseignants constitue un enjeu fondamental, un espace d\u2019\u00e9changes et de mutualisation des parcours. L\u2019analyse r\u00e9flexive de sa pratique, des gestes et des postures professionnelles mobilis\u00e9s est essentielle pour faire preuve de distanciation et de progression dans sa pratique.&nbsp;<\/p>\n\n\n\n<p>L\u2019inscription aux&nbsp;<a href=\"https:\/\/www.devenirenseignant.gouv.fr\/cid106023\/inscriptions-concours-second-degre.html\">concours<\/a>&nbsp;et les formations acad\u00e9miques aux diff\u00e9rents concours permettent d\u2019accompagner sereinement la pr\u00e9paration des \u00e9preuves.&nbsp;<\/p>\n\n\n\n<p>Les&nbsp;<a href=\"http:\/\/www.ac-nancy-metz.fr\/personnels-enseignants-de-1er-et-2nd-degre--30258.kjsp?RH=RRECRUTCONCOURS\">certifications compl\u00e9mentaires<\/a>&nbsp;valorisent la diversit\u00e9 des parcours professionnels&nbsp;: elles sont n\u00e9cessaires pour enseigner en particulier l\u2019<em>Histoire des arts&nbsp;<\/em>et le&nbsp;<em>Cin\u00e9ma-Audiovisuel<\/em>&nbsp;en lyc\u00e9e, mais \u00e9galement en langues \u00e9trang\u00e8res (Allemand et Anglais).<\/p>\n\n\n\n<p>Le Certificat d\u2019Aptitude aux Fonctions de Formateur Acad\u00e9mique (<a href=\"https:\/\/mifor.ac-nancy-metz.fr\/preparation-au-caffa\/\">CAFFA<\/a>) n\u00e9cessite une formation permettant de d\u00e9velopper une professionnalit\u00e9 et des comp\u00e9tences sp\u00e9cifiques.&nbsp;<\/p>\n\n\n\n<div class=\"wp-block-image\"><figure class=\"aligncenter is-resized\"><a href=\"https:\/\/sites.ac-nancy-metz.fr\/arts-plastiques\/wp-content\/uploads\/bibliographie-formateur.pdf\"><img fetchpriority=\"high\" decoding=\"async\" src=\"https:\/\/sites.ac-nancy-metz.fr\/arts-plastiques\/wp-content\/uploads\/Capture-d\u2019ecran-2021-01-26-a-09.54.29-1.png\" alt=\"\" class=\"wp-image-2949\" width=\"303\" height=\"447\" srcset=\"https:\/\/sites.ac-nancy-metz.fr\/arts-plastiques\/wp-content\/uploads\/Capture-d\u2019ecran-2021-01-26-a-09.54.29-1.png 539w, https:\/\/sites.ac-nancy-metz.fr\/arts-plastiques\/wp-content\/uploads\/Capture-d\u2019ecran-2021-01-26-a-09.54.29-1-204x300.png 204w\" sizes=\"(max-width: 303px) 100vw, 303px\" \/><\/a><\/figure><\/div>\n\n\n\n<div class=\"wp-block-file aligncenter\"><a href=\"https:\/\/sites.ac-nancy-metz.fr\/arts-plastiques\/wp-content\/uploads\/bibliographie-formateur.pdf\">Bibliographie formateur<\/a><a href=\"https:\/\/sites.ac-nancy-metz.fr\/arts-plastiques\/wp-content\/uploads\/bibliographie-formateur.pdf\" class=\"wp-block-file__button\" download>T\u00e9l\u00e9charger<\/a><\/div>\n\n\n\n<div class=\"wp-block-image\"><figure class=\"aligncenter size-large\"><a href=\"https:\/\/sites.ac-nancy-metz.fr\/arts-plastiques\/2021\/09\/02\/ouverture-des-inscriptions-au-paf-2021-2022\/\"><img decoding=\"async\" width=\"1024\" height=\"431\" src=\"https:\/\/sites.ac-nancy-metz.fr\/arts-plastiques\/wp-content\/uploads\/logo-MIFOR-1-1024x431.png\" alt=\"\" class=\"wp-image-5366\" srcset=\"https:\/\/sites.ac-nancy-metz.fr\/arts-plastiques\/wp-content\/uploads\/logo-MIFOR-1-1024x431.png 1024w, https:\/\/sites.ac-nancy-metz.fr\/arts-plastiques\/wp-content\/uploads\/logo-MIFOR-1-300x126.png 300w, https:\/\/sites.ac-nancy-metz.fr\/arts-plastiques\/wp-content\/uploads\/logo-MIFOR-1-768x323.png 768w, https:\/\/sites.ac-nancy-metz.fr\/arts-plastiques\/wp-content\/uploads\/logo-MIFOR-1-1536x647.png 1536w, https:\/\/sites.ac-nancy-metz.fr\/arts-plastiques\/wp-content\/uploads\/logo-MIFOR-1-2048x862.png 2048w\" sizes=\"(max-width: 1024px) 100vw, 1024px\" \/><\/a><\/figure><\/div>\n\n\n\n<div class=\"wp-block-image\"><figure class=\"aligncenter size-large is-resized\"><a href=\"https:\/\/sites.ac-nancy-metz.fr\/arts-plastiques\/2021\/08\/02\/plan-de-rentree-2021-canope\/\"><img decoding=\"async\" src=\"https:\/\/sites.ac-nancy-metz.fr\/arts-plastiques\/wp-content\/uploads\/Canope_reseau.svg_-1-1024x439.png\" alt=\"\" class=\"wp-image-5364\" width=\"534\" height=\"228\" srcset=\"https:\/\/sites.ac-nancy-metz.fr\/arts-plastiques\/wp-content\/uploads\/Canope_reseau.svg_-1-1024x439.png 1024w, https:\/\/sites.ac-nancy-metz.fr\/arts-plastiques\/wp-content\/uploads\/Canope_reseau.svg_-1-300x129.png 300w, https:\/\/sites.ac-nancy-metz.fr\/arts-plastiques\/wp-content\/uploads\/Canope_reseau.svg_-1-768x330.png 768w, https:\/\/sites.ac-nancy-metz.fr\/arts-plastiques\/wp-content\/uploads\/Canope_reseau.svg_-1.png 1200w\" sizes=\"(max-width: 534px) 100vw, 534px\" \/><\/a><\/figure><\/div>\n\n\n\n<p><strong>Webinaires CANOP\u00c9 :<\/strong><\/p>\n\n\n\n<div class=\"wp-block-image\"><figure class=\"aligncenter is-resized\"><a href=\"https:\/\/www.youtube.com\/channel\/UCads0eUuFBzkW4kLtJrnOyA\/videos?view=0&amp;sort=dd&amp;shelf_id=1\"><img loading=\"lazy\" decoding=\"async\" src=\"https:\/\/sites.ac-nancy-metz.fr\/arts-plastiques\/wp-content\/uploads\/capture-decran-2020-12-18-a-16-21-13.png\" alt=\"\" class=\"wp-image-2814\" width=\"340\" height=\"149\" srcset=\"https:\/\/sites.ac-nancy-metz.fr\/arts-plastiques\/wp-content\/uploads\/capture-decran-2020-12-18-a-16-21-13.png 319w, https:\/\/sites.ac-nancy-metz.fr\/arts-plastiques\/wp-content\/uploads\/capture-decran-2020-12-18-a-16-21-13-300x132.png 300w\" sizes=\"(max-width: 340px) 100vw, 340px\" \/><\/a><\/figure><\/div>\n","protected":false},"excerpt":{"rendered":"<p>Les&nbsp;formations&nbsp;r\u00e9pondent aux enjeux \u00e9ducatifs de cette ann\u00e9e.&nbsp;&nbsp; Voici les formations propos\u00e9es par le Plan Acad\u00e9mique de Formation (PAF).&nbsp;&nbsp; La recherche en didactique des arts plastiques est&#8230;<\/p>\n","protected":false},"author":2,"featured_media":0,"parent":0,"menu_order":0,"comment_status":"closed","ping_status":"closed","template":"","meta":{"footnotes":""},"class_list":["post-176","page","type-page","status-publish","hentry"],"_links":{"self":[{"href":"https:\/\/sites.ac-nancy-metz.fr\/arts-plastiques\/wp-json\/wp\/v2\/pages\/176","targetHints":{"allow":["GET"]}}],"collection":[{"href":"https:\/\/sites.ac-nancy-metz.fr\/arts-plastiques\/wp-json\/wp\/v2\/pages"}],"about":[{"href":"https:\/\/sites.ac-nancy-metz.fr\/arts-plastiques\/wp-json\/wp\/v2\/types\/page"}],"author":[{"embeddable":true,"href":"https:\/\/sites.ac-nancy-metz.fr\/arts-plastiques\/wp-json\/wp\/v2\/users\/2"}],"replies":[{"embeddable":true,"href":"https:\/\/sites.ac-nancy-metz.fr\/arts-plastiques\/wp-json\/wp\/v2\/comments?post=176"}],"version-history":[{"count":20,"href":"https:\/\/sites.ac-nancy-metz.fr\/arts-plastiques\/wp-json\/wp\/v2\/pages\/176\/revisions"}],"predecessor-version":[{"id":6228,"href":"https:\/\/sites.ac-nancy-metz.fr\/arts-plastiques\/wp-json\/wp\/v2\/pages\/176\/revisions\/6228"}],"wp:attachment":[{"href":"https:\/\/sites.ac-nancy-metz.fr\/arts-plastiques\/wp-json\/wp\/v2\/media?parent=176"}],"curies":[{"name":"wp","href":"https:\/\/api.w.org\/{rel}","templated":true}]}}