{"id":177,"date":"2020-09-06T15:40:46","date_gmt":"2020-09-06T13:40:46","guid":{"rendered":"https:\/\/sites.ac-nancy-metz.fr\/arts-plastiques\/?page_id=177"},"modified":"2021-04-19T12:21:17","modified_gmt":"2021-04-19T10:21:17","slug":"laboarts","status":"publish","type":"page","link":"https:\/\/sites.ac-nancy-metz.fr\/arts-plastiques\/laboarts\/","title":{"rendered":"LaboArts"},"content":{"rendered":"\n<p>Les Labo\u2019arts sont des journ\u00e9es de formation sous pilotage, d\u00e9di\u00e9es aux enseignants en arts plastiques. Vous trouverez sur cette page les&nbsp;th\u00e9matiques et les&nbsp;documents li\u00e9s \u00e0 ces formations. &nbsp;<\/p>\n\n\n\n<p><strong>LaboArts 2021 <\/strong><\/p>\n\n\n\n<div class=\"wp-block-image\"><figure class=\"aligncenter is-resized\"><a href=\"https:\/\/sites.ac-nancy-metz.fr\/arts-plastiques\/wp-content\/uploads\/laboarts-2021.pdf\"><img fetchpriority=\"high\" decoding=\"async\" src=\"https:\/\/sites.ac-nancy-metz.fr\/arts-plastiques\/wp-content\/uploads\/capture-decran-2021-01-26-a-10-38-21-1024x720.png\" alt=\"\" class=\"wp-image-2954\" width=\"482\" height=\"338\" srcset=\"https:\/\/sites.ac-nancy-metz.fr\/arts-plastiques\/wp-content\/uploads\/capture-decran-2021-01-26-a-10-38-21-1024x720.png 1024w, https:\/\/sites.ac-nancy-metz.fr\/arts-plastiques\/wp-content\/uploads\/capture-decran-2021-01-26-a-10-38-21-300x211.png 300w, https:\/\/sites.ac-nancy-metz.fr\/arts-plastiques\/wp-content\/uploads\/capture-decran-2021-01-26-a-10-38-21-768x540.png 768w, https:\/\/sites.ac-nancy-metz.fr\/arts-plastiques\/wp-content\/uploads\/capture-decran-2021-01-26-a-10-38-21.png 1079w\" sizes=\"(max-width: 482px) 100vw, 482px\" \/><\/a><\/figure><\/div>\n\n\n\n<div class=\"wp-block-file\"><a href=\"https:\/\/sites.ac-nancy-metz.fr\/arts-plastiques\/wp-content\/uploads\/laboarts-2021.pdf\">LaboArts 2021<\/a><a href=\"https:\/\/sites.ac-nancy-metz.fr\/arts-plastiques\/wp-content\/uploads\/laboarts-2021.pdf\" class=\"wp-block-file__button\" download>T\u00e9l\u00e9charger<\/a><\/div>\n\n\n\n<p><strong>LaboArts 2019<\/strong><\/p>\n\n\n\n<div class=\"wp-block-file\"><a href=\"https:\/\/sites.ac-nancy-metz.fr\/arts-plastiques\/wp-content\/uploads\/la-question-de-la-presentation1.pdf\">La question de la pr\u00e9sentation1<\/a><a href=\"https:\/\/sites.ac-nancy-metz.fr\/arts-plastiques\/wp-content\/uploads\/la-question-de-la-presentation1.pdf\" class=\"wp-block-file__button\" download>T\u00e9l\u00e9charger<\/a><\/div>\n\n\n\n<div class=\"wp-block-file\"><a href=\"https:\/\/sites.ac-nancy-metz.fr\/arts-plastiques\/wp-content\/uploads\/la-question-de-la-presentation2.pdf\">La question de la pr\u00e9sentation2<\/a><a href=\"https:\/\/sites.ac-nancy-metz.fr\/arts-plastiques\/wp-content\/uploads\/la-question-de-la-presentation2.pdf\" class=\"wp-block-file__button\" download>T\u00e9l\u00e9charger<\/a><\/div>\n\n\n\n<div class=\"wp-block-file\"><a href=\"https:\/\/sites.ac-nancy-metz.fr\/arts-plastiques\/wp-content\/uploads\/la-question-de-la-presentation3.pdf\">La question de la pr\u00e9sentation3<\/a><a href=\"https:\/\/sites.ac-nancy-metz.fr\/arts-plastiques\/wp-content\/uploads\/la-question-de-la-presentation3.pdf\" class=\"wp-block-file__button\" download>T\u00e9l\u00e9charger<\/a><\/div>\n","protected":false},"excerpt":{"rendered":"<p>Les Labo\u2019arts sont des journ\u00e9es de formation sous pilotage, d\u00e9di\u00e9es aux enseignants en arts plastiques. Vous trouverez sur cette page les&nbsp;th\u00e9matiques et les&nbsp;documents li\u00e9s \u00e0 ces&#8230;<\/p>\n","protected":false},"author":2,"featured_media":0,"parent":0,"menu_order":0,"comment_status":"closed","ping_status":"closed","template":"","meta":{"footnotes":""},"class_list":["post-177","page","type-page","status-publish","hentry"],"_links":{"self":[{"href":"https:\/\/sites.ac-nancy-metz.fr\/arts-plastiques\/wp-json\/wp\/v2\/pages\/177","targetHints":{"allow":["GET"]}}],"collection":[{"href":"https:\/\/sites.ac-nancy-metz.fr\/arts-plastiques\/wp-json\/wp\/v2\/pages"}],"about":[{"href":"https:\/\/sites.ac-nancy-metz.fr\/arts-plastiques\/wp-json\/wp\/v2\/types\/page"}],"author":[{"embeddable":true,"href":"https:\/\/sites.ac-nancy-metz.fr\/arts-plastiques\/wp-json\/wp\/v2\/users\/2"}],"replies":[{"embeddable":true,"href":"https:\/\/sites.ac-nancy-metz.fr\/arts-plastiques\/wp-json\/wp\/v2\/comments?post=177"}],"version-history":[{"count":9,"href":"https:\/\/sites.ac-nancy-metz.fr\/arts-plastiques\/wp-json\/wp\/v2\/pages\/177\/revisions"}],"predecessor-version":[{"id":3111,"href":"https:\/\/sites.ac-nancy-metz.fr\/arts-plastiques\/wp-json\/wp\/v2\/pages\/177\/revisions\/3111"}],"wp:attachment":[{"href":"https:\/\/sites.ac-nancy-metz.fr\/arts-plastiques\/wp-json\/wp\/v2\/media?parent=177"}],"curies":[{"name":"wp","href":"https:\/\/api.w.org\/{rel}","templated":true}]}}