{"id":179,"date":"2020-09-06T15:40:46","date_gmt":"2020-09-06T13:40:46","guid":{"rendered":"https:\/\/sites.ac-nancy-metz.fr\/arts-plastiques\/?page_id=179"},"modified":"2024-01-07T11:50:14","modified_gmt":"2024-01-07T10:50:14","slug":"expositions-en-etablissements","status":"publish","type":"page","link":"https:\/\/sites.ac-nancy-metz.fr\/arts-plastiques\/expositions-en-etablissements\/","title":{"rendered":"Les pratiques d&rsquo;expositions en \u00e9tablissements"},"content":{"rendered":"\n<p class=\"has-small-font-size\">\u00ab&nbsp;<em>l\u2019argument initial de l\u2019\u0153uvre, son accrochage et le cadre qui sert \u00e0 cet accrochage (dans l\u2019exposition, dans l\u2019architecture, voire dans le livre) ne sont plus associ\u00e9s par des liens fixes, qu\u2019ils soient formels, id\u00e9ologiques, ou encore \u00e9conomiques&nbsp;; seules existent les solutions que chaque artiste parvient \u00e0 trouver avec plus ou moins de bonheur dans la situation dans laquelle il se trouve<\/em>.&nbsp;\u00bb Jean-Marc POINSOT,&nbsp;<em>Quand l\u2019\u0153uvre a lieu. L\u2019art expos\u00e9 et ses r\u00e9cits autoris\u00e9s<\/em>, Les Presses du R\u00e9el, 1999.<\/p>\n\n\n\n<p>Les pratiques d\u2019expositions :<\/p>\n\n\n\n<p>Elles rel\u00e8vent d\u2019un questionnement \u00e0 aborder avec les \u00e9l\u00e8ves pour construire notamment la comp\u00e9tence \u00ab&nbsp;exposer&nbsp;\u00bb (programmes&nbsp;du lyc\u00e9e). Cette question trouve aussi sa place en coll\u00e8ge.&nbsp;<\/p>\n\n\n\n<p>Les dispositifs d\u2019accrochage et d\u2019exposition&nbsp;dans l\u2019espace de la classe ou dans les espaces de l\u2019\u00e9tablissement, dans les structures partenariales ou d\u2019autres formes possibles, constituent des lieux de monstration \u00e0 penser et \u00e0 diffuser selon diff\u00e9rentes modalit\u00e9s&nbsp;: photographies, vid\u00e9os. <\/p>\n\n\n\n<p>Penser l\u2019archivage et la num\u00e9risation des pratiques d\u2019expositions permet de faire rayonner les actions et les projets engag\u00e9s.&nbsp;<\/p>\n\n\n\n<p>L&rsquo;espace d&rsquo;expositions est un lieu d\u2019accrochage,&nbsp;de rencontres, de m\u00e9diation et de rem\u00e9diation qui permettent \u00e0 l\u2019\u00e9l\u00e8ve de verbaliser le ressenti, de dire le faire et d\u2019exprimer sa pens\u00e9e, de faire preuve de recul et d\u2019esprit critique.&nbsp;<\/p>\n\n\n\n<div class=\"wp-block-columns is-layout-flex wp-container-core-columns-is-layout-9d6595d7 wp-block-columns-is-layout-flex\">\n<div class=\"wp-block-column is-layout-flow wp-block-column-is-layout-flow\">\n<figure class=\"wp-block-image size-full is-resized\"><a href=\"https:\/\/sites.ac-nancy-metz.fr\/arts-plastiques\/actualites-des-galeries-darts\/\"><img fetchpriority=\"high\" decoding=\"async\" width=\"728\" height=\"695\" src=\"https:\/\/sites.ac-nancy-metz.fr\/arts-plastiques\/wp-content\/uploads\/Logo-Galeries-dArts-1.png\" alt=\"\" class=\"wp-image-7334\" style=\"width:257px;height:245px\" srcset=\"https:\/\/sites.ac-nancy-metz.fr\/arts-plastiques\/wp-content\/uploads\/Logo-Galeries-dArts-1.png 728w, https:\/\/sites.ac-nancy-metz.fr\/arts-plastiques\/wp-content\/uploads\/Logo-Galeries-dArts-1-300x286.png 300w\" sizes=\"(max-width: 728px) 100vw, 728px\" \/><\/a><\/figure>\n<\/div>\n\n\n\n<div class=\"wp-block-column is-layout-flow wp-block-column-is-layout-flow\">\n<figure class=\"wp-block-image size-full is-resized\"><a href=\"https:\/\/sites.ac-nancy-metz.fr\/arts-plastiques\/actualite-lac\/\"><img decoding=\"async\" width=\"326\" height=\"335\" src=\"https:\/\/sites.ac-nancy-metz.fr\/arts-plastiques\/wp-content\/uploads\/Logo-LAC.png\" alt=\"\" class=\"wp-image-7335\" style=\"width:261px;height:267px\" srcset=\"https:\/\/sites.ac-nancy-metz.fr\/arts-plastiques\/wp-content\/uploads\/Logo-LAC.png 326w, https:\/\/sites.ac-nancy-metz.fr\/arts-plastiques\/wp-content\/uploads\/Logo-LAC-292x300.png 292w\" sizes=\"(max-width: 326px) 100vw, 326px\" \/><\/a><\/figure>\n<\/div>\n\n\n\n<div class=\"wp-block-column is-layout-flow wp-block-column-is-layout-flow\">\n<figure class=\"wp-block-image size-full is-resized\"><a href=\"https:\/\/sites.ac-nancy-metz.fr\/arts-plastiques\/galeries-virtuelles\/\"><img decoding=\"async\" width=\"460\" height=\"457\" src=\"https:\/\/sites.ac-nancy-metz.fr\/arts-plastiques\/wp-content\/uploads\/Logo-EntreLAC.png\" alt=\"\" class=\"wp-image-7336\" style=\"width:262px;height:260px\" srcset=\"https:\/\/sites.ac-nancy-metz.fr\/arts-plastiques\/wp-content\/uploads\/Logo-EntreLAC.png 460w, https:\/\/sites.ac-nancy-metz.fr\/arts-plastiques\/wp-content\/uploads\/Logo-EntreLAC-300x298.png 300w, https:\/\/sites.ac-nancy-metz.fr\/arts-plastiques\/wp-content\/uploads\/Logo-EntreLAC-150x150.png 150w\" sizes=\"(max-width: 460px) 100vw, 460px\" \/><\/a><\/figure>\n<\/div>\n\n\n\n<div class=\"wp-block-column is-layout-flow wp-block-column-is-layout-flow\">\n<figure class=\"wp-block-image size-full is-resized\"><a href=\"https:\/\/sites.ac-nancy-metz.fr\/arts-plastiques\/actualites-des-collections-darts\/\"><img loading=\"lazy\" decoding=\"async\" width=\"520\" height=\"487\" src=\"https:\/\/sites.ac-nancy-metz.fr\/arts-plastiques\/wp-content\/uploads\/Logo-Collection-dArts.png\" alt=\"\" class=\"wp-image-7338\" style=\"width:265px;height:248px\" srcset=\"https:\/\/sites.ac-nancy-metz.fr\/arts-plastiques\/wp-content\/uploads\/Logo-Collection-dArts.png 520w, https:\/\/sites.ac-nancy-metz.fr\/arts-plastiques\/wp-content\/uploads\/Logo-Collection-dArts-300x281.png 300w\" sizes=\"(max-width: 520px) 100vw, 520px\" \/><\/a><\/figure>\n<\/div>\n\n\n\n<div class=\"wp-block-column is-layout-flow wp-block-column-is-layout-flow\"><div class=\"wp-block-image\">\n<figure class=\"aligncenter size-full is-resized\"><a href=\"https:\/\/sites.ac-nancy-metz.fr\/arts-plastiques\/musee-scolaire\/\"><img loading=\"lazy\" decoding=\"async\" width=\"403\" height=\"432\" src=\"https:\/\/sites.ac-nancy-metz.fr\/arts-plastiques\/wp-content\/uploads\/Capture-decran-2022-06-27-a-14.06.15.png\" alt=\"\" class=\"wp-image-8640\" style=\"width:-10px;height:-10px\" srcset=\"https:\/\/sites.ac-nancy-metz.fr\/arts-plastiques\/wp-content\/uploads\/Capture-decran-2022-06-27-a-14.06.15.png 403w, https:\/\/sites.ac-nancy-metz.fr\/arts-plastiques\/wp-content\/uploads\/Capture-decran-2022-06-27-a-14.06.15-280x300.png 280w\" sizes=\"(max-width: 403px) 100vw, 403px\" \/><\/a><\/figure>\n<\/div><\/div>\n<\/div>\n\n\n\n<div data-wp-interactive=\"core\/file\" class=\"wp-block-file\"><object data-wp-bind--hidden=\"!state.hasPdfPreview\" hidden class=\"wp-block-file__embed\" data=\"https:\/\/sites.ac-nancy-metz.fr\/arts-plastiques\/wp-content\/uploads\/Presentation-L.A.C-2023.pdf\" type=\"application\/pdf\" style=\"width:100%;height:600px\" aria-label=\"Contenu embarqu\u00e9 Presentation-L.A.C-2023.\"><\/object><a id=\"wp-block-file--media-61592c74-e854-47b8-a151-2f06524ee277\" href=\"https:\/\/sites.ac-nancy-metz.fr\/arts-plastiques\/wp-content\/uploads\/Presentation-L.A.C-2023.pdf\">Presentation-L.A.C-2023<\/a><a href=\"https:\/\/sites.ac-nancy-metz.fr\/arts-plastiques\/wp-content\/uploads\/Presentation-L.A.C-2023.pdf\" class=\"wp-block-file__button wp-element-button\" download aria-describedby=\"wp-block-file--media-61592c74-e854-47b8-a151-2f06524ee277\">T\u00e9l\u00e9charger<\/a><\/div>\n\n\n\n<div data-wp-interactive=\"core\/file\" class=\"wp-block-file\"><object data-wp-bind--hidden=\"!state.hasPdfPreview\" hidden class=\"wp-block-file__embed\" data=\"https:\/\/sites.ac-nancy-metz.fr\/arts-plastiques\/wp-content\/uploads\/CPS-L.A.C.pdf\" type=\"application\/pdf\" style=\"width:100%;height:600px\" aria-label=\"Contenu embarqu\u00e9 CPS-L.A.C.\"><\/object><a id=\"wp-block-file--media-ea808362-dbf7-408f-89c4-fc29d7c57a2b\" href=\"https:\/\/sites.ac-nancy-metz.fr\/arts-plastiques\/wp-content\/uploads\/CPS-L.A.C.pdf\">CPS-L.A.C<\/a><a href=\"https:\/\/sites.ac-nancy-metz.fr\/arts-plastiques\/wp-content\/uploads\/CPS-L.A.C.pdf\" class=\"wp-block-file__button wp-element-button\" download aria-describedby=\"wp-block-file--media-ea808362-dbf7-408f-89c4-fc29d7c57a2b\">T\u00e9l\u00e9charger<\/a><\/div>\n\n\n\n<p>\u00ab\u00a0<strong>Les lieux d\u2019art et de culture en \u00e9tablissement scolaire : une br\u00e8ve histoire de la rencontre avec l\u2019\u0153uvre, l\u2019art, la culture dans les coll\u00e8ges et les lyc\u00e9es<\/strong>\u00ab\u00a0. retrace l&rsquo;histoire et la trajectoire emprunt\u00e9e par les Lieux d&rsquo;arts et de culture et des galeries d&rsquo;expositions en milieu scolaire, partie prenante d&rsquo;une ambition de d\u00e9velopper une p\u00e9dagogie innovante par la cr\u00e9ation artistique et l&rsquo;acc\u00e8s \u00e0 la culture. Christian Vieaux, IGESR Arts plastiques porte ici un regard sur les E-LRO et autres Espaces &#8211; Lieux d&rsquo;exposition et de Rencontre avec l\u2019\u0153uvre, visant \u00e0 r\u00e9duire les in\u00e9galit\u00e9s sociales et territoriales, prenant aujourd&rsquo;hui une place de plus en plus importante au sein des \u00e9tablissements scolaires. S&rsquo;y d\u00e9veloppe une approche singuli\u00e8re visant le d\u00e9veloppement de comp\u00e9tences psycho-sociales pour les \u00e9l\u00e8ves et l&rsquo;instigation par le biais de ses laboratoires d&rsquo;une p\u00e9dagogie de projet au sein de l&rsquo;\u00e9cole et du parcours de formation de l&rsquo;\u00e9l\u00e8ve.\u00a0<\/p>\n\n\n\n<div data-wp-interactive=\"core\/file\" class=\"wp-block-file\"><object data-wp-bind--hidden=\"!state.hasPdfPreview\" hidden class=\"wp-block-file__embed\" data=\"https:\/\/sites.ac-nancy-metz.fr\/arts-plastiques\/wp-content\/uploads\/Une_breve_histoire_ELRO.pdf\" type=\"application\/pdf\" style=\"width:100%;height:600px\" aria-label=\"Contenu embarqu\u00e9 Une_breve_histoire_ELRO.\"><\/object><a id=\"wp-block-file--media-31d04f49-2a19-48e9-8f85-3e3d6f7ba6a0\" href=\"https:\/\/sites.ac-nancy-metz.fr\/arts-plastiques\/wp-content\/uploads\/Une_breve_histoire_ELRO.pdf\">Une_breve_histoire_ELRO<\/a><a href=\"https:\/\/sites.ac-nancy-metz.fr\/arts-plastiques\/wp-content\/uploads\/Une_breve_histoire_ELRO.pdf\" class=\"wp-block-file__button wp-element-button\" download aria-describedby=\"wp-block-file--media-31d04f49-2a19-48e9-8f85-3e3d6f7ba6a0\">T\u00e9l\u00e9charger<\/a><\/div>\n\n\n\n<div data-wp-interactive=\"core\/file\" class=\"wp-block-file\"><object data-wp-bind--hidden=\"!state.hasPdfPreview\" hidden class=\"wp-block-file__embed\" data=\"https:\/\/sites.ac-nancy-metz.fr\/arts-plastiques\/wp-content\/uploads\/Pre\u0301sentation-des-formes-dexpositions.pdf\" type=\"application\/pdf\" style=\"width:100%;height:600px\" aria-label=\"Contenu embarqu\u00e9 Pre\u0301sentation-des-formes-dexpositions.\"><\/object><a id=\"wp-block-file--media-f97b5ea4-285d-4d83-8ef6-0ea118cf653a\" href=\"https:\/\/sites.ac-nancy-metz.fr\/arts-plastiques\/wp-content\/uploads\/Pre\u0301sentation-des-formes-dexpositions.pdf\">Pre\u0301sentation-des-formes-dexpositions<\/a><a href=\"https:\/\/sites.ac-nancy-metz.fr\/arts-plastiques\/wp-content\/uploads\/Pre\u0301sentation-des-formes-dexpositions.pdf\" class=\"wp-block-file__button wp-element-button\" download aria-describedby=\"wp-block-file--media-f97b5ea4-285d-4d83-8ef6-0ea118cf653a\">T\u00e9l\u00e9charger<\/a><\/div>\n\n\n\n<hr class=\"wp-block-separator has-css-opacity\"\/>\n\n\n<div class=\"wp-block-image\">\n<figure class=\"aligncenter size-full\"><img loading=\"lazy\" decoding=\"async\" width=\"231\" height=\"218\" src=\"https:\/\/sites.ac-nancy-metz.fr\/arts-plastiques\/wp-content\/uploads\/images.jpeg\" alt=\"\" class=\"wp-image-6783\"\/><\/figure>\n<\/div>\n\n<div class=\"wp-block-image\">\n<figure class=\"aligncenter size-large is-resized\"><img loading=\"lazy\" decoding=\"async\" width=\"669\" height=\"1024\" src=\"https:\/\/sites.ac-nancy-metz.fr\/arts-plastiques\/wp-content\/uploads\/Charte_EAC_HD_Mai_2019_1147204.54-1-669x1024.jpeg\" alt=\"\" class=\"wp-image-6781\" style=\"width:378px;height:579px\" srcset=\"https:\/\/sites.ac-nancy-metz.fr\/arts-plastiques\/wp-content\/uploads\/Charte_EAC_HD_Mai_2019_1147204.54-1-669x1024.jpeg 669w, https:\/\/sites.ac-nancy-metz.fr\/arts-plastiques\/wp-content\/uploads\/Charte_EAC_HD_Mai_2019_1147204.54-1-196x300.jpeg 196w, https:\/\/sites.ac-nancy-metz.fr\/arts-plastiques\/wp-content\/uploads\/Charte_EAC_HD_Mai_2019_1147204.54-1.jpeg 740w\" sizes=\"(max-width: 669px) 100vw, 669px\" \/><\/figure>\n<\/div>\n\n\n<p><a href=\"https:\/\/www.education.gouv.fr\/l-education-artistique-et-culturelle-7496\">https:\/\/www.education.gouv.fr\/l-education-artistique-et-culturelle-7496<\/a><\/p>\n","protected":false},"excerpt":{"rendered":"<p>\u00ab&nbsp;l\u2019argument initial de l\u2019\u0153uvre, son accrochage et le cadre qui sert \u00e0 cet accrochage (dans l\u2019exposition, dans l\u2019architecture, voire dans le livre) ne sont plus associ\u00e9s&#8230;<\/p>\n","protected":false},"author":5,"featured_media":0,"parent":0,"menu_order":0,"comment_status":"closed","ping_status":"closed","template":"","meta":{"footnotes":""},"class_list":["post-179","page","type-page","status-publish","hentry"],"_links":{"self":[{"href":"https:\/\/sites.ac-nancy-metz.fr\/arts-plastiques\/wp-json\/wp\/v2\/pages\/179","targetHints":{"allow":["GET"]}}],"collection":[{"href":"https:\/\/sites.ac-nancy-metz.fr\/arts-plastiques\/wp-json\/wp\/v2\/pages"}],"about":[{"href":"https:\/\/sites.ac-nancy-metz.fr\/arts-plastiques\/wp-json\/wp\/v2\/types\/page"}],"author":[{"embeddable":true,"href":"https:\/\/sites.ac-nancy-metz.fr\/arts-plastiques\/wp-json\/wp\/v2\/users\/5"}],"replies":[{"embeddable":true,"href":"https:\/\/sites.ac-nancy-metz.fr\/arts-plastiques\/wp-json\/wp\/v2\/comments?post=179"}],"version-history":[{"count":29,"href":"https:\/\/sites.ac-nancy-metz.fr\/arts-plastiques\/wp-json\/wp\/v2\/pages\/179\/revisions"}],"predecessor-version":[{"id":9545,"href":"https:\/\/sites.ac-nancy-metz.fr\/arts-plastiques\/wp-json\/wp\/v2\/pages\/179\/revisions\/9545"}],"wp:attachment":[{"href":"https:\/\/sites.ac-nancy-metz.fr\/arts-plastiques\/wp-json\/wp\/v2\/media?parent=179"}],"curies":[{"name":"wp","href":"https:\/\/api.w.org\/{rel}","templated":true}]}}