{"id":182,"date":"2020-09-06T15:40:47","date_gmt":"2020-09-06T13:40:47","guid":{"rendered":"https:\/\/sites.ac-nancy-metz.fr\/arts-plastiques\/?page_id=182"},"modified":"2021-08-23T16:38:30","modified_gmt":"2021-08-23T14:38:30","slug":"architecture-scolaire","status":"publish","type":"page","link":"https:\/\/sites.ac-nancy-metz.fr\/arts-plastiques\/architecture-scolaire\/","title":{"rendered":"Architecture scolaire"},"content":{"rendered":"\n<p class=\"has-text-align-center has-background\" style=\"background-color:#f9c7d3\">JOURN\u00c9ES DE L\u2019ARCHITECTURE<\/p>\n\n\n\n<p class=\"has-text-align-center has-background\" style=\"background-color:#fcd4de\">\u00ab&nbsp;<em>Chaque grand architecte est \u2013 n\u00e9cessairement &#8211; un grand po\u00e8te. Il doit \u00eatre un grand interpr\u00e8te original de son temps.&nbsp;\u00bb <\/em>Frank LLYOD WRIGHT<\/p>\n\n\n\n<figure class=\"wp-block-gallery columns-2 is-cropped wp-block-gallery-1 is-layout-flex wp-block-gallery-is-layout-flex\"><ul class=\"blocks-gallery-grid\"><li class=\"blocks-gallery-item\"><figure><img decoding=\"async\" width=\"224\" height=\"147\" src=\"https:\/\/sites.ac-nancy-metz.fr\/arts-plastiques\/wp-content\/uploads\/3.png\" alt=\"\" data-id=\"479\" class=\"wp-image-479\"\/><figcaption class=\"blocks-gallery-item__caption\">Jean PROUV\u00c9,\u00a0<em>Maison<\/em>, 1954,\u00a0Nancy.<\/figcaption><\/figure><\/li><li class=\"blocks-gallery-item\"><figure><img decoding=\"async\" width=\"189\" height=\"154\" src=\"https:\/\/sites.ac-nancy-metz.fr\/arts-plastiques\/wp-content\/uploads\/4.png\" alt=\"\" data-id=\"480\" data-link=\"https:\/\/sites.ac-nancy-metz.fr\/arts-plastiques\/architecture-scolaire\/attachment\/4\/\" class=\"wp-image-480\"\/><figcaption class=\"blocks-gallery-item__caption\">Shigeru BAN,\u00a0<em>Centre Pompidou-Metz<\/em>, 2010 ,Metz.<\/figcaption><\/figure><\/li><\/ul><\/figure>\n\n\n\n<div class=\"wp-block-file\"><a href=\"https:\/\/sites.ac-nancy-metz.fr\/arts-plastiques\/wp-content\/uploads\/architecture-scolaire.pdf\">Architecture scolaire<\/a><a href=\"https:\/\/sites.ac-nancy-metz.fr\/arts-plastiques\/wp-content\/uploads\/architecture-scolaire.pdf\" class=\"wp-block-file__button\" download>Download<\/a><\/div>\n\n\n\n<figure><iframe width=\"100%\" height=\"300px\" allowfullscreen=\"\" src=\"\/\/umap.openstreetmap.fr\/fr\/map\/architecture-scolaire-academie-de-nancy-metz_506270?scaleControl=false&amp;miniMap=false&amp;scrollWheelZoom=false&amp;zoomControl=true&amp;allowEdit=false&amp;moreControl=true&amp;searchControl=null&amp;tilelayersControl=null&amp;embedControl=null&amp;datalayersControl=true&amp;onLoadPanel=undefined&amp;captionBar=false\"><\/iframe><\/figure>\n\n\n\n<p><a href=\"\/\/umap.openstreetmap.fr\/fr\/map\/architecture-scolaire-academie-de-nancy-metz_506270\">Voir en plein \u00e9cran<\/a><\/p>\n\n\n\n<figure class=\"wp-block-gallery columns-3 is-cropped wp-block-gallery-2 is-layout-flex wp-block-gallery-is-layout-flex\"><ul class=\"blocks-gallery-grid\"><li class=\"blocks-gallery-item\"><figure><img fetchpriority=\"high\" decoding=\"async\" width=\"620\" height=\"857\" src=\"https:\/\/sites.ac-nancy-metz.fr\/arts-plastiques\/wp-content\/uploads\/Architecture-scolaire-College-Stenay-2.png\" alt=\"\" data-id=\"966\" data-link=\"https:\/\/sites.ac-nancy-metz.fr\/arts-plastiques\/architecture-scolaire\/architecture-scolaire-college-stenay-3\/\" class=\"wp-image-966\" srcset=\"https:\/\/sites.ac-nancy-metz.fr\/arts-plastiques\/wp-content\/uploads\/Architecture-scolaire-College-Stenay-2.png 620w, https:\/\/sites.ac-nancy-metz.fr\/arts-plastiques\/wp-content\/uploads\/Architecture-scolaire-College-Stenay-2-217x300.png 217w\" sizes=\"(max-width: 620px) 100vw, 620px\" \/><\/figure><\/li><li class=\"blocks-gallery-item\"><figure><img loading=\"lazy\" decoding=\"async\" width=\"402\" height=\"589\" src=\"https:\/\/sites.ac-nancy-metz.fr\/arts-plastiques\/wp-content\/uploads\/Capture-d\u2019ecran-2020-11-15-a-16.08.20-2.png\" alt=\"\" data-id=\"2145\" data-link=\"https:\/\/sites.ac-nancy-metz.fr\/arts-plastiques\/architecture-scolaire\/capture-decran-2020-11-15-a-16-08-20-3\/\" class=\"wp-image-2145\" srcset=\"https:\/\/sites.ac-nancy-metz.fr\/arts-plastiques\/wp-content\/uploads\/Capture-d\u2019ecran-2020-11-15-a-16.08.20-2.png 402w, https:\/\/sites.ac-nancy-metz.fr\/arts-plastiques\/wp-content\/uploads\/Capture-d\u2019ecran-2020-11-15-a-16.08.20-2-205x300.png 205w\" sizes=\"(max-width: 402px) 100vw, 402px\" \/><\/figure><\/li><li class=\"blocks-gallery-item\"><figure><img loading=\"lazy\" decoding=\"async\" width=\"550\" height=\"779\" src=\"https:\/\/sites.ac-nancy-metz.fr\/arts-plastiques\/wp-content\/uploads\/capture-decran-2020-11-23-a-09-10-57.png\" alt=\"\" data-id=\"2424\" data-link=\"https:\/\/sites.ac-nancy-metz.fr\/arts-plastiques\/architecture-scolaire\/capture-decran-2020-11-23-a-09-10-57\/\" class=\"wp-image-2424\" srcset=\"https:\/\/sites.ac-nancy-metz.fr\/arts-plastiques\/wp-content\/uploads\/capture-decran-2020-11-23-a-09-10-57.png 550w, https:\/\/sites.ac-nancy-metz.fr\/arts-plastiques\/wp-content\/uploads\/capture-decran-2020-11-23-a-09-10-57-212x300.png 212w\" sizes=\"(max-width: 550px) 100vw, 550px\" \/><\/figure><\/li><li class=\"blocks-gallery-item\"><figure><img loading=\"lazy\" decoding=\"async\" width=\"724\" height=\"1024\" src=\"https:\/\/sites.ac-nancy-metz.fr\/arts-plastiques\/wp-content\/uploads\/architecture-scolaire-724x1024.jpg\" alt=\"\" data-id=\"2753\" data-link=\"https:\/\/sites.ac-nancy-metz.fr\/arts-plastiques\/architecture-scolaire\/architecture-scolaire-3\/\" class=\"wp-image-2753\" srcset=\"https:\/\/sites.ac-nancy-metz.fr\/arts-plastiques\/wp-content\/uploads\/architecture-scolaire-724x1024.jpg 724w, https:\/\/sites.ac-nancy-metz.fr\/arts-plastiques\/wp-content\/uploads\/architecture-scolaire-212x300.jpg 212w, https:\/\/sites.ac-nancy-metz.fr\/arts-plastiques\/wp-content\/uploads\/architecture-scolaire-768x1086.jpg 768w\" sizes=\"(max-width: 724px) 100vw, 724px\" \/><\/figure><\/li><li class=\"blocks-gallery-item\"><figure><img loading=\"lazy\" decoding=\"async\" width=\"723\" height=\"1024\" src=\"https:\/\/sites.ac-nancy-metz.fr\/arts-plastiques\/wp-content\/uploads\/Bar-le-Duc-723x1024.jpg\" alt=\"\" data-id=\"2754\" data-link=\"https:\/\/sites.ac-nancy-metz.fr\/arts-plastiques\/architecture-scolaire\/bar-le-duc-3\/\" class=\"wp-image-2754\" srcset=\"https:\/\/sites.ac-nancy-metz.fr\/arts-plastiques\/wp-content\/uploads\/Bar-le-Duc-723x1024.jpg 723w, https:\/\/sites.ac-nancy-metz.fr\/arts-plastiques\/wp-content\/uploads\/Bar-le-Duc-212x300.jpg 212w, https:\/\/sites.ac-nancy-metz.fr\/arts-plastiques\/wp-content\/uploads\/Bar-le-Duc-768x1088.jpg 768w\" sizes=\"(max-width: 723px) 100vw, 723px\" \/><\/figure><\/li><li class=\"blocks-gallery-item\"><figure><img loading=\"lazy\" decoding=\"async\" width=\"723\" height=\"1024\" src=\"https:\/\/sites.ac-nancy-metz.fr\/arts-plastiques\/wp-content\/uploads\/bruyers-723x1024.jpg\" alt=\"\" data-id=\"2755\" data-link=\"https:\/\/sites.ac-nancy-metz.fr\/arts-plastiques\/architecture-scolaire\/bruyers\/\" class=\"wp-image-2755\" srcset=\"https:\/\/sites.ac-nancy-metz.fr\/arts-plastiques\/wp-content\/uploads\/bruyers-723x1024.jpg 723w, https:\/\/sites.ac-nancy-metz.fr\/arts-plastiques\/wp-content\/uploads\/bruyers-212x300.jpg 212w, https:\/\/sites.ac-nancy-metz.fr\/arts-plastiques\/wp-content\/uploads\/bruyers-768x1088.jpg 768w\" sizes=\"(max-width: 723px) 100vw, 723px\" \/><\/figure><\/li><li class=\"blocks-gallery-item\"><figure><img loading=\"lazy\" decoding=\"async\" width=\"723\" height=\"1024\" src=\"https:\/\/sites.ac-nancy-metz.fr\/arts-plastiques\/wp-content\/uploads\/epinal-723x1024.jpg\" alt=\"\" data-id=\"2756\" data-link=\"https:\/\/sites.ac-nancy-metz.fr\/arts-plastiques\/architecture-scolaire\/epinal\/\" class=\"wp-image-2756\" srcset=\"https:\/\/sites.ac-nancy-metz.fr\/arts-plastiques\/wp-content\/uploads\/epinal-723x1024.jpg 723w, https:\/\/sites.ac-nancy-metz.fr\/arts-plastiques\/wp-content\/uploads\/epinal-212x300.jpg 212w, https:\/\/sites.ac-nancy-metz.fr\/arts-plastiques\/wp-content\/uploads\/epinal-768x1088.jpg 768w\" sizes=\"(max-width: 723px) 100vw, 723px\" \/><\/figure><\/li><li class=\"blocks-gallery-item\"><figure><img loading=\"lazy\" decoding=\"async\" width=\"723\" height=\"1024\" src=\"https:\/\/sites.ac-nancy-metz.fr\/arts-plastiques\/wp-content\/uploads\/fontoy-723x1024.jpg\" alt=\"\" data-id=\"2757\" data-link=\"https:\/\/sites.ac-nancy-metz.fr\/arts-plastiques\/architecture-scolaire\/fontoy\/\" class=\"wp-image-2757\" srcset=\"https:\/\/sites.ac-nancy-metz.fr\/arts-plastiques\/wp-content\/uploads\/fontoy-723x1024.jpg 723w, https:\/\/sites.ac-nancy-metz.fr\/arts-plastiques\/wp-content\/uploads\/fontoy-212x300.jpg 212w, https:\/\/sites.ac-nancy-metz.fr\/arts-plastiques\/wp-content\/uploads\/fontoy-768x1088.jpg 768w\" sizes=\"(max-width: 723px) 100vw, 723px\" \/><\/figure><\/li><li class=\"blocks-gallery-item\"><figure><img loading=\"lazy\" decoding=\"async\" width=\"723\" height=\"1024\" src=\"https:\/\/sites.ac-nancy-metz.fr\/arts-plastiques\/wp-content\/uploads\/freyming-merlebach-723x1024.jpg\" alt=\"\" data-id=\"2758\" data-link=\"https:\/\/sites.ac-nancy-metz.fr\/arts-plastiques\/architecture-scolaire\/freyming-merlebach\/\" class=\"wp-image-2758\" srcset=\"https:\/\/sites.ac-nancy-metz.fr\/arts-plastiques\/wp-content\/uploads\/freyming-merlebach-723x1024.jpg 723w, https:\/\/sites.ac-nancy-metz.fr\/arts-plastiques\/wp-content\/uploads\/freyming-merlebach-212x300.jpg 212w, https:\/\/sites.ac-nancy-metz.fr\/arts-plastiques\/wp-content\/uploads\/freyming-merlebach-768x1088.jpg 768w\" sizes=\"(max-width: 723px) 100vw, 723px\" \/><\/figure><\/li><li class=\"blocks-gallery-item\"><figure><img loading=\"lazy\" decoding=\"async\" width=\"723\" height=\"1024\" src=\"https:\/\/sites.ac-nancy-metz.fr\/arts-plastiques\/wp-content\/uploads\/hayange-723x1024.jpg\" alt=\"\" data-id=\"2759\" data-link=\"https:\/\/sites.ac-nancy-metz.fr\/arts-plastiques\/architecture-scolaire\/hayange\/\" class=\"wp-image-2759\" srcset=\"https:\/\/sites.ac-nancy-metz.fr\/arts-plastiques\/wp-content\/uploads\/hayange-723x1024.jpg 723w, https:\/\/sites.ac-nancy-metz.fr\/arts-plastiques\/wp-content\/uploads\/hayange-212x300.jpg 212w, https:\/\/sites.ac-nancy-metz.fr\/arts-plastiques\/wp-content\/uploads\/hayange-768x1088.jpg 768w\" sizes=\"(max-width: 723px) 100vw, 723px\" \/><\/figure><\/li><li class=\"blocks-gallery-item\"><figure><img loading=\"lazy\" decoding=\"async\" width=\"723\" height=\"1024\" src=\"https:\/\/sites.ac-nancy-metz.fr\/arts-plastiques\/wp-content\/uploads\/longeville-les-saint-avold-723x1024.jpg\" alt=\"\" data-id=\"2760\" data-link=\"https:\/\/sites.ac-nancy-metz.fr\/arts-plastiques\/architecture-scolaire\/longeville-les-saint-avold\/\" class=\"wp-image-2760\" srcset=\"https:\/\/sites.ac-nancy-metz.fr\/arts-plastiques\/wp-content\/uploads\/longeville-les-saint-avold-723x1024.jpg 723w, https:\/\/sites.ac-nancy-metz.fr\/arts-plastiques\/wp-content\/uploads\/longeville-les-saint-avold-212x300.jpg 212w, https:\/\/sites.ac-nancy-metz.fr\/arts-plastiques\/wp-content\/uploads\/longeville-les-saint-avold-768x1088.jpg 768w\" sizes=\"(max-width: 723px) 100vw, 723px\" \/><\/figure><\/li><li class=\"blocks-gallery-item\"><figure><img loading=\"lazy\" decoding=\"async\" width=\"723\" height=\"1024\" src=\"https:\/\/sites.ac-nancy-metz.fr\/arts-plastiques\/wp-content\/uploads\/mirecourt_00-723x1024.jpg\" alt=\"\" data-id=\"2761\" data-link=\"https:\/\/sites.ac-nancy-metz.fr\/arts-plastiques\/architecture-scolaire\/mirecourt_00\/\" class=\"wp-image-2761\" srcset=\"https:\/\/sites.ac-nancy-metz.fr\/arts-plastiques\/wp-content\/uploads\/mirecourt_00-723x1024.jpg 723w, https:\/\/sites.ac-nancy-metz.fr\/arts-plastiques\/wp-content\/uploads\/mirecourt_00-212x300.jpg 212w, https:\/\/sites.ac-nancy-metz.fr\/arts-plastiques\/wp-content\/uploads\/mirecourt_00-768x1088.jpg 768w\" sizes=\"(max-width: 723px) 100vw, 723px\" \/><\/figure><\/li><li class=\"blocks-gallery-item\"><figure><img loading=\"lazy\" decoding=\"async\" width=\"723\" height=\"1024\" src=\"https:\/\/sites.ac-nancy-metz.fr\/arts-plastiques\/wp-content\/uploads\/mirecourt_01-723x1024.jpg\" alt=\"\" data-id=\"2762\" data-link=\"https:\/\/sites.ac-nancy-metz.fr\/arts-plastiques\/architecture-scolaire\/mirecourt_01\/\" class=\"wp-image-2762\" srcset=\"https:\/\/sites.ac-nancy-metz.fr\/arts-plastiques\/wp-content\/uploads\/mirecourt_01-723x1024.jpg 723w, https:\/\/sites.ac-nancy-metz.fr\/arts-plastiques\/wp-content\/uploads\/mirecourt_01-212x300.jpg 212w, https:\/\/sites.ac-nancy-metz.fr\/arts-plastiques\/wp-content\/uploads\/mirecourt_01-768x1088.jpg 768w\" sizes=\"(max-width: 723px) 100vw, 723px\" \/><\/figure><\/li><li class=\"blocks-gallery-item\"><figure><img loading=\"lazy\" decoding=\"async\" width=\"723\" height=\"1024\" src=\"https:\/\/sites.ac-nancy-metz.fr\/arts-plastiques\/wp-content\/uploads\/mirecourt_02-723x1024.jpg\" alt=\"\" data-id=\"2763\" data-link=\"https:\/\/sites.ac-nancy-metz.fr\/arts-plastiques\/architecture-scolaire\/mirecourt_02\/\" class=\"wp-image-2763\" srcset=\"https:\/\/sites.ac-nancy-metz.fr\/arts-plastiques\/wp-content\/uploads\/mirecourt_02-723x1024.jpg 723w, https:\/\/sites.ac-nancy-metz.fr\/arts-plastiques\/wp-content\/uploads\/mirecourt_02-212x300.jpg 212w, https:\/\/sites.ac-nancy-metz.fr\/arts-plastiques\/wp-content\/uploads\/mirecourt_02-768x1088.jpg 768w\" sizes=\"(max-width: 723px) 100vw, 723px\" \/><\/figure><\/li><li class=\"blocks-gallery-item\"><figure><img loading=\"lazy\" decoding=\"async\" width=\"723\" height=\"1024\" src=\"https:\/\/sites.ac-nancy-metz.fr\/arts-plastiques\/wp-content\/uploads\/sarrebourg-723x1024.jpg\" alt=\"\" data-id=\"2764\" data-link=\"https:\/\/sites.ac-nancy-metz.fr\/arts-plastiques\/architecture-scolaire\/sarrebourg\/\" class=\"wp-image-2764\" srcset=\"https:\/\/sites.ac-nancy-metz.fr\/arts-plastiques\/wp-content\/uploads\/sarrebourg-723x1024.jpg 723w, https:\/\/sites.ac-nancy-metz.fr\/arts-plastiques\/wp-content\/uploads\/sarrebourg-212x300.jpg 212w, https:\/\/sites.ac-nancy-metz.fr\/arts-plastiques\/wp-content\/uploads\/sarrebourg-768x1088.jpg 768w\" sizes=\"(max-width: 723px) 100vw, 723px\" \/><\/figure><\/li><li class=\"blocks-gallery-item\"><figure><img loading=\"lazy\" decoding=\"async\" width=\"723\" height=\"1024\" src=\"https:\/\/sites.ac-nancy-metz.fr\/arts-plastiques\/wp-content\/uploads\/Toul-723x1024.jpg\" alt=\"\" data-id=\"2766\" data-link=\"https:\/\/sites.ac-nancy-metz.fr\/arts-plastiques\/architecture-scolaire\/toul-2\/\" class=\"wp-image-2766\" srcset=\"https:\/\/sites.ac-nancy-metz.fr\/arts-plastiques\/wp-content\/uploads\/Toul-723x1024.jpg 723w, https:\/\/sites.ac-nancy-metz.fr\/arts-plastiques\/wp-content\/uploads\/Toul-212x300.jpg 212w, https:\/\/sites.ac-nancy-metz.fr\/arts-plastiques\/wp-content\/uploads\/Toul-768x1088.jpg 768w\" sizes=\"(max-width: 723px) 100vw, 723px\" \/><\/figure><\/li><li class=\"blocks-gallery-item\"><figure><img loading=\"lazy\" decoding=\"async\" width=\"570\" height=\"813\" src=\"https:\/\/sites.ac-nancy-metz.fr\/arts-plastiques\/wp-content\/uploads\/capture-decran-2021-01-30-a-14-36-35.png\" alt=\"\" data-id=\"2987\" data-link=\"https:\/\/sites.ac-nancy-metz.fr\/arts-plastiques\/architecture-scolaire\/capture-decran-2021-01-30-a-14-36-35\/\" class=\"wp-image-2987\" srcset=\"https:\/\/sites.ac-nancy-metz.fr\/arts-plastiques\/wp-content\/uploads\/capture-decran-2021-01-30-a-14-36-35.png 570w, https:\/\/sites.ac-nancy-metz.fr\/arts-plastiques\/wp-content\/uploads\/capture-decran-2021-01-30-a-14-36-35-210x300.png 210w\" sizes=\"(max-width: 570px) 100vw, 570px\" \/><\/figure><\/li><li class=\"blocks-gallery-item\"><figure><img loading=\"lazy\" decoding=\"async\" width=\"565\" height=\"804\" src=\"https:\/\/sites.ac-nancy-metz.fr\/arts-plastiques\/wp-content\/uploads\/capture-decran-2021-02-16-a-09-54-10.png\" alt=\"\" data-id=\"3256\" data-link=\"https:\/\/sites.ac-nancy-metz.fr\/arts-plastiques\/architecture-scolaire\/capture-decran-2021-02-16-a-09-54-10\/\" class=\"wp-image-3256\" srcset=\"https:\/\/sites.ac-nancy-metz.fr\/arts-plastiques\/wp-content\/uploads\/capture-decran-2021-02-16-a-09-54-10.png 565w, https:\/\/sites.ac-nancy-metz.fr\/arts-plastiques\/wp-content\/uploads\/capture-decran-2021-02-16-a-09-54-10-211x300.png 211w\" sizes=\"(max-width: 565px) 100vw, 565px\" \/><\/figure><\/li><\/ul><\/figure>\n\n\n\n<figure class=\"wp-block-image\"><img loading=\"lazy\" decoding=\"async\" width=\"856\" height=\"551\" src=\"https:\/\/sites.ac-nancy-metz.fr\/arts-plastiques\/wp-content\/uploads\/college-rabelais-metz.png\" alt=\"\" class=\"wp-image-2140\" srcset=\"https:\/\/sites.ac-nancy-metz.fr\/arts-plastiques\/wp-content\/uploads\/college-rabelais-metz.png 856w, https:\/\/sites.ac-nancy-metz.fr\/arts-plastiques\/wp-content\/uploads\/college-rabelais-metz-300x193.png 300w, https:\/\/sites.ac-nancy-metz.fr\/arts-plastiques\/wp-content\/uploads\/college-rabelais-metz-768x494.png 768w\" sizes=\"(max-width: 856px) 100vw, 856px\" \/><\/figure>\n\n\n\n<div class=\"wp-block-file\"><a href=\"https:\/\/sites.ac-nancy-metz.fr\/arts-plastiques\/wp-content\/uploads\/college-rabelais-metz-architecture-art.pdf\">Coll\u00e8ge Rabelais Metz &#8211; Architecture &#8211; Art<\/a><a href=\"https:\/\/sites.ac-nancy-metz.fr\/arts-plastiques\/wp-content\/uploads\/college-rabelais-metz-architecture-art.pdf\" class=\"wp-block-file__button\" download>T\u00e9l\u00e9charger<\/a><\/div>\n\n\n\n<div class=\"wp-block-file\"><a href=\"https:\/\/sites.ac-nancy-metz.fr\/arts-plastiques\/wp-content\/uploads\/college-les-cuvelles-vaucouleurs.pdf\">Coll\u00e8ge Les Cuvelles Vaucouleurs<\/a><a href=\"https:\/\/sites.ac-nancy-metz.fr\/arts-plastiques\/wp-content\/uploads\/college-les-cuvelles-vaucouleurs.pdf\" class=\"wp-block-file__button\" download>T\u00e9l\u00e9charger<\/a><\/div>\n\n\n\n<div class=\"wp-block-file\"><a href=\"https:\/\/sites.ac-nancy-metz.fr\/arts-plastiques\/wp-content\/uploads\/archi-college-pagny.pdf\">Coll\u00e8ge La Plante Grib\u00e9 Pagny sur Moselle<\/a><a href=\"https:\/\/sites.ac-nancy-metz.fr\/arts-plastiques\/wp-content\/uploads\/archi-college-pagny.pdf\" class=\"wp-block-file__button\" download>T\u00e9l\u00e9charger<\/a><\/div>\n\n\n\n<div class=\"wp-block-file\"><a href=\"https:\/\/sites.ac-nancy-metz.fr\/arts-plastiques\/wp-content\/uploads\/Architecture-scolaire-1.pdf\">Lyc\u00e9e Louis Majorelle Toul<\/a><a href=\"https:\/\/sites.ac-nancy-metz.fr\/arts-plastiques\/wp-content\/uploads\/Architecture-scolaire-1.pdf\" class=\"wp-block-file__button\" download>T\u00e9l\u00e9charger<\/a><\/div>\n\n\n\n<div class=\"wp-block-file\"><a href=\"https:\/\/sites.ac-nancy-metz.fr\/arts-plastiques\/wp-content\/uploads\/Architecture-scolaire-2.pdf\">Coll\u00e8ge Maurice Barr\u00e8s Charmes<\/a><a href=\"https:\/\/sites.ac-nancy-metz.fr\/arts-plastiques\/wp-content\/uploads\/Architecture-scolaire-2.pdf\" class=\"wp-block-file__button\" download>T\u00e9l\u00e9charger<\/a><\/div>\n","protected":false},"excerpt":{"rendered":"<p>JOURN\u00c9ES DE L\u2019ARCHITECTURE \u00ab&nbsp;Chaque grand architecte est \u2013 n\u00e9cessairement &#8211; un grand po\u00e8te. Il doit \u00eatre un grand interpr\u00e8te original de son temps.&nbsp;\u00bb Frank LLYOD WRIGHT&#8230;<\/p>\n","protected":false},"author":2,"featured_media":0,"parent":0,"menu_order":0,"comment_status":"closed","ping_status":"closed","template":"","meta":{"footnotes":""},"class_list":["post-182","page","type-page","status-publish","hentry"],"_links":{"self":[{"href":"https:\/\/sites.ac-nancy-metz.fr\/arts-plastiques\/wp-json\/wp\/v2\/pages\/182","targetHints":{"allow":["GET"]}}],"collection":[{"href":"https:\/\/sites.ac-nancy-metz.fr\/arts-plastiques\/wp-json\/wp\/v2\/pages"}],"about":[{"href":"https:\/\/sites.ac-nancy-metz.fr\/arts-plastiques\/wp-json\/wp\/v2\/types\/page"}],"author":[{"embeddable":true,"href":"https:\/\/sites.ac-nancy-metz.fr\/arts-plastiques\/wp-json\/wp\/v2\/users\/2"}],"replies":[{"embeddable":true,"href":"https:\/\/sites.ac-nancy-metz.fr\/arts-plastiques\/wp-json\/wp\/v2\/comments?post=182"}],"version-history":[{"count":15,"href":"https:\/\/sites.ac-nancy-metz.fr\/arts-plastiques\/wp-json\/wp\/v2\/pages\/182\/revisions"}],"predecessor-version":[{"id":5280,"href":"https:\/\/sites.ac-nancy-metz.fr\/arts-plastiques\/wp-json\/wp\/v2\/pages\/182\/revisions\/5280"}],"wp:attachment":[{"href":"https:\/\/sites.ac-nancy-metz.fr\/arts-plastiques\/wp-json\/wp\/v2\/media?parent=182"}],"curies":[{"name":"wp","href":"https:\/\/api.w.org\/{rel}","templated":true}]}}