{"id":186,"date":"2020-09-06T15:40:47","date_gmt":"2020-09-06T13:40:47","guid":{"rendered":"https:\/\/sites.ac-nancy-metz.fr\/arts-plastiques\/?page_id=186"},"modified":"2020-11-06T15:18:21","modified_gmt":"2020-11-06T14:18:21","slug":"naviguer-avec-les-etoiles-projet-inter-academique-avec-la-nouvelle-caledonie","status":"publish","type":"page","link":"https:\/\/sites.ac-nancy-metz.fr\/arts-plastiques\/naviguer-avec-les-etoiles-projet-inter-academique-avec-la-nouvelle-caledonie\/","title":{"rendered":"Naviguer avec les \u00e9toiles"},"content":{"rendered":"\n<p style=\"text-align:right\">\u00ab&nbsp;<em>Dire, n\u2019est pas expliquer le monde<\/em>&nbsp;\u00bb, mais plut\u00f4t \u00ab&nbsp;<em>tracer un chemin que d\u2019autres peuvent suivre<\/em>.&nbsp;\u00bb<a href=\"applewebdata:\/\/C9F545C7-387B-421E-91DE-5E96917DDC48#_ftn1\"><sup>[1]<\/sup><\/a><\/p>\n\n\n\n<p><em>Naviguer avec les \u00e9toiles<\/em>&nbsp;invite \u00e0 une po\u00e9tique du voyage, du d\u00e9placement, de la mobilit\u00e9 tout en observant l\u2019environnement et l\u2019espace qui constituent des rep\u00e8res \u00e0 \u00e9chelle humaine.&nbsp;<\/p>\n\n\n\n<p>Ce projet propose aux enseignants de d\u00e9velopper des probl\u00e9matiques de travail avec les \u00e9l\u00e8ves afin de leur permettre de cr\u00e9er et de d\u00e9velopper des pratiques artistiques interrogeant \u00ab&nbsp;l\u2019hybridation des cultures dans leur diversit\u00e9 artistique, historique et g\u00e9ographique.&nbsp;\u00bb&nbsp;<a href=\"applewebdata:\/\/C9F545C7-387B-421E-91DE-5E96917DDC48#_ftn2\"><sup>[2]<\/sup><\/a><\/p>\n\n\n\n<p>Entre microcosme et macrocosme, les formes \u00e9mergent pour \u00ab&nbsp;repr\u00e9senter le monde, inventer des mondes.&nbsp;\u00bb<a href=\"applewebdata:\/\/C9F545C7-387B-421E-91DE-5E96917DDC48#_ftn3\"><sup>[3]<\/sup><\/a><\/p>\n\n\n\n<p>L\u2019enseignement des arts plastiques, parce qu\u2019il se fonde sur une \u00e9thique et&nbsp;une esth\u00e9tique relationnelle&nbsp;; sur une approche transversale et interdisciplinaire des apprentissages&nbsp;; est indispensable dans la construction sociale et citoyenne de l\u2019\u00e9l\u00e8ve, au c\u0153ur des pr\u00e9occupations de l\u2019\u00c9cole.&nbsp;<\/p>\n\n\n\n<p>L\u2019enseignement des arts plastiques permet d\u2019accompagner les \u00e9l\u00e8ves dans un climat scolaire serein, bienveillant et structurant.<br><\/p>\n\n\n\n<hr class=\"wp-block-separator\"\/>\n\n\n\n<p><a href=\"applewebdata:\/\/C9F545C7-387B-421E-91DE-5E96917DDC48#_ftnref1\"><sup>[1]<\/sup><\/a>&nbsp;Tim INGOLD,&nbsp;<em>Faire : anthropologie, arch\u00e9ologie, art et architecture,&nbsp;<\/em>\u00c9ditions Dehors, 2017.<\/p>\n\n\n\n<p><a href=\"applewebdata:\/\/C9F545C7-387B-421E-91DE-5E96917DDC48#_ftnref2\"><sup>[2]<\/sup><\/a>&nbsp;<a href=\"https:\/\/cache.media.education.gouv.fr\/file\/SP1-MEN-22-1-2019\/84\/6\/spe567_annexe_22-1_1063846.pdf\">https:\/\/cache.media.education.gouv.fr\/file\/SP1-MEN-22-1-2019\/84\/6\/spe567_annexe_22-1_1063846.pdf<\/a><\/p>\n\n\n\n<p><a href=\"applewebdata:\/\/C9F545C7-387B-421E-91DE-5E96917DDC48#_ftnref3\"><sup>[3]<\/sup><\/a>&nbsp;<a href=\"https:\/\/cache.media.education.gouv.fr\/file\/SP1-MEN-22-1-2019\/69\/3\/spe566_annexe1CORR_1063693.pdf\">https:\/\/cache.media.education.gouv.fr\/file\/SP1-MEN-22-1-2019\/69\/3\/spe566_annexe1CORR_1063693.pdf<\/a><\/p>\n\n\n\n<p><\/p>\n","protected":false},"excerpt":{"rendered":"<p>\u00ab&nbsp;Dire, n\u2019est pas expliquer le monde&nbsp;\u00bb, mais plut\u00f4t \u00ab&nbsp;tracer un chemin que d\u2019autres peuvent suivre.&nbsp;\u00bb[1] Naviguer avec les \u00e9toiles&nbsp;invite \u00e0 une po\u00e9tique du voyage, du d\u00e9placement,&#8230;<\/p>\n","protected":false},"author":2,"featured_media":0,"parent":0,"menu_order":0,"comment_status":"closed","ping_status":"closed","template":"","meta":{"footnotes":""},"class_list":["post-186","page","type-page","status-publish","hentry"],"_links":{"self":[{"href":"https:\/\/sites.ac-nancy-metz.fr\/arts-plastiques\/wp-json\/wp\/v2\/pages\/186","targetHints":{"allow":["GET"]}}],"collection":[{"href":"https:\/\/sites.ac-nancy-metz.fr\/arts-plastiques\/wp-json\/wp\/v2\/pages"}],"about":[{"href":"https:\/\/sites.ac-nancy-metz.fr\/arts-plastiques\/wp-json\/wp\/v2\/types\/page"}],"author":[{"embeddable":true,"href":"https:\/\/sites.ac-nancy-metz.fr\/arts-plastiques\/wp-json\/wp\/v2\/users\/2"}],"replies":[{"embeddable":true,"href":"https:\/\/sites.ac-nancy-metz.fr\/arts-plastiques\/wp-json\/wp\/v2\/comments?post=186"}],"version-history":[{"count":4,"href":"https:\/\/sites.ac-nancy-metz.fr\/arts-plastiques\/wp-json\/wp\/v2\/pages\/186\/revisions"}],"predecessor-version":[{"id":2043,"href":"https:\/\/sites.ac-nancy-metz.fr\/arts-plastiques\/wp-json\/wp\/v2\/pages\/186\/revisions\/2043"}],"wp:attachment":[{"href":"https:\/\/sites.ac-nancy-metz.fr\/arts-plastiques\/wp-json\/wp\/v2\/media?parent=186"}],"curies":[{"name":"wp","href":"https:\/\/api.w.org\/{rel}","templated":true}]}}