{"id":2135,"date":"2020-11-15T16:00:16","date_gmt":"2020-11-15T15:00:16","guid":{"rendered":"https:\/\/sites.ac-nancy-metz.fr\/arts-plastiques\/?page_id=2135"},"modified":"2022-10-15T15:59:38","modified_gmt":"2022-10-15T13:59:38","slug":"valeurs-de-la-republique","status":"publish","type":"page","link":"https:\/\/sites.ac-nancy-metz.fr\/arts-plastiques\/valeurs-de-la-republique\/","title":{"rendered":"Les Valeurs de la R\u00e9publique"},"content":{"rendered":"\n<p><strong><a href=\"https:\/\/sites.ac-nancy-metz.fr\/arts-plastiques\/wp-content\/uploads\/igen-seminaire-doyens-avril2015-valeurs-republique-laicite-634513-pdf-31241-1.pdf\">\u00c9duquer aux valeurs par les valeurs :<\/a><\/strong> <strong>un Humanisme artistique<\/strong><\/p>\n\n\n\n<p class=\"has-text-align-center has-small-font-size\"><strong>\u00ab <\/strong><em><strong>La libre communication des pens\u00e9es et des opinions est un des droits les plus pr\u00e9cieux de l&rsquo;Homme&nbsp;: tout Citoyen peut donc parler, \u00e9crire, imprimer librement, sauf \u00e0 r\u00e9pondre de l&rsquo;abus de cette libert\u00e9 dans les cas d\u00e9termin\u00e9s par la Loi<\/strong><\/em><strong> \u00bb D\u00e9claration des Droits de l&rsquo;Homme et du Citoyen, article 11<\/strong><\/p>\n\n\n\n<p><strong>Introduction :<\/strong><\/p>\n\n\n<div class=\"wp-block-image\">\n<figure class=\"aligncenter is-resized\"><a href=\"https:\/\/sites.ac-nancy-metz.fr\/arts-plastiques\/wp-content\/uploads\/texte-valeurs-de-la-republique-2-2.pdf\"><img fetchpriority=\"high\" decoding=\"async\" src=\"https:\/\/sites.ac-nancy-metz.fr\/arts-plastiques\/wp-content\/uploads\/Capture-d\u2019ecran-2020-11-28-a-14.30.08-1.png\" alt=\"\" class=\"wp-image-2639\" width=\"492\" height=\"364\" srcset=\"https:\/\/sites.ac-nancy-metz.fr\/arts-plastiques\/wp-content\/uploads\/Capture-d\u2019ecran-2020-11-28-a-14.30.08-1.png 801w, https:\/\/sites.ac-nancy-metz.fr\/arts-plastiques\/wp-content\/uploads\/Capture-d\u2019ecran-2020-11-28-a-14.30.08-1-300x222.png 300w, https:\/\/sites.ac-nancy-metz.fr\/arts-plastiques\/wp-content\/uploads\/Capture-d\u2019ecran-2020-11-28-a-14.30.08-1-768x570.png 768w\" sizes=\"(max-width: 492px) 100vw, 492px\" \/><\/a><\/figure>\n<\/div>\n\n\n<p><strong>Les ressources en arts plastiques ci-dessous constituent des apports th\u00e9oriques et didactiques \u00e9clair\u00e9s par un corpus d&rsquo;oeuvres :<\/strong><\/p>\n\n\n\n<p class=\"has-text-align-center\" style=\"font-size:12px\">Ressources :  S\u00e9bastien CHAMPION Charg\u00e9 de Mission d\u2019Inspection\/Marie ROUSSEAU IA-IPR Inspectrice d\u2019Acad\u00e9mie\u2013Inspectrice P\u00e9dagogique R\u00e9gionale<\/p>\n\n\n\n<div class=\"wp-block-columns has-2-columns is-layout-flex wp-container-core-columns-is-layout-9d6595d7 wp-block-columns-is-layout-flex\">\n<div class=\"wp-block-column is-vertically-aligned-center is-layout-flow wp-block-column-is-layout-flow\"><div class=\"wp-block-image\">\n<figure class=\"aligncenter is-resized\"><a href=\"https:\/\/sites.ac-nancy-metz.fr\/arts-plastiques\/wp-content\/uploads\/Valeurs-de-la-Republique-La-Republique-a-loeuvre-dans-lArt.pdf\"><img decoding=\"async\" src=\"https:\/\/sites.ac-nancy-metz.fr\/arts-plastiques\/wp-content\/uploads\/capture-decran-2020-11-24-a-15-34-46.png\" alt=\"\" class=\"wp-image-2460\" width=\"308\" height=\"206\" srcset=\"https:\/\/sites.ac-nancy-metz.fr\/arts-plastiques\/wp-content\/uploads\/capture-decran-2020-11-24-a-15-34-46.png 373w, https:\/\/sites.ac-nancy-metz.fr\/arts-plastiques\/wp-content\/uploads\/capture-decran-2020-11-24-a-15-34-46-300x201.png 300w\" sizes=\"(max-width: 308px) 100vw, 308px\" \/><\/a><\/figure>\n<\/div>\n\n<div class=\"wp-block-image is-style-default\">\n<figure class=\"aligncenter size-full is-resized\"><a href=\"https:\/\/sites.ac-nancy-metz.fr\/arts-plastiques\/wp-content\/uploads\/Valeurs-de-la-Republique-Artistes-et-arts-engages-4.pdf\"><img decoding=\"async\" src=\"https:\/\/sites.ac-nancy-metz.fr\/arts-plastiques\/wp-content\/uploads\/capture-decran-2020-11-24-a-17-14-00.png\" alt=\"\" class=\"wp-image-2477\" width=\"308\" height=\"206\"\/><\/a><\/figure>\n<\/div>\n\n<div class=\"wp-block-image\">\n<figure class=\"aligncenter is-resized\"><a href=\"https:\/\/sites.ac-nancy-metz.fr\/arts-plastiques\/wp-content\/uploads\/Valeurs-de-la-Republique-Entre-magnifier-et-caricaturer-prendre-position-7.pdf\"><img loading=\"lazy\" decoding=\"async\" src=\"https:\/\/sites.ac-nancy-metz.fr\/arts-plastiques\/wp-content\/uploads\/capture-decran-2020-11-22-a-16-19-17.png\" alt=\"\" class=\"wp-image-2399\" width=\"308\" height=\"206\"\/><\/a><\/figure>\n<\/div><\/div>\n\n\n\n<div class=\"wp-block-column is-layout-flow wp-block-column-is-layout-flow\"><div class=\"wp-block-image\">\n<figure class=\"aligncenter size-large is-resized\"><a href=\"https:\/\/sites.ac-nancy-metz.fr\/arts-plastiques\/wp-content\/uploads\/Valeurs-de-la-Republique-Liberte-Egalite-et-Fraternite-a-lepreuve-de-lart.pdf\"><img loading=\"lazy\" decoding=\"async\" src=\"https:\/\/sites.ac-nancy-metz.fr\/arts-plastiques\/wp-content\/uploads\/liberte.png\" alt=\"\" class=\"wp-image-4360\" width=\"308\" height=\"206\"\/><\/a><\/figure>\n<\/div>\n\n<div class=\"wp-block-image\">\n<figure class=\"aligncenter is-resized\"><a href=\"https:\/\/sites.ac-nancy-metz.fr\/arts-plastiques\/wp-content\/uploads\/Valeurs-de-la-Republique-Monuments-1-6.pdf\"><img loading=\"lazy\" decoding=\"async\" src=\"https:\/\/sites.ac-nancy-metz.fr\/arts-plastiques\/wp-content\/uploads\/capture-decran-2020-11-24-a-17-14-05.png\" alt=\"\" class=\"wp-image-2478\" width=\"308\" height=\"206\"\/><\/a><\/figure>\n<\/div>\n\n<div class=\"wp-block-image\">\n<figure class=\"aligncenter is-resized\"><a href=\"https:\/\/sites.ac-nancy-metz.fr\/arts-plastiques\/wp-content\/uploads\/Valeurs-de-la-Republique-Creer-au-regard-des-Droits-Humains-7.pdf\"><img loading=\"lazy\" decoding=\"async\" src=\"https:\/\/sites.ac-nancy-metz.fr\/arts-plastiques\/wp-content\/uploads\/capture-decran-2020-11-22-a-16-19-10.png\" alt=\"\" class=\"wp-image-2400\" width=\"308\" height=\"206\"\/><\/a><\/figure>\n<\/div><\/div>\n<\/div>\n\n\n\n<p><strong>Deux dossiers compl\u00e9mentaires sont propos\u00e9s : <\/strong><\/p>\n\n\n\n<div class=\"wp-block-columns is-layout-flex wp-container-core-columns-is-layout-9d6595d7 wp-block-columns-is-layout-flex\">\n<div class=\"wp-block-column is-layout-flow wp-block-column-is-layout-flow\"><div class=\"wp-block-image\">\n<figure class=\"aligncenter size-large\"><a href=\"https:\/\/sites.ac-nancy-metz.fr\/arts-plastiques\/arts-et-laicite\/\"><img loading=\"lazy\" decoding=\"async\" width=\"1024\" height=\"472\" src=\"https:\/\/sites.ac-nancy-metz.fr\/arts-plastiques\/wp-content\/uploads\/Capture-decran-2021-11-19-a-14.58.06-1024x472.png\" alt=\"\" class=\"wp-image-6269\" srcset=\"https:\/\/sites.ac-nancy-metz.fr\/arts-plastiques\/wp-content\/uploads\/Capture-decran-2021-11-19-a-14.58.06-1024x472.png 1024w, https:\/\/sites.ac-nancy-metz.fr\/arts-plastiques\/wp-content\/uploads\/Capture-decran-2021-11-19-a-14.58.06-300x138.png 300w, https:\/\/sites.ac-nancy-metz.fr\/arts-plastiques\/wp-content\/uploads\/Capture-decran-2021-11-19-a-14.58.06-768x354.png 768w, https:\/\/sites.ac-nancy-metz.fr\/arts-plastiques\/wp-content\/uploads\/Capture-decran-2021-11-19-a-14.58.06.png 1222w\" sizes=\"(max-width: 1024px) 100vw, 1024px\" \/><\/a><\/figure>\n<\/div><\/div>\n\n\n\n<div class=\"wp-block-column is-layout-flow wp-block-column-is-layout-flow\"><div class=\"wp-block-image\">\n<figure class=\"aligncenter size-large\"><a href=\"https:\/\/sites.ac-nancy-metz.fr\/arts-plastiques\/les-couleurs-de-la-republique\/\"><img loading=\"lazy\" decoding=\"async\" width=\"1024\" height=\"570\" src=\"https:\/\/sites.ac-nancy-metz.fr\/arts-plastiques\/wp-content\/uploads\/Capture-decran-2021-11-19-a-14.57.47-1024x570.png\" alt=\"\" class=\"wp-image-6270\" srcset=\"https:\/\/sites.ac-nancy-metz.fr\/arts-plastiques\/wp-content\/uploads\/Capture-decran-2021-11-19-a-14.57.47-1024x570.png 1024w, https:\/\/sites.ac-nancy-metz.fr\/arts-plastiques\/wp-content\/uploads\/Capture-decran-2021-11-19-a-14.57.47-300x167.png 300w, https:\/\/sites.ac-nancy-metz.fr\/arts-plastiques\/wp-content\/uploads\/Capture-decran-2021-11-19-a-14.57.47-768x428.png 768w, https:\/\/sites.ac-nancy-metz.fr\/arts-plastiques\/wp-content\/uploads\/Capture-decran-2021-11-19-a-14.57.47-800x445.png 800w, https:\/\/sites.ac-nancy-metz.fr\/arts-plastiques\/wp-content\/uploads\/Capture-decran-2021-11-19-a-14.57.47.png 1056w\" sizes=\"(max-width: 1024px) 100vw, 1024px\" \/><\/a><\/figure>\n<\/div><\/div>\n<\/div>\n\n\n\n<div class=\"wp-block-columns is-layout-flex wp-container-core-columns-is-layout-9d6595d7 wp-block-columns-is-layout-flex\">\n<div class=\"wp-block-column is-layout-flow wp-block-column-is-layout-flow\"><div class=\"wp-block-image\">\n<figure class=\"aligncenter size-full\"><a href=\"https:\/\/eduscol.education.fr\/document\/11192\/download\"><img loading=\"lazy\" decoding=\"async\" width=\"147\" height=\"208\" src=\"https:\/\/sites.ac-nancy-metz.fr\/arts-plastiques\/wp-content\/uploads\/idee_republicaine.png\" alt=\"\" class=\"wp-image-5394\"\/><\/a><\/figure>\n<\/div><\/div>\n\n\n\n<div class=\"wp-block-column is-layout-flow wp-block-column-is-layout-flow\"><div class=\"wp-block-image\">\n<figure class=\"aligncenter size-full\"><a href=\"https:\/\/eduscol.education.fr\/document\/11195\/download\"><img loading=\"lazy\" decoding=\"async\" width=\"147\" height=\"208\" src=\"https:\/\/sites.ac-nancy-metz.fr\/arts-plastiques\/wp-content\/uploads\/la_republique_a_l_ecole.png\" alt=\"\" class=\"wp-image-5395\"\/><\/a><\/figure>\n<\/div><\/div>\n\n\n\n<div class=\"wp-block-column is-layout-flow wp-block-column-is-layout-flow\"><div class=\"wp-block-image\">\n<figure class=\"aligncenter size-full\"><a href=\"https:\/\/eduscol.education.fr\/document\/1609\/download\"><img loading=\"lazy\" decoding=\"async\" width=\"147\" height=\"208\" src=\"https:\/\/sites.ac-nancy-metz.fr\/arts-plastiques\/wp-content\/uploads\/vademecum-laicite-version-juillet-2021.png\" alt=\"\" class=\"wp-image-5396\"\/><\/a><\/figure>\n<\/div><\/div>\n<\/div>\n\n\n\n<p class=\"has-text-align-center\"><a href=\"http:\/\/classes.bnf.fr\/laicite\/\">Exposition BNF <\/a><\/p>\n\n\n<div class=\"wp-block-image\">\n<figure class=\"aligncenter size-full is-resized\"><a href=\"http:\/\/classes.bnf.fr\/laicite\/\"><img decoding=\"async\" src=\"https:\/\/sites.ac-nancy-metz.fr\/arts-plastiques\/wp-content\/uploads\/Capture-decran-2021-11-20-a-13.02.52.png\" alt=\"\" class=\"wp-image-6314\" width=\"-570\" height=\"-413\" srcset=\"https:\/\/sites.ac-nancy-metz.fr\/arts-plastiques\/wp-content\/uploads\/Capture-decran-2021-11-20-a-13.02.52.png 949w, https:\/\/sites.ac-nancy-metz.fr\/arts-plastiques\/wp-content\/uploads\/Capture-decran-2021-11-20-a-13.02.52-300x217.png 300w, https:\/\/sites.ac-nancy-metz.fr\/arts-plastiques\/wp-content\/uploads\/Capture-decran-2021-11-20-a-13.02.52-768x557.png 768w\" sizes=\"(max-width: 949px) 100vw, 949px\" \/><\/a><\/figure>\n<\/div>\n\n\n<p><strong><a href=\"https:\/\/eduscol.education.fr\/1543\/la-republique-histoire-et-principes\">La R\u00e9publique, histoire et principes<\/a><\/strong><\/p>\n\n\n\n<div class=\"wp-block-file\"><a id=\"wp-block-file--media-d9e146f9-1340-4ca8-8305-41bdc3103f7d\" href=\"https:\/\/sites.ac-nancy-metz.fr\/arts-plastiques\/wp-content\/uploads\/igen-seminaire-doyens-avril2015-valeurs-republique-laicite-634513-pdf-31241-1.pdf\"><strong>Rapport \u00ab\u00a0Valeurs de la R\u00e9publique et La\u00efcit\u00e9\u00a0\u00bb <\/strong><\/a><a href=\"https:\/\/sites.ac-nancy-metz.fr\/arts-plastiques\/wp-content\/uploads\/igen-seminaire-doyens-avril2015-valeurs-republique-laicite-634513-pdf-31241-1.pdf\" class=\"wp-block-file__button\" download aria-describedby=\"wp-block-file--media-d9e146f9-1340-4ca8-8305-41bdc3103f7d\">T\u00e9l\u00e9charger<\/a><\/div>\n\n\n<div class=\"wp-block-image\">\n<figure class=\"alignleft is-resized\"><img loading=\"lazy\" decoding=\"async\" src=\"https:\/\/sites.ac-nancy-metz.fr\/arts-plastiques\/wp-content\/uploads\/Unknown-3.png\" alt=\"\" class=\"wp-image-3898\" width=\"177\" height=\"118\"\/><\/figure>\n<\/div>\n\n\n<p><a href=\"https:\/\/magistere.education.fr\/f959\"><strong>Parcours M@gist\u00e8re : Faire vivre les Valeurs de la R\u00e9publique <\/strong><\/a><\/p>\n\n\n\n<p><\/p>\n\n\n\n<p><strong><a href=\"https:\/\/eduscol.education.fr\/document\/6223\/download\">Bibliographie : La\u00efcit\u00e9<\/a><\/strong><\/p>\n\n\n\n<p><\/p>\n\n\n\n<p><strong>Les Valeurs de la R\u00e9publique dans les enseignements artistiques : <\/strong><\/p>\n\n\n\n<figure><iframe src=\"https:\/\/view.genial.ly\/5fbb73cea5becd0d004837df\" allowfullscreen=\"true\" width=\"1200px\" height=\"675px\"><\/iframe><\/figure>\n\n\n\n<p><strong>La libert\u00e9 d&rsquo;expression : \u00e9l\u00e9ments didactiques et enjeux des programmes d&rsquo;enseignement en arts plastiques<\/strong><\/p>\n\n\n\n<figure><iframe src=\"https:\/\/view.genial.ly\/5f9d514087f1e30d1b77cad3\" allowfullscreen=\"true\" width=\"1200px\" height=\"675px\"><\/iframe><\/figure>\n\n\n<div class=\"wp-block-image\">\n<figure class=\"aligncenter size-full\"><a href=\"https:\/\/www.education.gouv.fr\/9-decembre-journee-de-la-laicite-l-ecole-307863\"><img loading=\"lazy\" decoding=\"async\" width=\"779\" height=\"201\" src=\"https:\/\/sites.ac-nancy-metz.fr\/arts-plastiques\/wp-content\/uploads\/Capture-decran-2021-11-18-a-09.40.03.png\" alt=\"\" class=\"wp-image-6241\" srcset=\"https:\/\/sites.ac-nancy-metz.fr\/arts-plastiques\/wp-content\/uploads\/Capture-decran-2021-11-18-a-09.40.03.png 779w, https:\/\/sites.ac-nancy-metz.fr\/arts-plastiques\/wp-content\/uploads\/Capture-decran-2021-11-18-a-09.40.03-300x77.png 300w, https:\/\/sites.ac-nancy-metz.fr\/arts-plastiques\/wp-content\/uploads\/Capture-decran-2021-11-18-a-09.40.03-768x198.png 768w\" sizes=\"(max-width: 779px) 100vw, 779px\" \/><\/a><\/figure>\n<\/div>\n\n\n<h2 class=\"wp-block-heading\">Exemple de projet men\u00e9 par des \u00e9l\u00e8ves de 3\u00e8me &#8211; Coll\u00e8ge Robert G\u00e9ant, V\u00e9zelise<\/h2>\n\n\n\n<p><strong>M\u00e9moires des guerres<\/strong><\/p>\n\n\n\n<figure class=\"wp-block-embed is-type-video is-provider-youtube wp-block-embed-youtube wp-embed-aspect-4-3 wp-has-aspect-ratio\"><div class=\"wp-block-embed__wrapper\">\n<iframe title=\"M\u00e9moires des guerres 2022 \/ \u00e9l\u00e8ves de 3e\" width=\"800\" height=\"600\" src=\"https:\/\/www.youtube.com\/embed\/zoDZZuJJO9w?feature=oembed\" frameborder=\"0\" allow=\"accelerometer; autoplay; clipboard-write; encrypted-media; gyroscope; picture-in-picture\" allowfullscreen><\/iframe>\n<\/div><\/figure>\n","protected":false},"excerpt":{"rendered":"<p>\u00c9duquer aux valeurs par les valeurs : un Humanisme artistique \u00ab La libre communication des pens\u00e9es et des opinions est un des droits les plus pr\u00e9cieux&#8230;<\/p>\n","protected":false},"author":2,"featured_media":0,"parent":0,"menu_order":0,"comment_status":"closed","ping_status":"closed","template":"","meta":{"footnotes":""},"class_list":["post-2135","page","type-page","status-publish","hentry"],"_links":{"self":[{"href":"https:\/\/sites.ac-nancy-metz.fr\/arts-plastiques\/wp-json\/wp\/v2\/pages\/2135","targetHints":{"allow":["GET"]}}],"collection":[{"href":"https:\/\/sites.ac-nancy-metz.fr\/arts-plastiques\/wp-json\/wp\/v2\/pages"}],"about":[{"href":"https:\/\/sites.ac-nancy-metz.fr\/arts-plastiques\/wp-json\/wp\/v2\/types\/page"}],"author":[{"embeddable":true,"href":"https:\/\/sites.ac-nancy-metz.fr\/arts-plastiques\/wp-json\/wp\/v2\/users\/2"}],"replies":[{"embeddable":true,"href":"https:\/\/sites.ac-nancy-metz.fr\/arts-plastiques\/wp-json\/wp\/v2\/comments?post=2135"}],"version-history":[{"count":179,"href":"https:\/\/sites.ac-nancy-metz.fr\/arts-plastiques\/wp-json\/wp\/v2\/pages\/2135\/revisions"}],"predecessor-version":[{"id":8555,"href":"https:\/\/sites.ac-nancy-metz.fr\/arts-plastiques\/wp-json\/wp\/v2\/pages\/2135\/revisions\/8555"}],"wp:attachment":[{"href":"https:\/\/sites.ac-nancy-metz.fr\/arts-plastiques\/wp-json\/wp\/v2\/media?parent=2135"}],"curies":[{"name":"wp","href":"https:\/\/api.w.org\/{rel}","templated":true}]}}