{"id":2164,"date":"2020-11-15T16:51:50","date_gmt":"2020-11-15T15:51:50","guid":{"rendered":"https:\/\/sites.ac-nancy-metz.fr\/arts-plastiques\/?page_id=2164"},"modified":"2021-04-19T12:08:58","modified_gmt":"2021-04-19T10:08:58","slug":"nuit-des-musees","status":"publish","type":"page","link":"https:\/\/sites.ac-nancy-metz.fr\/arts-plastiques\/nuit-des-musees\/","title":{"rendered":"La Nuit des Mus\u00e9es"},"content":{"rendered":"\n<p>Web-s\u00e9rie : une s\u00e9rie de capsules vid\u00e9os propos\u00e9es par le Lyc\u00e9e de la Communication Metz et r\u00e9alis\u00e9es par les \u00e9l\u00e8ves de premi\u00e8re sp\u00e9cialit\u00e9 arts plastiques<\/p>\n\n\n\n<p><strong>Le projet : \u00ab\u00a0La classe, l&rsquo;oeuvre !\u00a0\u00bb<\/strong><\/p>\n\n\n\n<div class=\"wp-block-image\"><figure class=\"aligncenter\"><a href=\"https:\/\/www.reseau-canope.fr\/la-classe-loeuvre\/les-projets\/projet\/louis-xiv-et-le-portrait-la-webserie.html\"><img fetchpriority=\"high\" decoding=\"async\" width=\"1024\" height=\"569\" src=\"https:\/\/sites.ac-nancy-metz.fr\/arts-plastiques\/wp-content\/uploads\/capture-decran-2020-11-15-a-17-41-30-1024x569.png\" alt=\"\" class=\"wp-image-2191\" srcset=\"https:\/\/sites.ac-nancy-metz.fr\/arts-plastiques\/wp-content\/uploads\/capture-decran-2020-11-15-a-17-41-30-1024x569.png 1024w, https:\/\/sites.ac-nancy-metz.fr\/arts-plastiques\/wp-content\/uploads\/capture-decran-2020-11-15-a-17-41-30-300x167.png 300w, https:\/\/sites.ac-nancy-metz.fr\/arts-plastiques\/wp-content\/uploads\/capture-decran-2020-11-15-a-17-41-30-768x427.png 768w, https:\/\/sites.ac-nancy-metz.fr\/arts-plastiques\/wp-content\/uploads\/capture-decran-2020-11-15-a-17-41-30.png 1284w\" sizes=\"(max-width: 1024px) 100vw, 1024px\" \/><\/a><\/figure><\/div>\n\n\n\n<p><strong>Le&nbsp;site du Mus\u00e9e de la Cour d&rsquo;Or \u00e0 Metz&nbsp;<\/strong>:&nbsp;<a href=\"http:\/\/musee.metzmetropole.fr\/fr\/\">http:\/\/musee.metzmetropole.fr\/fr\/<\/a><\/p>\n\n\n\n<figure class=\"wp-block-embed-youtube wp-block-embed is-type-video is-provider-youtube wp-embed-aspect-16-9 wp-has-aspect-ratio\"><div class=\"wp-block-embed__wrapper\">\nhttps:\/\/youtu.be\/fALsDUFa090\n<\/div><\/figure>\n\n\n\n<figure class=\"wp-block-embed-youtube wp-block-embed is-type-video is-provider-youtube wp-embed-aspect-16-9 wp-has-aspect-ratio\"><div class=\"wp-block-embed__wrapper\">\nhttps:\/\/youtu.be\/JmVyp0Dy6qc\n<\/div><\/figure>\n\n\n\n<figure class=\"wp-block-embed-youtube wp-block-embed is-type-video is-provider-youtube wp-embed-aspect-16-9 wp-has-aspect-ratio\"><div class=\"wp-block-embed__wrapper\">\nhttps:\/\/youtu.be\/jqEsMMWlg6M\n<\/div><\/figure>\n\n\n\n<figure class=\"wp-block-embed-youtube wp-block-embed is-type-video is-provider-youtube wp-embed-aspect-16-9 wp-has-aspect-ratio\"><div class=\"wp-block-embed__wrapper\">\nhttps:\/\/youtu.be\/otlPTThywCs\n<\/div><\/figure>\n","protected":false},"excerpt":{"rendered":"<p>Web-s\u00e9rie : une s\u00e9rie de capsules vid\u00e9os propos\u00e9es par le Lyc\u00e9e de la Communication Metz et r\u00e9alis\u00e9es par les \u00e9l\u00e8ves de premi\u00e8re sp\u00e9cialit\u00e9 arts plastiques Le&#8230;<\/p>\n","protected":false},"author":2,"featured_media":0,"parent":0,"menu_order":0,"comment_status":"closed","ping_status":"closed","template":"","meta":{"footnotes":""},"class_list":["post-2164","page","type-page","status-publish","hentry"],"_links":{"self":[{"href":"https:\/\/sites.ac-nancy-metz.fr\/arts-plastiques\/wp-json\/wp\/v2\/pages\/2164","targetHints":{"allow":["GET"]}}],"collection":[{"href":"https:\/\/sites.ac-nancy-metz.fr\/arts-plastiques\/wp-json\/wp\/v2\/pages"}],"about":[{"href":"https:\/\/sites.ac-nancy-metz.fr\/arts-plastiques\/wp-json\/wp\/v2\/types\/page"}],"author":[{"embeddable":true,"href":"https:\/\/sites.ac-nancy-metz.fr\/arts-plastiques\/wp-json\/wp\/v2\/users\/2"}],"replies":[{"embeddable":true,"href":"https:\/\/sites.ac-nancy-metz.fr\/arts-plastiques\/wp-json\/wp\/v2\/comments?post=2164"}],"version-history":[{"count":6,"href":"https:\/\/sites.ac-nancy-metz.fr\/arts-plastiques\/wp-json\/wp\/v2\/pages\/2164\/revisions"}],"predecessor-version":[{"id":2194,"href":"https:\/\/sites.ac-nancy-metz.fr\/arts-plastiques\/wp-json\/wp\/v2\/pages\/2164\/revisions\/2194"}],"wp:attachment":[{"href":"https:\/\/sites.ac-nancy-metz.fr\/arts-plastiques\/wp-json\/wp\/v2\/media?parent=2164"}],"curies":[{"name":"wp","href":"https:\/\/api.w.org\/{rel}","templated":true}]}}