{"id":2181,"date":"2020-11-15T17:08:57","date_gmt":"2020-11-15T16:08:57","guid":{"rendered":"https:\/\/sites.ac-nancy-metz.fr\/arts-plastiques\/?page_id=2181"},"modified":"2022-03-13T12:12:11","modified_gmt":"2022-03-13T11:12:11","slug":"portes-ouvertes-virtuelles-des-lycees","status":"publish","type":"page","link":"https:\/\/sites.ac-nancy-metz.fr\/arts-plastiques\/portes-ouvertes-virtuelles-des-lycees\/","title":{"rendered":"Portes ouvertes virtuelles des lyc\u00e9es"},"content":{"rendered":"\n<iframe width=\"560\" height=\"315\" sandbox=\"allow-same-origin allow-scripts allow-popups\" src=\"https:\/\/videos.ac-nancy-metz.fr\/videos\/embed\/dea44255-4542-4c1a-860a-2049ea48f9bd\" frameborder=\"0\" allowfullscreen><\/iframe>\n\n\n\n<iframe width=\"560\" height=\"315\" sandbox=\"allow-same-origin allow-scripts allow-popups\" src=\"https:\/\/videos.ac-nancy-metz.fr\/videos\/embed\/c1a2c663-57cf-4159-9507-39fed63e8a9a\" frameborder=\"0\" allowfullscreen=\"\"><\/iframe>\n\n\n\n<iframe width=\"560\" height=\"315\" sandbox=\"allow-same-origin allow-scripts allow-popups\" src=\"https:\/\/videos.ac-nancy-metz.fr\/videos\/embed\/4bec4eae-2a48-4283-b59d-cfab5490642f\" frameborder=\"0\" allowfullscreen=\"\"><\/iframe>\n\n\n\n<iframe width=\"560\" height=\"315\" sandbox=\"allow-same-origin allow-scripts allow-popups\" src=\"https:\/\/videos.ac-nancy-metz.fr\/videos\/embed\/aca819f8-4b97-43ed-8c5c-80c2ce9a58be\" frameborder=\"0\" allowfullscreen=\"\"><\/iframe>\n\n\n\n<iframe width=\"560\" height=\"315\" sandbox=\"allow-same-origin allow-scripts allow-popups\" src=\"https:\/\/videos.ac-nancy-metz.fr\/videos\/embed\/056baf6b-45bc-4f09-b248-78b420bf9f61\" frameborder=\"0\" allowfullscreen=\"\"><\/iframe>\n\n\n\n<iframe width=\"560\" height=\"315\" sandbox=\"allow-same-origin allow-scripts allow-popups\" src=\"https:\/\/videos.ac-nancy-metz.fr\/videos\/embed\/66492535-5d53-4232-b127-ed195d4ad03a\" frameborder=\"0\" allowfullscreen=\"\"><\/iframe>\n\n\n\n<iframe width=\"560\" height=\"315\" sandbox=\"allow-same-origin allow-scripts allow-popups\" src=\"https:\/\/videos.ac-nancy-metz.fr\/videos\/embed\/1e34033b-dae9-433c-b1b5-aef00f862b2b\" frameborder=\"0\" allowfullscreen=\"\"><\/iframe>\n\n\n\n<iframe width=\"560\" height=\"315\" sandbox=\"allow-same-origin allow-scripts allow-popups\" src=\"https:\/\/videos.ac-nancy-metz.fr\/videos\/embed\/86adca66-a5d5-4037-b025-33857d137cd1\" frameborder=\"0\" allowfullscreen=\"\"><\/iframe>\n\n\n\n<iframe width=\"560\" height=\"315\" sandbox=\"allow-same-origin allow-scripts allow-popups\" src=\"https:\/\/videos.ac-nancy-metz.fr\/videos\/embed\/e52f2797-972d-4061-b90a-bf5b0fc8e60b\" frameborder=\"0\" allowfullscreen=\"\"><\/iframe>\n\n\n\n<iframe width=\"560\" height=\"315\" sandbox=\"allow-same-origin allow-scripts allow-popups\" src=\"https:\/\/videos.ac-nancy-metz.fr\/videos\/embed\/6743a011-a78e-4d5a-8998-5e1bdae182d1\" frameborder=\"0\" allowfullscreen=\"\"><\/iframe>\n\n\n\n<iframe width=\"560\" height=\"315\" sandbox=\"allow-same-origin allow-scripts allow-popups\" src=\"https:\/\/videos.ac-nancy-metz.fr\/videos\/embed\/7862b0cc-f4f5-4e9c-bca2-00e9f3df9418\" frameborder=\"0\" allowfullscreen=\"\"><\/iframe>\n\n\n\n<iframe width=\"560\" height=\"315\" sandbox=\"allow-same-origin allow-scripts allow-popups\" src=\"https:\/\/videos.ac-nancy-metz.fr\/videos\/embed\/fe955ade-de5e-49d8-b8bc-06b4c1a23abd\" frameborder=\"0\" allowfullscreen=\"\"><\/iframe>\n\n\n\n<iframe width=\"560\" height=\"315\" sandbox=\"allow-same-origin allow-scripts allow-popups\" src=\"https:\/\/videos.ac-nancy-metz.fr\/videos\/embed\/ea7cfe4a-5f7a-4ccf-bd4b-e188286869cf\" frameborder=\"0\" allowfullscreen=\"\"><\/iframe>\n\n\n\n<iframe width=\"560\" height=\"315\" sandbox=\"allow-same-origin allow-scripts allow-popups\" src=\"https:\/\/videos.ac-nancy-metz.fr\/videos\/embed\/4cc29fbb-d0ae-4feb-8b0a-21cce39cd5e7\" frameborder=\"0\" allowfullscreen=\"\"><\/iframe>\n\n\n\n<iframe width=\"560\" height=\"315\" sandbox=\"allow-same-origin allow-scripts allow-popups\" src=\"https:\/\/videos.ac-nancy-metz.fr\/videos\/embed\/51e074e2-be84-4b8a-bcf3-182c848ffe55\" frameborder=\"0\" allowfullscreen=\"\"><\/iframe>\n\n\n\n<iframe width=\"560\" height=\"315\" sandbox=\"allow-same-origin allow-scripts allow-popups\" src=\"https:\/\/videos.ac-nancy-metz.fr\/videos\/embed\/8bb43d12-45ad-4cfc-8bb4-e44f24bdf5d1\" frameborder=\"0\" allowfullscreen=\"\"><\/iframe>\n\n\n\n<iframe width=\"560\" height=\"315\" sandbox=\"allow-same-origin allow-scripts allow-popups\" src=\"https:\/\/videos.ac-nancy-metz.fr\/videos\/embed\/d5114353-4f8c-47b7-83a0-c53fba22fe83\" frameborder=\"0\" allowfullscreen=\"\"><\/iframe>\n\n\n\n<figure><iframe width=\"560\" height=\"315\" src=\"https:\/\/www.youtube.com\/embed\/cb_iopPJgYk\" allowfullscreen=\"\"><\/iframe><\/figure>\n\n\n\n<div class=\"wp-block-image\"><figure class=\"aligncenter\"><a href=\"https:\/\/sites.ac-nancy-metz.fr\/arts-plastiques\/wp-content\/uploads\/pppprtt-ouvertes-derniere-version-21h30.pdf\"><img fetchpriority=\"high\" decoding=\"async\" width=\"831\" height=\"468\" src=\"https:\/\/sites.ac-nancy-metz.fr\/arts-plastiques\/wp-content\/uploads\/capture-decran-2021-02-23-a-15-45-00.png\" alt=\"\" class=\"wp-image-3379\" srcset=\"https:\/\/sites.ac-nancy-metz.fr\/arts-plastiques\/wp-content\/uploads\/capture-decran-2021-02-23-a-15-45-00.png 831w, https:\/\/sites.ac-nancy-metz.fr\/arts-plastiques\/wp-content\/uploads\/capture-decran-2021-02-23-a-15-45-00-300x169.png 300w, https:\/\/sites.ac-nancy-metz.fr\/arts-plastiques\/wp-content\/uploads\/capture-decran-2021-02-23-a-15-45-00-768x433.png 768w\" sizes=\"(max-width: 831px) 100vw, 831px\" \/><\/a><\/figure><\/div>\n\n\n\n<div class=\"wp-block-file\"><a id=\"wp-block-file--media-8c253726-d393-4f2c-ad31-4fbab65c6d0d\" href=\"https:\/\/sites.ac-nancy-metz.fr\/arts-plastiques\/wp-content\/uploads\/pppprtt-ouvertes-derniere-version-21h30.pdf\">Support de pr\u00e9sentation Lyc\u00e9e Poincar\u00e9 Bar-le-Duc<\/a><a href=\"https:\/\/sites.ac-nancy-metz.fr\/arts-plastiques\/wp-content\/uploads\/pppprtt-ouvertes-derniere-version-21h30.pdf\" class=\"wp-block-file__button\" download aria-describedby=\"wp-block-file--media-8c253726-d393-4f2c-ad31-4fbab65c6d0d\">T\u00e9l\u00e9charger<\/a><\/div>\n","protected":false},"excerpt":{"rendered":"","protected":false},"author":2,"featured_media":0,"parent":0,"menu_order":0,"comment_status":"closed","ping_status":"closed","template":"","meta":{"footnotes":""},"class_list":["post-2181","page","type-page","status-publish","hentry"],"_links":{"self":[{"href":"https:\/\/sites.ac-nancy-metz.fr\/arts-plastiques\/wp-json\/wp\/v2\/pages\/2181","targetHints":{"allow":["GET"]}}],"collection":[{"href":"https:\/\/sites.ac-nancy-metz.fr\/arts-plastiques\/wp-json\/wp\/v2\/pages"}],"about":[{"href":"https:\/\/sites.ac-nancy-metz.fr\/arts-plastiques\/wp-json\/wp\/v2\/types\/page"}],"author":[{"embeddable":true,"href":"https:\/\/sites.ac-nancy-metz.fr\/arts-plastiques\/wp-json\/wp\/v2\/users\/2"}],"replies":[{"embeddable":true,"href":"https:\/\/sites.ac-nancy-metz.fr\/arts-plastiques\/wp-json\/wp\/v2\/comments?post=2181"}],"version-history":[{"count":48,"href":"https:\/\/sites.ac-nancy-metz.fr\/arts-plastiques\/wp-json\/wp\/v2\/pages\/2181\/revisions"}],"predecessor-version":[{"id":7748,"href":"https:\/\/sites.ac-nancy-metz.fr\/arts-plastiques\/wp-json\/wp\/v2\/pages\/2181\/revisions\/7748"}],"wp:attachment":[{"href":"https:\/\/sites.ac-nancy-metz.fr\/arts-plastiques\/wp-json\/wp\/v2\/media?parent=2181"}],"curies":[{"name":"wp","href":"https:\/\/api.w.org\/{rel}","templated":true}]}}