{"id":2373,"date":"2020-11-21T15:44:25","date_gmt":"2020-11-21T14:44:25","guid":{"rendered":"https:\/\/sites.ac-nancy-metz.fr\/arts-plastiques\/?page_id=2373"},"modified":"2021-04-26T19:03:06","modified_gmt":"2021-04-26T17:03:06","slug":"loral-en-arts-plastiques","status":"publish","type":"page","link":"https:\/\/sites.ac-nancy-metz.fr\/arts-plastiques\/loral-en-arts-plastiques\/","title":{"rendered":"L&rsquo;oral en arts plastiques"},"content":{"rendered":"\n<div class=\"wp-block-image\"><figure class=\"aligncenter\"><a href=\"https:\/\/sites.ac-nancy-metz.fr\/arts-plastiques\/wp-content\/uploads\/Bibliographie-Dire-le-faire-1-1.pdf\"><img fetchpriority=\"high\" decoding=\"async\" width=\"565\" height=\"777\" src=\"https:\/\/sites.ac-nancy-metz.fr\/arts-plastiques\/wp-content\/uploads\/capture-decran-2021-02-07-a-12-34-45.png\" alt=\"\" class=\"wp-image-3101\" srcset=\"https:\/\/sites.ac-nancy-metz.fr\/arts-plastiques\/wp-content\/uploads\/capture-decran-2021-02-07-a-12-34-45.png 565w, https:\/\/sites.ac-nancy-metz.fr\/arts-plastiques\/wp-content\/uploads\/capture-decran-2021-02-07-a-12-34-45-218x300.png 218w\" sizes=\"(max-width: 565px) 100vw, 565px\" \/><\/a><\/figure><\/div>\n\n\n\n<h2 class=\"wp-block-heading\">Les arts plastiques en questions : paroles d&rsquo;\u00e9l\u00e8ves<\/h2>\n\n\n\n<p>Au lyc\u00e9e de la Communication \u00e0 Metz :<\/p>\n\n\n\n<figure><iframe src=\"https:\/\/spark.adobe.com\/video\/SNoXU2krrP4q8\/embed\" width=\"960\" height=\"540\" allowfullscreen=\"\"><\/iframe><\/figure>\n\n\n\n<figure><iframe allowfullscreen=\"\" src=\"https:\/\/clipchamp.com\/watch\/tyM65BKCmcF\/embed\" width=\"640\" height=\"360\"><\/iframe><\/figure>\n","protected":false},"excerpt":{"rendered":"<p>Les arts plastiques en questions : paroles d&rsquo;\u00e9l\u00e8ves Au lyc\u00e9e de la Communication \u00e0 Metz :<\/p>\n","protected":false},"author":2,"featured_media":0,"parent":0,"menu_order":0,"comment_status":"closed","ping_status":"closed","template":"","meta":{"footnotes":""},"class_list":["post-2373","page","type-page","status-publish","hentry"],"_links":{"self":[{"href":"https:\/\/sites.ac-nancy-metz.fr\/arts-plastiques\/wp-json\/wp\/v2\/pages\/2373","targetHints":{"allow":["GET"]}}],"collection":[{"href":"https:\/\/sites.ac-nancy-metz.fr\/arts-plastiques\/wp-json\/wp\/v2\/pages"}],"about":[{"href":"https:\/\/sites.ac-nancy-metz.fr\/arts-plastiques\/wp-json\/wp\/v2\/types\/page"}],"author":[{"embeddable":true,"href":"https:\/\/sites.ac-nancy-metz.fr\/arts-plastiques\/wp-json\/wp\/v2\/users\/2"}],"replies":[{"embeddable":true,"href":"https:\/\/sites.ac-nancy-metz.fr\/arts-plastiques\/wp-json\/wp\/v2\/comments?post=2373"}],"version-history":[{"count":9,"href":"https:\/\/sites.ac-nancy-metz.fr\/arts-plastiques\/wp-json\/wp\/v2\/pages\/2373\/revisions"}],"predecessor-version":[{"id":4292,"href":"https:\/\/sites.ac-nancy-metz.fr\/arts-plastiques\/wp-json\/wp\/v2\/pages\/2373\/revisions\/4292"}],"wp:attachment":[{"href":"https:\/\/sites.ac-nancy-metz.fr\/arts-plastiques\/wp-json\/wp\/v2\/media?parent=2373"}],"curies":[{"name":"wp","href":"https:\/\/api.w.org\/{rel}","templated":true}]}}