{"id":246,"date":"2020-09-06T15:59:44","date_gmt":"2020-09-06T13:59:44","guid":{"rendered":"https:\/\/sites.ac-nancy-metz.fr\/arts-plastiques\/?page_id=246"},"modified":"2023-01-04T21:05:08","modified_gmt":"2023-01-04T20:05:08","slug":"programmes-de-college","status":"publish","type":"page","link":"https:\/\/sites.ac-nancy-metz.fr\/arts-plastiques\/programmes-de-college\/","title":{"rendered":"Programmes de coll\u00e8ge"},"content":{"rendered":"\n<p class=\"has-text-align-right has-small-font-size\"><em>\u00ab&nbsp;Cr\u00e9er \u00ab&nbsp;\u00e9cologiquement&nbsp;\u00bb \u00e0 l\u2019\u00e8re de l\u2019anthropoc\u00e8ne, ce moment inaugural de l\u2019histoire de notre plan\u00e8te o\u00f9 les activit\u00e9s humaines sont acquis le pouvoir d\u2019agir sur le cours g\u00e9ologique de nos milieux de vie&nbsp;?&nbsp;\u00bb<\/em> <\/p>\n\n\n\n<p class=\"has-text-align-right has-small-font-size\">Paul ARDENNE,&nbsp;<em>Un art \u00e9cologique, cr\u00e9ation plasticienne et anthropoc\u00e8ne<\/em>, \u00c9ditions Le Bord. De l\u2019eau, 2018<\/p>\n\n\n\n<p>Les programmes d\u2019enseignement prennent en compte les mutations contextuelles, plastiques, s\u00e9mantiques et les temporalit\u00e9s de travail pour accompagner les \u00e9l\u00e8ves en s\u2019appuyant sur le travail des comp\u00e9tences. Ainsi au coll\u00e8ge, ils ont \u00e9t\u00e9 modifi\u00e9s, et prennent en compte les enjeux li\u00e9s au changement climatique, \u00e0 la biodiversit\u00e9 et au d\u00e9veloppement durable.<\/p>\n\n\n\n<p>Programmes de coll\u00e8ge en vigueur&nbsp;: modifications afin de renseigner les enseignements relatifs au&nbsp;changement climatique, \u00e0 la&nbsp;biodiversit\u00e9&nbsp;et au&nbsp;d\u00e9veloppement durable.<\/p>\n\n\n\n<p><\/p>\n\n\n\n<h2 class=\"wp-block-heading\">Questionnements en arts plastiques<\/h2>\n\n\n\n<div style=\"width: 100%;\"><div style=\"position: relative; padding-bottom: 66.67%; padding-top: 0; height: 0;\"><iframe title=\"Questionnemens plasticiens cycle 4\" frameborder=\"0\" width=\"1200\" height=\"800\" style=\"position: absolute; top: 0; left: 0; width: 100%; height: 100%;\" src=\"https:\/\/view.genial.ly\/63a3361d04d634001946c64f\" type=\"text\/html\" allowscriptaccess=\"always\" allowfullscreen=\"true\" scrolling=\"yes\" allownetworking=\"all\"><\/iframe> <\/div> <\/div>\n\n\n\n<p><\/p>\n\n\n\n<div style=\"width: 100%;\"><div style=\"position: relative; padding-bottom: 66.67%; padding-top: 0; height: 0;\"><iframe title=\"Questionnemens plasticiens cycle 4\" frameborder=\"0\" width=\"1200\" height=\"800\" style=\"position: absolute; top: 0; left: 0; width: 100%; height: 100%;\" src=\"https:\/\/view.genial.ly\/63a326ef23d57700122a2b86\" type=\"text\/html\" allowscriptaccess=\"always\" allowfullscreen=\"true\" scrolling=\"yes\" allownetworking=\"all\"><\/iframe> <\/div> <\/div>\n\n\n\n<p><\/p>\n\n\n\n<h2 class=\"wp-block-heading\">Comp\u00e9tences travaill\u00e9es en arts plastiques<\/h2>\n\n\n\n<div class=\"wp-block-columns is-layout-flex wp-container-core-columns-is-layout-9d6595d7 wp-block-columns-is-layout-flex\">\n<div class=\"wp-block-column is-layout-flow wp-block-column-is-layout-flow\">\n<figure class=\"wp-block-image size-full\"><a href=\"https:\/\/sites.ac-nancy-metz.fr\/arts-plastiques\/wp-content\/uploads\/Competences-CYCLE-3F.pdf\"><img fetchpriority=\"high\" decoding=\"async\" width=\"460\" height=\"654\" src=\"https:\/\/sites.ac-nancy-metz.fr\/arts-plastiques\/wp-content\/uploads\/Capture-decran-2022-10-18-a-11.26.43.png\" alt=\"\" class=\"wp-image-8817\" srcset=\"https:\/\/sites.ac-nancy-metz.fr\/arts-plastiques\/wp-content\/uploads\/Capture-decran-2022-10-18-a-11.26.43.png 460w, https:\/\/sites.ac-nancy-metz.fr\/arts-plastiques\/wp-content\/uploads\/Capture-decran-2022-10-18-a-11.26.43-211x300.png 211w\" sizes=\"(max-width: 460px) 100vw, 460px\" \/><\/a><\/figure>\n<\/div>\n\n\n\n<div class=\"wp-block-column is-layout-flow wp-block-column-is-layout-flow\">\n<figure class=\"wp-block-image size-full\"><a href=\"https:\/\/sites.ac-nancy-metz.fr\/arts-plastiques\/wp-content\/uploads\/Competences-CYCLE-4F.pdf\"><img decoding=\"async\" width=\"461\" height=\"653\" src=\"https:\/\/sites.ac-nancy-metz.fr\/arts-plastiques\/wp-content\/uploads\/Capture-decran-2022-10-18-a-11.26.29.png\" alt=\"\" class=\"wp-image-8818\" srcset=\"https:\/\/sites.ac-nancy-metz.fr\/arts-plastiques\/wp-content\/uploads\/Capture-decran-2022-10-18-a-11.26.29.png 461w, https:\/\/sites.ac-nancy-metz.fr\/arts-plastiques\/wp-content\/uploads\/Capture-decran-2022-10-18-a-11.26.29-212x300.png 212w\" sizes=\"(max-width: 461px) 100vw, 461px\" \/><\/a><\/figure>\n<\/div>\n<\/div>\n\n\n\n<div class=\"wp-block-columns is-layout-flex wp-container-core-columns-is-layout-9d6595d7 wp-block-columns-is-layout-flex\">\n<div class=\"wp-block-column is-layout-flow wp-block-column-is-layout-flow\">\n<div data-wp-interactive=\"core\/file\" class=\"wp-block-file\"><object data-wp-bind--hidden=\"!state.hasPdfPreview\" hidden class=\"wp-block-file__embed\" data=\"https:\/\/sites.ac-nancy-metz.fr\/arts-plastiques\/wp-content\/uploads\/Programme2020_cycle_3_comparatif_1313375.pdf\" type=\"application\/pdf\" style=\"width:100%;height:600px\" aria-label=\"Contenu embarqu\u00e9 Programme2020_cycle_3_comparatif_1313375.\"><\/object><a id=\"wp-block-file--media-b4c9673d-bd01-46af-b0ed-500ae9407aa3\" href=\"https:\/\/sites.ac-nancy-metz.fr\/arts-plastiques\/wp-content\/uploads\/Programme2020_cycle_3_comparatif_1313375.pdf\">Programme2020_cycle_3_comparatif_1313375<\/a><a href=\"https:\/\/sites.ac-nancy-metz.fr\/arts-plastiques\/wp-content\/uploads\/Programme2020_cycle_3_comparatif_1313375.pdf\" class=\"wp-block-file__button wp-element-button\" download aria-describedby=\"wp-block-file--media-b4c9673d-bd01-46af-b0ed-500ae9407aa3\">T\u00e9l\u00e9charger<\/a><\/div>\n<\/div>\n\n\n\n<div class=\"wp-block-column is-layout-flow wp-block-column-is-layout-flow\">\n<div data-wp-interactive=\"core\/file\" class=\"wp-block-file\"><object data-wp-bind--hidden=\"!state.hasPdfPreview\" hidden class=\"wp-block-file__embed\" data=\"https:\/\/sites.ac-nancy-metz.fr\/arts-plastiques\/wp-content\/uploads\/Programme2020_cycle_4_comparatif_1313377.pdf\" type=\"application\/pdf\" style=\"width:100%;height:600px\" aria-label=\"Contenu embarqu\u00e9 Programme2020_cycle_4_comparatif_1313377.\"><\/object><a id=\"wp-block-file--media-ef0d5e7c-e7b2-4322-a622-f8f00d331739\" href=\"https:\/\/sites.ac-nancy-metz.fr\/arts-plastiques\/wp-content\/uploads\/Programme2020_cycle_4_comparatif_1313377.pdf\">Programme2020_cycle_4_comparatif_1313377<\/a><a href=\"https:\/\/sites.ac-nancy-metz.fr\/arts-plastiques\/wp-content\/uploads\/Programme2020_cycle_4_comparatif_1313377.pdf\" class=\"wp-block-file__button wp-element-button\" download aria-describedby=\"wp-block-file--media-ef0d5e7c-e7b2-4322-a622-f8f00d331739\">T\u00e9l\u00e9charger<\/a><\/div>\n<\/div>\n<\/div>\n\n\n\n<figure class=\"wp-block-image\"><img decoding=\"async\" width=\"1024\" height=\"572\" src=\"https:\/\/sites.ac-nancy-metz.fr\/arts-plastiques\/wp-content\/uploads\/capture-decran-2020-09-06-a-16-13-15-1024x572.png\" alt=\"\" class=\"wp-image-263\" srcset=\"https:\/\/sites.ac-nancy-metz.fr\/arts-plastiques\/wp-content\/uploads\/capture-decran-2020-09-06-a-16-13-15-1024x572.png 1024w, https:\/\/sites.ac-nancy-metz.fr\/arts-plastiques\/wp-content\/uploads\/capture-decran-2020-09-06-a-16-13-15-300x168.png 300w, https:\/\/sites.ac-nancy-metz.fr\/arts-plastiques\/wp-content\/uploads\/capture-decran-2020-09-06-a-16-13-15-768x429.png 768w, https:\/\/sites.ac-nancy-metz.fr\/arts-plastiques\/wp-content\/uploads\/capture-decran-2020-09-06-a-16-13-15.png 1072w\" sizes=\"(max-width: 1024px) 100vw, 1024px\" \/><\/figure>\n\n\n\n<figure class=\"wp-block-image\"><img loading=\"lazy\" decoding=\"async\" width=\"1024\" height=\"552\" src=\"https:\/\/sites.ac-nancy-metz.fr\/arts-plastiques\/wp-content\/uploads\/capture-decran-2020-09-06-a-16-13-32-1024x552.png\" alt=\"\" class=\"wp-image-264\" srcset=\"https:\/\/sites.ac-nancy-metz.fr\/arts-plastiques\/wp-content\/uploads\/capture-decran-2020-09-06-a-16-13-32-1024x552.png 1024w, https:\/\/sites.ac-nancy-metz.fr\/arts-plastiques\/wp-content\/uploads\/capture-decran-2020-09-06-a-16-13-32-300x162.png 300w, https:\/\/sites.ac-nancy-metz.fr\/arts-plastiques\/wp-content\/uploads\/capture-decran-2020-09-06-a-16-13-32-768x414.png 768w, https:\/\/sites.ac-nancy-metz.fr\/arts-plastiques\/wp-content\/uploads\/capture-decran-2020-09-06-a-16-13-32.png 1147w\" sizes=\"(max-width: 1024px) 100vw, 1024px\" \/><\/figure>\n\n\n\n<div data-wp-interactive=\"core\/file\" class=\"wp-block-file\"><object data-wp-bind--hidden=\"!state.hasPdfPreview\" hidden class=\"wp-block-file__embed\" data=\"https:\/\/sites.ac-nancy-metz.fr\/arts-plastiques\/wp-content\/uploads\/Programmes-de-college-en-vigueur-a-la-rentree-2020.pdf\" type=\"application\/pdf\" style=\"width:100%;height:600px\" aria-label=\"Contenu embarqu\u00e9 Programmes-de-college-en-vigueur-a-la-rentree-2020.\"><\/object><a id=\"wp-block-file--media-66839fd5-8df6-4481-80c4-3619736ee0dc\" href=\"https:\/\/sites.ac-nancy-metz.fr\/arts-plastiques\/wp-content\/uploads\/Programmes-de-college-en-vigueur-a-la-rentree-2020.pdf\">Programmes-de-college-en-vigueur-a-la-rentree-2020<\/a><a href=\"https:\/\/sites.ac-nancy-metz.fr\/arts-plastiques\/wp-content\/uploads\/Programmes-de-college-en-vigueur-a-la-rentree-2020.pdf\" class=\"wp-block-file__button wp-element-button\" download aria-describedby=\"wp-block-file--media-66839fd5-8df6-4481-80c4-3619736ee0dc\">T\u00e9l\u00e9charger<\/a><\/div>\n\n\n\n<div data-wp-interactive=\"core\/file\" class=\"wp-block-file\"><object data-wp-bind--hidden=\"!state.hasPdfPreview\" hidden class=\"wp-block-file__embed\" data=\"https:\/\/sites.ac-nancy-metz.fr\/arts-plastiques\/wp-content\/uploads\/OEuvres-demarches-artistiques-articulant-champ-de-recherches-en-arts-plastiques-et-le-changement-climatique-la-biodiversite-le-developpement-durable-_compressed.pdf\" type=\"application\/pdf\" style=\"width:100%;height:600px\" aria-label=\"Contenu embarqu\u00e9 OEuvres-demarches-artistiques-articulant-champ-de-recherches-en-arts-plastiques-et-le-changement-climatique-la-biodiversite-le-developpement-durable-_compressed.\"><\/object><a id=\"wp-block-file--media-154e30c0-ab99-4ddd-a797-b0aefd99e3fe\" href=\"https:\/\/sites.ac-nancy-metz.fr\/arts-plastiques\/wp-content\/uploads\/OEuvres-demarches-artistiques-articulant-champ-de-recherches-en-arts-plastiques-et-le-changement-climatique-la-biodiversite-le-developpement-durable-_compressed.pdf\">OEuvres-demarches-artistiques-articulant-champ-de-recherches-en-arts-plastiques-et-le-changement-climatique-la-biodiversite-le-developpement-durable-_compressed<\/a><a href=\"https:\/\/sites.ac-nancy-metz.fr\/arts-plastiques\/wp-content\/uploads\/OEuvres-demarches-artistiques-articulant-champ-de-recherches-en-arts-plastiques-et-le-changement-climatique-la-biodiversite-le-developpement-durable-_compressed.pdf\" class=\"wp-block-file__button wp-element-button\" download aria-describedby=\"wp-block-file--media-154e30c0-ab99-4ddd-a797-b0aefd99e3fe\">T\u00e9l\u00e9charger<\/a><\/div>\n\n\n\n<p><a href=\"https:\/\/eduscol.education.fr\/143\/arts-plastiques-cycles-2-et-3\">Ressources d&rsquo;accompagnement des enseignements en arts plastiques aux cycles 2 et 3<\/a><\/p>\n\n\n\n<p><a href=\"https:\/\/eduscol.education.fr\/349\/arts-plastiques-enjeux-et-positionnement-dans-la-scolarite-obligatoire\">Ressources d&rsquo;accompagnement du programme d&rsquo;arts plastiques au cycle 4 : enjeux et positionnement des arts plastiques dans la scolarit\u00e9 obligatoire<\/a><\/p>\n","protected":false},"excerpt":{"rendered":"<p>\u00ab&nbsp;Cr\u00e9er \u00ab&nbsp;\u00e9cologiquement&nbsp;\u00bb \u00e0 l\u2019\u00e8re de l\u2019anthropoc\u00e8ne, ce moment inaugural de l\u2019histoire de notre plan\u00e8te o\u00f9 les activit\u00e9s humaines sont acquis le pouvoir d\u2019agir sur le cours&#8230;<\/p>\n","protected":false},"author":2,"featured_media":0,"parent":0,"menu_order":0,"comment_status":"closed","ping_status":"closed","template":"","meta":{"footnotes":""},"class_list":["post-246","page","type-page","status-publish","hentry"],"_links":{"self":[{"href":"https:\/\/sites.ac-nancy-metz.fr\/arts-plastiques\/wp-json\/wp\/v2\/pages\/246","targetHints":{"allow":["GET"]}}],"collection":[{"href":"https:\/\/sites.ac-nancy-metz.fr\/arts-plastiques\/wp-json\/wp\/v2\/pages"}],"about":[{"href":"https:\/\/sites.ac-nancy-metz.fr\/arts-plastiques\/wp-json\/wp\/v2\/types\/page"}],"author":[{"embeddable":true,"href":"https:\/\/sites.ac-nancy-metz.fr\/arts-plastiques\/wp-json\/wp\/v2\/users\/2"}],"replies":[{"embeddable":true,"href":"https:\/\/sites.ac-nancy-metz.fr\/arts-plastiques\/wp-json\/wp\/v2\/comments?post=246"}],"version-history":[{"count":26,"href":"https:\/\/sites.ac-nancy-metz.fr\/arts-plastiques\/wp-json\/wp\/v2\/pages\/246\/revisions"}],"predecessor-version":[{"id":8908,"href":"https:\/\/sites.ac-nancy-metz.fr\/arts-plastiques\/wp-json\/wp\/v2\/pages\/246\/revisions\/8908"}],"wp:attachment":[{"href":"https:\/\/sites.ac-nancy-metz.fr\/arts-plastiques\/wp-json\/wp\/v2\/media?parent=246"}],"curies":[{"name":"wp","href":"https:\/\/api.w.org\/{rel}","templated":true}]}}