{"id":2960,"date":"2021-01-26T12:38:46","date_gmt":"2021-01-26T11:38:46","guid":{"rendered":"https:\/\/sites.ac-nancy-metz.fr\/arts-plastiques\/?page_id=2960"},"modified":"2022-01-06T12:51:55","modified_gmt":"2022-01-06T11:51:55","slug":"arts-plastiques-et-jeu-video","status":"publish","type":"page","link":"https:\/\/sites.ac-nancy-metz.fr\/arts-plastiques\/arts-plastiques-et-jeu-video\/","title":{"rendered":"Arts plastiques et jeu vid\u00e9o"},"content":{"rendered":"\n<p><a href=\"https:\/\/sites.ac-nancy-metz.fr\/arts-plastiques\/wp-content\/uploads\/prisme-7.pdf\">Une \u00e9tude du jeu vid\u00e9o&nbsp;<\/a><em><a href=\"https:\/\/sites.ac-nancy-metz.fr\/arts-plastiques\/wp-content\/uploads\/prisme-7.pdf\">PRISME 7<\/a><\/em><a href=\"https:\/\/sites.ac-nancy-metz.fr\/arts-plastiques\/wp-content\/uploads\/prisme-7.pdf\">&nbsp;d\u00e9velopp\u00e9 par le Centre Pompidou<\/a><\/p>\n\n\n\n<div class=\"wp-block-image\"><figure class=\"aligncenter is-resized\"><a href=\"https:\/\/sites.ac-nancy-metz.fr\/arts-plastiques\/wp-content\/uploads\/prisme-7.pdf\"><img fetchpriority=\"high\" decoding=\"async\" src=\"https:\/\/sites.ac-nancy-metz.fr\/arts-plastiques\/wp-content\/uploads\/capture-decran-2021-02-21-a-16-08-00.png\" alt=\"\" class=\"wp-image-3360\" width=\"313\" height=\"442\" srcset=\"https:\/\/sites.ac-nancy-metz.fr\/arts-plastiques\/wp-content\/uploads\/capture-decran-2021-02-21-a-16-08-00.png 424w, https:\/\/sites.ac-nancy-metz.fr\/arts-plastiques\/wp-content\/uploads\/capture-decran-2021-02-21-a-16-08-00-213x300.png 213w\" sizes=\"(max-width: 313px) 100vw, 313px\" \/><\/a><\/figure><\/div>\n\n\n\n<iframe width=\"560\" height=\"315\" sandbox=\"allow-same-origin allow-scripts allow-popups\" src=\"https:\/\/videos.ac-nancy-metz.fr\/videos\/embed\/84988de8-6e61-47f2-a2f0-92c8390f612c?start=3m53s\" frameborder=\"0\" allowfullscreen><\/iframe>\n\n\n\n<div class=\"wp-block-file aligncenter\"><a href=\"https:\/\/sites.ac-nancy-metz.fr\/arts-plastiques\/wp-content\/uploads\/prisme-7.pdf\">Prisme 7<\/a><a href=\"https:\/\/sites.ac-nancy-metz.fr\/arts-plastiques\/wp-content\/uploads\/prisme-7.pdf\" class=\"wp-block-file__button\" download>T\u00e9l\u00e9charger<\/a><\/div>\n\n\n\n<h2 class=\"wp-block-heading\" id=\"page-title\"><strong>Jeu vid\u00e9o Prisme 7 : Centre Pompidou<\/strong><\/h2>\n\n\n\n<div class=\"wp-block-image\"><figure class=\"aligncenter\"><a href=\"https:\/\/www.centrepompidou.fr\/fr\/offre-aux-professionnels\/enseignants\/ressources-educatives-en-ligne\/jeu-video-prisme-7\/jeu-video-prisme-7\"><img decoding=\"async\" width=\"230\" height=\"230\" src=\"https:\/\/sites.ac-nancy-metz.fr\/arts-plastiques\/wp-content\/uploads\/img_9161.png\" alt=\"\" class=\"wp-image-3990\" srcset=\"https:\/\/sites.ac-nancy-metz.fr\/arts-plastiques\/wp-content\/uploads\/img_9161.png 230w, https:\/\/sites.ac-nancy-metz.fr\/arts-plastiques\/wp-content\/uploads\/img_9161-150x150.png 150w, https:\/\/sites.ac-nancy-metz.fr\/arts-plastiques\/wp-content\/uploads\/img_9161-100x100.png 100w\" sizes=\"(max-width: 230px) 100vw, 230px\" \/><\/a><\/figure><\/div>\n\n\n\n<p><a href=\"http:\/\/mediation.centrepompidou.fr\/education\/prisme7\/prisme7-tutoriel.pdf\">http:\/\/mediation.centrepompidou.fr\/education\/prisme7\/prisme7-tutoriel.pdf<\/a><\/p>\n\n\n\n<h2 class=\"wp-block-heading\" id=\"mce_0\"><strong>Les ressources didactiques<\/strong><\/h2>\n\n\n\n<div class=\"wp-block-columns has-2-columns is-layout-flex wp-container-core-columns-is-layout-9d6595d7 wp-block-columns-is-layout-flex\">\n<div class=\"wp-block-column is-layout-flow wp-block-column-is-layout-flow\">\n<div class=\"wp-block-image\"><figure class=\"aligncenter is-resized\"><a href=\"https:\/\/sites.ac-nancy-metz.fr\/arts-plastiques\/wp-content\/uploads\/bd-color-5eme.pdf\"><img decoding=\"async\" src=\"https:\/\/sites.ac-nancy-metz.fr\/arts-plastiques\/wp-content\/uploads\/capture-decran-2021-04-06-a-19-29-09.png\" alt=\"\" class=\"wp-image-3944\" width=\"234\" height=\"161\" srcset=\"https:\/\/sites.ac-nancy-metz.fr\/arts-plastiques\/wp-content\/uploads\/capture-decran-2021-04-06-a-19-29-09.png 858w, https:\/\/sites.ac-nancy-metz.fr\/arts-plastiques\/wp-content\/uploads\/capture-decran-2021-04-06-a-19-29-09-300x207.png 300w, https:\/\/sites.ac-nancy-metz.fr\/arts-plastiques\/wp-content\/uploads\/capture-decran-2021-04-06-a-19-29-09-768x530.png 768w\" sizes=\"(max-width: 234px) 100vw, 234px\" \/><\/a><figcaption>BD Color, cycle 4, niveau 5\u00e8me<\/figcaption><\/figure><\/div>\n\n\n\n<div class=\"wp-block-image\"><figure class=\"aligncenter is-resized\"><a href=\"https:\/\/sites.ac-nancy-metz.fr\/arts-plastiques\/wp-content\/uploads\/2nde-gaming-pop-icons.pdf\"><img loading=\"lazy\" decoding=\"async\" src=\"https:\/\/sites.ac-nancy-metz.fr\/arts-plastiques\/wp-content\/uploads\/capture-decran-2021-02-15-a-11-02-57.png\" alt=\"\" class=\"wp-image-3229\" width=\"235\" height=\"158\" srcset=\"https:\/\/sites.ac-nancy-metz.fr\/arts-plastiques\/wp-content\/uploads\/capture-decran-2021-02-15-a-11-02-57.png 939w, https:\/\/sites.ac-nancy-metz.fr\/arts-plastiques\/wp-content\/uploads\/capture-decran-2021-02-15-a-11-02-57-300x203.png 300w, https:\/\/sites.ac-nancy-metz.fr\/arts-plastiques\/wp-content\/uploads\/capture-decran-2021-02-15-a-11-02-57-768x519.png 768w\" sizes=\"(max-width: 235px) 100vw, 235px\" \/><\/a><figcaption>Gaming Pop Icons, Seconde enseignement optionnel<\/figcaption><\/figure><\/div>\n\n\n\n<div class=\"wp-block-image\"><figure class=\"aligncenter size-large is-resized\"><a href=\"https:\/\/sites.ac-nancy-metz.fr\/arts-plastiques\/wp-content\/uploads\/LE-NOUVEL-AVATAR-PRISME-7.pdf\"><img loading=\"lazy\" decoding=\"async\" src=\"https:\/\/sites.ac-nancy-metz.fr\/arts-plastiques\/wp-content\/uploads\/Capture-decran-2021-05-02-a-16.17.33-1024x728.png\" alt=\"\" class=\"wp-image-4385\" width=\"237\" height=\"168\" srcset=\"https:\/\/sites.ac-nancy-metz.fr\/arts-plastiques\/wp-content\/uploads\/Capture-decran-2021-05-02-a-16.17.33-1024x728.png 1024w, https:\/\/sites.ac-nancy-metz.fr\/arts-plastiques\/wp-content\/uploads\/Capture-decran-2021-05-02-a-16.17.33-300x213.png 300w, https:\/\/sites.ac-nancy-metz.fr\/arts-plastiques\/wp-content\/uploads\/Capture-decran-2021-05-02-a-16.17.33-768x546.png 768w, https:\/\/sites.ac-nancy-metz.fr\/arts-plastiques\/wp-content\/uploads\/Capture-decran-2021-05-02-a-16.17.33.png 1032w\" sizes=\"(max-width: 237px) 100vw, 237px\" \/><\/a><figcaption>Avatar, Premi\u00e8re enseignement optionnel<\/figcaption><\/figure><\/div>\n<\/div>\n\n\n\n<div class=\"wp-block-column is-layout-flow wp-block-column-is-layout-flow\">\n<div class=\"wp-block-image\"><figure class=\"aligncenter is-resized\"><a href=\"https:\/\/sites.ac-nancy-metz.fr\/arts-plastiques\/wp-content\/uploads\/pixel-et-module-architectural.pdf\"><img loading=\"lazy\" decoding=\"async\" src=\"https:\/\/sites.ac-nancy-metz.fr\/arts-plastiques\/wp-content\/uploads\/Capture-d\u2019ecran-2021-04-06-a-19.29.00-2.png\" alt=\"\" class=\"wp-image-3947\" width=\"229\" height=\"163\" srcset=\"https:\/\/sites.ac-nancy-metz.fr\/arts-plastiques\/wp-content\/uploads\/Capture-d\u2019ecran-2021-04-06-a-19.29.00-2.png 844w, https:\/\/sites.ac-nancy-metz.fr\/arts-plastiques\/wp-content\/uploads\/Capture-d\u2019ecran-2021-04-06-a-19.29.00-2-300x215.png 300w, https:\/\/sites.ac-nancy-metz.fr\/arts-plastiques\/wp-content\/uploads\/Capture-d\u2019ecran-2021-04-06-a-19.29.00-2-768x550.png 768w\" sizes=\"(max-width: 229px) 100vw, 229px\" \/><\/a><figcaption>Pixel et module architectural, cycle 4, 3\u00e8me<\/figcaption><\/figure><\/div>\n\n\n\n<div class=\"wp-block-image\"><figure class=\"aligncenter size-full\"><a href=\"https:\/\/sites.ac-nancy-metz.fr\/arts-plastiques\/wp-content\/uploads\/PRISME-7-LE-FILM-STORYBOARD.pdf\"><img loading=\"lazy\" decoding=\"async\" width=\"1044\" height=\"725\" src=\"https:\/\/sites.ac-nancy-metz.fr\/arts-plastiques\/wp-content\/uploads\/Capture-decran-2021-05-02-a-17.09.05.png\" alt=\"\" class=\"wp-image-4399\" srcset=\"https:\/\/sites.ac-nancy-metz.fr\/arts-plastiques\/wp-content\/uploads\/Capture-decran-2021-05-02-a-17.09.05.png 1044w, https:\/\/sites.ac-nancy-metz.fr\/arts-plastiques\/wp-content\/uploads\/Capture-decran-2021-05-02-a-17.09.05-300x208.png 300w, https:\/\/sites.ac-nancy-metz.fr\/arts-plastiques\/wp-content\/uploads\/Capture-decran-2021-05-02-a-17.09.05-1024x711.png 1024w, https:\/\/sites.ac-nancy-metz.fr\/arts-plastiques\/wp-content\/uploads\/Capture-decran-2021-05-02-a-17.09.05-768x533.png 768w\" sizes=\"(max-width: 1044px) 100vw, 1044px\" \/><\/a><figcaption>Prisme 7, le film, <em>Seconde enseignement optionnel<\/em><\/figcaption><\/figure><\/div>\n\n\n\n<div class=\"wp-block-image\"><figure class=\"aligncenter is-resized\"><a href=\"https:\/\/sites.ac-nancy-metz.fr\/arts-plastiques\/wp-content\/uploads\/1ere-in-the-game.pdf\"><img loading=\"lazy\" decoding=\"async\" src=\"https:\/\/sites.ac-nancy-metz.fr\/arts-plastiques\/wp-content\/uploads\/capture-decran-2021-02-15-a-11-02-47.png\" alt=\"\" class=\"wp-image-3228\" width=\"237\" height=\"158\" srcset=\"https:\/\/sites.ac-nancy-metz.fr\/arts-plastiques\/wp-content\/uploads\/capture-decran-2021-02-15-a-11-02-47.png 961w, https:\/\/sites.ac-nancy-metz.fr\/arts-plastiques\/wp-content\/uploads\/capture-decran-2021-02-15-a-11-02-47-300x200.png 300w, https:\/\/sites.ac-nancy-metz.fr\/arts-plastiques\/wp-content\/uploads\/capture-decran-2021-02-15-a-11-02-47-768x512.png 768w\" sizes=\"(max-width: 237px) 100vw, 237px\" \/><\/a><figcaption>In the Game, <em>Premi\u00e8re enseignement optionnel<\/em><\/figcaption><\/figure><\/div>\n<\/div>\n<\/div>\n\n\n\n<div class=\"wp-block-image\"><figure class=\"aligncenter is-resized\"><a href=\"https:\/\/sites.ac-nancy-metz.fr\/arts-plastiques\/wp-content\/uploads\/1ere-spe-personnage-de-jeu-video.pdf\"><img loading=\"lazy\" decoding=\"async\" src=\"https:\/\/sites.ac-nancy-metz.fr\/arts-plastiques\/wp-content\/uploads\/capture-decran-2021-02-15-a-11-02-52.png\" alt=\"\" class=\"wp-image-3230\" width=\"277\" height=\"180\" srcset=\"https:\/\/sites.ac-nancy-metz.fr\/arts-plastiques\/wp-content\/uploads\/capture-decran-2021-02-15-a-11-02-52.png 945w, https:\/\/sites.ac-nancy-metz.fr\/arts-plastiques\/wp-content\/uploads\/capture-decran-2021-02-15-a-11-02-52-300x195.png 300w, https:\/\/sites.ac-nancy-metz.fr\/arts-plastiques\/wp-content\/uploads\/capture-decran-2021-02-15-a-11-02-52-768x499.png 768w\" sizes=\"(max-width: 277px) 100vw, 277px\" \/><\/a><figcaption>Game Player, <em>Seconde enseignement de sp\u00e9cialit\u00e9<\/em><\/figcaption><\/figure><\/div>\n\n\n\n<h2 class=\"wp-block-heading\" id=\"mce_0\"><strong>Les productions des \u00e9l\u00e8ves <\/strong><\/h2>\n\n\n\n<figure class=\"wp-block-gallery columns-3 is-cropped wp-block-gallery-1 is-layout-flex wp-block-gallery-is-layout-flex\"><ul class=\"blocks-gallery-grid\"><li class=\"blocks-gallery-item\"><figure><img loading=\"lazy\" decoding=\"async\" width=\"956\" height=\"637\" src=\"https:\/\/sites.ac-nancy-metz.fr\/arts-plastiques\/wp-content\/uploads\/architecture-verte-pixelise-dans-un-paysage-2.png\" alt=\"\" data-id=\"3953\" data-link=\"https:\/\/sites.ac-nancy-metz.fr\/arts-plastiques\/arts-plastiques-et-jeu-video\/architecture-verte-pixelise-dans-un-paysage-2\/\" class=\"wp-image-3953\" srcset=\"https:\/\/sites.ac-nancy-metz.fr\/arts-plastiques\/wp-content\/uploads\/architecture-verte-pixelise-dans-un-paysage-2.png 956w, https:\/\/sites.ac-nancy-metz.fr\/arts-plastiques\/wp-content\/uploads\/architecture-verte-pixelise-dans-un-paysage-2-300x200.png 300w, https:\/\/sites.ac-nancy-metz.fr\/arts-plastiques\/wp-content\/uploads\/architecture-verte-pixelise-dans-un-paysage-2-768x512.png 768w\" sizes=\"(max-width: 956px) 100vw, 956px\" \/><\/figure><\/li><li class=\"blocks-gallery-item\"><figure><img loading=\"lazy\" decoding=\"async\" width=\"1024\" height=\"683\" src=\"https:\/\/sites.ac-nancy-metz.fr\/arts-plastiques\/wp-content\/uploads\/paysage-rural-art-pla-net-1024x683.jpg\" alt=\"\" data-id=\"3954\" data-link=\"https:\/\/sites.ac-nancy-metz.fr\/arts-plastiques\/arts-plastiques-et-jeu-video\/paysage-rural-art-pla-net\/\" class=\"wp-image-3954\" srcset=\"https:\/\/sites.ac-nancy-metz.fr\/arts-plastiques\/wp-content\/uploads\/paysage-rural-art-pla-net-1024x683.jpg 1024w, https:\/\/sites.ac-nancy-metz.fr\/arts-plastiques\/wp-content\/uploads\/paysage-rural-art-pla-net-300x200.jpg 300w, https:\/\/sites.ac-nancy-metz.fr\/arts-plastiques\/wp-content\/uploads\/paysage-rural-art-pla-net-768x512.jpg 768w\" sizes=\"(max-width: 1024px) 100vw, 1024px\" \/><\/figure><\/li><li class=\"blocks-gallery-item\"><figure><img loading=\"lazy\" decoding=\"async\" width=\"486\" height=\"487\" src=\"https:\/\/sites.ac-nancy-metz.fr\/arts-plastiques\/wp-content\/uploads\/arts-plas-immeuble-pixels.png\" alt=\"\" data-id=\"3955\" data-link=\"https:\/\/sites.ac-nancy-metz.fr\/arts-plastiques\/arts-plastiques-et-jeu-video\/arts-plas-immeuble-pixels\/\" class=\"wp-image-3955\" srcset=\"https:\/\/sites.ac-nancy-metz.fr\/arts-plastiques\/wp-content\/uploads\/arts-plas-immeuble-pixels.png 486w, https:\/\/sites.ac-nancy-metz.fr\/arts-plastiques\/wp-content\/uploads\/arts-plas-immeuble-pixels-150x150.png 150w, https:\/\/sites.ac-nancy-metz.fr\/arts-plastiques\/wp-content\/uploads\/arts-plas-immeuble-pixels-300x300.png 300w, https:\/\/sites.ac-nancy-metz.fr\/arts-plastiques\/wp-content\/uploads\/arts-plas-immeuble-pixels-100x100.png 100w\" sizes=\"(max-width: 486px) 100vw, 486px\" \/><\/figure><\/li><li class=\"blocks-gallery-item\"><figure><img loading=\"lazy\" decoding=\"async\" width=\"1024\" height=\"662\" src=\"https:\/\/sites.ac-nancy-metz.fr\/arts-plastiques\/wp-content\/uploads\/fabert-nguyen-elodie-architecture-verte-1024x662.jpg\" alt=\"\" data-id=\"3956\" data-link=\"https:\/\/sites.ac-nancy-metz.fr\/arts-plastiques\/arts-plastiques-et-jeu-video\/fabert-nguyen-elodie-architecture-verte\/\" class=\"wp-image-3956\" srcset=\"https:\/\/sites.ac-nancy-metz.fr\/arts-plastiques\/wp-content\/uploads\/fabert-nguyen-elodie-architecture-verte-1024x662.jpg 1024w, https:\/\/sites.ac-nancy-metz.fr\/arts-plastiques\/wp-content\/uploads\/fabert-nguyen-elodie-architecture-verte-300x194.jpg 300w, https:\/\/sites.ac-nancy-metz.fr\/arts-plastiques\/wp-content\/uploads\/fabert-nguyen-elodie-architecture-verte-768x496.jpg 768w, https:\/\/sites.ac-nancy-metz.fr\/arts-plastiques\/wp-content\/uploads\/fabert-nguyen-elodie-architecture-verte.jpg 1314w\" sizes=\"(max-width: 1024px) 100vw, 1024px\" \/><\/figure><\/li><li class=\"blocks-gallery-item\"><figure><img loading=\"lazy\" decoding=\"async\" width=\"960\" height=\"640\" src=\"https:\/\/sites.ac-nancy-metz.fr\/arts-plastiques\/wp-content\/uploads\/architecture-pixellisee_meyer-cassandra_2nde04.jpg\" alt=\"\" data-id=\"3957\" data-link=\"https:\/\/sites.ac-nancy-metz.fr\/arts-plastiques\/arts-plastiques-et-jeu-video\/architecture-pixellisee_meyer-cassandra_2nde04\/\" class=\"wp-image-3957\" srcset=\"https:\/\/sites.ac-nancy-metz.fr\/arts-plastiques\/wp-content\/uploads\/architecture-pixellisee_meyer-cassandra_2nde04.jpg 960w, https:\/\/sites.ac-nancy-metz.fr\/arts-plastiques\/wp-content\/uploads\/architecture-pixellisee_meyer-cassandra_2nde04-300x200.jpg 300w, https:\/\/sites.ac-nancy-metz.fr\/arts-plastiques\/wp-content\/uploads\/architecture-pixellisee_meyer-cassandra_2nde04-768x512.jpg 768w\" sizes=\"(max-width: 960px) 100vw, 960px\" \/><\/figure><\/li><li class=\"blocks-gallery-item\"><figure><img loading=\"lazy\" decoding=\"async\" width=\"862\" height=\"360\" src=\"https:\/\/sites.ac-nancy-metz.fr\/arts-plastiques\/wp-content\/uploads\/paysage-px.png\" alt=\"\" data-id=\"3958\" data-link=\"https:\/\/sites.ac-nancy-metz.fr\/arts-plastiques\/arts-plastiques-et-jeu-video\/paysage-px\/\" class=\"wp-image-3958\" srcset=\"https:\/\/sites.ac-nancy-metz.fr\/arts-plastiques\/wp-content\/uploads\/paysage-px.png 862w, https:\/\/sites.ac-nancy-metz.fr\/arts-plastiques\/wp-content\/uploads\/paysage-px-300x125.png 300w, https:\/\/sites.ac-nancy-metz.fr\/arts-plastiques\/wp-content\/uploads\/paysage-px-768x321.png 768w\" sizes=\"(max-width: 862px) 100vw, 862px\" \/><\/figure><\/li><li class=\"blocks-gallery-item\"><figure><img loading=\"lazy\" decoding=\"async\" width=\"637\" height=\"475\" src=\"https:\/\/sites.ac-nancy-metz.fr\/arts-plastiques\/wp-content\/uploads\/image-pixelise-vrai-laraib-shaikh-21.png\" alt=\"\" data-id=\"3959\" data-link=\"https:\/\/sites.ac-nancy-metz.fr\/arts-plastiques\/arts-plastiques-et-jeu-video\/image-pixelise-vrai-laraib-shaikh-21\/\" class=\"wp-image-3959\" srcset=\"https:\/\/sites.ac-nancy-metz.fr\/arts-plastiques\/wp-content\/uploads\/image-pixelise-vrai-laraib-shaikh-21.png 637w, https:\/\/sites.ac-nancy-metz.fr\/arts-plastiques\/wp-content\/uploads\/image-pixelise-vrai-laraib-shaikh-21-300x224.png 300w\" sizes=\"(max-width: 637px) 100vw, 637px\" \/><\/figure><\/li><li class=\"blocks-gallery-item\"><figure><img loading=\"lazy\" decoding=\"async\" width=\"1000\" height=\"750\" src=\"https:\/\/sites.ac-nancy-metz.fr\/arts-plastiques\/wp-content\/uploads\/image-fini-pixelnormal.png\" alt=\"\" data-id=\"3960\" data-link=\"https:\/\/sites.ac-nancy-metz.fr\/arts-plastiques\/arts-plastiques-et-jeu-video\/image-fini-pixelnormal\/\" class=\"wp-image-3960\" srcset=\"https:\/\/sites.ac-nancy-metz.fr\/arts-plastiques\/wp-content\/uploads\/image-fini-pixelnormal.png 1000w, https:\/\/sites.ac-nancy-metz.fr\/arts-plastiques\/wp-content\/uploads\/image-fini-pixelnormal-300x225.png 300w, https:\/\/sites.ac-nancy-metz.fr\/arts-plastiques\/wp-content\/uploads\/image-fini-pixelnormal-768x576.png 768w\" sizes=\"(max-width: 1000px) 100vw, 1000px\" \/><\/figure><\/li><\/ul><\/figure>\n\n\n\n<div class=\"wp-block-image\"><figure class=\"aligncenter is-resized\"><a href=\"https:\/\/sites.ac-nancy-metz.fr\/arts-plastiques\/wp-content\/uploads\/def-presentation-chill-game-jam_logo-1.pdf\"><img loading=\"lazy\" decoding=\"async\" src=\"https:\/\/sites.ac-nancy-metz.fr\/arts-plastiques\/wp-content\/uploads\/capture-decran-2021-03-12-a-14-18-38.png\" alt=\"\" class=\"wp-image-3680\" width=\"439\" height=\"201\" srcset=\"https:\/\/sites.ac-nancy-metz.fr\/arts-plastiques\/wp-content\/uploads\/capture-decran-2021-03-12-a-14-18-38.png 914w, https:\/\/sites.ac-nancy-metz.fr\/arts-plastiques\/wp-content\/uploads\/capture-decran-2021-03-12-a-14-18-38-300x138.png 300w, https:\/\/sites.ac-nancy-metz.fr\/arts-plastiques\/wp-content\/uploads\/capture-decran-2021-03-12-a-14-18-38-768x353.png 768w\" sizes=\"(max-width: 439px) 100vw, 439px\" \/><\/a><\/figure><\/div>\n\n\n\n<div class=\"wp-block-file\"><a href=\"https:\/\/sites.ac-nancy-metz.fr\/arts-plastiques\/wp-content\/uploads\/def-presentation-chill-game-jam_logo-1.pdf\">Le mois de la cr\u00e9ation du jeu vid\u00e9o<\/a><a href=\"https:\/\/sites.ac-nancy-metz.fr\/arts-plastiques\/wp-content\/uploads\/def-presentation-chill-game-jam_logo-1.pdf\" class=\"wp-block-file__button\" download>T\u00e9l\u00e9charger<\/a><\/div>\n\n\n\n<h2 class=\"wp-block-heading\"><strong>Jeu vid\u00e9o Le Royaume d&rsquo;Istyald : BNF<\/strong><br><\/h2>\n\n\n\n<div class=\"wp-block-image\"><figure class=\"aligncenter is-resized\"><a href=\"https:\/\/fantasy.bnf.fr\/fr\/jouer\/\"><img loading=\"lazy\" decoding=\"async\" src=\"https:\/\/sites.ac-nancy-metz.fr\/arts-plastiques\/wp-content\/uploads\/capture-decran-2021-01-26-a-12-47-23-1024x591.png\" alt=\"\" class=\"wp-image-2967\" width=\"391\" height=\"225\" srcset=\"https:\/\/sites.ac-nancy-metz.fr\/arts-plastiques\/wp-content\/uploads\/capture-decran-2021-01-26-a-12-47-23-1024x591.png 1024w, https:\/\/sites.ac-nancy-metz.fr\/arts-plastiques\/wp-content\/uploads\/capture-decran-2021-01-26-a-12-47-23-300x173.png 300w, https:\/\/sites.ac-nancy-metz.fr\/arts-plastiques\/wp-content\/uploads\/capture-decran-2021-01-26-a-12-47-23-768x443.png 768w, https:\/\/sites.ac-nancy-metz.fr\/arts-plastiques\/wp-content\/uploads\/capture-decran-2021-01-26-a-12-47-23.png 1486w\" sizes=\"(max-width: 391px) 100vw, 391px\" \/><\/a><\/figure><\/div>\n\n\n\n<h2 class=\"wp-block-heading\" id=\"mce_6\"><strong>Jeu vid\u00e9o Romanica : Minist\u00e8re de la Culture<\/strong><\/h2>\n\n\n\n<div class=\"wp-block-image\"><figure class=\"aligncenter is-resized\"><a href=\"https:\/\/www.culture.gouv.fr\/Sites-thematiques\/Langue-francaise-et-langues-de-France\/Ressources\/Ressources-pedagogiques-et-sensibilisation\/Romanica\"><img loading=\"lazy\" decoding=\"async\" src=\"https:\/\/sites.ac-nancy-metz.fr\/arts-plastiques\/wp-content\/uploads\/romanica.png\" alt=\"\" class=\"wp-image-2969\" width=\"414\" height=\"233\" srcset=\"https:\/\/sites.ac-nancy-metz.fr\/arts-plastiques\/wp-content\/uploads\/romanica.png 380w, https:\/\/sites.ac-nancy-metz.fr\/arts-plastiques\/wp-content\/uploads\/romanica-300x169.png 300w\" sizes=\"(max-width: 414px) 100vw, 414px\" \/><\/a><\/figure><\/div>\n\n\n\n<h2 class=\"wp-block-heading\" id=\"mce_11\"><strong>Jeu vid\u00e9o L&rsquo;art en d\u00e9tails<\/strong><\/h2>\n\n\n\n<figure><iframe src=\"https:\/\/www.wordwall.net\/fr\/embed\/6cffda90aed5432497fd33986c733910?themeId=53&amp;templateId=49\" width=\"500\" height=\"380\" allowfullscreen=\"\"><\/iframe><\/figure>\n\n\n\n<h2 class=\"wp-block-heading\" id=\"mce_15\"><strong>Jeu vid\u00e9o L&rsquo;art en pixels<\/strong><\/h2>\n\n\n\n<figure><iframe src=\"https:\/\/www.wordwall.net\/embed\/play\/9522\/933\/865\" width=\"500\" height=\"380\" allowfullscreen=\"\"><\/iframe><\/figure>\n\n\n\n<h2 class=\"wp-block-heading\" id=\"mce_0\"><strong>Jeu Le Profil de l&rsquo;art<\/strong><\/h2>\n\n\n\n<figure><iframe src=\"https:\/\/www.wordwall.net\/fr\/embed\/a7dbfe5ed47140028fb39a457dec61d8?themeId=56&amp;templateId=8\" width=\"500\" height=\"380\" allowfullscreen=\"\"><\/iframe><\/figure>\n","protected":false},"excerpt":{"rendered":"<p>Une \u00e9tude du jeu vid\u00e9o&nbsp;PRISME 7&nbsp;d\u00e9velopp\u00e9 par le Centre Pompidou Jeu vid\u00e9o Prisme 7 : Centre Pompidou http:\/\/mediation.centrepompidou.fr\/education\/prisme7\/prisme7-tutoriel.pdf Les ressources didactiques Les productions des \u00e9l\u00e8ves Jeu&#8230;<\/p>\n","protected":false},"author":2,"featured_media":0,"parent":0,"menu_order":0,"comment_status":"closed","ping_status":"closed","template":"","meta":{"footnotes":""},"class_list":["post-2960","page","type-page","status-publish","hentry"],"_links":{"self":[{"href":"https:\/\/sites.ac-nancy-metz.fr\/arts-plastiques\/wp-json\/wp\/v2\/pages\/2960","targetHints":{"allow":["GET"]}}],"collection":[{"href":"https:\/\/sites.ac-nancy-metz.fr\/arts-plastiques\/wp-json\/wp\/v2\/pages"}],"about":[{"href":"https:\/\/sites.ac-nancy-metz.fr\/arts-plastiques\/wp-json\/wp\/v2\/types\/page"}],"author":[{"embeddable":true,"href":"https:\/\/sites.ac-nancy-metz.fr\/arts-plastiques\/wp-json\/wp\/v2\/users\/2"}],"replies":[{"embeddable":true,"href":"https:\/\/sites.ac-nancy-metz.fr\/arts-plastiques\/wp-json\/wp\/v2\/comments?post=2960"}],"version-history":[{"count":38,"href":"https:\/\/sites.ac-nancy-metz.fr\/arts-plastiques\/wp-json\/wp\/v2\/pages\/2960\/revisions"}],"predecessor-version":[{"id":6697,"href":"https:\/\/sites.ac-nancy-metz.fr\/arts-plastiques\/wp-json\/wp\/v2\/pages\/2960\/revisions\/6697"}],"wp:attachment":[{"href":"https:\/\/sites.ac-nancy-metz.fr\/arts-plastiques\/wp-json\/wp\/v2\/media?parent=2960"}],"curies":[{"name":"wp","href":"https:\/\/api.w.org\/{rel}","templated":true}]}}