{"id":3173,"date":"2021-02-10T18:25:15","date_gmt":"2021-02-10T17:25:15","guid":{"rendered":"https:\/\/sites.ac-nancy-metz.fr\/arts-plastiques\/?page_id=3173"},"modified":"2022-01-18T18:55:35","modified_gmt":"2022-01-18T17:55:35","slug":"evaluations-et-epreuves","status":"publish","type":"page","link":"https:\/\/sites.ac-nancy-metz.fr\/arts-plastiques\/evaluations-et-epreuves\/","title":{"rendered":"\u00c9valuations et \u00e9preuves"},"content":{"rendered":"\n<p><strong>Document de synth\u00e8se session 2022<\/strong><\/p>\n\n\n\n<div data-wp-interactive=\"core\/file\" class=\"wp-block-file\"><object data-wp-bind--hidden=\"!state.hasPdfPreview\" hidden class=\"wp-block-file__embed\" data=\"https:\/\/sites.ac-nancy-metz.fr\/arts-plastiques\/wp-content\/uploads\/Document-de-synthese-Baccalaureat-specialite-arts-plastiques-version-modifiable.pdf\" type=\"application\/pdf\" style=\"width:100%;height:600px\" aria-label=\"Contenu embarqu\u00e9 Contenu embarqu\u00e9 Document-de-synthese-Baccalaureat-specialite-arts-plastiques-version-modifiable..\"><\/object><a href=\"https:\/\/sites.ac-nancy-metz.fr\/arts-plastiques\/wp-content\/uploads\/Document-de-synthese-Baccalaureat-specialite-arts-plastiques-version-modifiable.pdf\">Document-de-synthese-Baccalaureat-specialite-arts-plastiques-version-modifiable<\/a><a href=\"https:\/\/sites.ac-nancy-metz.fr\/arts-plastiques\/wp-content\/uploads\/Document-de-synthese-Baccalaureat-specialite-arts-plastiques-version-modifiable.pdf\" class=\"wp-block-file__button\" download>T\u00e9l\u00e9charger<\/a><\/div>\n\n\n\n<p><strong>Modalit\u00e9s d&rsquo;\u00e9valuation des candidats : compl\u00e9ments et pr\u00e9cisions &#8211; session 2022<\/strong><\/p>\n\n\n\n<p><a href=\"https:\/\/www.education.gouv.fr\/bo\/21\/Hebdo42\/MENE2128670N.htm\">https:\/\/www.education.gouv.fr\/bo\/21\/Hebdo42\/MENE2128670N.htm<\/a><\/p>\n\n\n\n<p><strong>Baccalaur\u00e9at 2021 : Guide de l&rsquo;\u00e9valuation dans le cadre du contr\u00f4le continu<\/strong><\/p>\n\n\n\n<div class=\"wp-block-image\"><figure class=\"aligncenter is-resized\"><a href=\"https:\/\/eduscol.education.fr\/2688\/bac-2021-guide-de-l-evaluation\"><img fetchpriority=\"high\" decoding=\"async\" src=\"https:\/\/sites.ac-nancy-metz.fr\/arts-plastiques\/wp-content\/uploads\/capture-decran-2021-02-10-a-17-45-05.png\" alt=\"\" class=\"wp-image-3157\" width=\"272\" height=\"389\" srcset=\"https:\/\/sites.ac-nancy-metz.fr\/arts-plastiques\/wp-content\/uploads\/capture-decran-2021-02-10-a-17-45-05.png 553w, https:\/\/sites.ac-nancy-metz.fr\/arts-plastiques\/wp-content\/uploads\/capture-decran-2021-02-10-a-17-45-05-210x300.png 210w\" sizes=\"(max-width: 272px) 100vw, 272px\" \/><\/a><\/figure><\/div>\n","protected":false},"excerpt":{"rendered":"<p>Document de synth\u00e8se session 2022 Modalit\u00e9s d&rsquo;\u00e9valuation des candidats : compl\u00e9ments et pr\u00e9cisions &#8211; session 2022 https:\/\/www.education.gouv.fr\/bo\/21\/Hebdo42\/MENE2128670N.htm Baccalaur\u00e9at 2021 : Guide de l&rsquo;\u00e9valuation dans le cadre&#8230;<\/p>\n","protected":false},"author":2,"featured_media":0,"parent":0,"menu_order":0,"comment_status":"closed","ping_status":"closed","template":"","meta":{"footnotes":""},"class_list":["post-3173","page","type-page","status-publish","hentry"],"_links":{"self":[{"href":"https:\/\/sites.ac-nancy-metz.fr\/arts-plastiques\/wp-json\/wp\/v2\/pages\/3173","targetHints":{"allow":["GET"]}}],"collection":[{"href":"https:\/\/sites.ac-nancy-metz.fr\/arts-plastiques\/wp-json\/wp\/v2\/pages"}],"about":[{"href":"https:\/\/sites.ac-nancy-metz.fr\/arts-plastiques\/wp-json\/wp\/v2\/types\/page"}],"author":[{"embeddable":true,"href":"https:\/\/sites.ac-nancy-metz.fr\/arts-plastiques\/wp-json\/wp\/v2\/users\/2"}],"replies":[{"embeddable":true,"href":"https:\/\/sites.ac-nancy-metz.fr\/arts-plastiques\/wp-json\/wp\/v2\/comments?post=3173"}],"version-history":[{"count":8,"href":"https:\/\/sites.ac-nancy-metz.fr\/arts-plastiques\/wp-json\/wp\/v2\/pages\/3173\/revisions"}],"predecessor-version":[{"id":6743,"href":"https:\/\/sites.ac-nancy-metz.fr\/arts-plastiques\/wp-json\/wp\/v2\/pages\/3173\/revisions\/6743"}],"wp:attachment":[{"href":"https:\/\/sites.ac-nancy-metz.fr\/arts-plastiques\/wp-json\/wp\/v2\/media?parent=3173"}],"curies":[{"name":"wp","href":"https:\/\/api.w.org\/{rel}","templated":true}]}}