{"id":3212,"date":"2021-02-13T15:58:26","date_gmt":"2021-02-13T14:58:26","guid":{"rendered":"https:\/\/sites.ac-nancy-metz.fr\/arts-plastiques\/?page_id=3212"},"modified":"2021-06-22T13:37:13","modified_gmt":"2021-06-22T11:37:13","slug":"portes-ouvertes-virtuelles-des-colleges","status":"publish","type":"page","link":"https:\/\/sites.ac-nancy-metz.fr\/arts-plastiques\/portes-ouvertes-virtuelles-des-colleges\/","title":{"rendered":"Portes ouvertes virtuelles des coll\u00e8ges"},"content":{"rendered":"\n<p><strong>La co-cr\u00e9ation : cr\u00e9er \u00e0 plusieurs en arts plastiques au coll\u00e8ge<\/strong><\/p>\n\n\n\n<iframe width=\"560\" height=\"315\" sandbox=\"allow-same-origin allow-scripts allow-popups\" src=\"https:\/\/videos.ac-nancy-metz.fr\/videos\/embed\/975566f3-effe-4718-9947-565ea4f5c4c3\" frameborder=\"0\" allowfullscreen><\/iframe>\n\n\n\n<iframe width=\"560\" height=\"315\" sandbox=\"allow-same-origin allow-scripts allow-popups\" src=\"https:\/\/videos.ac-nancy-metz.fr\/videos\/embed\/f1cc402a-080d-4375-bd3b-d32e7fb96b74\" frameborder=\"0\" allowfullscreen=\"\"><\/iframe>\n\n\n\n<iframe width=\"560\" height=\"315\" sandbox=\"allow-same-origin allow-scripts allow-popups\" src=\"https:\/\/videos.ac-nancy-metz.fr\/videos\/embed\/1365ff37-05f5-468c-9460-66dbfc033fc7\" frameborder=\"0\" allowfullscreen=\"\"><\/iframe>\n\n\n\n<iframe width=\"560\" height=\"315\" sandbox=\"allow-same-origin allow-scripts allow-popups\" src=\"https:\/\/videos.ac-nancy-metz.fr\/videos\/embed\/d7d4c129-f4e9-489b-bcf5-4c17d508b710\" frameborder=\"0\" allowfullscreen=\"\"><\/iframe>\n","protected":false},"excerpt":{"rendered":"<p>La co-cr\u00e9ation : cr\u00e9er \u00e0 plusieurs en arts plastiques au coll\u00e8ge<\/p>\n","protected":false},"author":2,"featured_media":0,"parent":0,"menu_order":0,"comment_status":"closed","ping_status":"closed","template":"","meta":{"footnotes":""},"class_list":["post-3212","page","type-page","status-publish","hentry"],"_links":{"self":[{"href":"https:\/\/sites.ac-nancy-metz.fr\/arts-plastiques\/wp-json\/wp\/v2\/pages\/3212","targetHints":{"allow":["GET"]}}],"collection":[{"href":"https:\/\/sites.ac-nancy-metz.fr\/arts-plastiques\/wp-json\/wp\/v2\/pages"}],"about":[{"href":"https:\/\/sites.ac-nancy-metz.fr\/arts-plastiques\/wp-json\/wp\/v2\/types\/page"}],"author":[{"embeddable":true,"href":"https:\/\/sites.ac-nancy-metz.fr\/arts-plastiques\/wp-json\/wp\/v2\/users\/2"}],"replies":[{"embeddable":true,"href":"https:\/\/sites.ac-nancy-metz.fr\/arts-plastiques\/wp-json\/wp\/v2\/comments?post=3212"}],"version-history":[{"count":9,"href":"https:\/\/sites.ac-nancy-metz.fr\/arts-plastiques\/wp-json\/wp\/v2\/pages\/3212\/revisions"}],"predecessor-version":[{"id":4931,"href":"https:\/\/sites.ac-nancy-metz.fr\/arts-plastiques\/wp-json\/wp\/v2\/pages\/3212\/revisions\/4931"}],"wp:attachment":[{"href":"https:\/\/sites.ac-nancy-metz.fr\/arts-plastiques\/wp-json\/wp\/v2\/media?parent=3212"}],"curies":[{"name":"wp","href":"https:\/\/api.w.org\/{rel}","templated":true}]}}