{"id":3861,"date":"2021-04-01T18:28:35","date_gmt":"2021-04-01T16:28:35","guid":{"rendered":"https:\/\/sites.ac-nancy-metz.fr\/arts-plastiques\/?page_id=3861"},"modified":"2021-11-29T09:54:58","modified_gmt":"2021-11-29T08:54:58","slug":"la-verbalisation","status":"publish","type":"page","link":"https:\/\/sites.ac-nancy-metz.fr\/arts-plastiques\/la-verbalisation\/","title":{"rendered":"La verbalisation"},"content":{"rendered":"\n<p><em>Peut-\u00eatre mais en fait, c&rsquo;est la parole dite qui m&rsquo;int\u00e9resse. J&rsquo;ai fait beaucoup d&rsquo;entretiens dans ma vie, je n&rsquo;ai \u00e9crit pratiquement aucun texte th\u00e9orique. C&rsquo;est l&rsquo;oralit\u00e9 qui m&rsquo;importe. J&rsquo;ai vraiment tout appris par l&rsquo;oral. <\/em>Christian BOLTANSKI, <em>Faire son temp<\/em>s, 2019.<\/p>\n\n\n\n<div data-wp-interactive=\"core\/file\" class=\"wp-block-file\"><object data-wp-bind--hidden=\"!state.hasPdfPreview\" hidden class=\"wp-block-file__embed\" data=\"https:\/\/sites.ac-nancy-metz.fr\/arts-plastiques\/wp-content\/uploads\/Les-formes-des-verbalisations-3.pdf\" type=\"application\/pdf\" style=\"width:100%;height:600px\" aria-label=\"Contenu embarqu\u00e9 Contenu embarqu\u00e9 Les-formes-des-verbalisations..\"><\/object><a href=\"https:\/\/sites.ac-nancy-metz.fr\/arts-plastiques\/wp-content\/uploads\/Les-formes-des-verbalisations-3.pdf\">Les-formes-des-verbalisations<\/a><a href=\"https:\/\/sites.ac-nancy-metz.fr\/arts-plastiques\/wp-content\/uploads\/Les-formes-des-verbalisations-3.pdf\" class=\"wp-block-file__button\" download>T\u00e9l\u00e9charger<\/a><\/div>\n\n\n\n<p class=\"has-text-align-center has-small-font-size\">Ressources : Marie ROUSSEAU, IA-IPR Arts plastiques Inspectrice d\u2019Acad\u00e9mie \u2013 Inspectrice P\u00e9dagogique R\u00e9gionale<\/p>\n\n\n\n<div class=\"wp-block-columns is-layout-flex wp-container-core-columns-is-layout-9d6595d7 wp-block-columns-is-layout-flex\">\n<div class=\"wp-block-column is-layout-flow wp-block-column-is-layout-flow\">\n<figure class=\"wp-block-image size-large is-resized\"><img decoding=\"async\" src=\"https:\/\/sites.ac-nancy-metz.fr\/arts-plastiques\/wp-content\/uploads\/Capture-decran-2021-05-11-a-15.51.42.png\" alt=\"\" class=\"wp-image-4575\" width=\"150\" height=\"150\" srcset=\"https:\/\/sites.ac-nancy-metz.fr\/arts-plastiques\/wp-content\/uploads\/Capture-decran-2021-05-11-a-15.51.42-150x150.png 150w, https:\/\/sites.ac-nancy-metz.fr\/arts-plastiques\/wp-content\/uploads\/Capture-decran-2021-05-11-a-15.51.42-100x100.png 100w\" sizes=\"(max-width: 150px) 100vw, 150px\" \/><figcaption>Dire le faire : verbalisation de la pratique plastique<\/figcaption><\/figure>\n\n\n\n<figure class=\"wp-block-image size-thumbnail\"><a href=\"https:\/\/sites.ac-nancy-metz.fr\/arts-plastiques\/les-mots-les-ecrits-les-paroles-dans-les-pratiques-artistiques\/\"><img decoding=\"async\" width=\"150\" height=\"150\" src=\"https:\/\/sites.ac-nancy-metz.fr\/arts-plastiques\/wp-content\/uploads\/Capture-decran-2021-05-11-a-14.58.32-150x150.png\" alt=\"\" class=\"wp-image-4570\" srcset=\"https:\/\/sites.ac-nancy-metz.fr\/arts-plastiques\/wp-content\/uploads\/Capture-decran-2021-05-11-a-14.58.32-150x150.png 150w, https:\/\/sites.ac-nancy-metz.fr\/arts-plastiques\/wp-content\/uploads\/Capture-decran-2021-05-11-a-14.58.32-100x100.png 100w\" sizes=\"(max-width: 150px) 100vw, 150px\" \/><\/a><figcaption>Les mots, les \u00e9crits, les paroles dans les pratiques artistiques<\/figcaption><\/figure>\n<\/div>\n\n\n\n<div class=\"wp-block-column is-layout-flow wp-block-column-is-layout-flow\">\n<figure class=\"wp-block-image size-thumbnail\"><a href=\"https:\/\/sites.ac-nancy-metz.fr\/arts-plastiques\/exprimer-lexperience-sensible-des-oeuvres\/\"><img decoding=\"async\" width=\"150\" height=\"150\" src=\"https:\/\/sites.ac-nancy-metz.fr\/arts-plastiques\/wp-content\/uploads\/Capture-decran-2021-05-11-a-14.56.52-1-150x150.png\" alt=\"\" class=\"wp-image-4577\" srcset=\"https:\/\/sites.ac-nancy-metz.fr\/arts-plastiques\/wp-content\/uploads\/Capture-decran-2021-05-11-a-14.56.52-1-150x150.png 150w, https:\/\/sites.ac-nancy-metz.fr\/arts-plastiques\/wp-content\/uploads\/Capture-decran-2021-05-11-a-14.56.52-1-100x100.png 100w\" sizes=\"(max-width: 150px) 100vw, 150px\" \/><\/a><figcaption>Exprimer l&rsquo;exp\u00e9rience sensible des oeuvres<\/figcaption><\/figure>\n\n\n\n<div class=\"wp-block-image\"><figure class=\"aligncenter size-thumbnail\"><a href=\"https:\/\/sites.ac-nancy-metz.fr\/arts-plastiques\/loral-en-arts-plastiques\/\"><img loading=\"lazy\" decoding=\"async\" width=\"150\" height=\"150\" src=\"https:\/\/sites.ac-nancy-metz.fr\/arts-plastiques\/wp-content\/uploads\/Capture-decran-2021-05-11-a-14.58.42-150x150.png\" alt=\"\" class=\"wp-image-4571\" srcset=\"https:\/\/sites.ac-nancy-metz.fr\/arts-plastiques\/wp-content\/uploads\/Capture-decran-2021-05-11-a-14.58.42-150x150.png 150w, https:\/\/sites.ac-nancy-metz.fr\/arts-plastiques\/wp-content\/uploads\/Capture-decran-2021-05-11-a-14.58.42-100x100.png 100w\" sizes=\"(max-width: 150px) 100vw, 150px\" \/><\/a><figcaption>L&rsquo;oral en arts plastiques<\/figcaption><\/figure><\/div>\n<\/div>\n\n\n\n<div class=\"wp-block-column is-layout-flow wp-block-column-is-layout-flow\">\n<figure class=\"wp-block-image size-thumbnail\"><a href=\"https:\/\/sites.ac-nancy-metz.fr\/arts-plastiques\/la-verbalisation-en-didactique-des-arts-plastiques\/\"><img loading=\"lazy\" decoding=\"async\" width=\"150\" height=\"150\" src=\"https:\/\/sites.ac-nancy-metz.fr\/arts-plastiques\/wp-content\/uploads\/Capture-decran-2021-05-11-a-14.57.09-150x150.png\" alt=\"\" class=\"wp-image-4569\" srcset=\"https:\/\/sites.ac-nancy-metz.fr\/arts-plastiques\/wp-content\/uploads\/Capture-decran-2021-05-11-a-14.57.09-150x150.png 150w, https:\/\/sites.ac-nancy-metz.fr\/arts-plastiques\/wp-content\/uploads\/Capture-decran-2021-05-11-a-14.57.09-100x100.png 100w\" sizes=\"(max-width: 150px) 100vw, 150px\" \/><\/a><figcaption>La verbalisation en didactique des arts plastiques<\/figcaption><\/figure>\n\n\n\n<figure class=\"wp-block-image size-thumbnail\"><a href=\"https:\/\/sites.ac-nancy-metz.fr\/arts-plastiques\/lentretien-dexplicitation\/\"><img loading=\"lazy\" decoding=\"async\" width=\"150\" height=\"150\" src=\"https:\/\/sites.ac-nancy-metz.fr\/arts-plastiques\/wp-content\/uploads\/Capture-decran-2021-05-11-a-14.58.51-150x150.png\" alt=\"\" class=\"wp-image-4572\" srcset=\"https:\/\/sites.ac-nancy-metz.fr\/arts-plastiques\/wp-content\/uploads\/Capture-decran-2021-05-11-a-14.58.51-150x150.png 150w, https:\/\/sites.ac-nancy-metz.fr\/arts-plastiques\/wp-content\/uploads\/Capture-decran-2021-05-11-a-14.58.51-100x100.png 100w\" sizes=\"(max-width: 150px) 100vw, 150px\" \/><\/a><figcaption>L&rsquo;entretien d&rsquo;explicitation<\/figcaption><\/figure>\n<\/div>\n<\/div>\n","protected":false},"excerpt":{"rendered":"<p>Peut-\u00eatre mais en fait, c&rsquo;est la parole dite qui m&rsquo;int\u00e9resse. J&rsquo;ai fait beaucoup d&rsquo;entretiens dans ma vie, je n&rsquo;ai \u00e9crit pratiquement aucun texte th\u00e9orique. C&rsquo;est l&rsquo;oralit\u00e9&#8230;<\/p>\n","protected":false},"author":2,"featured_media":0,"parent":0,"menu_order":0,"comment_status":"closed","ping_status":"closed","template":"","meta":{"footnotes":""},"class_list":["post-3861","page","type-page","status-publish","hentry"],"_links":{"self":[{"href":"https:\/\/sites.ac-nancy-metz.fr\/arts-plastiques\/wp-json\/wp\/v2\/pages\/3861","targetHints":{"allow":["GET"]}}],"collection":[{"href":"https:\/\/sites.ac-nancy-metz.fr\/arts-plastiques\/wp-json\/wp\/v2\/pages"}],"about":[{"href":"https:\/\/sites.ac-nancy-metz.fr\/arts-plastiques\/wp-json\/wp\/v2\/types\/page"}],"author":[{"embeddable":true,"href":"https:\/\/sites.ac-nancy-metz.fr\/arts-plastiques\/wp-json\/wp\/v2\/users\/2"}],"replies":[{"embeddable":true,"href":"https:\/\/sites.ac-nancy-metz.fr\/arts-plastiques\/wp-json\/wp\/v2\/comments?post=3861"}],"version-history":[{"count":33,"href":"https:\/\/sites.ac-nancy-metz.fr\/arts-plastiques\/wp-json\/wp\/v2\/pages\/3861\/revisions"}],"predecessor-version":[{"id":6377,"href":"https:\/\/sites.ac-nancy-metz.fr\/arts-plastiques\/wp-json\/wp\/v2\/pages\/3861\/revisions\/6377"}],"wp:attachment":[{"href":"https:\/\/sites.ac-nancy-metz.fr\/arts-plastiques\/wp-json\/wp\/v2\/media?parent=3861"}],"curies":[{"name":"wp","href":"https:\/\/api.w.org\/{rel}","templated":true}]}}