{"id":3914,"date":"2021-04-06T15:51:16","date_gmt":"2021-04-06T13:51:16","guid":{"rendered":"https:\/\/sites.ac-nancy-metz.fr\/arts-plastiques\/?page_id=3914"},"modified":"2022-10-18T14:52:19","modified_gmt":"2022-10-18T12:52:19","slug":"evaluation-des-competences-disciplinaires","status":"publish","type":"page","link":"https:\/\/sites.ac-nancy-metz.fr\/arts-plastiques\/evaluation-des-competences-disciplinaires\/","title":{"rendered":"Evaluation des comp\u00e9tences disciplinaires"},"content":{"rendered":"\n<h2 class=\"wp-block-heading\">Comp\u00e9tences travaill\u00e9es en arts plastiques<\/h2>\n\n\n\n<div class=\"wp-block-columns is-layout-flex wp-container-core-columns-is-layout-9d6595d7 wp-block-columns-is-layout-flex\">\n<div class=\"wp-block-column is-layout-flow wp-block-column-is-layout-flow\">\n<figure class=\"wp-block-image size-full\"><a href=\"https:\/\/sites.ac-nancy-metz.fr\/arts-plastiques\/wp-content\/uploads\/Competences-CYCLE-3F.pdf\"><img fetchpriority=\"high\" decoding=\"async\" width=\"460\" height=\"654\" src=\"https:\/\/sites.ac-nancy-metz.fr\/arts-plastiques\/wp-content\/uploads\/Capture-decran-2022-10-18-a-11.26.43.png\" alt=\"\" class=\"wp-image-8817\" srcset=\"https:\/\/sites.ac-nancy-metz.fr\/arts-plastiques\/wp-content\/uploads\/Capture-decran-2022-10-18-a-11.26.43.png 460w, https:\/\/sites.ac-nancy-metz.fr\/arts-plastiques\/wp-content\/uploads\/Capture-decran-2022-10-18-a-11.26.43-211x300.png 211w\" sizes=\"(max-width: 460px) 100vw, 460px\" \/><\/a><\/figure>\n<\/div>\n\n\n\n<div class=\"wp-block-column is-layout-flow wp-block-column-is-layout-flow\">\n<figure class=\"wp-block-image size-full\"><a href=\"https:\/\/sites.ac-nancy-metz.fr\/arts-plastiques\/wp-content\/uploads\/Competences-CYCLE-4F.pdf\"><img decoding=\"async\" width=\"461\" height=\"653\" src=\"https:\/\/sites.ac-nancy-metz.fr\/arts-plastiques\/wp-content\/uploads\/Capture-decran-2022-10-18-a-11.26.29.png\" alt=\"\" class=\"wp-image-8818\" srcset=\"https:\/\/sites.ac-nancy-metz.fr\/arts-plastiques\/wp-content\/uploads\/Capture-decran-2022-10-18-a-11.26.29.png 461w, https:\/\/sites.ac-nancy-metz.fr\/arts-plastiques\/wp-content\/uploads\/Capture-decran-2022-10-18-a-11.26.29-212x300.png 212w\" sizes=\"(max-width: 461px) 100vw, 461px\" \/><\/a><\/figure>\n<\/div>\n<\/div>\n\n\n\n<div style=\"width: 100%;\"><div style=\"position: relative; padding-bottom: 56.25%; padding-top: 0; height: 0;\"><iframe frameborder=\"0\" width=\"1200px\" height=\"675px\" style=\"position: absolute; top: 0; left: 0; width: 100%; height: 100%;\" src=\"https:\/\/view.genial.ly\/61a3a2e168ef900d6781b946\" type=\"text\/html\" allowscriptaccess=\"always\" allowfullscreen=\"true\" scrolling=\"yes\" allownetworking=\"all\"><\/iframe> <\/div> <\/div>\n\n\n\n<figure><iframe width=\"1200px\" height=\"675px\" src=\"https:\/\/view.genial.ly\/6064ebeb026e560ce9832223\" allowfullscreen=\"true\"><\/iframe><\/figure>\n\n\n\n<p><strong>Connaissez-vous bien les comp\u00e9tences en arts plastiques?<\/strong><\/p>\n\n\n\n<figure><iframe src=\"https:\/\/wordwall.net\/fr\/embed\/096bebe6659c42b1841b24935c1ce285?themeId=3&amp;templateId=5\" width=\"500\" height=\"380\" allowfullscreen=\"\"><\/iframe><\/figure>\n\n\n\n<figure><iframe src=\"https:\/\/wordwall.net\/fr\/embed\/15aead05de574e1ebb5fb96da4e4e4a3?themeId=1&amp;templateId=37\" width=\"500\" height=\"380\" allowfullscreen=\"\"><\/iframe><\/figure>\n\n\n\n<figure><iframe src=\"https:\/\/wordwall.net\/fr\/embed\/67f8f75a29834447affc3ec6cc0e27ed?themeId=4&amp;templateId=2\" width=\"500\" height=\"380\" allowfullscreen=\"\"><\/iframe><\/figure>\n\n\n\n<p><strong>Des supports pour \u00e9valuer les comp\u00e9tences en arts plastiques en croisant auto\u00e9valuation et \u00e9valuation r\u00e9flexive :<\/strong><\/p>\n\n\n\n<ul class=\"wp-block-list\"><li><strong>Cycle 3 :<\/strong><\/li><\/ul>\n\n\n<div class=\"wp-block-image\">\n<figure class=\"aligncenter is-resized\"><a href=\"https:\/\/www.quiziniere.com\/#\/Exercice\/BY68A6\"><img decoding=\"async\" src=\"https:\/\/sites.ac-nancy-metz.fr\/arts-plastiques\/wp-content\/uploads\/capture-decran-2021-04-08-a-21-51-27.png\" alt=\"\" class=\"wp-image-4119\" width=\"522\" height=\"221\" srcset=\"https:\/\/sites.ac-nancy-metz.fr\/arts-plastiques\/wp-content\/uploads\/capture-decran-2021-04-08-a-21-51-27.png 1010w, https:\/\/sites.ac-nancy-metz.fr\/arts-plastiques\/wp-content\/uploads\/capture-decran-2021-04-08-a-21-51-27-300x127.png 300w, https:\/\/sites.ac-nancy-metz.fr\/arts-plastiques\/wp-content\/uploads\/capture-decran-2021-04-08-a-21-51-27-768x326.png 768w\" sizes=\"(max-width: 522px) 100vw, 522px\" \/><\/a><\/figure>\n<\/div>\n\n\n<ul class=\"wp-block-list\"><li><strong>Cycle 4 :<\/strong><\/li><\/ul>\n\n\n<div class=\"wp-block-image\">\n<figure class=\"aligncenter is-resized\"><a href=\"https:\/\/www.quiziniere.com\/#\/Exercice\/GKR863\"><img loading=\"lazy\" decoding=\"async\" src=\"https:\/\/sites.ac-nancy-metz.fr\/arts-plastiques\/wp-content\/uploads\/capture-decran-2021-04-08-a-22-32-12-1024x396.png\" alt=\"\" class=\"wp-image-4126\" width=\"512\" height=\"198\" srcset=\"https:\/\/sites.ac-nancy-metz.fr\/arts-plastiques\/wp-content\/uploads\/capture-decran-2021-04-08-a-22-32-12-1024x396.png 1024w, https:\/\/sites.ac-nancy-metz.fr\/arts-plastiques\/wp-content\/uploads\/capture-decran-2021-04-08-a-22-32-12-300x116.png 300w, https:\/\/sites.ac-nancy-metz.fr\/arts-plastiques\/wp-content\/uploads\/capture-decran-2021-04-08-a-22-32-12-768x297.png 768w, https:\/\/sites.ac-nancy-metz.fr\/arts-plastiques\/wp-content\/uploads\/capture-decran-2021-04-08-a-22-32-12.png 1215w\" sizes=\"(max-width: 512px) 100vw, 512px\" \/><\/a><\/figure>\n<\/div>\n\n\n<ul class=\"wp-block-list\"><li><strong>Lyc\u00e9e :<\/strong><\/li><\/ul>\n\n\n<div class=\"wp-block-image\">\n<figure class=\"aligncenter is-resized\"><a href=\"https:\/\/www.quiziniere.com\/#\/Exercice\/X4KYOA\"><img loading=\"lazy\" decoding=\"async\" src=\"https:\/\/sites.ac-nancy-metz.fr\/arts-plastiques\/wp-content\/uploads\/capture-decran-2021-04-08-a-22-45-42-1024x250.png\" alt=\"\" class=\"wp-image-4129\" width=\"554\" height=\"135\" srcset=\"https:\/\/sites.ac-nancy-metz.fr\/arts-plastiques\/wp-content\/uploads\/capture-decran-2021-04-08-a-22-45-42-1024x250.png 1024w, https:\/\/sites.ac-nancy-metz.fr\/arts-plastiques\/wp-content\/uploads\/capture-decran-2021-04-08-a-22-45-42-300x73.png 300w, https:\/\/sites.ac-nancy-metz.fr\/arts-plastiques\/wp-content\/uploads\/capture-decran-2021-04-08-a-22-45-42-768x187.png 768w, https:\/\/sites.ac-nancy-metz.fr\/arts-plastiques\/wp-content\/uploads\/capture-decran-2021-04-08-a-22-45-42.png 1214w\" sizes=\"(max-width: 554px) 100vw, 554px\" \/><\/a><\/figure>\n<\/div>","protected":false},"excerpt":{"rendered":"<p>Comp\u00e9tences travaill\u00e9es en arts plastiques Connaissez-vous bien les comp\u00e9tences en arts plastiques? Des supports pour \u00e9valuer les comp\u00e9tences en arts plastiques en croisant auto\u00e9valuation et \u00e9valuation&#8230;<\/p>\n","protected":false},"author":2,"featured_media":0,"parent":0,"menu_order":0,"comment_status":"closed","ping_status":"closed","template":"","meta":{"footnotes":""},"class_list":["post-3914","page","type-page","status-publish","hentry"],"_links":{"self":[{"href":"https:\/\/sites.ac-nancy-metz.fr\/arts-plastiques\/wp-json\/wp\/v2\/pages\/3914","targetHints":{"allow":["GET"]}}],"collection":[{"href":"https:\/\/sites.ac-nancy-metz.fr\/arts-plastiques\/wp-json\/wp\/v2\/pages"}],"about":[{"href":"https:\/\/sites.ac-nancy-metz.fr\/arts-plastiques\/wp-json\/wp\/v2\/types\/page"}],"author":[{"embeddable":true,"href":"https:\/\/sites.ac-nancy-metz.fr\/arts-plastiques\/wp-json\/wp\/v2\/users\/2"}],"replies":[{"embeddable":true,"href":"https:\/\/sites.ac-nancy-metz.fr\/arts-plastiques\/wp-json\/wp\/v2\/comments?post=3914"}],"version-history":[{"count":18,"href":"https:\/\/sites.ac-nancy-metz.fr\/arts-plastiques\/wp-json\/wp\/v2\/pages\/3914\/revisions"}],"predecessor-version":[{"id":8833,"href":"https:\/\/sites.ac-nancy-metz.fr\/arts-plastiques\/wp-json\/wp\/v2\/pages\/3914\/revisions\/8833"}],"wp:attachment":[{"href":"https:\/\/sites.ac-nancy-metz.fr\/arts-plastiques\/wp-json\/wp\/v2\/media?parent=3914"}],"curies":[{"name":"wp","href":"https:\/\/api.w.org\/{rel}","templated":true}]}}