{"id":3918,"date":"2021-04-06T15:55:25","date_gmt":"2021-04-06T13:55:25","guid":{"rendered":"https:\/\/sites.ac-nancy-metz.fr\/arts-plastiques\/?page_id=3918"},"modified":"2021-08-23T00:18:15","modified_gmt":"2021-08-22T22:18:15","slug":"dire-le-faire-verbalisation-de-la-pratique-plastique","status":"publish","type":"page","link":"https:\/\/sites.ac-nancy-metz.fr\/arts-plastiques\/dire-le-faire-verbalisation-de-la-pratique-plastique\/","title":{"rendered":"Dire le faire : verbalisation de la pratique plastique"},"content":{"rendered":"\n<p>Verbaliser en arts plastiques : \u00ab\u00a0L&rsquo;image secr\u00e8te\u00a0\u00bb &#8211; Laurent BRUNEL &#8211; Lyc\u00e9e Georges de la Tour &#8211; Metz<\/p>\n\n\n\n<iframe sandbox=\"allow-same-origin allow-scripts allow-popups\" src=\"https:\/\/videos.ac-nancy-metz.fr\/videos\/embed\/2092a202-01ad-438a-9b9a-28cd1edb08d5\" allowfullscreen=\"\" width=\"560\" height=\"315\" frameborder=\"0\"><\/iframe>\n\n\n\n<p>Verbaliser en arts plastiques : \u00ab\u00a0Le geste graphique\u00a0\u00bb Fr\u00e9d\u00e9ric CARTIER &#8211; Lyc\u00e9e Fr\u00e9d\u00e9ric Chopin &#8211; Nancy<\/p>\n\n\n\n<figure><iframe src=\"https:\/\/videos.ac-nancy-metz.fr\/videos\/embed\/334d104b-3c47-4a30-879a-e06f4398513f\" allowfullscreen=\"\" width=\"560\" height=\"315\"><\/iframe><\/figure>\n\n\n\n<p>Verbaliser en arts plastiques :  Claire TRANZER &#8211; Coll\u00e8ge La Passepierre &#8211; Chateau Salins<\/p>\n\n\n\n<iframe sandbox=\"allow-same-origin allow-scripts allow-popups\" src=\"https:\/\/videos.ac-nancy-metz.fr\/videos\/embed\/f49eea72-4410-4d1b-b527-7e5004abce85\" allowfullscreen=\"\" width=\"560\" height=\"315\" frameborder=\"0\"><\/iframe>\n\n\n\n<iframe sandbox=\"allow-same-origin allow-scripts allow-popups\" src=\"https:\/\/videos.ac-nancy-metz.fr\/videos\/embed\/2ac3b92f-e37a-4fbe-8449-8e7d0f93dedf\" allowfullscreen=\"\" width=\"560\" height=\"315\" frameborder=\"0\"><\/iframe>\n\n\n\n<p>Verbaliser en arts plastiques : Noelle ZIMMERMANN &#8211; Coll\u00e8ge Leodile Bera &#8211; Longlaville<\/p>\n\n\n\n<iframe sandbox=\"allow-same-origin allow-scripts allow-popups\" src=\"https:\/\/videos.ac-nancy-metz.fr\/videos\/embed\/519fd87a-15d5-4b71-a412-791bdbceec17\" allowfullscreen=\"\" width=\"560\" height=\"315\" frameborder=\"0\"><\/iframe>\n\n\n\n<iframe width=\"560\" height=\"315\" sandbox=\"allow-same-origin allow-scripts allow-popups\" src=\"https:\/\/videos.ac-nancy-metz.fr\/videos\/embed\/ff4f2231-0b49-4080-9c93-de9f6d2f2658\" frameborder=\"0\" allowfullscreen=\"\"><\/iframe>\n\n\n\n<iframe width=\"560\" height=\"315\" sandbox=\"allow-same-origin allow-scripts allow-popups\" src=\"https:\/\/videos.ac-nancy-metz.fr\/videos\/embed\/1dbbc9a5-657d-40ec-8579-411fd107b289\" frameborder=\"0\" allowfullscreen=\"\"><\/iframe>\n\n\n\n<p>Verbaliser en arts plastiques Maud VAGEON \u2013 Coll\u00e8ge Lionel Terray \u2013 Aumetz<\/p>\n\n\n\n<div data-wp-interactive=\"core\/file\" class=\"wp-block-file\"><object data-wp-bind--hidden=\"!state.hasPdfPreview\" hidden class=\"wp-block-file__embed\" data=\"https:\/\/sites.ac-nancy-metz.fr\/arts-plastiques\/wp-content\/uploads\/Dire-le-faire.pdf\" type=\"application\/pdf\" style=\"width:100%;height:600px\" aria-label=\"Contenu embarqu\u00e9 Contenu embarqu\u00e9 Dire-le-faire..\"><\/object><a href=\"https:\/\/sites.ac-nancy-metz.fr\/arts-plastiques\/wp-content\/uploads\/Dire-le-faire.pdf\">Dire-le-faire<\/a><a href=\"https:\/\/sites.ac-nancy-metz.fr\/arts-plastiques\/wp-content\/uploads\/Dire-le-faire.pdf\" class=\"wp-block-file__button\" download>T\u00e9l\u00e9charger<\/a><\/div>\n\n\n\n<p><\/p>\n","protected":false},"excerpt":{"rendered":"<p>Verbaliser en arts plastiques : \u00ab\u00a0L&rsquo;image secr\u00e8te\u00a0\u00bb &#8211; Laurent BRUNEL &#8211; Lyc\u00e9e Georges de la Tour &#8211; Metz Verbaliser en arts plastiques : \u00ab\u00a0Le geste graphique\u00a0\u00bb&#8230;<\/p>\n","protected":false},"author":2,"featured_media":0,"parent":0,"menu_order":0,"comment_status":"closed","ping_status":"closed","template":"","meta":{"footnotes":""},"class_list":["post-3918","page","type-page","status-publish","hentry"],"_links":{"self":[{"href":"https:\/\/sites.ac-nancy-metz.fr\/arts-plastiques\/wp-json\/wp\/v2\/pages\/3918","targetHints":{"allow":["GET"]}}],"collection":[{"href":"https:\/\/sites.ac-nancy-metz.fr\/arts-plastiques\/wp-json\/wp\/v2\/pages"}],"about":[{"href":"https:\/\/sites.ac-nancy-metz.fr\/arts-plastiques\/wp-json\/wp\/v2\/types\/page"}],"author":[{"embeddable":true,"href":"https:\/\/sites.ac-nancy-metz.fr\/arts-plastiques\/wp-json\/wp\/v2\/users\/2"}],"replies":[{"embeddable":true,"href":"https:\/\/sites.ac-nancy-metz.fr\/arts-plastiques\/wp-json\/wp\/v2\/comments?post=3918"}],"version-history":[{"count":14,"href":"https:\/\/sites.ac-nancy-metz.fr\/arts-plastiques\/wp-json\/wp\/v2\/pages\/3918\/revisions"}],"predecessor-version":[{"id":5232,"href":"https:\/\/sites.ac-nancy-metz.fr\/arts-plastiques\/wp-json\/wp\/v2\/pages\/3918\/revisions\/5232"}],"wp:attachment":[{"href":"https:\/\/sites.ac-nancy-metz.fr\/arts-plastiques\/wp-json\/wp\/v2\/media?parent=3918"}],"curies":[{"name":"wp","href":"https:\/\/api.w.org\/{rel}","templated":true}]}}