{"id":3920,"date":"2021-04-06T15:55:25","date_gmt":"2021-04-06T13:55:25","guid":{"rendered":"https:\/\/sites.ac-nancy-metz.fr\/arts-plastiques\/?page_id=3920"},"modified":"2021-06-22T13:49:45","modified_gmt":"2021-06-22T11:49:45","slug":"exprimer-lexperience-sensible-des-oeuvres","status":"publish","type":"page","link":"https:\/\/sites.ac-nancy-metz.fr\/arts-plastiques\/exprimer-lexperience-sensible-des-oeuvres\/","title":{"rendered":"Exprimer l&rsquo;exp\u00e9rience sensible des \u0153uvres d&rsquo;art"},"content":{"rendered":"\n<p>Verbaliser en arts plastiques S\u00e9bastien CHAMPION &#8211; Coll\u00e8ge Jacques Pr\u00e9vert &#8211; Bar-le-Duc<\/p>\n\n\n\n<iframe width=\"560\" height=\"315\" sandbox=\"allow-same-origin allow-scripts allow-popups\" src=\"https:\/\/videos.ac-nancy-metz.fr\/videos\/embed\/2edc11d3-a89f-460b-804c-78b3ac7232e0\" frameborder=\"0\" allowfullscreen=\"\"><\/iframe>\n\n\n\n<p>Verbaliser en arts plastiques Maud VAGEON &#8211; Coll\u00e8ge Lionel Terray &#8211; Aumetz<\/p>\n\n\n\n<div style=\"width: 100%;\"><div style=\"position: relative; padding-bottom: 56.25%; padding-top: 0; height: 0;\"><iframe frameborder=\"0\" width=\"1200px\" height=\"675px\" style=\"position: absolute; top: 0; left: 0; width: 100%; height: 100%;\" src=\"https:\/\/view.genial.ly\/60bfb62e385c9c0d4d94b08e\" type=\"text\/html\" allowscriptaccess=\"always\" allowfullscreen=\"true\" scrolling=\"yes\" allownetworking=\"all\"><\/iframe> <\/div> <\/div>\n\n\n\n<p><\/p>\n\n\n\n<p>Verbaliser en arts plastiques Catherine MAZURIER &#8211; Coll\u00e8ge Maurice Barres &#8211; Charmes<\/p>\n\n\n\n<iframe width=\"560\" height=\"315\" sandbox=\"allow-same-origin allow-scripts allow-popups\" src=\"https:\/\/videos.ac-nancy-metz.fr\/videos\/embed\/a6a70ffe-409c-4f2c-959f-9845ed8202fe\" frameborder=\"0\" allowfullscreen=\"\"><\/iframe>\n\n\n\n<p>Verbaliser en arts plastiques Corinne BOURDENET-VICAIRE &#8211; Lyc\u00e9e de La Communication &#8211; Metz<\/p>\n\n\n\n<iframe width=\"560\" height=\"315\" src=\"https:\/\/www.youtube.com\/embed\/xOBJynWnCXY\" title=\"YouTube video player\" frameborder=\"0\" allow=\"accelerometer; autoplay; clipboard-write; encrypted-media; gyroscope; picture-in-picture\" allowfullscreen=\"\"><\/iframe>\n\n\n\n<iframe width=\"560\" height=\"315\" src=\"https:\/\/www.youtube.com\/embed\/RyZ36rj3kQM\" title=\"YouTube video player\" frameborder=\"0\" allow=\"accelerometer; autoplay; clipboard-write; encrypted-media; gyroscope; picture-in-picture\" allowfullscreen=\"\"><\/iframe>\n","protected":false},"excerpt":{"rendered":"<p>Verbaliser en arts plastiques S\u00e9bastien CHAMPION &#8211; Coll\u00e8ge Jacques Pr\u00e9vert &#8211; Bar-le-Duc Verbaliser en arts plastiques Maud VAGEON &#8211; Coll\u00e8ge Lionel Terray &#8211; Aumetz Verbaliser en&#8230;<\/p>\n","protected":false},"author":2,"featured_media":0,"parent":0,"menu_order":0,"comment_status":"closed","ping_status":"closed","template":"","meta":{"footnotes":""},"class_list":["post-3920","page","type-page","status-publish","hentry"],"_links":{"self":[{"href":"https:\/\/sites.ac-nancy-metz.fr\/arts-plastiques\/wp-json\/wp\/v2\/pages\/3920","targetHints":{"allow":["GET"]}}],"collection":[{"href":"https:\/\/sites.ac-nancy-metz.fr\/arts-plastiques\/wp-json\/wp\/v2\/pages"}],"about":[{"href":"https:\/\/sites.ac-nancy-metz.fr\/arts-plastiques\/wp-json\/wp\/v2\/types\/page"}],"author":[{"embeddable":true,"href":"https:\/\/sites.ac-nancy-metz.fr\/arts-plastiques\/wp-json\/wp\/v2\/users\/2"}],"replies":[{"embeddable":true,"href":"https:\/\/sites.ac-nancy-metz.fr\/arts-plastiques\/wp-json\/wp\/v2\/comments?post=3920"}],"version-history":[{"count":9,"href":"https:\/\/sites.ac-nancy-metz.fr\/arts-plastiques\/wp-json\/wp\/v2\/pages\/3920\/revisions"}],"predecessor-version":[{"id":4934,"href":"https:\/\/sites.ac-nancy-metz.fr\/arts-plastiques\/wp-json\/wp\/v2\/pages\/3920\/revisions\/4934"}],"wp:attachment":[{"href":"https:\/\/sites.ac-nancy-metz.fr\/arts-plastiques\/wp-json\/wp\/v2\/media?parent=3920"}],"curies":[{"name":"wp","href":"https:\/\/api.w.org\/{rel}","templated":true}]}}