{"id":3921,"date":"2021-04-06T15:55:25","date_gmt":"2021-04-06T13:55:25","guid":{"rendered":"https:\/\/sites.ac-nancy-metz.fr\/arts-plastiques\/?page_id=3921"},"modified":"2021-06-14T23:36:37","modified_gmt":"2021-06-14T21:36:37","slug":"la-verbalisation-en-didactique-des-arts-plastiques","status":"publish","type":"page","link":"https:\/\/sites.ac-nancy-metz.fr\/arts-plastiques\/la-verbalisation-en-didactique-des-arts-plastiques\/","title":{"rendered":"La verbalisation en didactique des arts plastiques : paroles de formateurs"},"content":{"rendered":"\n<p>Verbaliser en arts plastiques : Laurent BRUNEL, Formateur Acad\u00e9mique, Arts plastiques<\/p>\n\n\n\n<iframe width=\"560\" height=\"315\" sandbox=\"allow-same-origin allow-scripts allow-popups\" src=\"https:\/\/videos.ac-nancy-metz.fr\/videos\/embed\/96ce5938-dc96-41dd-ac3a-a7e5f24e664e\" frameborder=\"0\" allowfullscreen=\"\"><\/iframe>\n\n\n\n<p>Verbaliser en arts plastiques : B\u00e9atrice HURPEAU, Formatrice Acad\u00e9mique, Arts plastiques<\/p>\n\n\n\n<iframe width=\"560\" height=\"315\" sandbox=\"allow-same-origin allow-scripts allow-popups\" src=\"https:\/\/videos.ac-nancy-metz.fr\/videos\/embed\/f553723c-9a99-4c31-b55b-caf651dc90f5\" frameborder=\"0\" allowfullscreen=\"\"><\/iframe>\n\n\n\n<p>Verbaliser en arts plastiques : S\u00e9verine ALTMAYER, Formatrice Acad\u00e9mique, Arts plastiques<\/p>\n\n\n\n<div style=\"width: 100%;\"><div style=\"position: relative; padding-bottom: 56.25%; padding-top: 0; height: 0;\"><iframe frameborder=\"0\" width=\"1200px\" height=\"675px\" style=\"position: absolute; top: 0; left: 0; width: 100%; height: 100%;\" src=\"https:\/\/view.genial.ly\/606f380b69b48f0d18cbbf38\" type=\"text\/html\" allowscriptaccess=\"always\" allowfullscreen=\"true\" scrolling=\"yes\" allownetworking=\"all\"><\/iframe> <\/div> <\/div>\n\n\n\n<figure><iframe width=\"560\" height=\"315\" src=\"https:\/\/videos.ac-nancy-metz.fr\/videos\/embed\/63a4d0e8-bf88-40a9-af38-babe85452f92\" allowfullscreen=\"\"><\/iframe><\/figure>\n\n\n\n<p>Verbaliser en arts plastiques : Corinne BOURDENET-VICAIRE, Formatrice Acad\u00e9mique, Arts plastiques<\/p>\n\n\n\n<pre class=\"wp-block-code\"><code><pre class=\"wp-block-code\"><code><figure><iframe width=\"560\" height=\"315\" sandbox=\"allow-same-origin allow-scripts allow-popups\" src=\"https:\/\/videos.ac-nancy-metz.fr\/videos\/embed\/6f28c5b1-9e53-402d-8526-70200d723769\" frameborder=\"0\" allowfullscreen=\"\">&amp;lt;\/iframe&gt;&lt;figure&gt;&lt;\/code&gt;&lt;\/pre&gt;&lt;\/code&gt;&lt;\/pre&gt;<\/iframe><\/figure><\/code><\/pre><\/code><\/pre>\n\n\n\n<iframe src=\"https:\/\/prezi.com\/embed\/cffs4jn-yrpu\/?bgcolor=ffffff&amp;lock_to_path=0&amp;autoplay=0&amp;autohide_ctrls=0&amp;landing_data=bHVZZmNaNDBIWnNjdEVENDRhZDFNZGNIUE1IYVVibURGWnRPYzFVWVA4UnYwYVpCSzdRUjR6U3FKTGFWamdTTm5sTT0&amp;landing_sign=SYKZcgWH9rTuUBXkT5pUFJF9TYwT4PPD0Lupf-O9AIU\" allowfullscreen=\"\" mozallowfullscreen=\"\" webkitallowfullscreen=\"\" id=\"iframe_container\" frameborder=\"0\" height=\"400\" width=\"80%\"><\/iframe>\n\n\n\n<p>Verbaliser en arts plastiques : Corinne SEYLAT, Formatrice Acad\u00e9mique, Arts plastiques<\/p>\n\n\n\n<figure><iframe width=\"560\" height=\"315\" src=\"https:\/\/videos.ac-nancy-metz.fr\/videos\/embed\/bde57be5-2bea-412e-936c-a2d25c736b83\" allowfullscreen=\"\"><\/iframe><\/figure>\n\n\n\n<figure class=\"wp-block-audio\"><audio controls src=\"https:\/\/sites.ac-nancy-metz.fr\/arts-plastiques\/wp-content\/uploads\/verbalisation-corinne-seylat-pierre-messmer.mp3\"><\/audio><\/figure>\n\n\n\n<p>Verbaliser en arts plastiques : J\u00e9r\u00e9my LOPEZ, Formateur Acad\u00e9mique, Arts plastiques<\/p>\n\n\n\n<figure><iframe width=\"560\" height=\"315\" src=\"https:\/\/videos.ac-nancy-metz.fr\/videos\/embed\/36fac3d4-2268-4f88-933b-86216e0d4758\" allowfullscreen=\"\"><\/iframe><\/figure>\n\n\n\n<p>Verbaliser en arts plastiques : Elisabeth MOUREY, Formatrice Acad\u00e9mique, Arts plastiques<\/p>\n\n\n\n<figure><iframe width=\"560\" height=\"315\" src=\"https:\/\/videos.ac-nancy-metz.fr\/videos\/embed\/04653a54-917e-45d5-9659-b3c9f9a28ec6\" allowfullscreen=\"\"><\/iframe><\/figure>\n\n\n\n<p>Verbaliser en arts plastiques : C\u00e9line MAADINI, Formatrice Acad\u00e9mique, Arts plastiques<\/p>\n\n\n\n<figure><iframe width=\"560\" height=\"315\" src=\"https:\/\/videos.ac-nancy-metz.fr\/videos\/embed\/f4153852-7322-4642-a718-0bbf9e48ac41\" allowfullscreen=\"\"><\/iframe><\/figure>\n\n\n\n<p>Verbaliser en arts plastiques : Michel HOUPERT, Formateur Acad\u00e9mique, Arts plastiques<\/p>\n\n\n\n<figure><iframe width=\"560\" height=\"315\" src=\"https:\/\/videos.ac-nancy-metz.fr\/videos\/embed\/4cbfdc70-2a12-4d5d-8119-f88cd50fc963\" allowfullscreen=\"\"><\/iframe><\/figure>\n\n\n\n<p>Verbaliser en arts plastiques : S\u00e9bastien CHAMPION, Formateur Acad\u00e9mique, Arts plastiques<\/p>\n\n\n\n<figure><iframe width=\"560\" height=\"315\" src=\"https:\/\/videos.ac-nancy-metz.fr\/videos\/embed\/62ed4e32-0df0-4e4d-83bd-14a0e2526b36\" allowfullscreen=\"\"><\/iframe><\/figure>\n\n\n\n<p>Verbaliser en arts plastiques : Maud VAGEON, Formatrice Acad\u00e9mique, Arts plastiques<\/p>\n\n\n\n<figure><iframe width=\"560\" height=\"315\" src=\"https:\/\/videos.ac-nancy-metz.fr\/videos\/embed\/1ddd7651-5cc6-4129-9f2d-c34cec741852\" allowfullscreen=\"\"><\/iframe><\/figure>\n\n\n\n<p>Verbaliser en arts plastiques : Virginie DUVAL-WINGEL, Formatrice Acad\u00e9mique, Arts plastiques<\/p>\n\n\n\n<figure><iframe width=\"560\" height=\"315\" src=\"https:\/\/videos.ac-nancy-metz.fr\/videos\/embed\/5b8931ce-acfd-4066-af1a-662d9bbf58a4\" allowfullscreen=\"\"><\/iframe><\/figure>\n\n\n\n<p>Verbaliser en arts plastiques : Fr\u00e9d\u00e9ric CARTIER, Formateur Acad\u00e9mique, Arts plastiques<\/p>\n\n\n\n<figure><iframe width=\"560\" height=\"315\" src=\"https:\/\/videos.ac-nancy-metz.fr\/videos\/embed\/334d104b-3c47-4a30-879a-e06f4398513f\" allowfullscreen=\"\"><\/iframe><\/figure>\n","protected":false},"excerpt":{"rendered":"<p>Verbaliser en arts plastiques : Laurent BRUNEL, Formateur Acad\u00e9mique, Arts plastiques Verbaliser en arts plastiques : B\u00e9atrice HURPEAU, Formatrice Acad\u00e9mique, Arts plastiques Verbaliser en arts plastiques&#8230;<\/p>\n","protected":false},"author":2,"featured_media":0,"parent":0,"menu_order":0,"comment_status":"closed","ping_status":"closed","template":"","meta":{"footnotes":""},"class_list":["post-3921","page","type-page","status-publish","hentry"],"_links":{"self":[{"href":"https:\/\/sites.ac-nancy-metz.fr\/arts-plastiques\/wp-json\/wp\/v2\/pages\/3921","targetHints":{"allow":["GET"]}}],"collection":[{"href":"https:\/\/sites.ac-nancy-metz.fr\/arts-plastiques\/wp-json\/wp\/v2\/pages"}],"about":[{"href":"https:\/\/sites.ac-nancy-metz.fr\/arts-plastiques\/wp-json\/wp\/v2\/types\/page"}],"author":[{"embeddable":true,"href":"https:\/\/sites.ac-nancy-metz.fr\/arts-plastiques\/wp-json\/wp\/v2\/users\/2"}],"replies":[{"embeddable":true,"href":"https:\/\/sites.ac-nancy-metz.fr\/arts-plastiques\/wp-json\/wp\/v2\/comments?post=3921"}],"version-history":[{"count":31,"href":"https:\/\/sites.ac-nancy-metz.fr\/arts-plastiques\/wp-json\/wp\/v2\/pages\/3921\/revisions"}],"predecessor-version":[{"id":4813,"href":"https:\/\/sites.ac-nancy-metz.fr\/arts-plastiques\/wp-json\/wp\/v2\/pages\/3921\/revisions\/4813"}],"wp:attachment":[{"href":"https:\/\/sites.ac-nancy-metz.fr\/arts-plastiques\/wp-json\/wp\/v2\/media?parent=3921"}],"curies":[{"name":"wp","href":"https:\/\/api.w.org\/{rel}","templated":true}]}}