{"id":4010,"date":"2021-04-07T12:11:01","date_gmt":"2021-04-07T10:11:01","guid":{"rendered":"https:\/\/sites.ac-nancy-metz.fr\/arts-plastiques\/?page_id=4010"},"modified":"2024-03-11T13:04:51","modified_gmt":"2024-03-11T12:04:51","slug":"ressources-didactiques-en-enseignement-optionnel","status":"publish","type":"page","link":"https:\/\/sites.ac-nancy-metz.fr\/arts-plastiques\/ressources-didactiques-en-enseignement-optionnel\/","title":{"rendered":"Ressources didactiques en enseignement optionnel"},"content":{"rendered":"\n<p>Ressources : J\u00e9r\u00e9my LOPEZ (Lyc\u00e9e J.Moulin FORBACH), Laurent BRUNEL (Lyc\u00e9e G.de la Tour METZ), Virginie DUVAL-WINGEL (Lyc\u00e9e J.-B. Vuillaume MIRECOURT), Marl\u00e8ne FAURE (Lyc\u00e9e J.Callot VANDOEUVRE LES NANCY), Aude CORNIER (Lyc\u00e9e Ste-Chr\u00e9tienne SARREGUEMINES), Celine RINKENBACH, Mireille VALENTIN (Lyc\u00e9e H.Boucher THIONVILLE), Camille FLEUROT-MOUGEL (Lyc\u00e9e La Haie Griselle GERARDMER), Michel HOUPERT (Lyc\u00e9e Fabert METZ), Catherine KERN (Lyc\u00e9e Mangin SARREBOURG) , Virginie HELIN (Lyc\u00e9e Antoine Gapp FORBACH), Marie ROUSSEAU (IA-IPR arts plastiques)<\/p>\n\n\n\n<p><strong>Champ des questionnements artistiques interdisciplinaires<\/strong><\/p>\n\n\n\n<div class=\"wp-block-columns is-layout-flex wp-container-core-columns-is-layout-9d6595d7 wp-block-columns-is-layout-flex\">\n<div class=\"wp-block-column is-layout-flow wp-block-column-is-layout-flow\">\n<p class=\"has-text-align-center\"><strong>PREMI\u00c8RE<\/strong><\/p>\n\n\n\n<div data-wp-interactive=\"core\/file\" class=\"wp-block-file\"><object data-wp-bind--hidden=\"!state.hasPdfPreview\" hidden class=\"wp-block-file__embed\" data=\"https:\/\/sites.ac-nancy-metz.fr\/arts-plastiques\/wp-content\/uploads\/1ere_ens_opt_MULTIVERS.pdf\" type=\"application\/pdf\" style=\"width:100%;height:600px\" aria-label=\"Contenu embarqu\u00e9 1ere_ens_opt_MULTIVERS.\"><\/object><a id=\"wp-block-file--media-79d6c478-1ef3-4299-9657-1ad54d759432\" href=\"https:\/\/sites.ac-nancy-metz.fr\/arts-plastiques\/wp-content\/uploads\/1ere_ens_opt_MULTIVERS.pdf\">1ere_ens_opt_MULTIVERS<\/a><a href=\"https:\/\/sites.ac-nancy-metz.fr\/arts-plastiques\/wp-content\/uploads\/1ere_ens_opt_MULTIVERS.pdf\" class=\"wp-block-file__button wp-element-button\" download aria-describedby=\"wp-block-file--media-79d6c478-1ef3-4299-9657-1ad54d759432\">T\u00e9l\u00e9charger<\/a><\/div>\n<\/div>\n\n\n\n<div class=\"wp-block-column is-layout-flow wp-block-column-is-layout-flow\">\n<p class=\"has-text-align-center\"><strong>TERMINALE<\/strong><\/p>\n\n\n\n<div data-wp-interactive=\"core\/file\" class=\"wp-block-file\"><object data-wp-bind--hidden=\"!state.hasPdfPreview\" hidden class=\"wp-block-file__embed\" data=\"https:\/\/sites.ac-nancy-metz.fr\/arts-plastiques\/wp-content\/uploads\/Term_ens_opt_CERTIFICAT-DAUTHENTICITE.pdf\" type=\"application\/pdf\" style=\"width:100%;height:600px\" aria-label=\"Contenu embarqu\u00e9 Term_ens_opt_CERTIFICAT-DAUTHENTICITE.\"><\/object><a id=\"wp-block-file--media-753fab8a-0869-437f-9e59-f4287c4b97a6\" href=\"https:\/\/sites.ac-nancy-metz.fr\/arts-plastiques\/wp-content\/uploads\/Term_ens_opt_CERTIFICAT-DAUTHENTICITE.pdf\">Term_ens_opt_CERTIFICAT-DAUTHENTICITE<\/a><a href=\"https:\/\/sites.ac-nancy-metz.fr\/arts-plastiques\/wp-content\/uploads\/Term_ens_opt_CERTIFICAT-DAUTHENTICITE.pdf\" class=\"wp-block-file__button wp-element-button\" download aria-describedby=\"wp-block-file--media-753fab8a-0869-437f-9e59-f4287c4b97a6\">T\u00e9l\u00e9charger<\/a><\/div>\n<\/div>\n<\/div>\n\n\n\n<div class=\"wp-block-columns has-3-columns is-layout-flex wp-container-core-columns-is-layout-9d6595d7 wp-block-columns-is-layout-flex\">\n<div class=\"wp-block-column is-layout-flow wp-block-column-is-layout-flow\">\n<p class=\"has-text-align-center\"><strong>SECONDE<\/strong><\/p>\n\n\n\n<p class=\"has-text-align-center\"><strong>Se penser et se situer comme artiste<\/strong><\/p>\n<\/div>\n\n\n\n<div class=\"wp-block-column is-layout-flow wp-block-column-is-layout-flow\">\n<p class=\"has-text-align-center\"><strong>PREMI\u00c8RE<\/strong><\/p>\n\n\n\n<p class=\"has-text-align-center\"><strong>L&rsquo;oeuvre et la pluralit\u00e9 de ses formes et statuts<\/strong><\/p>\n<\/div>\n\n\n\n<div class=\"wp-block-column is-layout-flow wp-block-column-is-layout-flow\">\n<p class=\"has-text-align-center\"><strong>TERMINALE<\/strong><\/p>\n\n\n\n<p class=\"has-text-align-center\"><strong>Se construire comme spectateur sensible et critique<\/strong><\/p>\n<\/div>\n<\/div>\n\n\n\n<div class=\"wp-block-columns has-3-columns is-layout-flex wp-container-core-columns-is-layout-9d6595d7 wp-block-columns-is-layout-flex\">\n<div class=\"wp-block-column is-layout-flow wp-block-column-is-layout-flow\"><div class=\"wp-block-image\">\n<figure class=\"aligncenter\"><a href=\"https:\/\/sites.ac-nancy-metz.fr\/arts-plastiques\/wp-content\/uploads\/contribution-2nde-opt-l-artiste-lopez.pdf\"><img fetchpriority=\"high\" decoding=\"async\" width=\"1024\" height=\"666\" src=\"https:\/\/sites.ac-nancy-metz.fr\/arts-plastiques\/wp-content\/uploads\/Capture-d\u2019ecran-2021-04-07-a-12.11.42-1.png\" alt=\"\" class=\"wp-image-4017\" srcset=\"https:\/\/sites.ac-nancy-metz.fr\/arts-plastiques\/wp-content\/uploads\/Capture-d\u2019ecran-2021-04-07-a-12.11.42-1.png 1024w, https:\/\/sites.ac-nancy-metz.fr\/arts-plastiques\/wp-content\/uploads\/Capture-d\u2019ecran-2021-04-07-a-12.11.42-1-300x195.png 300w, https:\/\/sites.ac-nancy-metz.fr\/arts-plastiques\/wp-content\/uploads\/Capture-d\u2019ecran-2021-04-07-a-12.11.42-1-768x500.png 768w\" sizes=\"(max-width: 1024px) 100vw, 1024px\" \/><\/a><figcaption class=\"wp-element-caption\">\u00ab Nouveau manifeste artistique \u00bb<br><\/figcaption><\/figure>\n<\/div>\n\n<div class=\"wp-block-image\">\n<figure class=\"aligncenter is-resized\"><a href=\"https:\/\/sites.ac-nancy-metz.fr\/arts-plastiques\/wp-content\/uploads\/contribution-2nde-opt-l-artiste-v-duval-wingel.pdf\"><img decoding=\"async\" width=\"1024\" height=\"662\" src=\"https:\/\/sites.ac-nancy-metz.fr\/arts-plastiques\/wp-content\/uploads\/capture-decran-2021-04-07-a-15-55-54-1024x662.png\" alt=\"\" class=\"wp-image-4041\" style=\"width:192px;height:124px\" srcset=\"https:\/\/sites.ac-nancy-metz.fr\/arts-plastiques\/wp-content\/uploads\/capture-decran-2021-04-07-a-15-55-54-1024x662.png 1024w, https:\/\/sites.ac-nancy-metz.fr\/arts-plastiques\/wp-content\/uploads\/capture-decran-2021-04-07-a-15-55-54-300x194.png 300w, https:\/\/sites.ac-nancy-metz.fr\/arts-plastiques\/wp-content\/uploads\/capture-decran-2021-04-07-a-15-55-54-768x497.png 768w, https:\/\/sites.ac-nancy-metz.fr\/arts-plastiques\/wp-content\/uploads\/capture-decran-2021-04-07-a-15-55-54.png 1237w\" sizes=\"(max-width: 1024px) 100vw, 1024px\" \/><\/a><figcaption class=\"wp-element-caption\">\u00ab\u00a0Quel outil !\u00a0\u00bb<\/figcaption><\/figure>\n<\/div><\/div>\n\n\n\n<div class=\"wp-block-column is-layout-flow wp-block-column-is-layout-flow\"><div class=\"wp-block-image\">\n<figure class=\"aligncenter\"><a href=\"https:\/\/sites.ac-nancy-metz.fr\/arts-plastiques\/wp-content\/uploads\/contribution-1ere-opt-l-oeuvre-lopez.pdf\"><img decoding=\"async\" width=\"1024\" height=\"671\" src=\"https:\/\/sites.ac-nancy-metz.fr\/arts-plastiques\/wp-content\/uploads\/Capture-d\u2019ecran-2021-04-07-a-12.11.33-1.png\" alt=\"\" class=\"wp-image-4018\" srcset=\"https:\/\/sites.ac-nancy-metz.fr\/arts-plastiques\/wp-content\/uploads\/Capture-d\u2019ecran-2021-04-07-a-12.11.33-1.png 1024w, https:\/\/sites.ac-nancy-metz.fr\/arts-plastiques\/wp-content\/uploads\/Capture-d\u2019ecran-2021-04-07-a-12.11.33-1-300x197.png 300w, https:\/\/sites.ac-nancy-metz.fr\/arts-plastiques\/wp-content\/uploads\/Capture-d\u2019ecran-2021-04-07-a-12.11.33-1-768x503.png 768w\" sizes=\"(max-width: 1024px) 100vw, 1024px\" \/><\/a><figcaption class=\"wp-element-caption\">\u00ab \u0152uvre revue : \u00e7a m\u2019inspire ! \u00bb<br><br><\/figcaption><\/figure>\n<\/div>\n\n<div class=\"wp-block-image\">\n<figure class=\"aligncenter is-resized\"><a href=\"https:\/\/sites.ac-nancy-metz.fr\/arts-plastiques\/wp-content\/uploads\/contribution-1ere-opt-l-oeuvre-v-duval-wingel.pdf\"><img loading=\"lazy\" decoding=\"async\" width=\"1024\" height=\"676\" src=\"https:\/\/sites.ac-nancy-metz.fr\/arts-plastiques\/wp-content\/uploads\/capture-decran-2021-04-07-a-15-56-00-1024x676.png\" alt=\"\" class=\"wp-image-4043\" style=\"width:188px;height:123px\" srcset=\"https:\/\/sites.ac-nancy-metz.fr\/arts-plastiques\/wp-content\/uploads\/capture-decran-2021-04-07-a-15-56-00-1024x676.png 1024w, https:\/\/sites.ac-nancy-metz.fr\/arts-plastiques\/wp-content\/uploads\/capture-decran-2021-04-07-a-15-56-00-300x198.png 300w, https:\/\/sites.ac-nancy-metz.fr\/arts-plastiques\/wp-content\/uploads\/capture-decran-2021-04-07-a-15-56-00-768x507.png 768w, https:\/\/sites.ac-nancy-metz.fr\/arts-plastiques\/wp-content\/uploads\/capture-decran-2021-04-07-a-15-56-00.png 1247w\" sizes=\"(max-width: 1024px) 100vw, 1024px\" \/><\/a><figcaption class=\"wp-element-caption\">\u00ab\u00a0Beau comme&#8230;\u00a0\u00bb<\/figcaption><\/figure>\n<\/div>\n\n\n<div data-wp-interactive=\"core\/file\" class=\"wp-block-file\"><object data-wp-bind--hidden=\"!state.hasPdfPreview\" hidden class=\"wp-block-file__embed\" data=\"https:\/\/sites.ac-nancy-metz.fr\/arts-plastiques\/wp-content\/uploads\/projet-musique-et-art-La-couleur-se-developpe-dans-lespace-BRUNEL.pdf\" type=\"application\/pdf\" style=\"width:100%;height:600px\" aria-label=\"Contenu embarqu\u00e9 projet-musique-et-art-La-couleur-se-developpe-dans-lespace-BRUNEL.\"><\/object><a id=\"wp-block-file--media-88ccf1ad-b82b-44cf-80a2-d1035a1a59fe\" href=\"https:\/\/sites.ac-nancy-metz.fr\/arts-plastiques\/wp-content\/uploads\/projet-musique-et-art-La-couleur-se-developpe-dans-lespace-BRUNEL.pdf\">projet-musique-et-art-La-couleur-se-developpe-dans-lespace-BRUNEL<\/a><a href=\"https:\/\/sites.ac-nancy-metz.fr\/arts-plastiques\/wp-content\/uploads\/projet-musique-et-art-La-couleur-se-developpe-dans-lespace-BRUNEL.pdf\" class=\"wp-block-file__button wp-element-button\" download aria-describedby=\"wp-block-file--media-88ccf1ad-b82b-44cf-80a2-d1035a1a59fe\">T\u00e9l\u00e9charger<\/a><\/div>\n\n\n\n<div data-wp-interactive=\"core\/file\" class=\"wp-block-file\"><object data-wp-bind--hidden=\"!state.hasPdfPreview\" hidden class=\"wp-block-file__embed\" data=\"https:\/\/sites.ac-nancy-metz.fr\/arts-plastiques\/wp-content\/uploads\/projet-cinema-animationAnimal-humain-BRUNEL.pdf\" type=\"application\/pdf\" style=\"width:100%;height:600px\" aria-label=\"Contenu embarqu\u00e9 projet-cinema-animationAnimal-humain-BRUNEL.\"><\/object><a id=\"wp-block-file--media-681c15a5-d7ee-42f0-af99-8c5d7532a393\" href=\"https:\/\/sites.ac-nancy-metz.fr\/arts-plastiques\/wp-content\/uploads\/projet-cinema-animationAnimal-humain-BRUNEL.pdf\">projet-cinema-animationAnimal-humain-BRUNEL<\/a><a href=\"https:\/\/sites.ac-nancy-metz.fr\/arts-plastiques\/wp-content\/uploads\/projet-cinema-animationAnimal-humain-BRUNEL.pdf\" class=\"wp-block-file__button wp-element-button\" download aria-describedby=\"wp-block-file--media-681c15a5-d7ee-42f0-af99-8c5d7532a393\">T\u00e9l\u00e9charger<\/a><\/div>\n\n\n\n<div data-wp-interactive=\"core\/file\" class=\"wp-block-file\"><object data-wp-bind--hidden=\"!state.hasPdfPreview\" hidden class=\"wp-block-file__embed\" data=\"https:\/\/sites.ac-nancy-metz.fr\/arts-plastiques\/wp-content\/uploads\/TRAME-travail-de-groupe-theatre-et-danse.pdf\" type=\"application\/pdf\" style=\"width:100%;height:600px\" aria-label=\"Contenu embarqu\u00e9 TRAME-travail-de-groupe-theatre-et-danse.\"><\/object><a id=\"wp-block-file--media-fa465e31-9953-4acb-a9aa-31f8200ff673\" href=\"https:\/\/sites.ac-nancy-metz.fr\/arts-plastiques\/wp-content\/uploads\/TRAME-travail-de-groupe-theatre-et-danse.pdf\">TRAME-travail-de-groupe-theatre-et-danse<\/a><a href=\"https:\/\/sites.ac-nancy-metz.fr\/arts-plastiques\/wp-content\/uploads\/TRAME-travail-de-groupe-theatre-et-danse.pdf\" class=\"wp-block-file__button wp-element-button\" download aria-describedby=\"wp-block-file--media-fa465e31-9953-4acb-a9aa-31f8200ff673\">T\u00e9l\u00e9charger<\/a><\/div>\n\n\n\n<div data-wp-interactive=\"core\/file\" class=\"wp-block-file\"><object data-wp-bind--hidden=\"!state.hasPdfPreview\" hidden class=\"wp-block-file__embed\" data=\"https:\/\/sites.ac-nancy-metz.fr\/arts-plastiques\/wp-content\/uploads\/projet-enseignement-etude-de-cas-et-intrdisciplinarite-V.Duval-Wingel-M.Faure_.pdf\" type=\"application\/pdf\" style=\"width:100%;height:600px\" aria-label=\"Contenu embarqu\u00e9 projet-enseignement-etude-de-cas-et-intrdisciplinarite-V.Duval-Wingel-M.Faure_.\"><\/object><a id=\"wp-block-file--media-a251fa05-ba04-45be-978c-d8da092c709a\" href=\"https:\/\/sites.ac-nancy-metz.fr\/arts-plastiques\/wp-content\/uploads\/projet-enseignement-etude-de-cas-et-intrdisciplinarite-V.Duval-Wingel-M.Faure_.pdf\">projet-enseignement-etude-de-cas-et-intrdisciplinarite-V.Duval-Wingel-M.Faure_<\/a><a href=\"https:\/\/sites.ac-nancy-metz.fr\/arts-plastiques\/wp-content\/uploads\/projet-enseignement-etude-de-cas-et-intrdisciplinarite-V.Duval-Wingel-M.Faure_.pdf\" class=\"wp-block-file__button wp-element-button\" download aria-describedby=\"wp-block-file--media-a251fa05-ba04-45be-978c-d8da092c709a\">T\u00e9l\u00e9charger<\/a><\/div>\n\n\n\n<div data-wp-interactive=\"core\/file\" class=\"wp-block-file\"><object data-wp-bind--hidden=\"!state.hasPdfPreview\" hidden class=\"wp-block-file__embed\" data=\"https:\/\/sites.ac-nancy-metz.fr\/arts-plastiques\/wp-content\/uploads\/projet-enseignement-etude-de-cas-et-intrdisciplinarite.pdf\" type=\"application\/pdf\" style=\"width:100%;height:600px\" aria-label=\"Contenu embarqu\u00e9 projet-enseignement-etude-de-cas-et-intrdisciplinarite.\"><\/object><a id=\"wp-block-file--media-51155360-c0fa-4bd8-9ac4-d6f72048a636\" href=\"https:\/\/sites.ac-nancy-metz.fr\/arts-plastiques\/wp-content\/uploads\/projet-enseignement-etude-de-cas-et-intrdisciplinarite.pdf\">projet-enseignement-etude-de-cas-et-intrdisciplinarite<\/a><a href=\"https:\/\/sites.ac-nancy-metz.fr\/arts-plastiques\/wp-content\/uploads\/projet-enseignement-etude-de-cas-et-intrdisciplinarite.pdf\" class=\"wp-block-file__button wp-element-button\" download aria-describedby=\"wp-block-file--media-51155360-c0fa-4bd8-9ac4-d6f72048a636\">T\u00e9l\u00e9charger<\/a><\/div>\n\n\n\n<div data-wp-interactive=\"core\/file\" class=\"wp-block-file\"><object data-wp-bind--hidden=\"!state.hasPdfPreview\" hidden class=\"wp-block-file__embed\" data=\"https:\/\/sites.ac-nancy-metz.fr\/arts-plastiques\/wp-content\/uploads\/TRAME-travail-de-groupe-theatre-et-danse-1.pdf\" type=\"application\/pdf\" style=\"width:100%;height:600px\" aria-label=\"Contenu embarqu\u00e9 TRAME-travail-de-groupe-theatre-et-danse-1.\"><\/object><a id=\"wp-block-file--media-59717e91-9232-452f-871f-4debf478373c\" href=\"https:\/\/sites.ac-nancy-metz.fr\/arts-plastiques\/wp-content\/uploads\/TRAME-travail-de-groupe-theatre-et-danse-1.pdf\">TRAME-travail-de-groupe-theatre-et-danse-1<\/a><a href=\"https:\/\/sites.ac-nancy-metz.fr\/arts-plastiques\/wp-content\/uploads\/TRAME-travail-de-groupe-theatre-et-danse-1.pdf\" class=\"wp-block-file__button wp-element-button\" download aria-describedby=\"wp-block-file--media-59717e91-9232-452f-871f-4debf478373c\">T\u00e9l\u00e9charger<\/a><\/div>\n<\/div>\n\n\n\n<div class=\"wp-block-column is-layout-flow wp-block-column-is-layout-flow\"><div class=\"wp-block-image\">\n<figure class=\"aligncenter\"><a href=\"https:\/\/sites.ac-nancy-metz.fr\/arts-plastiques\/wp-content\/uploads\/contribution-ter-opt-le-spectateur-lopez.pdf\"><img loading=\"lazy\" decoding=\"async\" width=\"1024\" height=\"660\" src=\"https:\/\/sites.ac-nancy-metz.fr\/arts-plastiques\/wp-content\/uploads\/Capture-d\u2019ecran-2021-04-07-a-12.11.52-1.png\" alt=\"\" class=\"wp-image-4019\" srcset=\"https:\/\/sites.ac-nancy-metz.fr\/arts-plastiques\/wp-content\/uploads\/Capture-d\u2019ecran-2021-04-07-a-12.11.52-1.png 1024w, https:\/\/sites.ac-nancy-metz.fr\/arts-plastiques\/wp-content\/uploads\/Capture-d\u2019ecran-2021-04-07-a-12.11.52-1-300x193.png 300w, https:\/\/sites.ac-nancy-metz.fr\/arts-plastiques\/wp-content\/uploads\/Capture-d\u2019ecran-2021-04-07-a-12.11.52-1-768x495.png 768w\" sizes=\"(max-width: 1024px) 100vw, 1024px\" \/><\/a><figcaption class=\"wp-element-caption\">\u00ab&nbsp;Si loin\/si proche du paysage\u00bb<\/figcaption><\/figure>\n<\/div>\n\n<div class=\"wp-block-image\">\n<figure class=\"aligncenter is-resized\"><a href=\"https:\/\/sites.ac-nancy-metz.fr\/arts-plastiques\/wp-content\/uploads\/contribution-term-opt-l-oeuvre-v-duval-wingel.pdf\"><img loading=\"lazy\" decoding=\"async\" width=\"1024\" height=\"672\" src=\"https:\/\/sites.ac-nancy-metz.fr\/arts-plastiques\/wp-content\/uploads\/capture-decran-2021-04-07-a-15-56-06-1024x672.png\" alt=\"\" class=\"wp-image-4042\" style=\"width:194px;height:127px\" srcset=\"https:\/\/sites.ac-nancy-metz.fr\/arts-plastiques\/wp-content\/uploads\/capture-decran-2021-04-07-a-15-56-06-1024x672.png 1024w, https:\/\/sites.ac-nancy-metz.fr\/arts-plastiques\/wp-content\/uploads\/capture-decran-2021-04-07-a-15-56-06-300x197.png 300w, https:\/\/sites.ac-nancy-metz.fr\/arts-plastiques\/wp-content\/uploads\/capture-decran-2021-04-07-a-15-56-06-768x504.png 768w, https:\/\/sites.ac-nancy-metz.fr\/arts-plastiques\/wp-content\/uploads\/capture-decran-2021-04-07-a-15-56-06.png 1233w\" sizes=\"(max-width: 1024px) 100vw, 1024px\" \/><\/a><figcaption class=\"wp-element-caption\">\u00ab\u00a0Regarder ne suffit pas !\u00a0\u00bb<\/figcaption><\/figure>\n<\/div>\n\n\n<div data-wp-interactive=\"core\/file\" class=\"wp-block-file\"><object data-wp-bind--hidden=\"!state.hasPdfPreview\" hidden class=\"wp-block-file__embed\" data=\"https:\/\/sites.ac-nancy-metz.fr\/arts-plastiques\/wp-content\/uploads\/ter-espace-relationnel.pdf\" type=\"application\/pdf\" style=\"width:100%;height:600px\" aria-label=\"Contenu embarqu\u00e9 ter-espace-relationnel.\"><\/object><a id=\"wp-block-file--media-4943da0b-418a-4c53-ad13-def5e466351d\" href=\"https:\/\/sites.ac-nancy-metz.fr\/arts-plastiques\/wp-content\/uploads\/ter-espace-relationnel.pdf\">ter-espace-relationnel<\/a><a href=\"https:\/\/sites.ac-nancy-metz.fr\/arts-plastiques\/wp-content\/uploads\/ter-espace-relationnel.pdf\" class=\"wp-block-file__button wp-element-button\" download aria-describedby=\"wp-block-file--media-4943da0b-418a-4c53-ad13-def5e466351d\">T\u00e9l\u00e9charger<\/a><\/div>\n\n\n\n<div data-wp-interactive=\"core\/file\" class=\"wp-block-file\"><object data-wp-bind--hidden=\"!state.hasPdfPreview\" hidden class=\"wp-block-file__embed\" data=\"https:\/\/sites.ac-nancy-metz.fr\/arts-plastiques\/wp-content\/uploads\/trame-projet-enseignement-etude-mon-lycee-est-un-musee.pdf\" type=\"application\/pdf\" style=\"width:100%;height:600px\" aria-label=\"Contenu embarqu\u00e9 trame-projet-enseignement-etude-mon-lycee-est-un-musee.\"><\/object><a id=\"wp-block-file--media-677ea5a8-7fdf-4f38-a474-f21c56d42e66\" href=\"https:\/\/sites.ac-nancy-metz.fr\/arts-plastiques\/wp-content\/uploads\/trame-projet-enseignement-etude-mon-lycee-est-un-musee.pdf\">trame-projet-enseignement-etude-mon-lycee-est-un-musee<\/a><a href=\"https:\/\/sites.ac-nancy-metz.fr\/arts-plastiques\/wp-content\/uploads\/trame-projet-enseignement-etude-mon-lycee-est-un-musee.pdf\" class=\"wp-block-file__button wp-element-button\" download aria-describedby=\"wp-block-file--media-677ea5a8-7fdf-4f38-a474-f21c56d42e66\">T\u00e9l\u00e9charger<\/a><\/div>\n\n\n\n<div data-wp-interactive=\"core\/file\" class=\"wp-block-file\"><object data-wp-bind--hidden=\"!state.hasPdfPreview\" hidden class=\"wp-block-file__embed\" data=\"https:\/\/sites.ac-nancy-metz.fr\/arts-plastiques\/wp-content\/uploads\/projet-ense-Ter-Enquete-en-scene.pdf\" type=\"application\/pdf\" style=\"width:100%;height:600px\" aria-label=\"Contenu embarqu\u00e9 projet-ense-Ter-Enquete-en-scene.\"><\/object><a id=\"wp-block-file--media-9cd43adc-4c12-478f-8c15-fe1fd7c59638\" href=\"https:\/\/sites.ac-nancy-metz.fr\/arts-plastiques\/wp-content\/uploads\/projet-ense-Ter-Enquete-en-scene.pdf\">projet-ense-Ter-Enquete-en-scene<\/a><a href=\"https:\/\/sites.ac-nancy-metz.fr\/arts-plastiques\/wp-content\/uploads\/projet-ense-Ter-Enquete-en-scene.pdf\" class=\"wp-block-file__button wp-element-button\" download aria-describedby=\"wp-block-file--media-9cd43adc-4c12-478f-8c15-fe1fd7c59638\">T\u00e9l\u00e9charger<\/a><\/div>\n<\/div>\n<\/div>\n\n\n\n<iframe width=\"560\" height=\"315\" sandbox=\"allow-same-origin allow-scripts allow-popups\" src=\"https:\/\/videos.ac-nancy-metz.fr\/videos\/embed\/7bb9a08a-291a-4dc4-a44e-0b05a93bda1a\" frameborder=\"0\" allowfullscreen=\"\"><\/iframe>\n\n\n\n<iframe width=\"560\" height=\"315\" sandbox=\"allow-same-origin allow-scripts allow-popups\" src=\"https:\/\/videos.ac-nancy-metz.fr\/videos\/embed\/1385b27c-1b31-4c9a-8c27-7dec5049d663\" frameborder=\"0\" allowfullscreen=\"\"><\/iframe>\n\n\n\n<iframe width=\"560\" height=\"315\" sandbox=\"allow-same-origin allow-scripts allow-popups\" src=\"https:\/\/videos.ac-nancy-metz.fr\/videos\/embed\/4fbd6076-ebf8-401d-af0a-04f5f81a5bab\" frameborder=\"0\" allowfullscreen=\"\"><\/iframe>\n\n\n\n<div data-wp-interactive=\"core\/file\" class=\"wp-block-file\"><object data-wp-bind--hidden=\"!state.hasPdfPreview\" hidden class=\"wp-block-file__embed\" data=\"https:\/\/sites.ac-nancy-metz.fr\/arts-plastiques\/wp-content\/uploads\/peintures-murales-ou-fresques.pdf\" type=\"application\/pdf\" style=\"width:100%;height:600px\" aria-label=\"Contenu embarqu\u00e9 Les peintures murales.\"><\/object><a id=\"wp-block-file--media-1fcf23cb-01fc-4aa0-80a3-f4934134001d\" href=\"https:\/\/sites.ac-nancy-metz.fr\/arts-plastiques\/wp-content\/uploads\/peintures-murales-ou-fresques.pdf\">Les peintures murales<\/a><a href=\"https:\/\/sites.ac-nancy-metz.fr\/arts-plastiques\/wp-content\/uploads\/peintures-murales-ou-fresques.pdf\" class=\"wp-block-file__button wp-element-button\" download aria-describedby=\"wp-block-file--media-1fcf23cb-01fc-4aa0-80a3-f4934134001d\">T\u00e9l\u00e9charger<\/a><\/div>\n\n\n\n<div data-wp-interactive=\"core\/file\" class=\"wp-block-file\"><object data-wp-bind--hidden=\"!state.hasPdfPreview\" hidden class=\"wp-block-file__embed\" data=\"https:\/\/sites.ac-nancy-metz.fr\/arts-plastiques\/wp-content\/uploads\/LIENS-ENTRE-ARTS-PLA-ET-ARCHI-.pdf\" type=\"application\/pdf\" style=\"width:100%;height:600px\" aria-label=\"Contenu embarqu\u00e9 Dialogues arts plastiques et architecture.\"><\/object><a id=\"wp-block-file--media-80b3cffe-c936-487a-ab4c-219739e80188\" href=\"https:\/\/sites.ac-nancy-metz.fr\/arts-plastiques\/wp-content\/uploads\/LIENS-ENTRE-ARTS-PLA-ET-ARCHI-.pdf\">Dialogues arts plastiques et architecture<\/a><a href=\"https:\/\/sites.ac-nancy-metz.fr\/arts-plastiques\/wp-content\/uploads\/LIENS-ENTRE-ARTS-PLA-ET-ARCHI-.pdf\" class=\"wp-block-file__button wp-element-button\" download aria-describedby=\"wp-block-file--media-80b3cffe-c936-487a-ab4c-219739e80188\">T\u00e9l\u00e9charger<\/a><\/div>\n","protected":false},"excerpt":{"rendered":"<p>Ressources : J\u00e9r\u00e9my LOPEZ (Lyc\u00e9e J.Moulin FORBACH), Laurent BRUNEL (Lyc\u00e9e G.de la Tour METZ), Virginie DUVAL-WINGEL (Lyc\u00e9e J.-B. Vuillaume MIRECOURT), Marl\u00e8ne FAURE (Lyc\u00e9e J.Callot VANDOEUVRE LES&#8230;<\/p>\n","protected":false},"author":2,"featured_media":0,"parent":0,"menu_order":0,"comment_status":"closed","ping_status":"closed","template":"","meta":{"footnotes":""},"class_list":["post-4010","page","type-page","status-publish","hentry"],"_links":{"self":[{"href":"https:\/\/sites.ac-nancy-metz.fr\/arts-plastiques\/wp-json\/wp\/v2\/pages\/4010","targetHints":{"allow":["GET"]}}],"collection":[{"href":"https:\/\/sites.ac-nancy-metz.fr\/arts-plastiques\/wp-json\/wp\/v2\/pages"}],"about":[{"href":"https:\/\/sites.ac-nancy-metz.fr\/arts-plastiques\/wp-json\/wp\/v2\/types\/page"}],"author":[{"embeddable":true,"href":"https:\/\/sites.ac-nancy-metz.fr\/arts-plastiques\/wp-json\/wp\/v2\/users\/2"}],"replies":[{"embeddable":true,"href":"https:\/\/sites.ac-nancy-metz.fr\/arts-plastiques\/wp-json\/wp\/v2\/comments?post=4010"}],"version-history":[{"count":31,"href":"https:\/\/sites.ac-nancy-metz.fr\/arts-plastiques\/wp-json\/wp\/v2\/pages\/4010\/revisions"}],"predecessor-version":[{"id":9667,"href":"https:\/\/sites.ac-nancy-metz.fr\/arts-plastiques\/wp-json\/wp\/v2\/pages\/4010\/revisions\/9667"}],"wp:attachment":[{"href":"https:\/\/sites.ac-nancy-metz.fr\/arts-plastiques\/wp-json\/wp\/v2\/media?parent=4010"}],"curies":[{"name":"wp","href":"https:\/\/api.w.org\/{rel}","templated":true}]}}