{"id":4112,"date":"2021-04-08T18:55:24","date_gmt":"2021-04-08T16:55:24","guid":{"rendered":"https:\/\/sites.ac-nancy-metz.fr\/arts-plastiques\/?page_id=4112"},"modified":"2023-02-07T17:54:57","modified_gmt":"2023-02-07T16:54:57","slug":"presentation-virtuelle-des-travaux-deleves","status":"publish","type":"page","link":"https:\/\/sites.ac-nancy-metz.fr\/arts-plastiques\/presentation-virtuelle-des-travaux-deleves\/","title":{"rendered":"Pr\u00e9sentation virtuelle de travaux d&rsquo;\u00e9l\u00e8ves"},"content":{"rendered":"\n<p><em><strong>Les expositions virtuelles ci-dessous ont \u00e9t\u00e9 propos\u00e9es aux \u00e9l\u00e8ves durant les p\u00e9riodes de confinement.  Elles ont \u00e9t\u00e9 r\u00e9alis\u00e9es&nbsp; pour partager et pr\u00e9senter les productions r\u00e9alis\u00e9es en distanciel, permettant tout \u00e0 la fois de valoriser l&rsquo;investissement fourni, de consid\u00e9rer la mani\u00e8re dont chacun avait pu s&#8217;emparer des demandes faites et de les sensibiliser \u00e0 la question de pr\u00e9sentation des productions. <\/strong><\/em><\/p>\n\n\n\n<figure class=\"wp-block-image size-large\"><a href=\"https:\/\/padlet.com\/m_vageon\/interstices\"><img fetchpriority=\"high\" decoding=\"async\" width=\"1024\" height=\"537\" src=\"https:\/\/sites.ac-nancy-metz.fr\/arts-plastiques\/wp-content\/uploads\/Capture-decran-2021-07-04-a-22.49.27-1024x537.png\" alt=\"\" class=\"wp-image-5028\" srcset=\"https:\/\/sites.ac-nancy-metz.fr\/arts-plastiques\/wp-content\/uploads\/Capture-decran-2021-07-04-a-22.49.27-1024x537.png 1024w, https:\/\/sites.ac-nancy-metz.fr\/arts-plastiques\/wp-content\/uploads\/Capture-decran-2021-07-04-a-22.49.27-300x157.png 300w, https:\/\/sites.ac-nancy-metz.fr\/arts-plastiques\/wp-content\/uploads\/Capture-decran-2021-07-04-a-22.49.27-768x402.png 768w, https:\/\/sites.ac-nancy-metz.fr\/arts-plastiques\/wp-content\/uploads\/Capture-decran-2021-07-04-a-22.49.27.png 1393w\" sizes=\"(max-width: 1024px) 100vw, 1024px\" \/><\/a><\/figure>\n\n\n\n<figure class=\"wp-block-image size-large\"><a href=\"https:\/\/padlet.com\/m_vageon\/4casortducadre\"><img decoding=\"async\" width=\"1024\" height=\"538\" src=\"https:\/\/sites.ac-nancy-metz.fr\/arts-plastiques\/wp-content\/uploads\/Capture-decran-2021-07-04-a-22.49.09-1024x538.png\" alt=\"\" class=\"wp-image-5030\" srcset=\"https:\/\/sites.ac-nancy-metz.fr\/arts-plastiques\/wp-content\/uploads\/Capture-decran-2021-07-04-a-22.49.09-1024x538.png 1024w, https:\/\/sites.ac-nancy-metz.fr\/arts-plastiques\/wp-content\/uploads\/Capture-decran-2021-07-04-a-22.49.09-300x158.png 300w, https:\/\/sites.ac-nancy-metz.fr\/arts-plastiques\/wp-content\/uploads\/Capture-decran-2021-07-04-a-22.49.09-768x404.png 768w, https:\/\/sites.ac-nancy-metz.fr\/arts-plastiques\/wp-content\/uploads\/Capture-decran-2021-07-04-a-22.49.09.png 1385w\" sizes=\"(max-width: 1024px) 100vw, 1024px\" \/><\/a><\/figure>\n\n\n\n<figure class=\"wp-block-image size-large\"><a href=\"https:\/\/padlet.com\/m_vageon\/3seq2proliferation\"><img decoding=\"async\" width=\"1024\" height=\"532\" src=\"https:\/\/sites.ac-nancy-metz.fr\/arts-plastiques\/wp-content\/uploads\/Capture-decran-2021-07-04-a-22.49.44-1024x532.png\" alt=\"\" class=\"wp-image-5027\" srcset=\"https:\/\/sites.ac-nancy-metz.fr\/arts-plastiques\/wp-content\/uploads\/Capture-decran-2021-07-04-a-22.49.44-1024x532.png 1024w, https:\/\/sites.ac-nancy-metz.fr\/arts-plastiques\/wp-content\/uploads\/Capture-decran-2021-07-04-a-22.49.44-300x156.png 300w, https:\/\/sites.ac-nancy-metz.fr\/arts-plastiques\/wp-content\/uploads\/Capture-decran-2021-07-04-a-22.49.44-768x399.png 768w, https:\/\/sites.ac-nancy-metz.fr\/arts-plastiques\/wp-content\/uploads\/Capture-decran-2021-07-04-a-22.49.44.png 1402w\" sizes=\"(max-width: 1024px) 100vw, 1024px\" \/><\/a><\/figure>\n\n\n\n<figure class=\"wp-block-image size-large\"><a href=\"https:\/\/padlet.com\/m_vageon\/sit4collectionpresenter\"><img loading=\"lazy\" decoding=\"async\" width=\"1024\" height=\"446\" src=\"https:\/\/sites.ac-nancy-metz.fr\/arts-plastiques\/wp-content\/uploads\/Capture-decran-2021-06-12-a-23.46.02-1024x446.png\" alt=\"\" class=\"wp-image-4762\" srcset=\"https:\/\/sites.ac-nancy-metz.fr\/arts-plastiques\/wp-content\/uploads\/Capture-decran-2021-06-12-a-23.46.02-1024x446.png 1024w, https:\/\/sites.ac-nancy-metz.fr\/arts-plastiques\/wp-content\/uploads\/Capture-decran-2021-06-12-a-23.46.02-300x131.png 300w, https:\/\/sites.ac-nancy-metz.fr\/arts-plastiques\/wp-content\/uploads\/Capture-decran-2021-06-12-a-23.46.02-768x334.png 768w, https:\/\/sites.ac-nancy-metz.fr\/arts-plastiques\/wp-content\/uploads\/Capture-decran-2021-06-12-a-23.46.02.png 1399w\" sizes=\"(max-width: 1024px) 100vw, 1024px\" \/><\/a><\/figure>\n\n\n\n<p><\/p>\n\n\n\n<p><em><strong>Le cours d&rsquo;arts plastiques donne l&rsquo;occasion aux \u00e9l\u00e8ves de questionner la pr\u00e9sentation de leurs productions, quelle soit virtuelle ou r\u00e9elle. Ici, les \u00e9l\u00e8ves avaient le choix de pr\u00e9senter, d&rsquo;exposer une collection r\u00e9alis\u00e9e par leur soin en utilisant le num\u00e9rique ou des techniques traditionnelles, dans une \u00e9chelle r\u00e9elle ou miniature. Le support, tel qu&rsquo;il soit, devait permettre de valoriser leurs productions tout en renseignant le spectateur sur l&rsquo;histoire (r\u00e9elle ou fictive) et les diff\u00e9rents aspects du processus de cr\u00e9ation de leur collection.<\/strong><\/em><\/p>\n\n\n\n<figure class=\"wp-block-image size-large\"><a href=\"https:\/\/view.genial.ly\/5ec8c3aef3aac90d34a3683c\/presentation-keith-haring\"><img loading=\"lazy\" decoding=\"async\" width=\"1024\" height=\"567\" src=\"https:\/\/sites.ac-nancy-metz.fr\/arts-plastiques\/wp-content\/uploads\/35.png\" alt=\"\" class=\"wp-image-4363\" srcset=\"https:\/\/sites.ac-nancy-metz.fr\/arts-plastiques\/wp-content\/uploads\/35.png 1024w, https:\/\/sites.ac-nancy-metz.fr\/arts-plastiques\/wp-content\/uploads\/35-300x166.png 300w, https:\/\/sites.ac-nancy-metz.fr\/arts-plastiques\/wp-content\/uploads\/35-768x425.png 768w\" sizes=\"(max-width: 1024px) 100vw, 1024px\" \/><\/a><\/figure>\n\n\n\n<figure class=\"wp-block-image size-large\"><a href=\"https:\/\/view.genial.ly\/5ed0d9d96a01c811e66eb34f\/presentation-coincidence-de-plans\"><img loading=\"lazy\" decoding=\"async\" width=\"905\" height=\"561\" src=\"https:\/\/sites.ac-nancy-metz.fr\/arts-plastiques\/wp-content\/uploads\/36.png\" alt=\"\" class=\"wp-image-4364\" srcset=\"https:\/\/sites.ac-nancy-metz.fr\/arts-plastiques\/wp-content\/uploads\/36.png 905w, https:\/\/sites.ac-nancy-metz.fr\/arts-plastiques\/wp-content\/uploads\/36-300x186.png 300w, https:\/\/sites.ac-nancy-metz.fr\/arts-plastiques\/wp-content\/uploads\/36-768x476.png 768w\" sizes=\"(max-width: 905px) 100vw, 905px\" \/><\/a><\/figure>\n\n\n\n<figure class=\"wp-block-image size-large\"><a href=\"https:\/\/view.genial.ly\/5ec3900232a04c0d96b78351\/presentation-saynetes-dobjets\"><img loading=\"lazy\" decoding=\"async\" width=\"1024\" height=\"520\" src=\"https:\/\/sites.ac-nancy-metz.fr\/arts-plastiques\/wp-content\/uploads\/37.png\" alt=\"\" class=\"wp-image-4365\" srcset=\"https:\/\/sites.ac-nancy-metz.fr\/arts-plastiques\/wp-content\/uploads\/37.png 1024w, https:\/\/sites.ac-nancy-metz.fr\/arts-plastiques\/wp-content\/uploads\/37-300x152.png 300w, https:\/\/sites.ac-nancy-metz.fr\/arts-plastiques\/wp-content\/uploads\/37-768x390.png 768w\" sizes=\"(max-width: 1024px) 100vw, 1024px\" \/><\/a><\/figure>\n\n\n\n<figure class=\"wp-block-image size-large\"><a href=\"https:\/\/view.genial.ly\/5ec386808e243b0d5a33d313\/presentation-musee-dartiste\"><img loading=\"lazy\" decoding=\"async\" width=\"1024\" height=\"502\" src=\"https:\/\/sites.ac-nancy-metz.fr\/arts-plastiques\/wp-content\/uploads\/38.png\" alt=\"\" class=\"wp-image-4366\" srcset=\"https:\/\/sites.ac-nancy-metz.fr\/arts-plastiques\/wp-content\/uploads\/38.png 1024w, https:\/\/sites.ac-nancy-metz.fr\/arts-plastiques\/wp-content\/uploads\/38-300x147.png 300w, https:\/\/sites.ac-nancy-metz.fr\/arts-plastiques\/wp-content\/uploads\/38-768x377.png 768w\" sizes=\"(max-width: 1024px) 100vw, 1024px\" \/><\/a><\/figure>\n\n\n\n<figure class=\"wp-block-image size-large\"><a href=\"https:\/\/www.artsteps.com\/view\/606eee156334854c8efe4866\"><img loading=\"lazy\" decoding=\"async\" width=\"921\" height=\"544\" src=\"https:\/\/sites.ac-nancy-metz.fr\/arts-plastiques\/wp-content\/uploads\/39.png\" alt=\"\" class=\"wp-image-4367\" srcset=\"https:\/\/sites.ac-nancy-metz.fr\/arts-plastiques\/wp-content\/uploads\/39.png 921w, https:\/\/sites.ac-nancy-metz.fr\/arts-plastiques\/wp-content\/uploads\/39-300x177.png 300w, https:\/\/sites.ac-nancy-metz.fr\/arts-plastiques\/wp-content\/uploads\/39-768x454.png 768w\" sizes=\"(max-width: 921px) 100vw, 921px\" \/><\/a><\/figure>\n\n\n\n<figure class=\"wp-block-image size-large\"><a href=\"https:\/\/www.artsteps.com\/view\/6070016428d076c3ab70344b\"><img loading=\"lazy\" decoding=\"async\" width=\"910\" height=\"508\" src=\"https:\/\/sites.ac-nancy-metz.fr\/arts-plastiques\/wp-content\/uploads\/40.png\" alt=\"\" class=\"wp-image-4368\" srcset=\"https:\/\/sites.ac-nancy-metz.fr\/arts-plastiques\/wp-content\/uploads\/40.png 910w, https:\/\/sites.ac-nancy-metz.fr\/arts-plastiques\/wp-content\/uploads\/40-300x167.png 300w, https:\/\/sites.ac-nancy-metz.fr\/arts-plastiques\/wp-content\/uploads\/40-768x429.png 768w\" sizes=\"(max-width: 910px) 100vw, 910px\" \/><\/a><\/figure>\n\n\n\n<figure class=\"wp-block-image size-full is-resized\"><a href=\"https:\/\/www.artsteps.com\/view\/609394254f1a283bda8734dc\"><img loading=\"lazy\" decoding=\"async\" src=\"https:\/\/sites.ac-nancy-metz.fr\/arts-plastiques\/wp-content\/uploads\/Capture-decran-2023-02-07-a-17.53.38.png\" alt=\"\" class=\"wp-image-8955\" width=\"910\" height=\"508\"\/><\/a><\/figure>\n","protected":false},"excerpt":{"rendered":"<p>Les expositions virtuelles ci-dessous ont \u00e9t\u00e9 propos\u00e9es aux \u00e9l\u00e8ves durant les p\u00e9riodes de confinement. Elles ont \u00e9t\u00e9 r\u00e9alis\u00e9es&nbsp; pour partager et pr\u00e9senter les productions r\u00e9alis\u00e9es en&#8230;<\/p>\n","protected":false},"author":3,"featured_media":0,"parent":0,"menu_order":0,"comment_status":"closed","ping_status":"closed","template":"","meta":{"footnotes":""},"class_list":["post-4112","page","type-page","status-publish","hentry"],"_links":{"self":[{"href":"https:\/\/sites.ac-nancy-metz.fr\/arts-plastiques\/wp-json\/wp\/v2\/pages\/4112","targetHints":{"allow":["GET"]}}],"collection":[{"href":"https:\/\/sites.ac-nancy-metz.fr\/arts-plastiques\/wp-json\/wp\/v2\/pages"}],"about":[{"href":"https:\/\/sites.ac-nancy-metz.fr\/arts-plastiques\/wp-json\/wp\/v2\/types\/page"}],"author":[{"embeddable":true,"href":"https:\/\/sites.ac-nancy-metz.fr\/arts-plastiques\/wp-json\/wp\/v2\/users\/3"}],"replies":[{"embeddable":true,"href":"https:\/\/sites.ac-nancy-metz.fr\/arts-plastiques\/wp-json\/wp\/v2\/comments?post=4112"}],"version-history":[{"count":7,"href":"https:\/\/sites.ac-nancy-metz.fr\/arts-plastiques\/wp-json\/wp\/v2\/pages\/4112\/revisions"}],"predecessor-version":[{"id":8956,"href":"https:\/\/sites.ac-nancy-metz.fr\/arts-plastiques\/wp-json\/wp\/v2\/pages\/4112\/revisions\/8956"}],"wp:attachment":[{"href":"https:\/\/sites.ac-nancy-metz.fr\/arts-plastiques\/wp-json\/wp\/v2\/media?parent=4112"}],"curies":[{"name":"wp","href":"https:\/\/api.w.org\/{rel}","templated":true}]}}