{"id":4443,"date":"2021-05-08T11:17:27","date_gmt":"2021-05-08T09:17:27","guid":{"rendered":"https:\/\/sites.ac-nancy-metz.fr\/arts-plastiques\/?page_id=4443"},"modified":"2022-02-24T17:09:21","modified_gmt":"2022-02-24T16:09:21","slug":"parcours-deducation-artistique-et-culturelle","status":"publish","type":"page","link":"https:\/\/sites.ac-nancy-metz.fr\/arts-plastiques\/parcours-deducation-artistique-et-culturelle\/","title":{"rendered":"Contributions des arts plastiques au Parcours d&rsquo;\u00c9ducation Artistique et Culturelle"},"content":{"rendered":"\n<figure class=\"wp-block-embed is-type-wp-embed is-provider-arts-plastiques wp-block-embed-arts-plastiques\"><div class=\"wp-block-embed__wrapper\">\n<blockquote class=\"wp-embedded-content\" data-secret=\"iYoxQRW7fX\"><a href=\"https:\/\/sites.ac-nancy-metz.fr\/arts-plastiques\/2022\/02\/21\/exposition-arts-de-lislam-un-passe-pour-un-present\/\">Exposition \u00ab\u00a0Arts de l&rsquo;Islam. Un pass\u00e9 pour un pr\u00e9sent\u00a0\u00bb<\/a><\/blockquote><iframe class=\"wp-embedded-content\" sandbox=\"allow-scripts\" security=\"restricted\" style=\"position: absolute; clip: rect(1px, 1px, 1px, 1px);\" title=\"\u00ab\u00a0Exposition \u00ab\u00a0Arts de l&rsquo;Islam. Un pass\u00e9 pour un pr\u00e9sent\u00a0\u00bb\u00a0\u00bb &#8212; Arts plastiques\" src=\"https:\/\/sites.ac-nancy-metz.fr\/arts-plastiques\/2022\/02\/21\/exposition-arts-de-lislam-un-passe-pour-un-present\/embed\/#?secret=YRCEmrPeAB#?secret=iYoxQRW7fX\" data-secret=\"iYoxQRW7fX\" width=\"600\" height=\"338\" frameborder=\"0\" marginwidth=\"0\" marginheight=\"0\" scrolling=\"no\"><\/iframe>\n<\/div><\/figure>\n\n\n\n<p>De la lecture \u00e0 l\u2019\u0153uvre \u00e0 la lecture de l\u2019\u0153uvre<\/p>\n\n\n\n<div data-wp-interactive=\"core\/file\" class=\"wp-block-file\"><object data-wp-bind--hidden=\"!state.hasPdfPreview\" hidden class=\"wp-block-file__embed\" data=\"https:\/\/sites.ac-nancy-metz.fr\/arts-plastiques\/wp-content\/uploads\/Lecture-et-arts-plastiques-7.pdf\" type=\"application\/pdf\" style=\"width:100%;height:600px\" aria-label=\"Contenu embarqu\u00e9 Contenu embarqu\u00e9 Lecture-et-arts-plastiques..\"><\/object><a id=\"wp-block-file--media-d8a6ae79-f41c-4005-b875-fd42e7930680\" href=\"https:\/\/sites.ac-nancy-metz.fr\/arts-plastiques\/wp-content\/uploads\/Lecture-et-arts-plastiques-7.pdf\">Lecture-et-arts-plastiques<\/a><a href=\"https:\/\/sites.ac-nancy-metz.fr\/arts-plastiques\/wp-content\/uploads\/Lecture-et-arts-plastiques-7.pdf\" class=\"wp-block-file__button\" download aria-describedby=\"wp-block-file--media-d8a6ae79-f41c-4005-b875-fd42e7930680\">T\u00e9l\u00e9charger<\/a><\/div>\n\n\n\n<p>Cabinets de curiosit\u00e9s : dialogues et r\u00e9sonances des merveilles des arts et des sciences<\/p>\n\n\n\n<div data-wp-interactive=\"core\/file\" class=\"wp-block-file\"><object data-wp-bind--hidden=\"!state.hasPdfPreview\" hidden class=\"wp-block-file__embed\" data=\"https:\/\/sites.ac-nancy-metz.fr\/arts-plastiques\/wp-content\/uploads\/CABINET-DE-CURIOSITES.pdf\" type=\"application\/pdf\" style=\"width:100%;height:600px\" aria-label=\"Contenu embarqu\u00e9 PDF embarqu\u00e9.\"><\/object><a href=\"https:\/\/sites.ac-nancy-metz.fr\/arts-plastiques\/wp-content\/uploads\/CABINET-DE-CURIOSITES.pdf\" class=\"wp-block-file__button\" download aria-describedby=\"wp-block-file--media-a00802f4-2b58-4960-8040-7599ecd77e5e\">T\u00e9l\u00e9charger<\/a><\/div>\n\n\n\n<p>Dossier de l&rsquo;exposition Carambolages, Jean-Hubert MARTIN, 2016, Grand Palais :<\/p>\n\n\n\n<p><a href=\"https:\/\/www.grandpalais.fr\/pdf\/dossier_pedagogique\/Dossier_pedagogique_carambolages.pdf\">https:\/\/www.grandpalais.fr\/pdf\/dossier_pedagogique\/Dossier_pedagogique_carambolages.pdf<\/a><\/p>\n\n\n\n<p>Dossier de l&rsquo;acad\u00e9mie de Rouen :<\/p>\n\n\n\n<p><a href=\"http:\/\/arts-plastiques.spip.ac-rouen.fr\/IMG\/pdf\/dossiers_pedagogiques_cabinets_de_curiosites_8_3_mo.pdf \">http:\/\/arts-plastiques.spip.ac-rouen.fr\/IMG\/pdf\/dossiers_pedagogiques_cabinets_de_curiosites_8_3_mo.pdf <\/a><\/p>\n\n\n\n<p><\/p>\n\n\n\n<p class=\"has-text-align-center\" style=\"font-size:10px\">Ressources : Marie ROUSSEAU IA-IPR Inspectrice d\u2019Acad\u00e9mie \u2013 Inspectrice P\u00e9dagogique R\u00e9gionale<\/p>\n","protected":false},"excerpt":{"rendered":"<p>De la lecture \u00e0 l\u2019\u0153uvre \u00e0 la lecture de l\u2019\u0153uvre Cabinets de curiosit\u00e9s : dialogues et r\u00e9sonances des merveilles des arts et des sciences Dossier de&#8230;<\/p>\n","protected":false},"author":2,"featured_media":0,"parent":0,"menu_order":0,"comment_status":"closed","ping_status":"closed","template":"","meta":{"footnotes":""},"class_list":["post-4443","page","type-page","status-publish","hentry"],"_links":{"self":[{"href":"https:\/\/sites.ac-nancy-metz.fr\/arts-plastiques\/wp-json\/wp\/v2\/pages\/4443","targetHints":{"allow":["GET"]}}],"collection":[{"href":"https:\/\/sites.ac-nancy-metz.fr\/arts-plastiques\/wp-json\/wp\/v2\/pages"}],"about":[{"href":"https:\/\/sites.ac-nancy-metz.fr\/arts-plastiques\/wp-json\/wp\/v2\/types\/page"}],"author":[{"embeddable":true,"href":"https:\/\/sites.ac-nancy-metz.fr\/arts-plastiques\/wp-json\/wp\/v2\/users\/2"}],"replies":[{"embeddable":true,"href":"https:\/\/sites.ac-nancy-metz.fr\/arts-plastiques\/wp-json\/wp\/v2\/comments?post=4443"}],"version-history":[{"count":17,"href":"https:\/\/sites.ac-nancy-metz.fr\/arts-plastiques\/wp-json\/wp\/v2\/pages\/4443\/revisions"}],"predecessor-version":[{"id":7229,"href":"https:\/\/sites.ac-nancy-metz.fr\/arts-plastiques\/wp-json\/wp\/v2\/pages\/4443\/revisions\/7229"}],"wp:attachment":[{"href":"https:\/\/sites.ac-nancy-metz.fr\/arts-plastiques\/wp-json\/wp\/v2\/media?parent=4443"}],"curies":[{"name":"wp","href":"https:\/\/api.w.org\/{rel}","templated":true}]}}