{"id":4733,"date":"2021-06-11T09:20:24","date_gmt":"2021-06-11T07:20:24","guid":{"rendered":"https:\/\/sites.ac-nancy-metz.fr\/arts-plastiques\/?page_id=4733"},"modified":"2024-11-27T22:46:53","modified_gmt":"2024-11-27T21:46:53","slug":"musee-rencontres-avec-les-oeuvres","status":"publish","type":"page","link":"https:\/\/sites.ac-nancy-metz.fr\/arts-plastiques\/musee-rencontres-avec-les-oeuvres\/","title":{"rendered":"Mus\u00e9e : rencontres avec les \u0153uvres"},"content":{"rendered":"\n<div data-wp-interactive=\"core\/file\" class=\"wp-block-file\"><object data-wp-bind--hidden=\"!state.hasPdfPreview\" hidden class=\"wp-block-file__embed\" data=\"https:\/\/sites.ac-nancy-metz.fr\/arts-plastiques\/wp-content\/uploads\/2-Projet-Lycee-Hanzelet-Abbaye-Premontres.pdf\" type=\"application\/pdf\" style=\"width:100%;height:600px\" aria-label=\"Contenu embarqu\u00e9 2 - Projet Lyce\u0301e Hanzelet Abbaye Pre\u0301montre\u0301s.\"><\/object><a id=\"wp-block-file--media-8f295dd5-7751-4dde-a148-e5a68a405d48\" href=\"https:\/\/sites.ac-nancy-metz.fr\/arts-plastiques\/wp-content\/uploads\/2-Projet-Lycee-Hanzelet-Abbaye-Premontres.pdf\">2 &#8211; Projet Lyce\u0301e Hanzelet Abbaye Pre\u0301montre\u0301s<\/a><a href=\"https:\/\/sites.ac-nancy-metz.fr\/arts-plastiques\/wp-content\/uploads\/2-Projet-Lycee-Hanzelet-Abbaye-Premontres.pdf\" class=\"wp-block-file__button wp-element-button\" download aria-describedby=\"wp-block-file--media-8f295dd5-7751-4dde-a148-e5a68a405d48\">T\u00e9l\u00e9charger<\/a><\/div>\n\n\n\n<div data-wp-interactive=\"core\/file\" class=\"wp-block-file\"><object data-wp-bind--hidden=\"!state.hasPdfPreview\" hidden class=\"wp-block-file__embed\" data=\"https:\/\/sites.ac-nancy-metz.fr\/arts-plastiques\/wp-content\/uploads\/3-Projet-Lycee-Hanzelet-Expo-Ret-Markus.pdf\" type=\"application\/pdf\" style=\"width:100%;height:600px\" aria-label=\"Contenu embarqu\u00e9 3 - Projet Lyce\u0301e Hanzelet Expo Ret Markus.\"><\/object><a id=\"wp-block-file--media-a3eec76f-f9bc-4cb1-8477-61b00b849edb\" href=\"https:\/\/sites.ac-nancy-metz.fr\/arts-plastiques\/wp-content\/uploads\/3-Projet-Lycee-Hanzelet-Expo-Ret-Markus.pdf\">3 &#8211; Projet Lyce\u0301e Hanzelet Expo Ret Markus<\/a><a href=\"https:\/\/sites.ac-nancy-metz.fr\/arts-plastiques\/wp-content\/uploads\/3-Projet-Lycee-Hanzelet-Expo-Ret-Markus.pdf\" class=\"wp-block-file__button wp-element-button\" download aria-describedby=\"wp-block-file--media-a3eec76f-f9bc-4cb1-8477-61b00b849edb\">T\u00e9l\u00e9charger<\/a><\/div>\n\n\n\n<p class=\"has-medium-font-size\">Lyc\u00e9e de la Communication &#8211; Metz  &#8211;  \u00ab\u00a0Danse avec les oeuvres\u00a0\u00bb <strong>Mus\u00e9e de la Cour d&rsquo;Or<\/strong><\/p>\n\n\n<div class=\"wp-block-image\">\n<figure class=\"aligncenter size-full\"><img fetchpriority=\"high\" decoding=\"async\" width=\"456\" height=\"646\" src=\"https:\/\/sites.ac-nancy-metz.fr\/arts-plastiques\/wp-content\/uploads\/Capture-decran-2022-05-09-a-08.53.20.png\" alt=\"\" class=\"wp-image-8445\" srcset=\"https:\/\/sites.ac-nancy-metz.fr\/arts-plastiques\/wp-content\/uploads\/Capture-decran-2022-05-09-a-08.53.20.png 456w, https:\/\/sites.ac-nancy-metz.fr\/arts-plastiques\/wp-content\/uploads\/Capture-decran-2022-05-09-a-08.53.20-212x300.png 212w\" sizes=\"(max-width: 456px) 100vw, 456px\" \/><\/figure>\n<\/div>\n\n\n<p><strong>Pour suivre cette soir\u00e9e sur la page du lyc\u00e9e de la communication, ci-dessous le lien vers la page du site du lyc\u00e9e qui sera actualis\u00e9e avec les travaux (sculptures, peintures, performances et danses film\u00e9es, performance et videos en VR, poster num\u00e9rique, \u2026) &nbsp;et vid\u00e9os!<\/strong><\/p>\n\n\n\n<p> <a href=\"https:\/\/sites.ac-nancy-metz.fr\/lyc-la-communication\/18-eme-nuit-des-musees\/\">https:\/\/sites.ac-nancy-metz.fr\/lyc-la-communication\/18-eme-nuit-des-musees\/<\/a><\/p>\n\n\n\n<iframe width=\"560\" height=\"315\" sandbox=\"allow-same-origin allow-scripts allow-popups\" src=\"https:\/\/videos.ac-nancy-metz.fr\/videos\/embed\/ec221c1b-1f6a-4e9e-9d0e-d155fd38c706\" frameborder=\"0\" allowfullscreen=\"\"><\/iframe>\n\n\n\n<iframe width=\"560\" height=\"315\" sandbox=\"allow-same-origin allow-scripts allow-popups\" src=\"https:\/\/videos.ac-nancy-metz.fr\/videos\/embed\/e34954d9-32e9-4cef-badb-7d70d8aa015e?start=7s\" frameborder=\"0\" allowfullscreen=\"\"><\/iframe>\n\n\n\n<iframe width=\"560\" height=\"315\" sandbox=\"allow-same-origin allow-scripts allow-popups\" src=\"https:\/\/videos.ac-nancy-metz.fr\/videos\/embed\/03d33317-17c4-43c0-98d8-cb38d1accbd6\" frameborder=\"0\" allowfullscreen=\"\"><\/iframe>\n\n\n\n<iframe width=\"560\" height=\"315\" sandbox=\"allow-same-origin allow-scripts allow-popups\" src=\"https:\/\/videos.ac-nancy-metz.fr\/videos\/embed\/ab5e1f54-132d-4485-af38-fcecfd505c6a\" frameborder=\"0\" allowfullscreen=\"\"><\/iframe>\n\n\n\n<p class=\"has-medium-font-size\">Coll\u00e8ge Rabelais &#8211; Metz Sablon  &#8211;  \u00ab\u00a0Danse avec les oeuvres\u00a0\u00bb <strong>Mus\u00e9e de la Cour d&rsquo;Or<\/strong><\/p>\n\n\n\n<div class=\"wp-block-columns is-layout-flex wp-container-core-columns-is-layout-9d6595d7 wp-block-columns-is-layout-flex\">\n<div class=\"wp-block-column is-layout-flow wp-block-column-is-layout-flow\">\n<figure class=\"wp-block-image size-large\"><img decoding=\"async\" width=\"1024\" height=\"626\" src=\"https:\/\/sites.ac-nancy-metz.fr\/arts-plastiques\/wp-content\/uploads\/Capture-decran-2022-05-06-a-08.53.08-1024x626.png\" alt=\"\" class=\"wp-image-8411\" srcset=\"https:\/\/sites.ac-nancy-metz.fr\/arts-plastiques\/wp-content\/uploads\/Capture-decran-2022-05-06-a-08.53.08-1024x626.png 1024w, https:\/\/sites.ac-nancy-metz.fr\/arts-plastiques\/wp-content\/uploads\/Capture-decran-2022-05-06-a-08.53.08-300x183.png 300w, https:\/\/sites.ac-nancy-metz.fr\/arts-plastiques\/wp-content\/uploads\/Capture-decran-2022-05-06-a-08.53.08-768x470.png 768w, https:\/\/sites.ac-nancy-metz.fr\/arts-plastiques\/wp-content\/uploads\/Capture-decran-2022-05-06-a-08.53.08.png 1084w\" sizes=\"(max-width: 1024px) 100vw, 1024px\" \/><\/figure>\n<\/div>\n\n\n\n<div class=\"wp-block-column is-layout-flow wp-block-column-is-layout-flow\">\n<figure class=\"wp-block-image size-large is-resized\"><img decoding=\"async\" width=\"1024\" height=\"558\" src=\"https:\/\/sites.ac-nancy-metz.fr\/arts-plastiques\/wp-content\/uploads\/Capture-decran-2022-05-06-a-08.53.27-1024x558.png\" alt=\"\" class=\"wp-image-8412\" style=\"width:542px;height:295px\" srcset=\"https:\/\/sites.ac-nancy-metz.fr\/arts-plastiques\/wp-content\/uploads\/Capture-decran-2022-05-06-a-08.53.27-1024x558.png 1024w, https:\/\/sites.ac-nancy-metz.fr\/arts-plastiques\/wp-content\/uploads\/Capture-decran-2022-05-06-a-08.53.27-300x163.png 300w, https:\/\/sites.ac-nancy-metz.fr\/arts-plastiques\/wp-content\/uploads\/Capture-decran-2022-05-06-a-08.53.27-768x418.png 768w, https:\/\/sites.ac-nancy-metz.fr\/arts-plastiques\/wp-content\/uploads\/Capture-decran-2022-05-06-a-08.53.27.png 1083w\" sizes=\"(max-width: 1024px) 100vw, 1024px\" \/><\/figure>\n<\/div>\n<\/div>\n\n\n\n<iframe width=\"560\" height=\"315\" sandbox=\"allow-same-origin allow-scripts allow-popups\" src=\"https:\/\/videos.ac-nancy-metz.fr\/videos\/embed\/a4a29d4c-2bbc-4ced-a7e4-340a45528517\" frameborder=\"0\" allowfullscreen=\"\"><\/iframe>\n\n\n\n<p class=\"has-medium-font-size\">Coll\u00e8ge Rabelais &#8211; Metz Sablon  &#8211;  \u00ab\u00a0Parcours d&rsquo;artistes\u00a0\u00bb <strong>De la cave au grenier<\/strong><\/p>\n\n\n\n<p><a href=\"https:\/\/galerie-rabelais.wixsite.com\/website\/de-la-cave-au-grenier\">Lien vers la page d\u00e9di\u00e9e &#8211; De la cave au grenier<\/a><\/p>\n\n\n\n<figure class=\"wp-block-image size-full\"><a href=\"https:\/\/galerie-rabelais.wixsite.com\/website\/de-la-cave-au-grenier\"><img loading=\"lazy\" decoding=\"async\" width=\"952\" height=\"545\" src=\"https:\/\/sites.ac-nancy-metz.fr\/arts-plastiques\/wp-content\/uploads\/Capture-decran-2022-04-27-a-15.55.06.png\" alt=\"\" class=\"wp-image-8315\" srcset=\"https:\/\/sites.ac-nancy-metz.fr\/arts-plastiques\/wp-content\/uploads\/Capture-decran-2022-04-27-a-15.55.06.png 952w, https:\/\/sites.ac-nancy-metz.fr\/arts-plastiques\/wp-content\/uploads\/Capture-decran-2022-04-27-a-15.55.06-300x172.png 300w, https:\/\/sites.ac-nancy-metz.fr\/arts-plastiques\/wp-content\/uploads\/Capture-decran-2022-04-27-a-15.55.06-768x440.png 768w\" sizes=\"(max-width: 952px) 100vw, 952px\" \/><\/a><\/figure>\n\n\n\n<figure class=\"wp-block-image size-full\"><a href=\"https:\/\/galerie-rabelais.wixsite.com\/website\/de-la-cave-au-grenier\"><img loading=\"lazy\" decoding=\"async\" width=\"951\" height=\"539\" src=\"https:\/\/sites.ac-nancy-metz.fr\/arts-plastiques\/wp-content\/uploads\/Capture-decran-2022-04-27-a-15.25.17.png\" alt=\"\" class=\"wp-image-8314\" srcset=\"https:\/\/sites.ac-nancy-metz.fr\/arts-plastiques\/wp-content\/uploads\/Capture-decran-2022-04-27-a-15.25.17.png 951w, https:\/\/sites.ac-nancy-metz.fr\/arts-plastiques\/wp-content\/uploads\/Capture-decran-2022-04-27-a-15.25.17-300x170.png 300w, https:\/\/sites.ac-nancy-metz.fr\/arts-plastiques\/wp-content\/uploads\/Capture-decran-2022-04-27-a-15.25.17-768x435.png 768w\" sizes=\"(max-width: 951px) 100vw, 951px\" \/><\/a><\/figure>\n\n\n\n<p><\/p>\n\n\n\n<p><\/p>\n\n\n\n<p><\/p>\n\n\n\n<p class=\"has-medium-font-size\">28 f\u00e9vrier : LYCEE NOTRE DAME SAINT JOSEPH EPINAL Visite guid\u00e9e de l&rsquo;exposition \u00ab\u00a0les arts de l&rsquo;Islam : un pass\u00e9 pour un pr\u00e9sent\u00a0\u00bb avec les \u00e9l\u00e8ves de 1\u00e8re et Terminale de l&rsquo;enseignement facultatif<\/p>\n\n\n\n<figure class=\"wp-block-image size-full\"><img loading=\"lazy\" decoding=\"async\" width=\"650\" height=\"662\" src=\"https:\/\/sites.ac-nancy-metz.fr\/arts-plastiques\/wp-content\/uploads\/Capture-decran-2022-03-21-a-20.28.11-edited.png\" alt=\"\" class=\"wp-image-7832\" srcset=\"https:\/\/sites.ac-nancy-metz.fr\/arts-plastiques\/wp-content\/uploads\/Capture-decran-2022-03-21-a-20.28.11-edited.png 650w, https:\/\/sites.ac-nancy-metz.fr\/arts-plastiques\/wp-content\/uploads\/Capture-decran-2022-03-21-a-20.28.11-edited-295x300.png 295w\" sizes=\"(max-width: 650px) 100vw, 650px\" \/><\/figure>\n\n\n\n<p class=\"has-medium-font-size\">28 f\u00e9vrier : LYCEE NOTRE DAME SAINT JOSEPH EPINAL Visite guid\u00e9e de l&rsquo;ESAL avec les \u00e9l\u00e8ves de seconde, 1\u00e8re et Terminale de l&rsquo;enseignement facultatif<\/p>\n\n\n\n<figure class=\"wp-block-image size-full\"><img loading=\"lazy\" decoding=\"async\" width=\"622\" height=\"743\" src=\"https:\/\/sites.ac-nancy-metz.fr\/arts-plastiques\/wp-content\/uploads\/Capture-decran-2022-03-21-a-20.28.56.png\" alt=\"\" class=\"wp-image-7827\" srcset=\"https:\/\/sites.ac-nancy-metz.fr\/arts-plastiques\/wp-content\/uploads\/Capture-decran-2022-03-21-a-20.28.56.png 622w, https:\/\/sites.ac-nancy-metz.fr\/arts-plastiques\/wp-content\/uploads\/Capture-decran-2022-03-21-a-20.28.56-251x300.png 251w\" sizes=\"(max-width: 622px) 100vw, 622px\" \/><\/figure>\n\n\n\n<p class=\"has-medium-font-size\">10 mars : LYCEE NOTRE DAME SAINT JOSEPH EPINAL Visite guid\u00e9e de la villa Majorelle avec les \u00e9l\u00e8ves de 1\u00e8re et Terminale de l&rsquo;enseignement facultatif<\/p>\n\n\n\n<figure class=\"wp-block-image size-full is-resized\"><img loading=\"lazy\" decoding=\"async\" width=\"639\" height=\"672\" src=\"https:\/\/sites.ac-nancy-metz.fr\/arts-plastiques\/wp-content\/uploads\/Capture-decran-2022-03-21-a-20.29.29-edited.png\" alt=\"\" class=\"wp-image-7824\" style=\"width:790px\" srcset=\"https:\/\/sites.ac-nancy-metz.fr\/arts-plastiques\/wp-content\/uploads\/Capture-decran-2022-03-21-a-20.29.29-edited.png 639w, https:\/\/sites.ac-nancy-metz.fr\/arts-plastiques\/wp-content\/uploads\/Capture-decran-2022-03-21-a-20.29.29-edited-285x300.png 285w\" sizes=\"(max-width: 639px) 100vw, 639px\" \/><\/figure>\n\n\n\n<p class=\"has-medium-font-size\">17 d\u00e9cembre : LYCEE NOTRE DAME SAINT JOSEPH EPINAL Visite guid\u00e9e de l&rsquo;\u00e9cole d&rsquo;Architecture de Nancy et du Mus\u00e9e des Beaux-Arts avec les \u00e9l\u00e8ves de seconde de l&rsquo;enseignement facultatif<\/p>\n\n\n\n<figure class=\"wp-block-image size-full\"><img loading=\"lazy\" decoding=\"async\" width=\"557\" height=\"575\" src=\"https:\/\/sites.ac-nancy-metz.fr\/arts-plastiques\/wp-content\/uploads\/Capture-decran-2022-03-21-a-20.30.05-edited.png\" alt=\"\" class=\"wp-image-7820\" srcset=\"https:\/\/sites.ac-nancy-metz.fr\/arts-plastiques\/wp-content\/uploads\/Capture-decran-2022-03-21-a-20.30.05-edited.png 557w, https:\/\/sites.ac-nancy-metz.fr\/arts-plastiques\/wp-content\/uploads\/Capture-decran-2022-03-21-a-20.30.05-edited-291x300.png 291w\" sizes=\"(max-width: 557px) 100vw, 557px\" \/><\/figure>\n\n\n\n<p class=\"has-medium-font-size\">Octobre 2021 : Danser avec les oeuvres, projet du coll\u00e8ge Rabelais avec le mus\u00e9e de la Cour d&rsquo;Or de Metz<\/p>\n\n\n\n<p>Explication du projet : <a href=\"https:\/\/galerie-rabelais.wixsite.com\/website\/visite-au-mus\u00e9e-de-la-cour-d-or\">https:\/\/galerie-rabelais.wixsite.com\/website\/visite-au-mus\u00e9e-de-la-cour-d-or<\/a><\/p>\n\n\n\n<div class=\"wp-block-columns is-layout-flex wp-container-core-columns-is-layout-9d6595d7 wp-block-columns-is-layout-flex\">\n<div class=\"wp-block-column is-layout-flow wp-block-column-is-layout-flow\">\n<figure class=\"wp-block-image size-full\"><img loading=\"lazy\" decoding=\"async\" width=\"706\" height=\"506\" src=\"https:\/\/sites.ac-nancy-metz.fr\/arts-plastiques\/wp-content\/uploads\/Capture-decran-2021-10-21-a-00.00.56.png\" alt=\"\" class=\"wp-image-5977\" srcset=\"https:\/\/sites.ac-nancy-metz.fr\/arts-plastiques\/wp-content\/uploads\/Capture-decran-2021-10-21-a-00.00.56.png 706w, https:\/\/sites.ac-nancy-metz.fr\/arts-plastiques\/wp-content\/uploads\/Capture-decran-2021-10-21-a-00.00.56-300x215.png 300w\" sizes=\"(max-width: 706px) 100vw, 706px\" \/><\/figure>\n<\/div>\n\n\n\n<div class=\"wp-block-column is-layout-flow wp-block-column-is-layout-flow\">\n<figure class=\"wp-block-image size-full\"><img loading=\"lazy\" decoding=\"async\" width=\"653\" height=\"425\" src=\"https:\/\/sites.ac-nancy-metz.fr\/arts-plastiques\/wp-content\/uploads\/Capture-decran-2021-10-21-a-00.01.10.png\" alt=\"\" class=\"wp-image-5978\" srcset=\"https:\/\/sites.ac-nancy-metz.fr\/arts-plastiques\/wp-content\/uploads\/Capture-decran-2021-10-21-a-00.01.10.png 653w, https:\/\/sites.ac-nancy-metz.fr\/arts-plastiques\/wp-content\/uploads\/Capture-decran-2021-10-21-a-00.01.10-300x195.png 300w\" sizes=\"(max-width: 653px) 100vw, 653px\" \/><\/figure>\n<\/div>\n<\/div>\n\n\n\n<figure class=\"wp-block-image size-large\"><img loading=\"lazy\" decoding=\"async\" width=\"1024\" height=\"620\" src=\"https:\/\/sites.ac-nancy-metz.fr\/arts-plastiques\/wp-content\/uploads\/Capture-decran-2021-10-21-a-00.01.27-1-1024x620.png\" alt=\"\" class=\"wp-image-5980\" srcset=\"https:\/\/sites.ac-nancy-metz.fr\/arts-plastiques\/wp-content\/uploads\/Capture-decran-2021-10-21-a-00.01.27-1-1024x620.png 1024w, https:\/\/sites.ac-nancy-metz.fr\/arts-plastiques\/wp-content\/uploads\/Capture-decran-2021-10-21-a-00.01.27-1-300x182.png 300w, https:\/\/sites.ac-nancy-metz.fr\/arts-plastiques\/wp-content\/uploads\/Capture-decran-2021-10-21-a-00.01.27-1-768x465.png 768w, https:\/\/sites.ac-nancy-metz.fr\/arts-plastiques\/wp-content\/uploads\/Capture-decran-2021-10-21-a-00.01.27-1.png 1134w\" sizes=\"(max-width: 1024px) 100vw, 1024px\" \/><\/figure>\n\n\n\n<p><\/p>\n\n\n\n<p class=\"has-medium-font-size\">Juin 2021 : visite du<a href=\"https:\/\/www.centrepompidou-metz.fr\/bienvenue\"> <strong>Centre Pompidou de Metz<\/strong><\/a> par les \u00e9l\u00e8ves du Lyc\u00e9e Georges de la Tour : exposition \u00ab\u00a0Face \u00e0 Arcimboldo\u00a0\u00bb <\/p>\n\n\n\n<p>Dossier de l&rsquo;exposition : <a href=\"https:\/\/www.centrepompidou-metz.fr\/sites\/default\/files\/images\/dossiers\/ARCI_DD_V1.pdf \">https:\/\/www.centrepompidou-metz.fr\/sites\/default\/files\/images\/dossiers\/ARCI_DD_V1.pdf <\/a><\/p>\n\n\n\n<figure class=\"wp-block-image size-large\"><img loading=\"lazy\" decoding=\"async\" width=\"1024\" height=\"768\" src=\"https:\/\/sites.ac-nancy-metz.fr\/arts-plastiques\/wp-content\/uploads\/visite1-1024x768.jpg\" alt=\"\" class=\"wp-image-4764\" srcset=\"https:\/\/sites.ac-nancy-metz.fr\/arts-plastiques\/wp-content\/uploads\/visite1-1024x768.jpg 1024w, https:\/\/sites.ac-nancy-metz.fr\/arts-plastiques\/wp-content\/uploads\/visite1-300x225.jpg 300w, https:\/\/sites.ac-nancy-metz.fr\/arts-plastiques\/wp-content\/uploads\/visite1-768x576.jpg 768w, https:\/\/sites.ac-nancy-metz.fr\/arts-plastiques\/wp-content\/uploads\/visite1-1536x1152.jpg 1536w, https:\/\/sites.ac-nancy-metz.fr\/arts-plastiques\/wp-content\/uploads\/visite1-2048x1536.jpg 2048w\" sizes=\"(max-width: 1024px) 100vw, 1024px\" \/><\/figure>\n\n\n\n<figure class=\"wp-block-image size-large\"><img loading=\"lazy\" decoding=\"async\" width=\"1024\" height=\"768\" src=\"https:\/\/sites.ac-nancy-metz.fr\/arts-plastiques\/wp-content\/uploads\/visite2-1024x768.jpg\" alt=\"\" class=\"wp-image-4766\" srcset=\"https:\/\/sites.ac-nancy-metz.fr\/arts-plastiques\/wp-content\/uploads\/visite2-1024x768.jpg 1024w, https:\/\/sites.ac-nancy-metz.fr\/arts-plastiques\/wp-content\/uploads\/visite2-300x225.jpg 300w, https:\/\/sites.ac-nancy-metz.fr\/arts-plastiques\/wp-content\/uploads\/visite2-768x576.jpg 768w, https:\/\/sites.ac-nancy-metz.fr\/arts-plastiques\/wp-content\/uploads\/visite2-1536x1152.jpg 1536w, https:\/\/sites.ac-nancy-metz.fr\/arts-plastiques\/wp-content\/uploads\/visite2-2048x1536.jpg 2048w\" sizes=\"(max-width: 1024px) 100vw, 1024px\" \/><\/figure>\n\n\n\n<figure class=\"wp-block-image size-large\"><img loading=\"lazy\" decoding=\"async\" width=\"1024\" height=\"768\" src=\"https:\/\/sites.ac-nancy-metz.fr\/arts-plastiques\/wp-content\/uploads\/visite3-1024x768.jpg\" alt=\"\" class=\"wp-image-4767\" srcset=\"https:\/\/sites.ac-nancy-metz.fr\/arts-plastiques\/wp-content\/uploads\/visite3-1024x768.jpg 1024w, https:\/\/sites.ac-nancy-metz.fr\/arts-plastiques\/wp-content\/uploads\/visite3-300x225.jpg 300w, https:\/\/sites.ac-nancy-metz.fr\/arts-plastiques\/wp-content\/uploads\/visite3-768x576.jpg 768w, https:\/\/sites.ac-nancy-metz.fr\/arts-plastiques\/wp-content\/uploads\/visite3-1536x1152.jpg 1536w, https:\/\/sites.ac-nancy-metz.fr\/arts-plastiques\/wp-content\/uploads\/visite3-2048x1536.jpg 2048w\" sizes=\"(max-width: 1024px) 100vw, 1024px\" \/><\/figure>\n","protected":false},"excerpt":{"rendered":"<p>Lyc\u00e9e de la Communication &#8211; Metz &#8211; \u00ab\u00a0Danse avec les oeuvres\u00a0\u00bb Mus\u00e9e de la Cour d&rsquo;Or Pour suivre cette soir\u00e9e sur la page du lyc\u00e9e de&#8230;<\/p>\n","protected":false},"author":2,"featured_media":0,"parent":0,"menu_order":0,"comment_status":"closed","ping_status":"closed","template":"","meta":{"footnotes":""},"class_list":["post-4733","page","type-page","status-publish","hentry"],"_links":{"self":[{"href":"https:\/\/sites.ac-nancy-metz.fr\/arts-plastiques\/wp-json\/wp\/v2\/pages\/4733","targetHints":{"allow":["GET"]}}],"collection":[{"href":"https:\/\/sites.ac-nancy-metz.fr\/arts-plastiques\/wp-json\/wp\/v2\/pages"}],"about":[{"href":"https:\/\/sites.ac-nancy-metz.fr\/arts-plastiques\/wp-json\/wp\/v2\/types\/page"}],"author":[{"embeddable":true,"href":"https:\/\/sites.ac-nancy-metz.fr\/arts-plastiques\/wp-json\/wp\/v2\/users\/2"}],"replies":[{"embeddable":true,"href":"https:\/\/sites.ac-nancy-metz.fr\/arts-plastiques\/wp-json\/wp\/v2\/comments?post=4733"}],"version-history":[{"count":26,"href":"https:\/\/sites.ac-nancy-metz.fr\/arts-plastiques\/wp-json\/wp\/v2\/pages\/4733\/revisions"}],"predecessor-version":[{"id":10123,"href":"https:\/\/sites.ac-nancy-metz.fr\/arts-plastiques\/wp-json\/wp\/v2\/pages\/4733\/revisions\/10123"}],"wp:attachment":[{"href":"https:\/\/sites.ac-nancy-metz.fr\/arts-plastiques\/wp-json\/wp\/v2\/media?parent=4733"}],"curies":[{"name":"wp","href":"https:\/\/api.w.org\/{rel}","templated":true}]}}