{"id":4802,"date":"2021-06-13T12:38:11","date_gmt":"2021-06-13T10:38:11","guid":{"rendered":"https:\/\/sites.ac-nancy-metz.fr\/arts-plastiques\/?page_id=4802"},"modified":"2021-06-13T12:41:16","modified_gmt":"2021-06-13T10:41:16","slug":"enseigner-a-distance","status":"publish","type":"page","link":"https:\/\/sites.ac-nancy-metz.fr\/arts-plastiques\/enseigner-a-distance\/","title":{"rendered":"Enseigner \u00e0 distance"},"content":{"rendered":"\n<h2 class=\"has-text-align-center wp-block-heading\">ENSEIGNER<\/h2>\n\n\n\n<p><strong>Des propositions pour le coll\u00e8ge : <\/strong><\/p>\n\n\n\n<p>Les notions plastiques fondamentales sont interrog\u00e9es \u00e0 distance dans des pratiques plastiques interrogeant la photographie num\u00e9rique. <\/p>\n\n\n\n<p><\/p><div style=\"width: 100%;\"><div style=\"position: relative; padding-bottom: 56.25%; padding-top: 0; height: 0;\"><iframe frameborder=\"0\" width=\"1200px\" height=\"675px\" style=\"position: absolute; top: 0; left: 0; width: 100%; height: 100%;\" src=\"https:\/\/view.genial.ly\/6064de49026e560ce9832125\" type=\"text\/html\" allowscriptaccess=\"always\" allowfullscreen=\"true\" scrolling=\"yes\" allownetworking=\"all\"><\/iframe> <\/div> <\/div>\n\n\n\n<p id=\"block-d084c4ee-2100-48f4-8aa5-7dec4b734d2f\">Ressources : S\u00e9bastien CHAMPION Charg\u00e9 de Mission d\u2019Inspection\/Marie ROUSSEAU IA-IPR Inspectrice d\u2019Acad\u00e9mie \u2013 Inspectrice P\u00e9dagogique R\u00e9gionale<\/p>\n\n\n\n<p id=\"block-690df0eb-1c83-4f86-a245-83b4ad27afe4\">Pour choisir la notion travaill\u00e9e, tournez la roue :<\/p>\n\n\n\n<figure><iframe src=\"https:\/\/wordwall.net\/fr\/embed\/775d0a05794040618614d3997fa41ac6?themeId=56&amp;templateId=8\" width=\"500\" height=\"380\" allowfullscreen=\"\"><\/iframe><\/figure>\n\n\n\n<p id=\"block-a05534e4-8fe7-44bc-99f4-763edecf56c0\">Les dialogues et les r\u00e9sonances entre les arts plastiques et l&rsquo;architecture permettent aux \u00e9l\u00e8ves de cr\u00e9er, d&rsquo;imaginer, de mettre en oeuvre leurs productions.<\/p>\n\n\n\n<div class=\"container-wrapper-genially\" style=\"position: relative; min-height: 400px; max-width: 100%;\"><video class=\"loader-genially\" autoplay=\"autoplay\" loop=\"loop\" playsinline=\"playsInline\" muted=\"muted\" style=\"position: absolute;top: 45%;left: 50%;transform: translate(-50%, -50%);width: 80px;height: 80px;margin-bottom: 10%\"><source src=\"https:\/\/static.genial.ly\/resources\/panel-loader-low.mp4\" type=\"video\/mp4\">Your browser does not support the video tag.<\/video><div id=\"5e886854260c290e39a4035b\" class=\"genially-embed\" style=\"margin: 0px auto; position: relative; height: auto; width: 100%;\"><\/div><\/div><script>(function (d) { var js, id = \"genially-embed-js\", ref = d.getElementsByTagName(\"script\")[0]; if (d.getElementById(id)) { return; } js = d.createElement(\"script\"); js.id = id; js.async = true; js.src = \"https:\/\/view.genial.ly\/static\/embed\/embed.js\"; ref.parentNode.insertBefore(js, ref); }(document));<\/script>\n\n\n\n<p id=\"block-a05534e4-8fe7-44bc-99f4-763edecf56c0\"><br>Ressources : S\u00e9bastien CHAMPION Charg\u00e9 de Mission d\u2019Inspection\/ Corinne BOURDENET-VICAIRE Formatrice Acad\u00e9mique<\/p>\n\n\n\n<figure><iframe width=\"1200px\" height=\"675px\" src=\"https:\/\/view.genial.ly\/606dffb92aa56f0d11951b98\" allowfullscreen=\"true\"><\/iframe><\/figure>\n\n\n\n<p id=\"block-f13f8d56-0022-4cbd-b19d-4cb5ac348431\">Ressources : Corinne BOURDENET-VICAIRE Formatrice Acad\u00e9mique\/Anne LEFORT professeur agr\u00e9g\u00e9<\/p>\n\n\n\n<p id=\"block-2901c2f6-2e42-4e0f-a06f-639e36cf4f91\"><strong>Des propositions pour le lyc\u00e9e :<\/strong><\/p>\n\n\n\n<p id=\"block-8a06c16c-45b6-4ddd-aa89-d7c964d6261f\">PROGRAMME ENSEIGNEMENT OPTIONNEL : des ressources par niveau pour accompagner l&rsquo;articulation des a pratique avec les oeuvres d&rsquo;art<\/p>\n\n\n\n<figure class=\"wp-block-image\" id=\"block-4ba6b3dc-4c19-4272-97bc-0f090a310974\"><img decoding=\"async\" src=\"https:\/\/sites.ac-nancy-metz.fr\/arts-plastiques\/wp-content\/uploads\/capture-decran-2021-03-12-a-10-36-37-2-edited-1.png\" alt=\"L\u2019attribut alt de cette image est vide, son nom de fichier est capture-decran-2021-03-12-a-10-36-37-2-edited-1.png.\"\/><\/figure>\n\n\n\n<p id=\"block-845cb47e-42a0-48d3-8801-af18f885c409\">PROGRAMME ENSEIGNEMENT DE SP\u00c9CIALIT\u00c9<\/p>\n\n\n\n<figure class=\"wp-block-image\" id=\"block-23d2fa40-a997-48a3-8ae8-462a3f8d96f5\"><img decoding=\"async\" src=\"https:\/\/sites.ac-nancy-metz.fr\/arts-plastiques\/wp-content\/uploads\/capture-decran-2021-04-01-a-09-25-20.png\" alt=\"L\u2019attribut alt de cette image est vide, son nom de fichier est capture-decran-2021-04-01-a-09-25-20.png.\"\/><\/figure>\n\n\n\n<p id=\"block-1ee01cbb-f1d5-494d-ad04-fa0f58595509\">OEUVRES, TH\u00c8MES, QUESTIONS DE R\u00c9F\u00c9RENCE POUR LE BACCALAUR\u00c9AT<\/p>\n\n\n\n<figure class=\"wp-block-image\" id=\"block-69054de4-5bc1-4df9-9adc-1085ccc206aa\"><img decoding=\"async\" src=\"https:\/\/sites.ac-nancy-metz.fr\/arts-plastiques\/wp-content\/uploads\/capture-decran-2021-04-01-a-09-26-22.png\" alt=\"L\u2019attribut alt de cette image est vide, son nom de fichier est capture-decran-2021-04-01-a-09-26-22.png.\"\/><\/figure>\n\n\n\n<h2 class=\"wp-block-heading\" id=\"block-3b5b3741-77c3-47e7-94cb-4cae52de4bc5\"><a href=\"https:\/\/sites.ac-nancy-metz.fr\/arts-plastiques\/la-verbalisation\/\">VERBALISATION ET R\u00c9FLEXIVIT\u00c9 DE LA PRATIQUE<\/a><\/h2>\n\n\n\n<p id=\"block-1b46c460-7a8c-4b1d-9bf6-aa98d74f04aa\"><strong>Un exemple de verbalisation \u00e0 distance :<\/strong><\/p>\n\n\n\n<p id=\"block-7968b21c-bab6-4c85-a450-3fcc2a3fa392\">Verbaliser en arts plastiques : Fr\u00e9d\u00e9ric CARTIER, Formateur Acad\u00e9mique, Arts plastiques<\/p>\n\n\n\n<figure class=\"wp-block-image\" id=\"block-d1a2d2db-61b5-4198-a3f9-692f1bb3d8bd\"><img decoding=\"async\" src=\"https:\/\/sites.ac-nancy-metz.fr\/arts-plastiques\/wp-content\/uploads\/capture-decran-2020-12-08-a-14-53-34.png\" alt=\"L\u2019attribut alt de cette image est vide, son nom de fichier est capture-decran-2020-12-08-a-14-53-34.png.\"\/><\/figure>\n\n\n\n<figure class=\"wp-block-image\" id=\"block-2d89faa4-154f-4a62-b7d7-543a6d24686e\"><img decoding=\"async\" src=\"https:\/\/sites.ac-nancy-metz.fr\/arts-plastiques\/wp-content\/uploads\/capture-decran-2021-02-07-a-12-34-45.png\" alt=\"L\u2019attribut alt de cette image est vide, son nom de fichier est capture-decran-2021-02-07-a-12-34-45.png.\"\/><\/figure>\n\n\n\n<h2 class=\"wp-block-heading\" id=\"block-5a6c25f7-e744-429f-bdd9-5804f1aa3743\">EXPOSER<\/h2>\n\n\n\n<figure class=\"wp-block-image\" id=\"block-c9d2ec83-e8a4-4866-9fa1-c38ea71e3138\"><img decoding=\"async\" src=\"https:\/\/sites.ac-nancy-metz.fr\/arts-plastiques\/wp-content\/uploads\/Visuel-1-2.png\" alt=\"L\u2019attribut alt de cette image est vide, son nom de fichier est Visuel-1-2.png.\"\/><\/figure>\n\n\n\n<h2 class=\"wp-block-heading\" id=\"block-24545ef9-1244-4b2b-a32c-0d7c09f5a657\"><a href=\"https:\/\/sites.ac-nancy-metz.fr\/arts-plastiques\/evaluation-des-competences-disciplinaires\/\">\u00c9VALUER<\/a><\/h2>\n\n\n\n<h2 class=\"wp-block-heading\" id=\"block-2b93005e-bc1c-4502-b126-222a1af6c297\">LE DIALOGUE AVEC LES OEUVRES D&rsquo;ART<\/h2>\n\n\n\n<h2 class=\"wp-block-heading\" id=\"block-d6ef4740-58e2-4d81-b4fd-b784eac9d9d2\">RESSOURCES EDUSCOL ARTS PLASTIQUES<\/h2>\n\n\n\n<p id=\"block-e2af5e4a-9cb5-42d4-b47d-6cb5b72e1261\"><strong>Lettre Edu_Num n\u00b026 :<\/strong> <strong>Continuit\u00e9 p\u00e9dagogique : l\u2019enseignement \u00e0 distance des&nbsp;arts plastiques \u00e0 l&rsquo;\u00e9cole, au coll\u00e8ge et au lyc\u00e9e.&nbsp;Ressources et pistes institutionnelles.<\/strong><\/p>\n\n\n\n<figure class=\"wp-block-image\" id=\"block-f0deeea2-5e90-4def-a05a-0e66c19c73f0\"><img decoding=\"async\" src=\"https:\/\/sites.ac-nancy-metz.fr\/arts-plastiques\/wp-content\/uploads\/capture-decran-2021-04-01-a-07-54-09.png\" alt=\"L\u2019attribut alt de cette image est vide, son nom de fichier est capture-decran-2021-04-01-a-07-54-09.png.\"\/><\/figure>\n\n\n\n<h2 class=\"wp-block-heading\" id=\"block-18c29f5e-e397-4901-b554-48ccda022ac5\">PLAN DE CONTINUIT\u00c9 P\u00c9DAGOGIQUE MINIST\u00c8RE<br>\ufeff<\/h2>\n\n\n\n<figure class=\"wp-block-image\" id=\"block-7412a028-1d4a-44e6-a3a3-d862cce30348\"><img decoding=\"async\" src=\"https:\/\/sites.ac-nancy-metz.fr\/arts-plastiques\/wp-content\/uploads\/capture-decran-2021-04-01-a-17-25-51-1024x517.png\" alt=\"L\u2019attribut alt de cette image est vide, son nom de fichier est capture-decran-2021-04-01-a-17-25-51-1024x517.png.\"\/><\/figure>\n","protected":false},"excerpt":{"rendered":"<p>ENSEIGNER Des propositions pour le coll\u00e8ge : Les notions plastiques fondamentales sont interrog\u00e9es \u00e0 distance dans des pratiques plastiques interrogeant la photographie num\u00e9rique. Ressources : S\u00e9bastien&#8230;<\/p>\n","protected":false},"author":2,"featured_media":0,"parent":0,"menu_order":0,"comment_status":"closed","ping_status":"closed","template":"","meta":{"footnotes":""},"class_list":["post-4802","page","type-page","status-publish","hentry"],"_links":{"self":[{"href":"https:\/\/sites.ac-nancy-metz.fr\/arts-plastiques\/wp-json\/wp\/v2\/pages\/4802","targetHints":{"allow":["GET"]}}],"collection":[{"href":"https:\/\/sites.ac-nancy-metz.fr\/arts-plastiques\/wp-json\/wp\/v2\/pages"}],"about":[{"href":"https:\/\/sites.ac-nancy-metz.fr\/arts-plastiques\/wp-json\/wp\/v2\/types\/page"}],"author":[{"embeddable":true,"href":"https:\/\/sites.ac-nancy-metz.fr\/arts-plastiques\/wp-json\/wp\/v2\/users\/2"}],"replies":[{"embeddable":true,"href":"https:\/\/sites.ac-nancy-metz.fr\/arts-plastiques\/wp-json\/wp\/v2\/comments?post=4802"}],"version-history":[{"count":4,"href":"https:\/\/sites.ac-nancy-metz.fr\/arts-plastiques\/wp-json\/wp\/v2\/pages\/4802\/revisions"}],"predecessor-version":[{"id":4810,"href":"https:\/\/sites.ac-nancy-metz.fr\/arts-plastiques\/wp-json\/wp\/v2\/pages\/4802\/revisions\/4810"}],"wp:attachment":[{"href":"https:\/\/sites.ac-nancy-metz.fr\/arts-plastiques\/wp-json\/wp\/v2\/media?parent=4802"}],"curies":[{"name":"wp","href":"https:\/\/api.w.org\/{rel}","templated":true}]}}