{"id":4814,"date":"2021-06-14T23:39:18","date_gmt":"2021-06-14T21:39:18","guid":{"rendered":"https:\/\/sites.ac-nancy-metz.fr\/arts-plastiques\/?page_id=4814"},"modified":"2022-04-12T18:55:31","modified_gmt":"2022-04-12T16:55:31","slug":"la-verbalisation-elements-de-synthese","status":"publish","type":"page","link":"https:\/\/sites.ac-nancy-metz.fr\/arts-plastiques\/la-verbalisation-elements-de-synthese\/","title":{"rendered":"La verbalisation : \u00e9l\u00e9ments de synth\u00e8se"},"content":{"rendered":"\n<div class=\"wp-block-image\"><figure class=\"aligncenter size-large\"><a href=\"https:\/\/sites.ac-nancy-metz.fr\/arts-plastiques\/wp-content\/uploads\/Capture-decran-2022-04-12-a-18.54.13.png\"><img fetchpriority=\"high\" decoding=\"async\" width=\"1024\" height=\"597\" src=\"https:\/\/sites.ac-nancy-metz.fr\/arts-plastiques\/wp-content\/uploads\/Capture-decran-2022-04-12-a-18.54.13-1024x597.png\" alt=\"\" class=\"wp-image-8037\" srcset=\"https:\/\/sites.ac-nancy-metz.fr\/arts-plastiques\/wp-content\/uploads\/Capture-decran-2022-04-12-a-18.54.13-1024x597.png 1024w, https:\/\/sites.ac-nancy-metz.fr\/arts-plastiques\/wp-content\/uploads\/Capture-decran-2022-04-12-a-18.54.13-300x175.png 300w, https:\/\/sites.ac-nancy-metz.fr\/arts-plastiques\/wp-content\/uploads\/Capture-decran-2022-04-12-a-18.54.13-768x448.png 768w, https:\/\/sites.ac-nancy-metz.fr\/arts-plastiques\/wp-content\/uploads\/Capture-decran-2022-04-12-a-18.54.13.png 1090w\" sizes=\"(max-width: 1024px) 100vw, 1024px\" \/><\/a><\/figure><\/div>\n\n\n\n<div class=\"wp-block-image\"><figure class=\"aligncenter size-large\"><a href=\"https:\/\/sites.ac-nancy-metz.fr\/arts-plastiques\/wp-content\/uploads\/Capture-decran-2022-04-12-a-18.54.21.png\"><img decoding=\"async\" width=\"1024\" height=\"648\" src=\"https:\/\/sites.ac-nancy-metz.fr\/arts-plastiques\/wp-content\/uploads\/Capture-decran-2022-04-12-a-18.54.21-1024x648.png\" alt=\"\" class=\"wp-image-8038\" srcset=\"https:\/\/sites.ac-nancy-metz.fr\/arts-plastiques\/wp-content\/uploads\/Capture-decran-2022-04-12-a-18.54.21-1024x648.png 1024w, https:\/\/sites.ac-nancy-metz.fr\/arts-plastiques\/wp-content\/uploads\/Capture-decran-2022-04-12-a-18.54.21-300x190.png 300w, https:\/\/sites.ac-nancy-metz.fr\/arts-plastiques\/wp-content\/uploads\/Capture-decran-2022-04-12-a-18.54.21-768x486.png 768w, https:\/\/sites.ac-nancy-metz.fr\/arts-plastiques\/wp-content\/uploads\/Capture-decran-2022-04-12-a-18.54.21.png 1126w\" sizes=\"(max-width: 1024px) 100vw, 1024px\" \/><\/a><\/figure><\/div>\n\n\n\n<div style=\"width: 100%;\"><div style=\"position: relative; padding-bottom: 56.25%; padding-top: 0; height: 0;\"><iframe frameborder=\"0\" width=\"1200px\" height=\"675px\" style=\"position: absolute; top: 0; left: 0; width: 100%; height: 100%;\" src=\"https:\/\/view.genial.ly\/608ebd41598ae00d1f909d89\" type=\"text\/html\" allowscriptaccess=\"always\" allowfullscreen=\"true\" scrolling=\"yes\" allownetworking=\"all\"><\/iframe> <\/div> <\/div>\n\n\n\n<div class=\"wp-block-image\"><figure class=\"aligncenter size-large is-resized\"><a href=\"https:\/\/sites.ac-nancy-metz.fr\/arts-plastiques\/wp-content\/uploads\/Verbalisation-analyses-de-donnees.pdf\"><img decoding=\"async\" src=\"https:\/\/sites.ac-nancy-metz.fr\/arts-plastiques\/wp-content\/uploads\/Capture-decran-2021-06-25-a-15.15.19.png\" alt=\"\" class=\"wp-image-4947\" width=\"-129\" height=\"-86\" srcset=\"https:\/\/sites.ac-nancy-metz.fr\/arts-plastiques\/wp-content\/uploads\/Capture-decran-2021-06-25-a-15.15.19.png 646w, https:\/\/sites.ac-nancy-metz.fr\/arts-plastiques\/wp-content\/uploads\/Capture-decran-2021-06-25-a-15.15.19-300x202.png 300w\" sizes=\"(max-width: 646px) 100vw, 646px\" \/><\/a><\/figure><\/div>\n\n\n\n<div class=\"wp-block-file aligncenter\"><a id=\"wp-block-file--media-6ed6acd4-7582-4dc9-b63d-58259a0018b9\" href=\"https:\/\/sites.ac-nancy-metz.fr\/arts-plastiques\/wp-content\/uploads\/Verbalisation-analyses-de-donnees.pdf\">Verbalisation-analyses-de-donnees<\/a><a href=\"https:\/\/sites.ac-nancy-metz.fr\/arts-plastiques\/wp-content\/uploads\/Verbalisation-analyses-de-donnees.pdf\" class=\"wp-block-file__button\" download aria-describedby=\"wp-block-file--media-6ed6acd4-7582-4dc9-b63d-58259a0018b9\">T\u00e9l\u00e9charger<\/a><\/div>\n","protected":false},"excerpt":{"rendered":"","protected":false},"author":2,"featured_media":0,"parent":0,"menu_order":0,"comment_status":"closed","ping_status":"closed","template":"","meta":{"footnotes":""},"class_list":["post-4814","page","type-page","status-publish","hentry"],"_links":{"self":[{"href":"https:\/\/sites.ac-nancy-metz.fr\/arts-plastiques\/wp-json\/wp\/v2\/pages\/4814","targetHints":{"allow":["GET"]}}],"collection":[{"href":"https:\/\/sites.ac-nancy-metz.fr\/arts-plastiques\/wp-json\/wp\/v2\/pages"}],"about":[{"href":"https:\/\/sites.ac-nancy-metz.fr\/arts-plastiques\/wp-json\/wp\/v2\/types\/page"}],"author":[{"embeddable":true,"href":"https:\/\/sites.ac-nancy-metz.fr\/arts-plastiques\/wp-json\/wp\/v2\/users\/2"}],"replies":[{"embeddable":true,"href":"https:\/\/sites.ac-nancy-metz.fr\/arts-plastiques\/wp-json\/wp\/v2\/comments?post=4814"}],"version-history":[{"count":6,"href":"https:\/\/sites.ac-nancy-metz.fr\/arts-plastiques\/wp-json\/wp\/v2\/pages\/4814\/revisions"}],"predecessor-version":[{"id":8039,"href":"https:\/\/sites.ac-nancy-metz.fr\/arts-plastiques\/wp-json\/wp\/v2\/pages\/4814\/revisions\/8039"}],"wp:attachment":[{"href":"https:\/\/sites.ac-nancy-metz.fr\/arts-plastiques\/wp-json\/wp\/v2\/media?parent=4814"}],"curies":[{"name":"wp","href":"https:\/\/api.w.org\/{rel}","templated":true}]}}