{"id":5234,"date":"2021-08-23T10:28:17","date_gmt":"2021-08-23T08:28:17","guid":{"rendered":"https:\/\/sites.ac-nancy-metz.fr\/arts-plastiques\/?page_id=5234"},"modified":"2022-07-11T19:28:44","modified_gmt":"2022-07-11T17:28:44","slug":"materiel-artsplastiques","status":"publish","type":"page","link":"https:\/\/sites.ac-nancy-metz.fr\/arts-plastiques\/materiel-artsplastiques\/","title":{"rendered":"Mat\u00e9riel, mati\u00e8res et mat\u00e9riaux"},"content":{"rendered":"\n<p>Les \u00e9l\u00e9ments ci-dessous constituent des pr\u00e9conisations. <\/p>\n\n\n\n<p><strong>Pour l&rsquo;\u00e9l\u00e8ve :<\/strong><\/p>\n\n\n\n<p>Afin de garantir l&rsquo;acc\u00e8s de tous les \u00e9l\u00e8ves \u00e0 la pratique plastique et ainsi r\u00e9sorber la \u00ab\u00a0fracture artistique\u00a0\u00bb, il convient de limiter la liste de mat\u00e9riels, mati\u00e8res et mat\u00e9riaux au n\u00e9cessaire et de favoriser l&rsquo;\u00e9quipement de la salle en offrant le maximum de possibilit\u00e9s de supports, de m\u00e9diums, d&rsquo;outils, de m\u00e9diums,&#8230;<\/p>\n\n\n\n<ul class=\"wp-block-list\"><li>un \u00ab\u00a0<strong>carnet d&rsquo;artiste<\/strong>\u00a0\u00bb : croquis, recherches, esquisses, &#8230; : <a href=\"https:\/\/sites.ac-nancy-metz.fr\/arts-plastiques\/le-carnet-d-artiste\/\">https:\/\/sites.ac-nancy-metz.fr\/arts-plastiques\/le-carnet-d-artiste\/ <\/a><\/li><li>une <strong>cl\u00e9 USB<\/strong><\/li><li>un coffret de tubes de peinture : couleurs primaires (cyan, magenta et jaune) et noir et blanc  ( <em>\u00e0 garder chez soi<\/em> ) <\/li><\/ul>\n\n\n\n<p><strong>Dans la classe :<\/strong><\/p>\n\n\n\n<ul class=\"wp-block-list\"><li>Pratiques graphiques : crayons de couleurs, crayons graphites, pastels (gras et secs), encres \u00e0 l&rsquo;eau, feutres, plumes, aquarelle, taille-crayons, gommes, craies, fusains, sanguine, pierre noire, r\u00e8gles, papiers de diff\u00e9rentes tailles, formats et grammages, r\u00e9troprojecteur,&#8230; <\/li><\/ul>\n\n\n\n<ul class=\"wp-block-list\"><li>Pratiques picturales : peinture (gouache, acrylique, huile, &#8230;), pinceaux (ronds, plats, \u00e0 \u00e9ventails, \u00e0 lavis,&#8230;), couteaux \u00e0 peindre, spatules, rouleaux, chevalets, palettes, toiles sur ch\u00e2ssis, pigments, pots,&#8230; <\/li><\/ul>\n\n\n\n<ul class=\"wp-block-list\"><li>Pratiques en volume et fabrications : argile, mirettes, \u00e9bauchoirs, sellettes, cartons, mat\u00e9riel de fabrication, objets de r\u00e9cup\u00e9ration (respectant le r\u00e8glement int\u00e9rieur et la s\u00e9curit\u00e9), bois, pl\u00e2tre, moules, ciseaux,&#8230;<\/li><\/ul>\n\n\n\n<ul class=\"wp-block-list\"><li>Pratiques impressions et estampes : bois, plaques de linol\u00e9um, gouges, plaques de zinc ou cuivre, presse, encre solluble \u00e0 l&rsquo;eau, mat\u00e9riel s\u00e9rigraphie,&#8230; <\/li><\/ul>\n\n\n\n<ul class=\"wp-block-list\"><li>Pratiques num\u00e9riques : ordinateurs, imprimante couleur, appareils photographiques, cam\u00e9ra vid\u00e9o, tablettes num\u00e9riques, tablette graphique, pied d&rsquo;appareil photo, stabilisateur, visualiseur, imprimante 3D, stylo 3D, tableau ou vid\u00e9oprojecteur num\u00e9rique interactif, vid\u00e9oprojecteur, casques de r\u00e9alit\u00e9 virtuelle, drone, Merge Cube, support holographique, robots,&#8230;<\/li><\/ul>\n\n\n\n<ul class=\"wp-block-list\"><li>Pratiques photographiques : selon les conditions : agrandisseurs et \u00e9quipement d&rsquo;un labo-photos (cyanotype,&#8230;),&#8230;<\/li><\/ul>\n\n\n\n<p><li><strong>Tous les mat\u00e9riaux, outils et m\u00e9diums doivent respecter strictement le r\u00e8glement int\u00e9rieur de l&rsquo;\u00e9tablissement et doivent garantir la s\u00e9curit\u00e9 des \u00e9l\u00e8ves et des personnels<\/strong>. Les programmes d&rsquo;enseignement enrichis \u00e0 la rentr\u00e9e 2020 articulant les enjeux du changement climatique, de la biodiversit\u00e9 et du d\u00e9veloppement durable viennent renforcer l&rsquo;attention aux choix port\u00e9s sur les mat\u00e9riels, mat\u00e9riaux et mati\u00e8res utilis\u00e9s dans l&rsquo;enseignement des arts plastiques<\/li><\/p>\n\n\n\n<p><li><strong>Les usages des cutters, bombes a\u00e9rosol, pistolets \u00e0 colle, appareils de d\u00e9coupe, appareils fonctionnant sur r\u00e9serve de gaz, appareils \u00e0 production de flammes vives, acides, produits chimiques volatils, inflammables ou toxiques sont strictement interdits. <\/strong><\/li><\/p>\n","protected":false},"excerpt":{"rendered":"<p>Les \u00e9l\u00e9ments ci-dessous constituent des pr\u00e9conisations. Pour l&rsquo;\u00e9l\u00e8ve : Afin de garantir l&rsquo;acc\u00e8s de tous les \u00e9l\u00e8ves \u00e0 la pratique plastique et ainsi r\u00e9sorber la \u00ab\u00a0fracture&#8230;<\/p>\n","protected":false},"author":2,"featured_media":0,"parent":0,"menu_order":0,"comment_status":"closed","ping_status":"closed","template":"","meta":{"footnotes":""},"class_list":["post-5234","page","type-page","status-publish","hentry"],"_links":{"self":[{"href":"https:\/\/sites.ac-nancy-metz.fr\/arts-plastiques\/wp-json\/wp\/v2\/pages\/5234","targetHints":{"allow":["GET"]}}],"collection":[{"href":"https:\/\/sites.ac-nancy-metz.fr\/arts-plastiques\/wp-json\/wp\/v2\/pages"}],"about":[{"href":"https:\/\/sites.ac-nancy-metz.fr\/arts-plastiques\/wp-json\/wp\/v2\/types\/page"}],"author":[{"embeddable":true,"href":"https:\/\/sites.ac-nancy-metz.fr\/arts-plastiques\/wp-json\/wp\/v2\/users\/2"}],"replies":[{"embeddable":true,"href":"https:\/\/sites.ac-nancy-metz.fr\/arts-plastiques\/wp-json\/wp\/v2\/comments?post=5234"}],"version-history":[{"count":14,"href":"https:\/\/sites.ac-nancy-metz.fr\/arts-plastiques\/wp-json\/wp\/v2\/pages\/5234\/revisions"}],"predecessor-version":[{"id":8754,"href":"https:\/\/sites.ac-nancy-metz.fr\/arts-plastiques\/wp-json\/wp\/v2\/pages\/5234\/revisions\/8754"}],"wp:attachment":[{"href":"https:\/\/sites.ac-nancy-metz.fr\/arts-plastiques\/wp-json\/wp\/v2\/media?parent=5234"}],"curies":[{"name":"wp","href":"https:\/\/api.w.org\/{rel}","templated":true}]}}