{"id":5294,"date":"2021-08-26T19:09:58","date_gmt":"2021-08-26T17:09:58","guid":{"rendered":"https:\/\/sites.ac-nancy-metz.fr\/arts-plastiques\/?page_id=5294"},"modified":"2021-10-22T13:43:04","modified_gmt":"2021-10-22T11:43:04","slug":"certifications-complementaires","status":"publish","type":"page","link":"https:\/\/sites.ac-nancy-metz.fr\/arts-plastiques\/certifications-complementaires\/","title":{"rendered":"Certifications compl\u00e9mentaires"},"content":{"rendered":"\n<p>L&rsquo;ensemble des documents et ressources sont accessibles sur le site acad\u00e9mique de Nancy-Metz : <a href=\"https:\/\/www.ac-nancy-metz.fr\/certifications-122342\">https:\/\/www.ac-nancy-metz.fr\/certifications-122342<\/a><\/p>\n\n\n\n<p>Certification compl\u00e9mentaire Arts : Cin\u00e9ma et audiovisuel, Danse, Histoire des arts, Th\u00e9\u00e2tre<\/p>\n\n\n\n<p>Certification compl\u00e9mentaire DNL <\/p>\n\n\n\n<p>CAFFA : certificat d&rsquo;aptitude aux fonctions de formateur acad\u00e9mique<\/p>\n\n\n\n<p>CAPPEI : certificat d\u2019aptitude professionnelle aux pratiques de l\u2019\u00e9ducation inclusive&nbsp;<\/p>\n","protected":false},"excerpt":{"rendered":"<p>L&rsquo;ensemble des documents et ressources sont accessibles sur le site acad\u00e9mique de Nancy-Metz : https:\/\/www.ac-nancy-metz.fr\/certifications-122342 Certification compl\u00e9mentaire Arts : Cin\u00e9ma et audiovisuel, Danse, Histoire des arts,&#8230;<\/p>\n","protected":false},"author":2,"featured_media":0,"parent":0,"menu_order":0,"comment_status":"closed","ping_status":"closed","template":"","meta":{"footnotes":""},"class_list":["post-5294","page","type-page","status-publish","hentry"],"_links":{"self":[{"href":"https:\/\/sites.ac-nancy-metz.fr\/arts-plastiques\/wp-json\/wp\/v2\/pages\/5294","targetHints":{"allow":["GET"]}}],"collection":[{"href":"https:\/\/sites.ac-nancy-metz.fr\/arts-plastiques\/wp-json\/wp\/v2\/pages"}],"about":[{"href":"https:\/\/sites.ac-nancy-metz.fr\/arts-plastiques\/wp-json\/wp\/v2\/types\/page"}],"author":[{"embeddable":true,"href":"https:\/\/sites.ac-nancy-metz.fr\/arts-plastiques\/wp-json\/wp\/v2\/users\/2"}],"replies":[{"embeddable":true,"href":"https:\/\/sites.ac-nancy-metz.fr\/arts-plastiques\/wp-json\/wp\/v2\/comments?post=5294"}],"version-history":[{"count":3,"href":"https:\/\/sites.ac-nancy-metz.fr\/arts-plastiques\/wp-json\/wp\/v2\/pages\/5294\/revisions"}],"predecessor-version":[{"id":6023,"href":"https:\/\/sites.ac-nancy-metz.fr\/arts-plastiques\/wp-json\/wp\/v2\/pages\/5294\/revisions\/6023"}],"wp:attachment":[{"href":"https:\/\/sites.ac-nancy-metz.fr\/arts-plastiques\/wp-json\/wp\/v2\/media?parent=5294"}],"curies":[{"name":"wp","href":"https:\/\/api.w.org\/{rel}","templated":true}]}}