{"id":5317,"date":"2021-08-31T10:08:20","date_gmt":"2021-08-31T08:08:20","guid":{"rendered":"https:\/\/sites.ac-nancy-metz.fr\/arts-plastiques\/?page_id=5317"},"modified":"2025-04-17T14:09:12","modified_gmt":"2025-04-17T12:09:12","slug":"chaap","status":"publish","type":"page","link":"https:\/\/sites.ac-nancy-metz.fr\/arts-plastiques\/chaap\/","title":{"rendered":"CHAAP"},"content":{"rendered":"\n<p><\/p>\n\n\n\n<figure class=\"wp-block-image size-full\"><img fetchpriority=\"high\" decoding=\"async\" width=\"931\" height=\"640\" src=\"https:\/\/sites.ac-nancy-metz.fr\/arts-plastiques\/wp-content\/uploads\/Capture-decran-2025-04-17-a-14.03.43.png\" alt=\"\" class=\"wp-image-10357\" srcset=\"https:\/\/sites.ac-nancy-metz.fr\/arts-plastiques\/wp-content\/uploads\/Capture-decran-2025-04-17-a-14.03.43.png 931w, https:\/\/sites.ac-nancy-metz.fr\/arts-plastiques\/wp-content\/uploads\/Capture-decran-2025-04-17-a-14.03.43-300x206.png 300w, https:\/\/sites.ac-nancy-metz.fr\/arts-plastiques\/wp-content\/uploads\/Capture-decran-2025-04-17-a-14.03.43-768x528.png 768w, https:\/\/sites.ac-nancy-metz.fr\/arts-plastiques\/wp-content\/uploads\/Capture-decran-2025-04-17-a-14.03.43-130x90.png 130w\" sizes=\"(max-width: 931px) 100vw, 931px\" \/><\/figure>\n\n\n\n<div data-wp-interactive=\"core\/file\" class=\"wp-block-file\"><object data-wp-bind--hidden=\"!state.hasPdfPreview\" hidden class=\"wp-block-file__embed\" data=\"https:\/\/sites.ac-nancy-metz.fr\/arts-plastiques\/wp-content\/uploads\/La-Classe-lOeuvre-Nuit-des-musees-copie.pdf\" type=\"application\/pdf\" style=\"width:100%;height:600px\" aria-label=\"Contenu embarqu\u00e9 La-Classe-lOeuvre-Nuit-des-musees-copie.\"><\/object><a id=\"wp-block-file--media-a71f8262-0e70-4366-8e62-cd1ec26d9784\" href=\"https:\/\/sites.ac-nancy-metz.fr\/arts-plastiques\/wp-content\/uploads\/La-Classe-lOeuvre-Nuit-des-musees-copie.pdf\">La-Classe-lOeuvre-Nuit-des-musees-copie<\/a><a href=\"https:\/\/sites.ac-nancy-metz.fr\/arts-plastiques\/wp-content\/uploads\/La-Classe-lOeuvre-Nuit-des-musees-copie.pdf\" class=\"wp-block-file__button wp-element-button\" download aria-describedby=\"wp-block-file--media-a71f8262-0e70-4366-8e62-cd1ec26d9784\">T\u00e9l\u00e9charger<\/a><\/div>\n\n\n\n<div data-wp-interactive=\"core\/file\" class=\"wp-block-file\"><object data-wp-bind--hidden=\"!state.hasPdfPreview\" hidden class=\"wp-block-file__embed\" data=\"https:\/\/sites.ac-nancy-metz.fr\/arts-plastiques\/wp-content\/uploads\/College-Rabelais-Exosition-aux-trinitaires-1.pdf\" type=\"application\/pdf\" style=\"width:100%;height:470px\" aria-label=\"Contenu embarqu\u00e9 College-Rabelais-Exosition-aux-trinitaires-1.\"><\/object><a id=\"wp-block-file--media-ee95028e-ca28-493f-884e-87ead1709c3f\" href=\"https:\/\/sites.ac-nancy-metz.fr\/arts-plastiques\/wp-content\/uploads\/College-Rabelais-Exosition-aux-trinitaires-1.pdf\">College-Rabelais-Exosition-aux-trinitaires-1<\/a><a href=\"https:\/\/sites.ac-nancy-metz.fr\/arts-plastiques\/wp-content\/uploads\/College-Rabelais-Exosition-aux-trinitaires-1.pdf\" class=\"wp-block-file__button wp-element-button\" download aria-describedby=\"wp-block-file--media-ee95028e-ca28-493f-884e-87ead1709c3f\">T\u00e9l\u00e9charger<\/a><\/div>\n\n\n\n<div data-wp-interactive=\"core\/file\" class=\"wp-block-file\"><object data-wp-bind--hidden=\"!state.hasPdfPreview\" hidden class=\"wp-block-file__embed\" data=\"https:\/\/sites.ac-nancy-metz.fr\/arts-plastiques\/wp-content\/uploads\/expo-mie-chaap1.pdf\" type=\"application\/pdf\" style=\"width:100%;height:600px\" aria-label=\"Contenu embarqu\u00e9 expo-mie-chaap1.\"><\/object><a id=\"wp-block-file--media-18cecc44-64e2-4741-8267-84d1d4416359\" href=\"https:\/\/sites.ac-nancy-metz.fr\/arts-plastiques\/wp-content\/uploads\/expo-mie-chaap1.pdf\">expo-mie-chaap1<\/a><a href=\"https:\/\/sites.ac-nancy-metz.fr\/arts-plastiques\/wp-content\/uploads\/expo-mie-chaap1.pdf\" class=\"wp-block-file__button wp-element-button\" download aria-describedby=\"wp-block-file--media-18cecc44-64e2-4741-8267-84d1d4416359\">T\u00e9l\u00e9charger<\/a><\/div>\n\n\n\n<iframe title=\"CHAAP Vid\u00e9o Pr\u00e9sentation 22-23\" width=\"560\" height=\"315\" src=\"https:\/\/tube-arts-lettres-sciences-humaines.apps.education.fr\/videos\/embed\/3ae4f603-1080-444b-b069-37d2ebaf3634\" frameborder=\"0\" allowfullscreen=\"\" sandbox=\"allow-same-origin allow-scripts allow-popups\"><\/iframe>\n\n\n\n<div data-wp-interactive=\"core\/file\" class=\"wp-block-file\"><object data-wp-bind--hidden=\"!state.hasPdfPreview\" hidden class=\"wp-block-file__embed\" data=\"https:\/\/sites.ac-nancy-metz.fr\/arts-plastiques\/wp-content\/uploads\/visuel-sortie-6eme-juin-lune.pdf\" type=\"application\/pdf\" style=\"width:100%;height:600px\" aria-label=\"Contenu embarqu\u00e9 visuel-sortie-6eme-juin-lune.\"><\/object><a id=\"wp-block-file--media-5bb024bc-4365-4e0a-89e2-fe926b1b94be\" href=\"https:\/\/sites.ac-nancy-metz.fr\/arts-plastiques\/wp-content\/uploads\/visuel-sortie-6eme-juin-lune.pdf\">visuel-sortie-6eme-juin-lune<\/a><a href=\"https:\/\/sites.ac-nancy-metz.fr\/arts-plastiques\/wp-content\/uploads\/visuel-sortie-6eme-juin-lune.pdf\" class=\"wp-block-file__button wp-element-button\" download aria-describedby=\"wp-block-file--media-5bb024bc-4365-4e0a-89e2-fe926b1b94be\">T\u00e9l\u00e9charger<\/a><\/div>\n\n\n\n<div data-wp-interactive=\"core\/file\" class=\"wp-block-file\"><object data-wp-bind--hidden=\"!state.hasPdfPreview\" hidden class=\"wp-block-file__embed\" data=\"https:\/\/sites.ac-nancy-metz.fr\/arts-plastiques\/wp-content\/uploads\/Biennale-le-Preau-2.pdf\" type=\"application\/pdf\" style=\"width:100%;height:600px\" aria-label=\"Contenu embarqu\u00e9 Biennale-le-Preau-2.\"><\/object><a id=\"wp-block-file--media-6c90e15f-849b-4db4-bb71-653ef1847bf5\" href=\"https:\/\/sites.ac-nancy-metz.fr\/arts-plastiques\/wp-content\/uploads\/Biennale-le-Preau-2.pdf\">Biennale-le-Preau-2<\/a><a href=\"https:\/\/sites.ac-nancy-metz.fr\/arts-plastiques\/wp-content\/uploads\/Biennale-le-Preau-2.pdf\" class=\"wp-block-file__button wp-element-button\" download aria-describedby=\"wp-block-file--media-6c90e15f-849b-4db4-bb71-653ef1847bf5\">T\u00e9l\u00e9charger<\/a><\/div>\n\n\n\n<h2 class=\"wp-block-heading\">Collectif Heruditatem &#8211; Coll\u00e8ge La plante Grib\u00e9 &#8211; Pagny sur Moselle<\/h2>\n\n\n\n<figure class=\"wp-block-image size-full\"><img decoding=\"async\" width=\"981\" height=\"638\" src=\"https:\/\/sites.ac-nancy-metz.fr\/arts-plastiques\/wp-content\/uploads\/Capture-decran-2022-11-20-a-22.02.31.png\" alt=\"\" class=\"wp-image-8855\" srcset=\"https:\/\/sites.ac-nancy-metz.fr\/arts-plastiques\/wp-content\/uploads\/Capture-decran-2022-11-20-a-22.02.31.png 981w, https:\/\/sites.ac-nancy-metz.fr\/arts-plastiques\/wp-content\/uploads\/Capture-decran-2022-11-20-a-22.02.31-300x195.png 300w, https:\/\/sites.ac-nancy-metz.fr\/arts-plastiques\/wp-content\/uploads\/Capture-decran-2022-11-20-a-22.02.31-768x499.png 768w\" sizes=\"(max-width: 981px) 100vw, 981px\" \/><\/figure>\n\n\n\n<h2 class=\"wp-block-heading\">Galerie Modulab Metz &#8211; Coll\u00e8ge La plante Grib\u00e9 &#8211; Pagny sur Moselle<\/h2>\n\n\n\n<figure class=\"wp-block-image size-full\"><img decoding=\"async\" width=\"959\" height=\"618\" src=\"https:\/\/sites.ac-nancy-metz.fr\/arts-plastiques\/wp-content\/uploads\/Capture-decran-2022-11-20-a-23.17.02.png\" alt=\"\" class=\"wp-image-8865\" srcset=\"https:\/\/sites.ac-nancy-metz.fr\/arts-plastiques\/wp-content\/uploads\/Capture-decran-2022-11-20-a-23.17.02.png 959w, https:\/\/sites.ac-nancy-metz.fr\/arts-plastiques\/wp-content\/uploads\/Capture-decran-2022-11-20-a-23.17.02-300x193.png 300w, https:\/\/sites.ac-nancy-metz.fr\/arts-plastiques\/wp-content\/uploads\/Capture-decran-2022-11-20-a-23.17.02-768x495.png 768w\" sizes=\"(max-width: 959px) 100vw, 959px\" \/><\/figure>\n\n\n\n<h2 class=\"wp-block-heading\">Galerie Modulab Metz &#8211; Coll\u00e8ge La plante Grib\u00e9 &#8211; Pagny sur Moselle<\/h2>\n\n\n\n<figure class=\"wp-block-image size-large\"><img loading=\"lazy\" decoding=\"async\" width=\"1024\" height=\"637\" src=\"https:\/\/sites.ac-nancy-metz.fr\/arts-plastiques\/wp-content\/uploads\/Capture-decran-2022-11-20-a-23.24.57-1024x637.png\" alt=\"\" class=\"wp-image-8868\" srcset=\"https:\/\/sites.ac-nancy-metz.fr\/arts-plastiques\/wp-content\/uploads\/Capture-decran-2022-11-20-a-23.24.57-1024x637.png 1024w, https:\/\/sites.ac-nancy-metz.fr\/arts-plastiques\/wp-content\/uploads\/Capture-decran-2022-11-20-a-23.24.57-300x187.png 300w, https:\/\/sites.ac-nancy-metz.fr\/arts-plastiques\/wp-content\/uploads\/Capture-decran-2022-11-20-a-23.24.57-768x478.png 768w, https:\/\/sites.ac-nancy-metz.fr\/arts-plastiques\/wp-content\/uploads\/Capture-decran-2022-11-20-a-23.24.57.png 1045w\" sizes=\"(max-width: 1024px) 100vw, 1024px\" \/><\/figure>\n\n\n\n<p class=\"has-text-align-center has-medium-font-size\"><strong>Classe \u00e0 Horaires Am\u00e9nag\u00e9s en Arts Plastiques<\/strong><\/p>\n\n\n\n<div class=\"wp-block-media-text alignwide is-stacked-on-mobile\" style=\"grid-template-columns:40% auto\"><figure class=\"wp-block-media-text__media\"><img loading=\"lazy\" decoding=\"async\" width=\"461\" height=\"169\" src=\"https:\/\/sites.ac-nancy-metz.fr\/arts-plastiques\/wp-content\/uploads\/Capture-decran-2021-08-31-a-18.04.54.png\" alt=\"\" class=\"wp-image-5324 size-full\" srcset=\"https:\/\/sites.ac-nancy-metz.fr\/arts-plastiques\/wp-content\/uploads\/Capture-decran-2021-08-31-a-18.04.54.png 461w, https:\/\/sites.ac-nancy-metz.fr\/arts-plastiques\/wp-content\/uploads\/Capture-decran-2021-08-31-a-18.04.54-300x110.png 300w\" sizes=\"(max-width: 461px) 100vw, 461px\" \/><\/figure><div class=\"wp-block-media-text__content\">\n<p class=\"has-small-font-size\">Construire un parcours d&rsquo;\u00e9ducation artistique et culturelle fond\u00e9 sur la pratique plastique et sensible constitue l&rsquo;un des enjeux forts de l&rsquo;\u00c9cole. En ce sens, le projet de construction d&rsquo;une Classe \u00e0 Horaires Am\u00e9nag\u00e9s en Arts Plastiques CHAAP, est ambitieux et innovant au sein de l&rsquo;Acad\u00e9mie. Il permet aux \u00e9l\u00e8ves de compl\u00e9ter leurs parcours de formation artistique en d\u00e9veloppant des recherches articul\u00e9es aux regards des enseignants, des artistes et des partenaires des structures culturelles. Le projet vise \u00e0 cr\u00e9er les conditions de la r\u00e9ussite pour tous et contribue \u00e0 l\u2019\u00e9galit\u00e9 des chances au plus haut niveau d\u2019exigence. Ils d\u00e9veloppent leur sensibilit\u00e9 et leur cr\u00e9ativit\u00e9, s\u2019ouvrent \u00e0 d\u2019autres langages. Ils acqui\u00e8rent des connaissances, des notions et des techniques transf\u00e9rables \u00e0 d\u2019autres champs disciplinaires et \u00e9laborent des points de vue, des jugements esth\u00e9tiques qu\u2019ils sont amen\u00e9s \u00e0 communiquer \u00e0 l&rsquo;oral et \u00e0 l&rsquo;\u00e9crit. Ils \u00e9tablissent des liens entre les \u0153uvres et le r\u00e9el et acc\u00e8dent \u00e0 une pratique autonome de la culture et des lieux culturels. Ils d\u00e9couvrent, rencontrent un monde vivant, sensible et po\u00e9tique pour leur permettre de comprendre le monde et d&rsquo;\u00eatre au monde dans une vis\u00e9e de r\u00e9ussite de tous.<\/p>\n<\/div><\/div>\n\n\n\n<p class=\"has-text-align-center has-pale-pink-background-color has-background has-medium-font-size\"><strong>CHAAP Pagny-sur-Moselle<\/strong> <strong>: ouverture rentr\u00e9e 2022<\/strong><\/p>\n\n\n\n<p><\/p>\n\n\n\n<p><strong>La deuxi\u00e8me CHAAP ouvre dans l&rsquo;acad\u00e9mie de Nancy-Metz \u00e0 la rentr\u00e9e 2022 au coll\u00e8ge La Plante Gribe \u00e0 TPagny-sur-Moselle.<\/strong><\/p>\n\n\n<div class=\"wp-block-image\">\n<figure class=\"alignleft size-full is-resized\"><img loading=\"lazy\" decoding=\"async\" width=\"390\" height=\"518\" src=\"https:\/\/sites.ac-nancy-metz.fr\/arts-plastiques\/wp-content\/uploads\/Capture-decran-2022-06-24-a-19.18.56.png\" alt=\"\" class=\"wp-image-8619\" style=\"width:206px;height:272px\" srcset=\"https:\/\/sites.ac-nancy-metz.fr\/arts-plastiques\/wp-content\/uploads\/Capture-decran-2022-06-24-a-19.18.56.png 390w, https:\/\/sites.ac-nancy-metz.fr\/arts-plastiques\/wp-content\/uploads\/Capture-decran-2022-06-24-a-19.18.56-226x300.png 226w\" sizes=\"(max-width: 390px) 100vw, 390px\" \/><\/figure>\n<\/div>\n\n\n<iframe width=\"560\" height=\"315\" sandbox=\"allow-same-origin allow-scripts allow-popups\" src=\"https:\/\/videos.ac-nancy-metz.fr\/videos\/embed\/1368d868-e1f7-48ed-99e0-a01d3bb5ab45\" frameborder=\"0\" allowfullscreen=\"\"><\/iframe>\n\n\n\n<p class=\"has-text-align-center has-pale-cyan-blue-background-color has-background has-medium-font-size\"><strong>CHAAP Thaon-les-Vosges<\/strong> <strong>: ouverture rentr\u00e9e 2021<\/strong><\/p>\n\n\n\n<div class=\"wp-block-media-text alignwide is-stacked-on-mobile\" style=\"grid-template-columns:21% auto\"><figure class=\"wp-block-media-text__media\"><img loading=\"lazy\" decoding=\"async\" width=\"331\" height=\"361\" src=\"https:\/\/sites.ac-nancy-metz.fr\/arts-plastiques\/wp-content\/uploads\/Capture-decran-2021-12-05-a-10.08.30.png\" alt=\"\" class=\"wp-image-6396 size-full\" srcset=\"https:\/\/sites.ac-nancy-metz.fr\/arts-plastiques\/wp-content\/uploads\/Capture-decran-2021-12-05-a-10.08.30.png 331w, https:\/\/sites.ac-nancy-metz.fr\/arts-plastiques\/wp-content\/uploads\/Capture-decran-2021-12-05-a-10.08.30-275x300.png 275w\" sizes=\"(max-width: 331px) 100vw, 331px\" \/><\/figure><div class=\"wp-block-media-text__content\">\n<p class=\"has-normal-font-size\"><strong>La premi\u00e8re CHAAP ouvre dans l&rsquo;acad\u00e9mie de Nancy-Metz \u00e0 la rentr\u00e9e 2021 au coll\u00e8ge Elsa Triolet \u00e0 Thaon-les-Vosges.<\/strong><\/p>\n\n\n\n<p>Nous accueillons la promotion <strong>Miro<\/strong> pour cette rentr\u00e9e en sixi\u00e8me.<\/p>\n<\/div><\/div>\n\n\n\n<p class=\"has-text-align-left has-medium-font-size\"><strong>Galerie virtuelle<\/strong> : <a href=\"https:\/\/clg-triolet.monbureaunumerique.fr\/l-etablissement\/chaap\/ \">https:\/\/clg-triolet.monbureaunumerique.fr\/l-etablissement\/chaap\/ <\/a><\/p>\n\n\n<div class=\"wp-block-image\">\n<figure class=\"aligncenter size-large is-resized\"><a href=\"https:\/\/clg-triolet.monbureaunumerique.fr\/l-etablissement\/chaap\/\"><img loading=\"lazy\" decoding=\"async\" width=\"1024\" height=\"478\" src=\"https:\/\/sites.ac-nancy-metz.fr\/arts-plastiques\/wp-content\/uploads\/Capture-decran-2021-12-05-a-10.05.46-1024x478.png\" alt=\"\" class=\"wp-image-6395\" style=\"width:-734px;height:-342px\" srcset=\"https:\/\/sites.ac-nancy-metz.fr\/arts-plastiques\/wp-content\/uploads\/Capture-decran-2021-12-05-a-10.05.46-1024x478.png 1024w, https:\/\/sites.ac-nancy-metz.fr\/arts-plastiques\/wp-content\/uploads\/Capture-decran-2021-12-05-a-10.05.46-300x140.png 300w, https:\/\/sites.ac-nancy-metz.fr\/arts-plastiques\/wp-content\/uploads\/Capture-decran-2021-12-05-a-10.05.46-768x359.png 768w, https:\/\/sites.ac-nancy-metz.fr\/arts-plastiques\/wp-content\/uploads\/Capture-decran-2021-12-05-a-10.05.46.png 1375w\" sizes=\"(max-width: 1024px) 100vw, 1024px\" \/><\/a><\/figure>\n<\/div>\n\n\n<p class=\"has-medium-font-size\"><strong>Projet annuel :<\/strong><\/p>\n\n\n\n<figure class=\"wp-block-image size-full\"><img loading=\"lazy\" decoding=\"async\" width=\"654\" height=\"588\" src=\"https:\/\/sites.ac-nancy-metz.fr\/arts-plastiques\/wp-content\/uploads\/Capture-decran-2021-09-14-a-11.03.43.png\" alt=\"\" class=\"wp-image-5432\" srcset=\"https:\/\/sites.ac-nancy-metz.fr\/arts-plastiques\/wp-content\/uploads\/Capture-decran-2021-09-14-a-11.03.43.png 654w, https:\/\/sites.ac-nancy-metz.fr\/arts-plastiques\/wp-content\/uploads\/Capture-decran-2021-09-14-a-11.03.43-300x270.png 300w\" sizes=\"(max-width: 654px) 100vw, 654px\" \/><\/figure>\n\n\n\n<figure class=\"wp-block-embed is-type-wp-embed is-provider-arts-plastiques wp-block-embed-arts-plastiques\"><div class=\"wp-block-embed__wrapper\">\n<blockquote class=\"wp-embedded-content\" data-secret=\"vh5ftmBgjB\"><a href=\"https:\/\/sites.ac-nancy-metz.fr\/arts-plastiques\/2022\/03\/03\/chaap-thaon-les-vosges\/\">CHAAP Thaon-les-Vosges<\/a><\/blockquote><iframe class=\"wp-embedded-content\" sandbox=\"allow-scripts\" security=\"restricted\" style=\"position: absolute; clip: rect(1px, 1px, 1px, 1px);\" title=\"\u00ab\u00a0CHAAP Thaon-les-Vosges\u00a0\u00bb &#8212; Arts plastiques\" src=\"https:\/\/sites.ac-nancy-metz.fr\/arts-plastiques\/2022\/03\/03\/chaap-thaon-les-vosges\/embed\/#?secret=RhSGlcMNRW#?secret=vh5ftmBgjB\" data-secret=\"vh5ftmBgjB\" width=\"600\" height=\"338\" frameborder=\"0\" marginwidth=\"0\" marginheight=\"0\" scrolling=\"no\"><\/iframe>\n<\/div><\/figure>\n\n\n\n<figure class=\"wp-block-embed is-type-wp-embed is-provider-arts-plastiques wp-block-embed-arts-plastiques\"><div class=\"wp-block-embed__wrapper\">\n<blockquote class=\"wp-embedded-content\" data-secret=\"9MrXMikKD2\"><a href=\"https:\/\/sites.ac-nancy-metz.fr\/arts-plastiques\/2021\/12\/11\/les-travaux-des-eleves-chaap-exposes-a-la-lune-en-parachute\/\">Les travaux des \u00e9l\u00e8ves CHAAP expos\u00e9s \u00e0 La Lune en Parachute<\/a><\/blockquote><iframe class=\"wp-embedded-content\" sandbox=\"allow-scripts\" security=\"restricted\" style=\"position: absolute; clip: rect(1px, 1px, 1px, 1px);\" title=\"\u00ab\u00a0Les travaux des \u00e9l\u00e8ves CHAAP expos\u00e9s \u00e0 La Lune en Parachute\u00a0\u00bb &#8212; Arts plastiques\" src=\"https:\/\/sites.ac-nancy-metz.fr\/arts-plastiques\/2021\/12\/11\/les-travaux-des-eleves-chaap-exposes-a-la-lune-en-parachute\/embed\/#?secret=XQyH6oioYu#?secret=9MrXMikKD2\" data-secret=\"9MrXMikKD2\" width=\"600\" height=\"338\" frameborder=\"0\" marginwidth=\"0\" marginheight=\"0\" scrolling=\"no\"><\/iframe>\n<\/div><\/figure>\n\n\n\n<p class=\"has-medium-font-size\"><strong>Partages : La CHAAP au coll\u00e8ge Elsa Triolet \u00e0 Thaon-les-Vosges : quelles perceptions? quelles projections ?<\/strong> <strong>quelles \u00e9motions ?<\/strong><\/p>\n\n\n\n<div class=\"wp-block-columns is-layout-flex wp-container-core-columns-is-layout-9d6595d7 wp-block-columns-is-layout-flex\">\n<div class=\"wp-block-column is-layout-flow wp-block-column-is-layout-flow\">\n<figure class=\"wp-block-video\"><video height=\"320\" style=\"aspect-ratio: 568 \/ 320;\" width=\"568\" controls src=\"https:\/\/sites.ac-nancy-metz.fr\/arts-plastiques\/wp-content\/uploads\/a-mathilde-1.mov\"><\/video><figcaption class=\"wp-element-caption\">Mathilde, sixi\u00e8me CHAAP<\/figcaption><\/figure>\n\n\n\n<figure class=\"wp-block-video\"><video height=\"320\" style=\"aspect-ratio: 568 \/ 320;\" width=\"568\" controls src=\"https:\/\/sites.ac-nancy-metz.fr\/arts-plastiques\/wp-content\/uploads\/c-mahyana.mov\"><\/video><figcaption class=\"wp-element-caption\">Mahyana, sixi\u00e8me CHAAP<\/figcaption><\/figure>\n\n\n\n<figure class=\"wp-block-video\"><video height=\"320\" style=\"aspect-ratio: 568 \/ 320;\" width=\"568\" controls src=\"https:\/\/sites.ac-nancy-metz.fr\/arts-plastiques\/wp-content\/uploads\/elise-en-lettre-moderne.mov\"><\/video><figcaption class=\"wp-element-caption\">Madame Honor\u00e9, Professeur de Lettres<\/figcaption><\/figure>\n\n\n\n<figure class=\"wp-block-video\"><video height=\"320\" style=\"aspect-ratio: 568 \/ 320;\" width=\"568\" controls src=\"https:\/\/sites.ac-nancy-metz.fr\/arts-plastiques\/wp-content\/uploads\/lionnel-en-musique.mov\"><\/video><figcaption class=\"wp-element-caption\">Monsieur Lambert, Professeur d&rsquo;Education Musicale et Chant Choral<\/figcaption><\/figure>\n\n\n\n<figure class=\"wp-block-video\"><video height=\"320\" style=\"aspect-ratio: 568 \/ 320;\" width=\"568\" controls src=\"https:\/\/sites.ac-nancy-metz.fr\/arts-plastiques\/wp-content\/uploads\/romain-aesh.mov\"><\/video><figcaption class=\"wp-element-caption\">Monsieur Costet, AESH<\/figcaption><\/figure>\n<\/div>\n\n\n\n<div class=\"wp-block-column is-layout-flow wp-block-column-is-layout-flow\">\n<figure class=\"wp-block-video\"><video height=\"320\" style=\"aspect-ratio: 568 \/ 320;\" width=\"568\" controls src=\"https:\/\/sites.ac-nancy-metz.fr\/arts-plastiques\/wp-content\/uploads\/b-leelou.mov\"><\/video><figcaption class=\"wp-element-caption\">Leelou, sixi\u00e8me CHAAP<\/figcaption><\/figure>\n\n\n\n<figure class=\"wp-block-video\"><video height=\"320\" style=\"aspect-ratio: 568 \/ 320;\" width=\"568\" controls src=\"https:\/\/sites.ac-nancy-metz.fr\/arts-plastiques\/wp-content\/uploads\/enorah-arts-pla.mov\"><\/video><figcaption class=\"wp-element-caption\">Enora, sixi\u00e8me CHAAP<\/figcaption><\/figure>\n\n\n\n<figure class=\"wp-block-video\"><video height=\"320\" style=\"aspect-ratio: 568 \/ 320;\" width=\"568\" controls src=\"https:\/\/sites.ac-nancy-metz.fr\/arts-plastiques\/wp-content\/uploads\/d-arnaud-chef-cuisine.mov\"><\/video><figcaption class=\"wp-element-caption\">Monsieur Louis, Chef cuisinier<\/figcaption><\/figure>\n\n\n\n<figure class=\"wp-block-video\"><video height=\"320\" style=\"aspect-ratio: 568 \/ 320;\" width=\"568\" controls src=\"https:\/\/sites.ac-nancy-metz.fr\/arts-plastiques\/wp-content\/uploads\/jean-charles-espagnol.mov\"><\/video><figcaption class=\"wp-element-caption\">Monsieur Perez, Professeur d&rsquo;Espagnol<\/figcaption><\/figure>\n\n\n\n<figure class=\"wp-block-video\"><video height=\"320\" style=\"aspect-ratio: 568 \/ 320;\" width=\"568\" controls src=\"https:\/\/sites.ac-nancy-metz.fr\/arts-plastiques\/wp-content\/uploads\/louise-coordinatrice-ulis.mov\"><\/video><figcaption class=\"wp-element-caption\">Madame Henry , Coordinatrice ULIS<\/figcaption><\/figure>\n<\/div>\n<\/div>\n","protected":false},"excerpt":{"rendered":"<p>Collectif Heruditatem &#8211; Coll\u00e8ge La plante Grib\u00e9 &#8211; Pagny sur Moselle Galerie Modulab Metz &#8211; Coll\u00e8ge La plante Grib\u00e9 &#8211; Pagny sur Moselle Galerie Modulab Metz&#8230;<\/p>\n","protected":false},"author":2,"featured_media":0,"parent":0,"menu_order":0,"comment_status":"closed","ping_status":"closed","template":"","meta":{"footnotes":""},"class_list":["post-5317","page","type-page","status-publish","hentry"],"_links":{"self":[{"href":"https:\/\/sites.ac-nancy-metz.fr\/arts-plastiques\/wp-json\/wp\/v2\/pages\/5317","targetHints":{"allow":["GET"]}}],"collection":[{"href":"https:\/\/sites.ac-nancy-metz.fr\/arts-plastiques\/wp-json\/wp\/v2\/pages"}],"about":[{"href":"https:\/\/sites.ac-nancy-metz.fr\/arts-plastiques\/wp-json\/wp\/v2\/types\/page"}],"author":[{"embeddable":true,"href":"https:\/\/sites.ac-nancy-metz.fr\/arts-plastiques\/wp-json\/wp\/v2\/users\/2"}],"replies":[{"embeddable":true,"href":"https:\/\/sites.ac-nancy-metz.fr\/arts-plastiques\/wp-json\/wp\/v2\/comments?post=5317"}],"version-history":[{"count":40,"href":"https:\/\/sites.ac-nancy-metz.fr\/arts-plastiques\/wp-json\/wp\/v2\/pages\/5317\/revisions"}],"predecessor-version":[{"id":10359,"href":"https:\/\/sites.ac-nancy-metz.fr\/arts-plastiques\/wp-json\/wp\/v2\/pages\/5317\/revisions\/10359"}],"wp:attachment":[{"href":"https:\/\/sites.ac-nancy-metz.fr\/arts-plastiques\/wp-json\/wp\/v2\/media?parent=5317"}],"curies":[{"name":"wp","href":"https:\/\/api.w.org\/{rel}","templated":true}]}}