{"id":5422,"date":"2021-09-11T15:12:28","date_gmt":"2021-09-11T13:12:28","guid":{"rendered":"https:\/\/sites.ac-nancy-metz.fr\/arts-plastiques\/?page_id=5422"},"modified":"2022-06-05T18:39:15","modified_gmt":"2022-06-05T16:39:15","slug":"les-couleurs-de-la-republique","status":"publish","type":"page","link":"https:\/\/sites.ac-nancy-metz.fr\/arts-plastiques\/les-couleurs-de-la-republique\/","title":{"rendered":"Les couleurs de la R\u00e9publique"},"content":{"rendered":"\n<p>Le dossier d\u00e9di\u00e9 \u00e0 la question des couleurs de la R\u00e9publique dans le champ des arts plastiques propose d&rsquo;interroger la palette color\u00e9e au regard des diff\u00e9rentes cycles et niveaux d&rsquo;enseignement. Les programmes sont ainsi mis en perspective avec cette question de l&rsquo;artiste et de son engagement dans la soci\u00e9t\u00e9 et face \u00e0 l&rsquo;histoire. Elle pose n\u00e9cessairement la question de la libert\u00e9 d&rsquo;expression dans l&rsquo;oeuvre de commande, ou de la place de la transgression et de l&rsquo;appropriation pour d\u00e9velopper une d\u00e9marche artistique singuli\u00e8re et sensible tout autant que justifi\u00e9e et dans le respect des Valeurs de la R\u00e9publique.<\/p>\n\n\n\n<div data-wp-interactive=\"core\/file\" class=\"wp-block-file\"><object data-wp-bind--hidden=\"!state.hasPdfPreview\" hidden class=\"wp-block-file__embed\" data=\"https:\/\/sites.ac-nancy-metz.fr\/arts-plastiques\/wp-content\/uploads\/Les-couleurs-de-la-Republique-2.pdf\" type=\"application\/pdf\" style=\"width:100%;height:600px\" aria-label=\"Contenu embarqu\u00e9 Contenu embarqu\u00e9 Les-couleurs-de-la-Republique..\"><\/object><a id=\"wp-block-file--media-890a7d27-998c-40e2-b2f1-13f3927dec01\" href=\"https:\/\/sites.ac-nancy-metz.fr\/arts-plastiques\/wp-content\/uploads\/Les-couleurs-de-la-Republique-2.pdf\">Les-couleurs-de-la-Republique<\/a><a href=\"https:\/\/sites.ac-nancy-metz.fr\/arts-plastiques\/wp-content\/uploads\/Les-couleurs-de-la-Republique-2.pdf\" class=\"wp-block-file__button\" download aria-describedby=\"wp-block-file--media-890a7d27-998c-40e2-b2f1-13f3927dec01\">T\u00e9l\u00e9charger<\/a><\/div>\n\n\n\n<div data-wp-interactive=\"core\/file\" class=\"wp-block-file\"><object data-wp-bind--hidden=\"!state.hasPdfPreview\" hidden class=\"wp-block-file__embed\" data=\"https:\/\/sites.ac-nancy-metz.fr\/arts-plastiques\/wp-content\/uploads\/Projet-Les-couleurs-de-la-Republique.pdf\" type=\"application\/pdf\" style=\"width:100%;height:600px\" aria-label=\"Contenu embarqu\u00e9 Contenu embarqu\u00e9 Projet-Les-couleurs-de-la-Republique..\"><\/object><a id=\"wp-block-file--media-bbc8be86-df1f-489c-b49c-5d977ec47926\" href=\"https:\/\/sites.ac-nancy-metz.fr\/arts-plastiques\/wp-content\/uploads\/Projet-Les-couleurs-de-la-Republique.pdf\">Projet-Les-couleurs-de-la-Republique<\/a><a href=\"https:\/\/sites.ac-nancy-metz.fr\/arts-plastiques\/wp-content\/uploads\/Projet-Les-couleurs-de-la-Republique.pdf\" class=\"wp-block-file__button\" download aria-describedby=\"wp-block-file--media-bbc8be86-df1f-489c-b49c-5d977ec47926\">T\u00e9l\u00e9charger<\/a><\/div>\n\n\n\n<p class=\"has-text-align-center\" style=\"font-size:10px\">Ressources : Marie ROUSSEAU IA-IPR Inspectrice d\u2019Acad\u00e9mie \u2013 Inspectrice P\u00e9dagogique R\u00e9gionale<\/p>\n","protected":false},"excerpt":{"rendered":"<p>Le dossier d\u00e9di\u00e9 \u00e0 la question des couleurs de la R\u00e9publique dans le champ des arts plastiques propose d&rsquo;interroger la palette color\u00e9e au regard des diff\u00e9rentes&#8230;<\/p>\n","protected":false},"author":2,"featured_media":0,"parent":0,"menu_order":0,"comment_status":"closed","ping_status":"closed","template":"","meta":{"footnotes":""},"class_list":["post-5422","page","type-page","status-publish","hentry"],"_links":{"self":[{"href":"https:\/\/sites.ac-nancy-metz.fr\/arts-plastiques\/wp-json\/wp\/v2\/pages\/5422","targetHints":{"allow":["GET"]}}],"collection":[{"href":"https:\/\/sites.ac-nancy-metz.fr\/arts-plastiques\/wp-json\/wp\/v2\/pages"}],"about":[{"href":"https:\/\/sites.ac-nancy-metz.fr\/arts-plastiques\/wp-json\/wp\/v2\/types\/page"}],"author":[{"embeddable":true,"href":"https:\/\/sites.ac-nancy-metz.fr\/arts-plastiques\/wp-json\/wp\/v2\/users\/2"}],"replies":[{"embeddable":true,"href":"https:\/\/sites.ac-nancy-metz.fr\/arts-plastiques\/wp-json\/wp\/v2\/comments?post=5422"}],"version-history":[{"count":14,"href":"https:\/\/sites.ac-nancy-metz.fr\/arts-plastiques\/wp-json\/wp\/v2\/pages\/5422\/revisions"}],"predecessor-version":[{"id":8556,"href":"https:\/\/sites.ac-nancy-metz.fr\/arts-plastiques\/wp-json\/wp\/v2\/pages\/5422\/revisions\/8556"}],"wp:attachment":[{"href":"https:\/\/sites.ac-nancy-metz.fr\/arts-plastiques\/wp-json\/wp\/v2\/media?parent=5422"}],"curies":[{"name":"wp","href":"https:\/\/api.w.org\/{rel}","templated":true}]}}