{"id":599,"date":"2020-09-07T20:52:20","date_gmt":"2020-09-07T18:52:20","guid":{"rendered":"https:\/\/sites.ac-nancy-metz.fr\/arts-plastiques\/?page_id=599"},"modified":"2023-06-01T18:42:34","modified_gmt":"2023-06-01T16:42:34","slug":"le-grand-oral","status":"publish","type":"page","link":"https:\/\/sites.ac-nancy-metz.fr\/arts-plastiques\/le-grand-oral\/","title":{"rendered":"Grand oral"},"content":{"rendered":"<div class=\"wp-block-image\">\n<figure class=\"aligncenter size-full\"><a href=\"https:\/\/www.education.gouv.fr\/bo\/21\/Hebdo31\/MENE2121378N.htm\"><img fetchpriority=\"high\" decoding=\"async\" width=\"812\" height=\"159\" src=\"https:\/\/sites.ac-nancy-metz.fr\/arts-plastiques\/wp-content\/uploads\/Capture-decran-2021-09-02-a-15.09.39.png\" alt=\"\" class=\"wp-image-5371\" srcset=\"https:\/\/sites.ac-nancy-metz.fr\/arts-plastiques\/wp-content\/uploads\/Capture-decran-2021-09-02-a-15.09.39.png 812w, https:\/\/sites.ac-nancy-metz.fr\/arts-plastiques\/wp-content\/uploads\/Capture-decran-2021-09-02-a-15.09.39-300x59.png 300w, https:\/\/sites.ac-nancy-metz.fr\/arts-plastiques\/wp-content\/uploads\/Capture-decran-2021-09-02-a-15.09.39-768x150.png 768w\" sizes=\"(max-width: 812px) 100vw, 812px\" \/><\/a><\/figure>\n<\/div>\n\n\n<div data-wp-interactive=\"core\/file\" class=\"wp-block-file\"><object data-wp-bind--hidden=\"!state.hasPdfPreview\" hidden class=\"wp-block-file__embed\" data=\"https:\/\/sites.ac-nancy-metz.fr\/arts-plastiques\/wp-content\/uploads\/Grand-Oral.pdf\" type=\"application\/pdf\" style=\"width:100%;height:600px\" aria-label=\"Contenu embarqu\u00e9 Grand-Oral.\"><\/object><a id=\"wp-block-file--media-0aeb6110-9b42-4607-9c38-d54bdccdf780\" href=\"https:\/\/sites.ac-nancy-metz.fr\/arts-plastiques\/wp-content\/uploads\/Grand-Oral.pdf\">Grand-Oral<\/a><a href=\"https:\/\/sites.ac-nancy-metz.fr\/arts-plastiques\/wp-content\/uploads\/Grand-Oral.pdf\" class=\"wp-block-file__button wp-element-button\" download aria-describedby=\"wp-block-file--media-0aeb6110-9b42-4607-9c38-d54bdccdf780\">T\u00e9l\u00e9charger<\/a><\/div>\n\n\n\n<div class=\"wp-block-file\"><a href=\"blob:https:\/\/sites.ac-nancy-metz.fr\/c1862c08-804b-42d1-9fe7-a0192e6f3543\" class=\"wp-block-file__button wp-element-button\" download>T\u00e9l\u00e9charger<\/a><\/div>\n\n\n\n<p><strong>Les ressources acad\u00e9miques sur le site de la p\u00e9dagogie : <\/strong><\/p>\n\n\n\n<p class=\"has-text-align-center\"><a href=\"https:\/\/pedagogie.ac-nancy-metz.fr\/grand-oral\/\">https:\/\/pedagogie.ac-nancy-metz.fr\/grand-oral\/<\/a><\/p>\n\n\n\n<p><strong>Les ressources acad\u00e9miques disciplinaires du groupe de travail :<\/strong><\/p>\n\n\n<div class=\"wp-block-image\">\n<figure class=\"aligncenter is-resized\"><a href=\"https:\/\/sites.ac-nancy-metz.fr\/arts-plastiques\/wp-content\/uploads\/GT-Grand-Oral-Arts-plastiques.pdf\"><img decoding=\"async\" src=\"https:\/\/sites.ac-nancy-metz.fr\/arts-plastiques\/wp-content\/uploads\/capture-decran-2020-12-08-a-14-53-34.png\" alt=\"\" class=\"wp-image-2732\" width=\"503\" height=\"356\" srcset=\"https:\/\/sites.ac-nancy-metz.fr\/arts-plastiques\/wp-content\/uploads\/capture-decran-2020-12-08-a-14-53-34.png 702w, https:\/\/sites.ac-nancy-metz.fr\/arts-plastiques\/wp-content\/uploads\/capture-decran-2020-12-08-a-14-53-34-300x213.png 300w\" sizes=\"(max-width: 503px) 100vw, 503px\" \/><\/a><\/figure>\n<\/div>\n\n<div class=\"wp-block-image\">\n<figure class=\"aligncenter size-large\"><a href=\"https:\/\/sites.ac-nancy-metz.fr\/arts-plastiques\/wp-content\/uploads\/Capture-decran-2021-05-23-a-00.03.50.png\"><img decoding=\"async\" width=\"974\" height=\"646\" src=\"https:\/\/sites.ac-nancy-metz.fr\/arts-plastiques\/wp-content\/uploads\/Capture-decran-2021-05-23-a-00.03.50.png\" alt=\"\" class=\"wp-image-4664\" srcset=\"https:\/\/sites.ac-nancy-metz.fr\/arts-plastiques\/wp-content\/uploads\/Capture-decran-2021-05-23-a-00.03.50.png 974w, https:\/\/sites.ac-nancy-metz.fr\/arts-plastiques\/wp-content\/uploads\/Capture-decran-2021-05-23-a-00.03.50-300x199.png 300w, https:\/\/sites.ac-nancy-metz.fr\/arts-plastiques\/wp-content\/uploads\/Capture-decran-2021-05-23-a-00.03.50-768x509.png 768w\" sizes=\"(max-width: 974px) 100vw, 974px\" \/><\/a><\/figure>\n<\/div>\n\n<div class=\"wp-block-image\">\n<figure class=\"aligncenter size-large is-resized\"><a href=\"https:\/\/sites.ac-nancy-metz.fr\/arts-plastiques\/wp-content\/uploads\/Capture-decran-2021-05-23-a-00.54.48.png\"><img loading=\"lazy\" decoding=\"async\" src=\"https:\/\/sites.ac-nancy-metz.fr\/arts-plastiques\/wp-content\/uploads\/Capture-decran-2021-05-23-a-00.54.48.png\" alt=\"\" class=\"wp-image-4669\" width=\"458\" height=\"306\" srcset=\"https:\/\/sites.ac-nancy-metz.fr\/arts-plastiques\/wp-content\/uploads\/Capture-decran-2021-05-23-a-00.54.48.png 919w, https:\/\/sites.ac-nancy-metz.fr\/arts-plastiques\/wp-content\/uploads\/Capture-decran-2021-05-23-a-00.54.48-300x201.png 300w, https:\/\/sites.ac-nancy-metz.fr\/arts-plastiques\/wp-content\/uploads\/Capture-decran-2021-05-23-a-00.54.48-768x515.png 768w\" sizes=\"(max-width: 458px) 100vw, 458px\" \/><\/a><\/figure>\n<\/div>\n\n<div class=\"wp-block-image\">\n<figure class=\"aligncenter size-large\"><a href=\"https:\/\/sites.ac-nancy-metz.fr\/arts-plastiques\/wp-content\/uploads\/Diapositive1-2.jpeg\"><img loading=\"lazy\" decoding=\"async\" width=\"720\" height=\"405\" src=\"https:\/\/sites.ac-nancy-metz.fr\/arts-plastiques\/wp-content\/uploads\/Diapositive1-2.jpeg\" alt=\"\" class=\"wp-image-4673\" srcset=\"https:\/\/sites.ac-nancy-metz.fr\/arts-plastiques\/wp-content\/uploads\/Diapositive1-2.jpeg 720w, https:\/\/sites.ac-nancy-metz.fr\/arts-plastiques\/wp-content\/uploads\/Diapositive1-2-300x169.jpeg 300w\" sizes=\"(max-width: 720px) 100vw, 720px\" \/><\/a><\/figure>\n<\/div>\n\n\n<figure><iframe width=\"1200px\" height=\"675px\" src=\"https:\/\/view.genial.ly\/5ff56065bf5ddc3bd744de15\" allowfullscreen=\"true\"><\/iframe><\/figure>\n\n\n\n<figure class=\"wp-block-image\"><a href=\"https:\/\/sites.ac-nancy-metz.fr\/arts-plastiques\/wp-content\/uploads\/oral-arts-plastiques.pdf\"><img loading=\"lazy\" decoding=\"async\" width=\"905\" height=\"188\" src=\"https:\/\/sites.ac-nancy-metz.fr\/arts-plastiques\/wp-content\/uploads\/capture-decran-2021-02-21-a-15-53-05.png\" alt=\"\" class=\"wp-image-3353\" srcset=\"https:\/\/sites.ac-nancy-metz.fr\/arts-plastiques\/wp-content\/uploads\/capture-decran-2021-02-21-a-15-53-05.png 905w, https:\/\/sites.ac-nancy-metz.fr\/arts-plastiques\/wp-content\/uploads\/capture-decran-2021-02-21-a-15-53-05-300x62.png 300w, https:\/\/sites.ac-nancy-metz.fr\/arts-plastiques\/wp-content\/uploads\/capture-decran-2021-02-21-a-15-53-05-768x160.png 768w\" sizes=\"(max-width: 905px) 100vw, 905px\" \/><\/a><\/figure>\n\n\n\n<p><strong>Corpus th\u00e9orique :<\/strong><\/p>\n\n\n<div class=\"wp-block-image\">\n<figure class=\"aligncenter is-resized\"><a href=\"https:\/\/sites.ac-nancy-metz.fr\/arts-plastiques\/wp-content\/uploads\/Bibliographie-Dire-le-faire-1-1.pdf\"><img loading=\"lazy\" decoding=\"async\" src=\"https:\/\/sites.ac-nancy-metz.fr\/arts-plastiques\/wp-content\/uploads\/capture-decran-2021-02-07-a-12-34-45.png\" alt=\"\" class=\"wp-image-3101\" width=\"337\" height=\"464\" srcset=\"https:\/\/sites.ac-nancy-metz.fr\/arts-plastiques\/wp-content\/uploads\/capture-decran-2021-02-07-a-12-34-45.png 565w, https:\/\/sites.ac-nancy-metz.fr\/arts-plastiques\/wp-content\/uploads\/capture-decran-2021-02-07-a-12-34-45-218x300.png 218w\" sizes=\"(max-width: 337px) 100vw, 337px\" \/><\/a><\/figure>\n<\/div>\n\n\n<p><strong>Le Grand Oral dans les enseignements de sp\u00e9cialit\u00e9s : dossier IGESR<\/strong><\/p>\n\n\n<div class=\"wp-block-image\">\n<figure class=\"aligncenter is-resized\"><a href=\"https:\/\/sites.ac-nancy-metz.fr\/arts-plastiques\/wp-content\/uploads\/grand_oral_igesr_document_integral_0.pdf\"><img loading=\"lazy\" decoding=\"async\" src=\"https:\/\/sites.ac-nancy-metz.fr\/arts-plastiques\/wp-content\/uploads\/Capture-d\u2019ecran-2021-01-08-a-11.09.43-1.png\" alt=\"\" class=\"wp-image-2881\" width=\"237\" height=\"337\" srcset=\"https:\/\/sites.ac-nancy-metz.fr\/arts-plastiques\/wp-content\/uploads\/Capture-d\u2019ecran-2021-01-08-a-11.09.43-1.png 549w, https:\/\/sites.ac-nancy-metz.fr\/arts-plastiques\/wp-content\/uploads\/Capture-d\u2019ecran-2021-01-08-a-11.09.43-1-211x300.png 211w\" sizes=\"(max-width: 237px) 100vw, 237px\" \/><\/a><\/figure>\n<\/div>\n\n\n<div class=\"wp-block-file aligncenter\"><a id=\"wp-block-file--media-e28eb1b9-8225-4e2d-b964-d2b8ffd95fec\" href=\"https:\/\/sites.ac-nancy-metz.fr\/arts-plastiques\/wp-content\/uploads\/grand_oral_igesr_document_integral_0.pdf\">Grand Oral Igesr<\/a><a href=\"https:\/\/sites.ac-nancy-metz.fr\/arts-plastiques\/wp-content\/uploads\/grand_oral_igesr_document_integral_0.pdf\" class=\"wp-block-file__button wp-element-button\" download aria-describedby=\"wp-block-file--media-e28eb1b9-8225-4e2d-b964-d2b8ffd95fec\">T\u00e9l\u00e9charger<\/a><\/div>\n\n\n\n<div class=\"wp-block-columns is-layout-flex wp-container-core-columns-is-layout-9d6595d7 wp-block-columns-is-layout-flex\">\n<div class=\"wp-block-column is-layout-flow wp-block-column-is-layout-flow\">\n<figure class=\"wp-block-image size-large\"><img loading=\"lazy\" decoding=\"async\" width=\"574\" height=\"795\" src=\"https:\/\/sites.ac-nancy-metz.fr\/arts-plastiques\/wp-content\/uploads\/Capture-decran-2021-05-13-a-15.06.30-1.png\" alt=\"\" class=\"wp-image-4613\" srcset=\"https:\/\/sites.ac-nancy-metz.fr\/arts-plastiques\/wp-content\/uploads\/Capture-decran-2021-05-13-a-15.06.30-1.png 574w, https:\/\/sites.ac-nancy-metz.fr\/arts-plastiques\/wp-content\/uploads\/Capture-decran-2021-05-13-a-15.06.30-1-217x300.png 217w\" sizes=\"(max-width: 574px) 100vw, 574px\" \/><\/figure>\n<\/div>\n\n\n\n<div class=\"wp-block-column is-layout-flow wp-block-column-is-layout-flow\">\n<figure class=\"wp-block-image size-large\"><img loading=\"lazy\" decoding=\"async\" width=\"497\" height=\"690\" src=\"https:\/\/sites.ac-nancy-metz.fr\/arts-plastiques\/wp-content\/uploads\/Capture-decran-2021-05-13-a-15.06.44-1.png\" alt=\"\" class=\"wp-image-4614\" srcset=\"https:\/\/sites.ac-nancy-metz.fr\/arts-plastiques\/wp-content\/uploads\/Capture-decran-2021-05-13-a-15.06.44-1.png 497w, https:\/\/sites.ac-nancy-metz.fr\/arts-plastiques\/wp-content\/uploads\/Capture-decran-2021-05-13-a-15.06.44-1-216x300.png 216w\" sizes=\"(max-width: 497px) 100vw, 497px\" \/><\/figure>\n<\/div>\n\n\n\n<div class=\"wp-block-column is-layout-flow wp-block-column-is-layout-flow\">\n<figure class=\"wp-block-image size-large\"><img loading=\"lazy\" decoding=\"async\" width=\"478\" height=\"701\" src=\"https:\/\/sites.ac-nancy-metz.fr\/arts-plastiques\/wp-content\/uploads\/Capture-decran-2021-05-13-a-15.06.52-1.png\" alt=\"\" class=\"wp-image-4615\" srcset=\"https:\/\/sites.ac-nancy-metz.fr\/arts-plastiques\/wp-content\/uploads\/Capture-decran-2021-05-13-a-15.06.52-1.png 478w, https:\/\/sites.ac-nancy-metz.fr\/arts-plastiques\/wp-content\/uploads\/Capture-decran-2021-05-13-a-15.06.52-1-205x300.png 205w\" sizes=\"(max-width: 478px) 100vw, 478px\" \/><\/figure>\n<\/div>\n\n\n\n<div class=\"wp-block-column is-layout-flow wp-block-column-is-layout-flow\">\n<figure class=\"wp-block-image size-large\"><img loading=\"lazy\" decoding=\"async\" width=\"520\" height=\"689\" src=\"https:\/\/sites.ac-nancy-metz.fr\/arts-plastiques\/wp-content\/uploads\/Capture-decran-2021-05-13-a-15.07.02-1.png\" alt=\"\" class=\"wp-image-4616\" srcset=\"https:\/\/sites.ac-nancy-metz.fr\/arts-plastiques\/wp-content\/uploads\/Capture-decran-2021-05-13-a-15.07.02-1.png 520w, https:\/\/sites.ac-nancy-metz.fr\/arts-plastiques\/wp-content\/uploads\/Capture-decran-2021-05-13-a-15.07.02-1-226x300.png 226w\" sizes=\"(max-width: 520px) 100vw, 520px\" \/><\/figure>\n<\/div>\n<\/div>\n\n\n\n<p><a href=\"https:\/\/eduscol.education.fr\/cid153457\/plan-de-formation-grand-oral.html\">Plan de formation Grand oral<\/a><\/p>\n\n\n\n<p><a href=\"https:\/\/magistere.education.fr\/dgesco\/course\/view.php?id=2060\">Parcours M@gist\u00e8re Grand Oral <\/a><\/p>\n\n\n\n<p>Formation au Grand oral&nbsp;<em>(Plateforme m@gist\u00e8re). <\/em>Ce parcours d&rsquo;autoformation est destin\u00e9 \u00e0 tous les professeurs et, parmi eux, aux jurys ayant en responsabilit\u00e9 son \u00e9valuation. D&rsquo;une dur\u00e9e de 4h, il se d\u00e9cline en 4 modules&nbsp;:<\/p>\n\n\n\n<ul class=\"wp-block-list\">\n<li><strong>d\u00e9finition et fonctionnement de l&rsquo;\u00e9preuve&nbsp;;<\/strong><\/li>\n\n\n\n<li><strong>l&rsquo;\u00e9l\u00e8ve, auteur et acteur de sa parole&nbsp;;<\/strong><\/li>\n\n\n\n<li><strong>pr\u00e9parer les \u00e9l\u00e8ves au Grand oral, faut-il tout r\u00e9inventer&nbsp;?<\/strong><\/li>\n\n\n\n<li><strong>\u00eatre jury du Grand oral.<\/strong><\/li>\n<\/ul>\n\n\n\n<p><a href=\"https:\/\/www.education.gouv.fr\/baccalaureat-comment-se-passe-le-grand-oral-100028\">Baccalaur\u00e9at : comment se passe le Grand oral ?<\/a><\/p>\n\n\n\n<p><a href=\"https:\/\/eduscol.education.fr\/cid149452\/presentation-du-grand-oral.html\">Pr\u00e9sentation du Grand oral<\/a><\/p>\n\n\n\n<p><a href=\"https:\/\/www.education.gouv.fr\/baccalaureat-2021-epreuve-du-grand-oral-permettre-aux-eleves-de-travailler-une-competence-89576\">Le Grand oral : travailler une comp\u00e9tence n\u00e9cessaire \u00e0 la r\u00e9ussite des \u00e9l\u00e8ves<\/a><\/p>\n\n\n\n<p><a href=\"https:\/\/www.education.gouv.fr\/bo\/20\/Special2\/MENE2002780N.htm?cid_bo=149115\">\u00c9preuve orale dite \u00ab Grand oral \u00bb de la classe de terminale de la voie g\u00e9n\u00e9rale \u00e0 compter de la session 2021 de l&rsquo;examen du baccalaur\u00e9at<\/a><\/p>\n\n\n\n<p><a href=\"http:\/\/arts-plastiques.ac-besancon.fr\/wp-content\/uploads\/sites\/95\/2019\/07\/rapport_grand-oral-cyril-delhay_1145823.pdf\">Baccalaur\u00e9at 2021 : Faire du grand oral un levier d\u2019\u00e9galit\u00e9 des chances<\/a><\/p>\n\n\n\n<p><a href=\"https:\/\/eduscol.education.fr\/cid153457\/plan-de-formation-grand-oral.html#lien2\">Plan de formation Grand oral<\/a><\/p>\n\n\n\n<p><a href=\"https:\/\/www.education.gouv.fr\/rapport-de-cyril-delhay-sur-le-grand-oral-apprendre-tous-les-eleves-porter-leur-propre-parole-2582\">Rapport de Cyril Delhay sur le grand oral : apprendre \u00e0 tous les \u00e9l\u00e8ves \u00e0 porter leur propre parole<\/a><\/p>\n\n\n\n<p><a href=\"https:\/\/eduscol.education.fr\/cid140653\/la-prise-compte-oral-lycee-travailler-les-competences-orales-avec-les-eleves.html\">S\u00e9minaire La prise en compte de l&rsquo;oral au lyc\u00e9e : travailler les comp\u00e9tences orales avec les \u00e9l\u00e8ves<\/a><\/p>\n\n\n<div class=\"wp-block-image\">\n<figure class=\"aligncenter\"><a href=\"https:\/\/sites.ac-nancy-metz.fr\/arts-plastiques\/wp-content\/uploads\/annexe_-_grille_grand_oral.pdf\"><img loading=\"lazy\" decoding=\"async\" width=\"1024\" height=\"707\" src=\"https:\/\/sites.ac-nancy-metz.fr\/arts-plastiques\/wp-content\/uploads\/capture-decran-2020-09-07-a-23-10-11-1024x707.png\" alt=\"\" class=\"wp-image-646\" srcset=\"https:\/\/sites.ac-nancy-metz.fr\/arts-plastiques\/wp-content\/uploads\/capture-decran-2020-09-07-a-23-10-11-1024x707.png 1024w, https:\/\/sites.ac-nancy-metz.fr\/arts-plastiques\/wp-content\/uploads\/capture-decran-2020-09-07-a-23-10-11-300x207.png 300w, https:\/\/sites.ac-nancy-metz.fr\/arts-plastiques\/wp-content\/uploads\/capture-decran-2020-09-07-a-23-10-11-768x530.png 768w, https:\/\/sites.ac-nancy-metz.fr\/arts-plastiques\/wp-content\/uploads\/capture-decran-2020-09-07-a-23-10-11.png 1214w\" sizes=\"(max-width: 1024px) 100vw, 1024px\" \/><\/a><\/figure>\n<\/div>\n\n<div class=\"wp-block-image\">\n<figure class=\"aligncenter\"><a href=\"https:\/\/www.education.gouv.fr\/bo\/20\/Special2\/MENE2002780N.htm\"><img loading=\"lazy\" decoding=\"async\" width=\"831\" height=\"241\" src=\"https:\/\/sites.ac-nancy-metz.fr\/arts-plastiques\/wp-content\/uploads\/capture-decran-2021-04-10-a-12-00-10.png\" alt=\"\" class=\"wp-image-4172\" srcset=\"https:\/\/sites.ac-nancy-metz.fr\/arts-plastiques\/wp-content\/uploads\/capture-decran-2021-04-10-a-12-00-10.png 831w, https:\/\/sites.ac-nancy-metz.fr\/arts-plastiques\/wp-content\/uploads\/capture-decran-2021-04-10-a-12-00-10-300x87.png 300w, https:\/\/sites.ac-nancy-metz.fr\/arts-plastiques\/wp-content\/uploads\/capture-decran-2021-04-10-a-12-00-10-768x223.png 768w\" sizes=\"(max-width: 831px) 100vw, 831px\" \/><\/a><\/figure>\n<\/div>\n\n\n<iframe width=\"560\" height=\"315\" src=\"https:\/\/www.youtube.com\/embed\/YfD7SZm-P6o\" title=\"YouTube video player\" frameborder=\"0\" allow=\"accelerometer; autoplay; clipboard-write; encrypted-media; gyroscope; picture-in-picture\" allowfullscreen><\/iframe>\n\n\n\n<iframe width=\"560\" height=\"315\" src=\"https:\/\/www.youtube.com\/embed\/TKYIHxIeSUM\" title=\"YouTube video player\" frameborder=\"0\" allow=\"accelerometer; autoplay; clipboard-write; encrypted-media; gyroscope; picture-in-picture\" allowfullscreen><\/iframe>\n\n\n\n<iframe width=\"560\" height=\"315\" src=\"https:\/\/www.youtube.com\/embed\/3grP1xvyOUU\" title=\"YouTube video player\" frameborder=\"0\" allow=\"accelerometer; autoplay; clipboard-write; encrypted-media; gyroscope; picture-in-picture\" allowfullscreen><\/iframe>\n","protected":false},"excerpt":{"rendered":"<p>Les ressources acad\u00e9miques sur le site de la p\u00e9dagogie : https:\/\/pedagogie.ac-nancy-metz.fr\/grand-oral\/ Les ressources acad\u00e9miques disciplinaires du groupe de travail : Corpus th\u00e9orique : Le Grand Oral&#8230;<\/p>\n","protected":false},"author":2,"featured_media":0,"parent":0,"menu_order":0,"comment_status":"closed","ping_status":"closed","template":"","meta":{"footnotes":""},"class_list":["post-599","page","type-page","status-publish","hentry"],"_links":{"self":[{"href":"https:\/\/sites.ac-nancy-metz.fr\/arts-plastiques\/wp-json\/wp\/v2\/pages\/599","targetHints":{"allow":["GET"]}}],"collection":[{"href":"https:\/\/sites.ac-nancy-metz.fr\/arts-plastiques\/wp-json\/wp\/v2\/pages"}],"about":[{"href":"https:\/\/sites.ac-nancy-metz.fr\/arts-plastiques\/wp-json\/wp\/v2\/types\/page"}],"author":[{"embeddable":true,"href":"https:\/\/sites.ac-nancy-metz.fr\/arts-plastiques\/wp-json\/wp\/v2\/users\/2"}],"replies":[{"embeddable":true,"href":"https:\/\/sites.ac-nancy-metz.fr\/arts-plastiques\/wp-json\/wp\/v2\/comments?post=599"}],"version-history":[{"count":53,"href":"https:\/\/sites.ac-nancy-metz.fr\/arts-plastiques\/wp-json\/wp\/v2\/pages\/599\/revisions"}],"predecessor-version":[{"id":9157,"href":"https:\/\/sites.ac-nancy-metz.fr\/arts-plastiques\/wp-json\/wp\/v2\/pages\/599\/revisions\/9157"}],"wp:attachment":[{"href":"https:\/\/sites.ac-nancy-metz.fr\/arts-plastiques\/wp-json\/wp\/v2\/media?parent=599"}],"curies":[{"name":"wp","href":"https:\/\/api.w.org\/{rel}","templated":true}]}}