{"id":6274,"date":"2021-11-19T16:07:48","date_gmt":"2021-11-19T15:07:48","guid":{"rendered":"https:\/\/sites.ac-nancy-metz.fr\/arts-plastiques\/?page_id=6274"},"modified":"2022-03-13T12:21:28","modified_gmt":"2022-03-13T11:21:28","slug":"etablissement-de-service-arts-plastiques-et-sport","status":"publish","type":"page","link":"https:\/\/sites.ac-nancy-metz.fr\/arts-plastiques\/etablissement-de-service-arts-plastiques-et-sport\/","title":{"rendered":"Espaces Services Jeunesse"},"content":{"rendered":"\n<div class=\"wp-block-image\"><figure class=\"alignright size-full is-resized\"><img decoding=\"async\" src=\"https:\/\/sites.ac-nancy-metz.fr\/arts-plastiques\/wp-content\/uploads\/espace-service-jeunesse-3-logos-97003_0.png\" alt=\"\" class=\"wp-image-7750\" width=\"-154\" height=\"-192\" srcset=\"https:\/\/sites.ac-nancy-metz.fr\/arts-plastiques\/wp-content\/uploads\/espace-service-jeunesse-3-logos-97003_0.png 400w, https:\/\/sites.ac-nancy-metz.fr\/arts-plastiques\/wp-content\/uploads\/espace-service-jeunesse-3-logos-97003_0-240x300.png 240w\" sizes=\"(max-width: 400px) 100vw, 400px\" \/><\/figure><\/div>\n\n\n\n<p><em>Un Espace services jeunesse est&nbsp;<strong>un espace au sein d\u2019un \u00e9tablissement secondaire public<\/strong>(relevant ou non du minist\u00e8re charg\u00e9 de l\u2019\u00e9ducation nationale) et qui&nbsp;<strong>couvre un p\u00e9rim\u00e8tre g\u00e9ographique aussi large que possible<\/strong>. Cet espace est visible et directement accessible depuis la rue par des visiteurs ext\u00e9rieurs, pour&nbsp;<strong>favoriser son acc\u00e8s pendant et hors du temps scolaire, sur des horaires adapt\u00e9s aux besoins locaux tout au long de l\u2019ann\u00e9e<\/strong>. Il est donc au plus pr\u00e8s des publics et au c\u0153ur des territoires.<\/em><\/p>\n\n\n\n<p class=\"has-text-align-center\"><a href=\"https:\/\/www.education.gouv.fr\/espaces-services-jeunesse-un-nouveau-dispositif-au-service-des-jeunes-et-de-ceux-qui-les-326428\">https:\/\/www.education.gouv.fr\/espaces-services-jeunesse-un-nouveau-dispositif-au-service-des-jeunes-et-de-ceux-qui-les-326428<\/a><\/p>\n\n\n\n<p class=\"has-medium-font-size\"><strong>Cit\u00e9 scolaire La Haie Griselle \u00e0 <strong>G\u00e9rardmer<\/strong> : arts plastiques et \u00e9ducation physique et sportive<\/strong><\/p>\n\n\n\n<figure class=\"wp-block-gallery has-nested-images columns-default is-cropped wp-block-gallery-1 is-layout-flex wp-block-gallery-is-layout-flex\">\n<figure class=\"wp-block-image size-large\"><img fetchpriority=\"high\" decoding=\"async\" width=\"1024\" height=\"980\" data-id=\"6305\" src=\"https:\/\/sites.ac-nancy-metz.fr\/arts-plastiques\/wp-content\/uploads\/IMG_2149-1024x980.jpg\" alt=\"\" class=\"wp-image-6305\" srcset=\"https:\/\/sites.ac-nancy-metz.fr\/arts-plastiques\/wp-content\/uploads\/IMG_2149-1024x980.jpg 1024w, https:\/\/sites.ac-nancy-metz.fr\/arts-plastiques\/wp-content\/uploads\/IMG_2149-300x287.jpg 300w, https:\/\/sites.ac-nancy-metz.fr\/arts-plastiques\/wp-content\/uploads\/IMG_2149-768x735.jpg 768w, https:\/\/sites.ac-nancy-metz.fr\/arts-plastiques\/wp-content\/uploads\/IMG_2149.jpg 1280w\" sizes=\"(max-width: 1024px) 100vw, 1024px\" \/><\/figure>\n\n\n\n<figure class=\"wp-block-image size-large\"><img decoding=\"async\" width=\"1024\" height=\"964\" data-id=\"6307\" src=\"https:\/\/sites.ac-nancy-metz.fr\/arts-plastiques\/wp-content\/uploads\/IMG_2151-1024x964.jpg\" alt=\"\" class=\"wp-image-6307\" srcset=\"https:\/\/sites.ac-nancy-metz.fr\/arts-plastiques\/wp-content\/uploads\/IMG_2151-1024x964.jpg 1024w, https:\/\/sites.ac-nancy-metz.fr\/arts-plastiques\/wp-content\/uploads\/IMG_2151-300x282.jpg 300w, https:\/\/sites.ac-nancy-metz.fr\/arts-plastiques\/wp-content\/uploads\/IMG_2151-768x723.jpg 768w, https:\/\/sites.ac-nancy-metz.fr\/arts-plastiques\/wp-content\/uploads\/IMG_2151.jpg 1280w\" sizes=\"(max-width: 1024px) 100vw, 1024px\" \/><\/figure>\n\n\n\n<figure class=\"wp-block-image size-large\"><img decoding=\"async\" width=\"1024\" height=\"988\" data-id=\"6308\" src=\"https:\/\/sites.ac-nancy-metz.fr\/arts-plastiques\/wp-content\/uploads\/IMG_2153-1024x988.jpg\" alt=\"\" class=\"wp-image-6308\" srcset=\"https:\/\/sites.ac-nancy-metz.fr\/arts-plastiques\/wp-content\/uploads\/IMG_2153-1024x988.jpg 1024w, https:\/\/sites.ac-nancy-metz.fr\/arts-plastiques\/wp-content\/uploads\/IMG_2153-300x289.jpg 300w, https:\/\/sites.ac-nancy-metz.fr\/arts-plastiques\/wp-content\/uploads\/IMG_2153-768x741.jpg 768w, https:\/\/sites.ac-nancy-metz.fr\/arts-plastiques\/wp-content\/uploads\/IMG_2153.jpg 1280w\" sizes=\"(max-width: 1024px) 100vw, 1024px\" \/><\/figure>\n<\/figure>\n\n\n\n<p class=\"has-text-align-center has-small-font-size\">Ressources : Camille FLEUROT-MOUGEL, professeur d\u2019arts plastiques <\/p>\n\n\n\n<p class=\"has-medium-font-size\"><strong>Galerie virtuelle : <\/strong><\/p>\n\n\n\n<div style=\"width: 100%;\"><div style=\"position: relative; padding-bottom: 56.25%; padding-top: 0; height: 0;\"><iframe frameborder=\"0\" width=\"1200px\" height=\"675px\" style=\"position: absolute; top: 0; left: 0; width: 100%; height: 100%;\" src=\"https:\/\/camillef-mougel.netboard.me\/lahaiegriselle\/?tab=413305\" type=\"text\/html\" allowscriptaccess=\"always\" allowfullscreen=\"true\" scrolling=\"yes\" allownetworking=\"all\"><\/iframe> <\/div> <\/div>\n\n\n\n<p class=\"has-medium-font-size\"><strong>Corpus d&rsquo;oeuvres : articulation des enjeux des enseignements en arts plastiques et en \u00e9ducation physique et sportive<\/strong><\/p>\n\n\n\n<div style=\"width: 100%;\"><div style=\"position: relative; padding-bottom: 56.25%; padding-top: 0; height: 0;\"><iframe frameborder=\"0\" width=\"1200px\" height=\"675px\" style=\"position: absolute; top: 0; left: 0; width: 100%; height: 100%;\" src=\"https:\/\/view.genial.ly\/618eb4a32aa5160ddcae647e\" type=\"text\/html\" allowscriptaccess=\"always\" allowfullscreen=\"true\" scrolling=\"yes\" allownetworking=\"all\"><\/iframe> <\/div> <\/div>\n\n\n\n<p class=\"has-medium-font-size\"><strong>Approche didactique<\/strong> <strong>5\u00e8me<\/strong><\/p>\n\n\n\n<div class=\"wp-block-columns is-layout-flex wp-container-core-columns-is-layout-9d6595d7 wp-block-columns-is-layout-flex\">\n<div class=\"wp-block-column is-layout-flow wp-block-column-is-layout-flow\">\n<p class=\"has-text-align-center\"><strong>Fiche \u00e9l\u00e8ve<\/strong><\/p>\n\n\n\n<div data-wp-interactive=\"core\/file\" class=\"wp-block-file\"><object data-wp-bind--hidden=\"!state.hasPdfPreview\" hidden class=\"wp-block-file__embed\" data=\"https:\/\/sites.ac-nancy-metz.fr\/arts-plastiques\/wp-content\/uploads\/FicheEleves-CroquezMouvement.pdf\" type=\"application\/pdf\" style=\"width:100%;height:600px\" aria-label=\"Contenu embarqu\u00e9 Contenu embarqu\u00e9 FicheEleves-CroquezMouvement..\"><\/object><a id=\"wp-block-file--media-bc3d3f29-9cb9-423e-9fee-ffa275380851\" href=\"https:\/\/sites.ac-nancy-metz.fr\/arts-plastiques\/wp-content\/uploads\/FicheEleves-CroquezMouvement.pdf\">FicheEleves-CroquezMouvement<\/a><a href=\"https:\/\/sites.ac-nancy-metz.fr\/arts-plastiques\/wp-content\/uploads\/FicheEleves-CroquezMouvement.pdf\" class=\"wp-block-file__button\" download aria-describedby=\"wp-block-file--media-bc3d3f29-9cb9-423e-9fee-ffa275380851\">T\u00e9l\u00e9charger<\/a><\/div>\n\n\n\n<div data-wp-interactive=\"core\/file\" class=\"wp-block-file\"><object data-wp-bind--hidden=\"!state.hasPdfPreview\" hidden class=\"wp-block-file__embed\" data=\"https:\/\/sites.ac-nancy-metz.fr\/arts-plastiques\/wp-content\/uploads\/FicheEleves-FERduSport.pdf\" type=\"application\/pdf\" style=\"width:100%;height:600px\" aria-label=\"Contenu embarqu\u00e9 Contenu embarqu\u00e9 FicheEleves-FERduSport..\"><\/object><a id=\"wp-block-file--media-95b4d27e-f514-40ba-a5b8-48239bda578a\" href=\"https:\/\/sites.ac-nancy-metz.fr\/arts-plastiques\/wp-content\/uploads\/FicheEleves-FERduSport.pdf\">FicheEleves-FERduSport<\/a><a href=\"https:\/\/sites.ac-nancy-metz.fr\/arts-plastiques\/wp-content\/uploads\/FicheEleves-FERduSport.pdf\" class=\"wp-block-file__button\" download aria-describedby=\"wp-block-file--media-95b4d27e-f514-40ba-a5b8-48239bda578a\">T\u00e9l\u00e9charger<\/a><\/div>\n\n\n\n<div data-wp-interactive=\"core\/file\" class=\"wp-block-file\"><object data-wp-bind--hidden=\"!state.hasPdfPreview\" hidden class=\"wp-block-file__embed\" data=\"https:\/\/sites.ac-nancy-metz.fr\/arts-plastiques\/wp-content\/uploads\/FicheEleves-MouvementPeinture.pdf\" type=\"application\/pdf\" style=\"width:100%;height:600px\" aria-label=\"Contenu embarqu\u00e9 Contenu embarqu\u00e9 FicheEleves-MouvementPeinture..\"><\/object><a id=\"wp-block-file--media-ff5286f4-bf38-4a15-97ad-cff0d0e97d41\" href=\"https:\/\/sites.ac-nancy-metz.fr\/arts-plastiques\/wp-content\/uploads\/FicheEleves-MouvementPeinture.pdf\">FicheEleves-MouvementPeinture<\/a><a href=\"https:\/\/sites.ac-nancy-metz.fr\/arts-plastiques\/wp-content\/uploads\/FicheEleves-MouvementPeinture.pdf\" class=\"wp-block-file__button\" download aria-describedby=\"wp-block-file--media-ff5286f4-bf38-4a15-97ad-cff0d0e97d41\">T\u00e9l\u00e9charger<\/a><\/div>\n\n\n\n<div data-wp-interactive=\"core\/file\" class=\"wp-block-file\"><object data-wp-bind--hidden=\"!state.hasPdfPreview\" hidden class=\"wp-block-file__embed\" data=\"https:\/\/sites.ac-nancy-metz.fr\/arts-plastiques\/wp-content\/uploads\/FicheEleves-PhotoSportive.pdf\" type=\"application\/pdf\" style=\"width:100%;height:600px\" aria-label=\"Contenu embarqu\u00e9 Contenu embarqu\u00e9 FicheEleves-PhotoSportive..\"><\/object><a id=\"wp-block-file--media-4bb2e3e4-48e1-4b2f-a4fa-6cf88f274fbd\" href=\"https:\/\/sites.ac-nancy-metz.fr\/arts-plastiques\/wp-content\/uploads\/FicheEleves-PhotoSportive.pdf\">FicheEleves-PhotoSportive<\/a><a href=\"https:\/\/sites.ac-nancy-metz.fr\/arts-plastiques\/wp-content\/uploads\/FicheEleves-PhotoSportive.pdf\" class=\"wp-block-file__button\" download aria-describedby=\"wp-block-file--media-4bb2e3e4-48e1-4b2f-a4fa-6cf88f274fbd\">T\u00e9l\u00e9charger<\/a><\/div>\n<\/div>\n\n\n\n<div class=\"wp-block-column is-layout-flow wp-block-column-is-layout-flow\">\n<p class=\"has-text-align-center\"><strong>Fiche professeur<\/strong><\/p>\n\n\n\n<div data-wp-interactive=\"core\/file\" class=\"wp-block-file\"><object data-wp-bind--hidden=\"!state.hasPdfPreview\" hidden class=\"wp-block-file__embed\" data=\"https:\/\/sites.ac-nancy-metz.fr\/arts-plastiques\/wp-content\/uploads\/SCquenceCroquezMouvement.pdf\" type=\"application\/pdf\" style=\"width:100%;height:600px\" aria-label=\"Contenu embarqu\u00e9 Contenu embarqu\u00e9 SCquenceCroquezMouvement..\"><\/object><a id=\"wp-block-file--media-ce4df108-36d9-4c79-a1bf-a8e2d8c85ad3\" href=\"https:\/\/sites.ac-nancy-metz.fr\/arts-plastiques\/wp-content\/uploads\/SCquenceCroquezMouvement.pdf\">SCquenceCroquezMouvement<\/a><a href=\"https:\/\/sites.ac-nancy-metz.fr\/arts-plastiques\/wp-content\/uploads\/SCquenceCroquezMouvement.pdf\" class=\"wp-block-file__button\" download aria-describedby=\"wp-block-file--media-ce4df108-36d9-4c79-a1bf-a8e2d8c85ad3\">T\u00e9l\u00e9charger<\/a><\/div>\n\n\n\n<div data-wp-interactive=\"core\/file\" class=\"wp-block-file\"><object data-wp-bind--hidden=\"!state.hasPdfPreview\" hidden class=\"wp-block-file__embed\" data=\"https:\/\/sites.ac-nancy-metz.fr\/arts-plastiques\/wp-content\/uploads\/SCquenceFERduSport.pdf\" type=\"application\/pdf\" style=\"width:100%;height:600px\" aria-label=\"Contenu embarqu\u00e9 Contenu embarqu\u00e9 SCquenceFERduSport..\"><\/object><a id=\"wp-block-file--media-5352de51-d3f8-4785-a8eb-8f268e417086\" href=\"https:\/\/sites.ac-nancy-metz.fr\/arts-plastiques\/wp-content\/uploads\/SCquenceFERduSport.pdf\">SCquenceFERduSport<\/a><a href=\"https:\/\/sites.ac-nancy-metz.fr\/arts-plastiques\/wp-content\/uploads\/SCquenceFERduSport.pdf\" class=\"wp-block-file__button\" download aria-describedby=\"wp-block-file--media-5352de51-d3f8-4785-a8eb-8f268e417086\">T\u00e9l\u00e9charger<\/a><\/div>\n\n\n\n<div data-wp-interactive=\"core\/file\" class=\"wp-block-file\"><object data-wp-bind--hidden=\"!state.hasPdfPreview\" hidden class=\"wp-block-file__embed\" data=\"https:\/\/sites.ac-nancy-metz.fr\/arts-plastiques\/wp-content\/uploads\/SCquenceMouvementPeinture-1.pdf\" type=\"application\/pdf\" style=\"width:100%;height:600px\" aria-label=\"Contenu embarqu\u00e9 Contenu embarqu\u00e9 SCquenceMouvementPeinture-1..\"><\/object><a id=\"wp-block-file--media-21bfe7ff-3178-4453-b811-6ff2f77f13e5\" href=\"https:\/\/sites.ac-nancy-metz.fr\/arts-plastiques\/wp-content\/uploads\/SCquenceMouvementPeinture-1.pdf\">SCquenceMouvementPeinture-1<\/a><a href=\"https:\/\/sites.ac-nancy-metz.fr\/arts-plastiques\/wp-content\/uploads\/SCquenceMouvementPeinture-1.pdf\" class=\"wp-block-file__button\" download aria-describedby=\"wp-block-file--media-21bfe7ff-3178-4453-b811-6ff2f77f13e5\">T\u00e9l\u00e9charger<\/a><\/div>\n\n\n\n<div data-wp-interactive=\"core\/file\" class=\"wp-block-file\"><object data-wp-bind--hidden=\"!state.hasPdfPreview\" hidden class=\"wp-block-file__embed\" data=\"https:\/\/sites.ac-nancy-metz.fr\/arts-plastiques\/wp-content\/uploads\/SCquencePhotoSportive-1.pdf\" type=\"application\/pdf\" style=\"width:100%;height:600px\" aria-label=\"Contenu embarqu\u00e9 Contenu embarqu\u00e9 SCquencePhotoSportive-1..\"><\/object><a id=\"wp-block-file--media-69fbc729-62b8-47b0-b37e-12e588927b1c\" href=\"https:\/\/sites.ac-nancy-metz.fr\/arts-plastiques\/wp-content\/uploads\/SCquencePhotoSportive-1.pdf\">SCquencePhotoSportive-1<\/a><a href=\"https:\/\/sites.ac-nancy-metz.fr\/arts-plastiques\/wp-content\/uploads\/SCquencePhotoSportive-1.pdf\" class=\"wp-block-file__button\" download aria-describedby=\"wp-block-file--media-69fbc729-62b8-47b0-b37e-12e588927b1c\">T\u00e9l\u00e9charger<\/a><\/div>\n<\/div>\n<\/div>\n\n\n\n<p class=\"has-medium-font-size\"><strong>Approche didactique 3\u00e8me<\/strong><\/p>\n\n\n\n<div class=\"wp-block-columns is-layout-flex wp-container-core-columns-is-layout-9d6595d7 wp-block-columns-is-layout-flex\">\n<div class=\"wp-block-column is-layout-flow wp-block-column-is-layout-flow\">\n<p class=\"has-text-align-center\"><strong>Fiche \u00e9l\u00e8ve<\/strong><\/p>\n\n\n\n<div data-wp-interactive=\"core\/file\" class=\"wp-block-file\"><object data-wp-bind--hidden=\"!state.hasPdfPreview\" hidden class=\"wp-block-file__embed\" data=\"https:\/\/sites.ac-nancy-metz.fr\/arts-plastiques\/wp-content\/uploads\/FicheEleves-CroquezVitesse.pdf\" type=\"application\/pdf\" style=\"width:100%;height:600px\" aria-label=\"Contenu embarqu\u00e9 Contenu embarqu\u00e9 FicheEleves-CroquezVitesse..\"><\/object><a id=\"wp-block-file--media-5e79e4a1-2a16-476b-ba92-400d71cc997a\" href=\"https:\/\/sites.ac-nancy-metz.fr\/arts-plastiques\/wp-content\/uploads\/FicheEleves-CroquezVitesse.pdf\">FicheEleves-CroquezVitesse<\/a><a href=\"https:\/\/sites.ac-nancy-metz.fr\/arts-plastiques\/wp-content\/uploads\/FicheEleves-CroquezVitesse.pdf\" class=\"wp-block-file__button\" download aria-describedby=\"wp-block-file--media-5e79e4a1-2a16-476b-ba92-400d71cc997a\">T\u00e9l\u00e9charger<\/a><\/div>\n\n\n\n<div data-wp-interactive=\"core\/file\" class=\"wp-block-file\"><object data-wp-bind--hidden=\"!state.hasPdfPreview\" hidden class=\"wp-block-file__embed\" data=\"https:\/\/sites.ac-nancy-metz.fr\/arts-plastiques\/wp-content\/uploads\/FicheEleves-FlipBook.pdf\" type=\"application\/pdf\" style=\"width:100%;height:600px\" aria-label=\"Contenu embarqu\u00e9 Contenu embarqu\u00e9 FicheEleves-FlipBook..\"><\/object><a id=\"wp-block-file--media-15f39853-4c44-45ba-988a-e68024b4552f\" href=\"https:\/\/sites.ac-nancy-metz.fr\/arts-plastiques\/wp-content\/uploads\/FicheEleves-FlipBook.pdf\">FicheEleves-FlipBook<\/a><a href=\"https:\/\/sites.ac-nancy-metz.fr\/arts-plastiques\/wp-content\/uploads\/FicheEleves-FlipBook.pdf\" class=\"wp-block-file__button\" download aria-describedby=\"wp-block-file--media-15f39853-4c44-45ba-988a-e68024b4552f\">T\u00e9l\u00e9charger<\/a><\/div>\n\n\n\n<div data-wp-interactive=\"core\/file\" class=\"wp-block-file\"><object data-wp-bind--hidden=\"!state.hasPdfPreview\" hidden class=\"wp-block-file__embed\" data=\"https:\/\/sites.ac-nancy-metz.fr\/arts-plastiques\/wp-content\/uploads\/FicheEleves-FuturismeSportif.pdf\" type=\"application\/pdf\" style=\"width:100%;height:600px\" aria-label=\"Contenu embarqu\u00e9 Contenu embarqu\u00e9 FicheEleves-FuturismeSportif..\"><\/object><a id=\"wp-block-file--media-e613ca67-f6a3-4c8c-975d-d5b22eca6b46\" href=\"https:\/\/sites.ac-nancy-metz.fr\/arts-plastiques\/wp-content\/uploads\/FicheEleves-FuturismeSportif.pdf\">FicheEleves-FuturismeSportif<\/a><a href=\"https:\/\/sites.ac-nancy-metz.fr\/arts-plastiques\/wp-content\/uploads\/FicheEleves-FuturismeSportif.pdf\" class=\"wp-block-file__button\" download aria-describedby=\"wp-block-file--media-e613ca67-f6a3-4c8c-975d-d5b22eca6b46\">T\u00e9l\u00e9charger<\/a><\/div>\n\n\n\n<div data-wp-interactive=\"core\/file\" class=\"wp-block-file\"><object data-wp-bind--hidden=\"!state.hasPdfPreview\" hidden class=\"wp-block-file__embed\" data=\"https:\/\/sites.ac-nancy-metz.fr\/arts-plastiques\/wp-content\/uploads\/FicheEleves-PhotoSportive-1.pdf\" type=\"application\/pdf\" style=\"width:100%;height:600px\" aria-label=\"Contenu embarqu\u00e9 Contenu embarqu\u00e9 FicheEleves-PhotoSportive-1..\"><\/object><a id=\"wp-block-file--media-b10b6c53-fb83-434c-ae6b-4d8ec1e2ac83\" href=\"https:\/\/sites.ac-nancy-metz.fr\/arts-plastiques\/wp-content\/uploads\/FicheEleves-PhotoSportive-1.pdf\">FicheEleves-PhotoSportive-1<\/a><a href=\"https:\/\/sites.ac-nancy-metz.fr\/arts-plastiques\/wp-content\/uploads\/FicheEleves-PhotoSportive-1.pdf\" class=\"wp-block-file__button\" download aria-describedby=\"wp-block-file--media-b10b6c53-fb83-434c-ae6b-4d8ec1e2ac83\">T\u00e9l\u00e9charger<\/a><\/div>\n<\/div>\n\n\n\n<div class=\"wp-block-column is-layout-flow wp-block-column-is-layout-flow\">\n<p class=\"has-text-align-center\"><strong>Fiche professeur<\/strong><\/p>\n\n\n\n<div data-wp-interactive=\"core\/file\" class=\"wp-block-file\"><object data-wp-bind--hidden=\"!state.hasPdfPreview\" hidden class=\"wp-block-file__embed\" data=\"https:\/\/sites.ac-nancy-metz.fr\/arts-plastiques\/wp-content\/uploads\/SCquenceCroquezVitesse-1.pdf\" type=\"application\/pdf\" style=\"width:100%;height:600px\" aria-label=\"Contenu embarqu\u00e9 Contenu embarqu\u00e9 SCquenceCroquezVitesse-1..\"><\/object><a id=\"wp-block-file--media-5c180548-fb9b-4845-888f-15bea016a04e\" href=\"https:\/\/sites.ac-nancy-metz.fr\/arts-plastiques\/wp-content\/uploads\/SCquenceCroquezVitesse-1.pdf\">SCquenceCroquezVitesse-1<\/a><a href=\"https:\/\/sites.ac-nancy-metz.fr\/arts-plastiques\/wp-content\/uploads\/SCquenceCroquezVitesse-1.pdf\" class=\"wp-block-file__button\" download aria-describedby=\"wp-block-file--media-5c180548-fb9b-4845-888f-15bea016a04e\">T\u00e9l\u00e9charger<\/a><\/div>\n\n\n\n<div data-wp-interactive=\"core\/file\" class=\"wp-block-file\"><object data-wp-bind--hidden=\"!state.hasPdfPreview\" hidden class=\"wp-block-file__embed\" data=\"https:\/\/sites.ac-nancy-metz.fr\/arts-plastiques\/wp-content\/uploads\/SCquenceFlipBook-1.pdf\" type=\"application\/pdf\" style=\"width:100%;height:600px\" aria-label=\"Contenu embarqu\u00e9 Contenu embarqu\u00e9 SCquenceFlipBook-1..\"><\/object><a id=\"wp-block-file--media-8427b0c6-6aa8-4c39-b4e6-0ad50931f10a\" href=\"https:\/\/sites.ac-nancy-metz.fr\/arts-plastiques\/wp-content\/uploads\/SCquenceFlipBook-1.pdf\">SCquenceFlipBook-1<\/a><a href=\"https:\/\/sites.ac-nancy-metz.fr\/arts-plastiques\/wp-content\/uploads\/SCquenceFlipBook-1.pdf\" class=\"wp-block-file__button\" download aria-describedby=\"wp-block-file--media-8427b0c6-6aa8-4c39-b4e6-0ad50931f10a\">T\u00e9l\u00e9charger<\/a><\/div>\n\n\n\n<div data-wp-interactive=\"core\/file\" class=\"wp-block-file\"><object data-wp-bind--hidden=\"!state.hasPdfPreview\" hidden class=\"wp-block-file__embed\" data=\"https:\/\/sites.ac-nancy-metz.fr\/arts-plastiques\/wp-content\/uploads\/SCquenceFuturismeSportif-1.pdf\" type=\"application\/pdf\" style=\"width:100%;height:600px\" aria-label=\"Contenu embarqu\u00e9 Contenu embarqu\u00e9 SCquenceFuturismeSportif-1..\"><\/object><a id=\"wp-block-file--media-c177f54b-352f-4936-9488-9f52d36ec108\" href=\"https:\/\/sites.ac-nancy-metz.fr\/arts-plastiques\/wp-content\/uploads\/SCquenceFuturismeSportif-1.pdf\">SCquenceFuturismeSportif-1<\/a><a href=\"https:\/\/sites.ac-nancy-metz.fr\/arts-plastiques\/wp-content\/uploads\/SCquenceFuturismeSportif-1.pdf\" class=\"wp-block-file__button\" download aria-describedby=\"wp-block-file--media-c177f54b-352f-4936-9488-9f52d36ec108\">T\u00e9l\u00e9charger<\/a><\/div>\n\n\n\n<div data-wp-interactive=\"core\/file\" class=\"wp-block-file\"><object data-wp-bind--hidden=\"!state.hasPdfPreview\" hidden class=\"wp-block-file__embed\" data=\"https:\/\/sites.ac-nancy-metz.fr\/arts-plastiques\/wp-content\/uploads\/SCquencePhotoSportive-2.pdf\" type=\"application\/pdf\" style=\"width:100%;height:600px\" aria-label=\"Contenu embarqu\u00e9 Contenu embarqu\u00e9 SCquencePhotoSportive-2..\"><\/object><a id=\"wp-block-file--media-70a2bda6-998a-49b8-b2ed-52ed73c139e7\" href=\"https:\/\/sites.ac-nancy-metz.fr\/arts-plastiques\/wp-content\/uploads\/SCquencePhotoSportive-2.pdf\">SCquencePhotoSportive-2<\/a><a href=\"https:\/\/sites.ac-nancy-metz.fr\/arts-plastiques\/wp-content\/uploads\/SCquencePhotoSportive-2.pdf\" class=\"wp-block-file__button\" download aria-describedby=\"wp-block-file--media-70a2bda6-998a-49b8-b2ed-52ed73c139e7\">T\u00e9l\u00e9charger<\/a><\/div>\n<\/div>\n<\/div>\n\n\n\n<p><\/p>\n","protected":false},"excerpt":{"rendered":"<p>Un Espace services jeunesse est&nbsp;un espace au sein d\u2019un \u00e9tablissement secondaire public(relevant ou non du minist\u00e8re charg\u00e9 de l\u2019\u00e9ducation nationale) et qui&nbsp;couvre un p\u00e9rim\u00e8tre g\u00e9ographique aussi&#8230;<\/p>\n","protected":false},"author":2,"featured_media":0,"parent":0,"menu_order":0,"comment_status":"closed","ping_status":"closed","template":"","meta":{"footnotes":""},"class_list":["post-6274","page","type-page","status-publish","hentry"],"_links":{"self":[{"href":"https:\/\/sites.ac-nancy-metz.fr\/arts-plastiques\/wp-json\/wp\/v2\/pages\/6274","targetHints":{"allow":["GET"]}}],"collection":[{"href":"https:\/\/sites.ac-nancy-metz.fr\/arts-plastiques\/wp-json\/wp\/v2\/pages"}],"about":[{"href":"https:\/\/sites.ac-nancy-metz.fr\/arts-plastiques\/wp-json\/wp\/v2\/types\/page"}],"author":[{"embeddable":true,"href":"https:\/\/sites.ac-nancy-metz.fr\/arts-plastiques\/wp-json\/wp\/v2\/users\/2"}],"replies":[{"embeddable":true,"href":"https:\/\/sites.ac-nancy-metz.fr\/arts-plastiques\/wp-json\/wp\/v2\/comments?post=6274"}],"version-history":[{"count":16,"href":"https:\/\/sites.ac-nancy-metz.fr\/arts-plastiques\/wp-json\/wp\/v2\/pages\/6274\/revisions"}],"predecessor-version":[{"id":7753,"href":"https:\/\/sites.ac-nancy-metz.fr\/arts-plastiques\/wp-json\/wp\/v2\/pages\/6274\/revisions\/7753"}],"wp:attachment":[{"href":"https:\/\/sites.ac-nancy-metz.fr\/arts-plastiques\/wp-json\/wp\/v2\/media?parent=6274"}],"curies":[{"name":"wp","href":"https:\/\/api.w.org\/{rel}","templated":true}]}}