{"id":6324,"date":"2021-11-24T21:06:12","date_gmt":"2021-11-24T20:06:12","guid":{"rendered":"https:\/\/sites.ac-nancy-metz.fr\/arts-plastiques\/?page_id=6324"},"modified":"2022-01-20T11:34:11","modified_gmt":"2022-01-20T10:34:11","slug":"projets-denseignement-2","status":"publish","type":"page","link":"https:\/\/sites.ac-nancy-metz.fr\/arts-plastiques\/projets-denseignement-2\/","title":{"rendered":"Projets d&rsquo;enseignement : valeurs de la R\u00e9publique et la\u00efcit\u00e9"},"content":{"rendered":"\n<p><strong>Les \u00e9l\u00e9ments ci-dessous constituent un corpus des projets p\u00e9dagogiques mis en \u0153uvre par les enseignants :<\/strong><\/p>\n\n\n\n<div class=\"wp-block-file\"><a href=\"https:\/\/sites.ac-nancy-metz.fr\/arts-plastiques\/wp-content\/uploads\/Visages-de-la-Republique-1.pdf\">Visage(s) de la R\u00e9publique<\/a><a href=\"https:\/\/sites.ac-nancy-metz.fr\/arts-plastiques\/wp-content\/uploads\/Visages-de-la-Republique-1.pdf\" class=\"wp-block-file__button\" download>T\u00e9l\u00e9charger<\/a><\/div>\n\n\n\n<div class=\"wp-block-file\"><a href=\"https:\/\/sites.ac-nancy-metz.fr\/arts-plastiques\/wp-content\/uploads\/La-La\u00efcit\u00e9-progression-en-cycle-3-et-cycle-4-1.pdf\">La La\u00efcit\u00e9, progression en cycle 3 et cycle 4<\/a><a href=\"https:\/\/sites.ac-nancy-metz.fr\/arts-plastiques\/wp-content\/uploads\/La-La\u00efcit\u00e9-progression-en-cycle-3-et-cycle-4-1.pdf\" class=\"wp-block-file__button\" download>T\u00e9l\u00e9charger<\/a><\/div>\n\n\n\n<div class=\"wp-block-file\"><a href=\"https:\/\/sites.ac-nancy-metz.fr\/arts-plastiques\/wp-content\/uploads\/laicite-et-liberte-dexpression.pdf\">Dessins pour la paix<\/a><a href=\"https:\/\/sites.ac-nancy-metz.fr\/arts-plastiques\/wp-content\/uploads\/laicite-et-liberte-dexpression.pdf\" class=\"wp-block-file__button\" download>T\u00e9l\u00e9charger<\/a><\/div>\n\n\n\n<p><strong>Des \u00ab\u00a0Marianne\u00a0\u00bb r\u00e9alis\u00e9es par les \u00e9l\u00e8ves de 6\u00e8me : coll\u00e8ge Jean de la Fontaine LAXOU<\/strong><\/p>\n\n\n\n<div class=\"wp-block-image\"><figure class=\"alignright size-full is-resized\"><img fetchpriority=\"high\" decoding=\"async\" src=\"https:\/\/sites.ac-nancy-metz.fr\/arts-plastiques\/wp-content\/uploads\/marianne-gagnante-1.jpeg\" alt=\"\" class=\"wp-image-6771\" width=\"301\" height=\"368\" srcset=\"https:\/\/sites.ac-nancy-metz.fr\/arts-plastiques\/wp-content\/uploads\/marianne-gagnante-1.jpeg 832w, https:\/\/sites.ac-nancy-metz.fr\/arts-plastiques\/wp-content\/uploads\/marianne-gagnante-1-245x300.jpeg 245w, https:\/\/sites.ac-nancy-metz.fr\/arts-plastiques\/wp-content\/uploads\/marianne-gagnante-1-768x941.jpeg 768w\" sizes=\"(max-width: 301px) 100vw, 301px\" \/><\/figure><\/div>\n\n\n\n<p><a href=\"https:\/\/clg-la-fontaine-laxou.monbureaunumerique.fr\/galerie-virtuelle-arts-plastiques\/des-marianne-realisees-par-les-eleves-de-6eme-4601.htm?URL_BLOG_FILTRE=%23765\">https:\/\/clg-la-fontaine-laxou.monbureaunumerique.fr\/galerie-virtuelle-arts-plastiques\/des-marianne-realisees-par-les-eleves-de-6eme-4601.htm?URL_BLOG_FILTRE=%23765<\/a><\/p>\n\n\n\n<div data-wp-interactive=\"core\/file\" class=\"wp-block-file\"><object data-wp-bind--hidden=\"!state.hasPdfPreview\" hidden class=\"wp-block-file__embed\" data=\"https:\/\/sites.ac-nancy-metz.fr\/arts-plastiques\/wp-content\/uploads\/Marianne-1.pdf\" type=\"application\/pdf\" style=\"width:100%;height:600px\" aria-label=\"Contenu embarqu\u00e9 Contenu embarqu\u00e9 Marianne-1..\"><\/object><a href=\"https:\/\/sites.ac-nancy-metz.fr\/arts-plastiques\/wp-content\/uploads\/Marianne-1.pdf\">Marianne-1<\/a><a href=\"https:\/\/sites.ac-nancy-metz.fr\/arts-plastiques\/wp-content\/uploads\/Marianne-1.pdf\" class=\"wp-block-file__button\" download>T\u00e9l\u00e9charger<\/a><\/div>\n\n\n\n<p class=\"has-normal-font-size\"><strong>Coll\u00e8ge \u00e0 Audun-le-Roman : <\/strong><\/p>\n\n\n\n<p>R\u00e9alisation d&rsquo;un mur d&rsquo;expression \u00e0 partir de deux articles de la charte de la la\u00efcit\u00e9 (article 8 et 9). En tant que dessinateur de presse, les \u00e9l\u00e8ves r\u00e9alisent un sujet qui leur tiennent \u00e0 c\u0153ur.<\/p>\n\n\n\n<figure class=\"wp-block-gallery columns-3 is-cropped wp-block-gallery-1 is-layout-flex wp-block-gallery-is-layout-flex\"><ul class=\"blocks-gallery-grid\"><li class=\"blocks-gallery-item\"><figure><img decoding=\"async\" width=\"640\" height=\"480\" src=\"https:\/\/sites.ac-nancy-metz.fr\/arts-plastiques\/wp-content\/uploads\/IMG_1687.jpg\" alt=\"\" data-id=\"6436\" data-full-url=\"https:\/\/sites.ac-nancy-metz.fr\/arts-plastiques\/wp-content\/uploads\/IMG_1687.jpg\" data-link=\"https:\/\/sites.ac-nancy-metz.fr\/arts-plastiques\/projets-denseignement-2\/img_1687\/\" class=\"wp-image-6436\" srcset=\"https:\/\/sites.ac-nancy-metz.fr\/arts-plastiques\/wp-content\/uploads\/IMG_1687.jpg 640w, https:\/\/sites.ac-nancy-metz.fr\/arts-plastiques\/wp-content\/uploads\/IMG_1687-300x225.jpg 300w\" sizes=\"(max-width: 640px) 100vw, 640px\" \/><\/figure><\/li><li class=\"blocks-gallery-item\"><figure><img decoding=\"async\" width=\"480\" height=\"640\" src=\"https:\/\/sites.ac-nancy-metz.fr\/arts-plastiques\/wp-content\/uploads\/IMG_1696-rotated.jpg\" alt=\"\" data-id=\"6437\" data-full-url=\"https:\/\/sites.ac-nancy-metz.fr\/arts-plastiques\/wp-content\/uploads\/IMG_1696-rotated.jpg\" data-link=\"https:\/\/sites.ac-nancy-metz.fr\/arts-plastiques\/projets-denseignement-2\/img_1696\/\" class=\"wp-image-6437\" srcset=\"https:\/\/sites.ac-nancy-metz.fr\/arts-plastiques\/wp-content\/uploads\/IMG_1696-rotated.jpg 480w, https:\/\/sites.ac-nancy-metz.fr\/arts-plastiques\/wp-content\/uploads\/IMG_1696-225x300.jpg 225w\" sizes=\"(max-width: 480px) 100vw, 480px\" \/><\/figure><\/li><li class=\"blocks-gallery-item\"><figure><img loading=\"lazy\" decoding=\"async\" width=\"480\" height=\"640\" src=\"https:\/\/sites.ac-nancy-metz.fr\/arts-plastiques\/wp-content\/uploads\/IMG_1699-rotated.jpg\" alt=\"\" data-id=\"6438\" data-full-url=\"https:\/\/sites.ac-nancy-metz.fr\/arts-plastiques\/wp-content\/uploads\/IMG_1699-rotated.jpg\" data-link=\"https:\/\/sites.ac-nancy-metz.fr\/arts-plastiques\/projets-denseignement-2\/img_1699\/\" class=\"wp-image-6438\" srcset=\"https:\/\/sites.ac-nancy-metz.fr\/arts-plastiques\/wp-content\/uploads\/IMG_1699-rotated.jpg 480w, https:\/\/sites.ac-nancy-metz.fr\/arts-plastiques\/wp-content\/uploads\/IMG_1699-225x300.jpg 225w\" sizes=\"(max-width: 480px) 100vw, 480px\" \/><\/figure><\/li><li class=\"blocks-gallery-item\"><figure><img loading=\"lazy\" decoding=\"async\" width=\"480\" height=\"640\" src=\"https:\/\/sites.ac-nancy-metz.fr\/arts-plastiques\/wp-content\/uploads\/IMG_1701-rotated.jpg\" alt=\"\" data-id=\"6439\" data-full-url=\"https:\/\/sites.ac-nancy-metz.fr\/arts-plastiques\/wp-content\/uploads\/IMG_1701-rotated.jpg\" data-link=\"https:\/\/sites.ac-nancy-metz.fr\/arts-plastiques\/projets-denseignement-2\/img_1701\/\" class=\"wp-image-6439\" srcset=\"https:\/\/sites.ac-nancy-metz.fr\/arts-plastiques\/wp-content\/uploads\/IMG_1701-rotated.jpg 480w, https:\/\/sites.ac-nancy-metz.fr\/arts-plastiques\/wp-content\/uploads\/IMG_1701-225x300.jpg 225w\" sizes=\"(max-width: 480px) 100vw, 480px\" \/><\/figure><\/li><li class=\"blocks-gallery-item\"><figure><img loading=\"lazy\" decoding=\"async\" width=\"640\" height=\"480\" src=\"https:\/\/sites.ac-nancy-metz.fr\/arts-plastiques\/wp-content\/uploads\/IMG_1705.jpg\" alt=\"\" data-id=\"6440\" data-full-url=\"https:\/\/sites.ac-nancy-metz.fr\/arts-plastiques\/wp-content\/uploads\/IMG_1705.jpg\" data-link=\"https:\/\/sites.ac-nancy-metz.fr\/arts-plastiques\/projets-denseignement-2\/img_1705\/\" class=\"wp-image-6440\" srcset=\"https:\/\/sites.ac-nancy-metz.fr\/arts-plastiques\/wp-content\/uploads\/IMG_1705.jpg 640w, https:\/\/sites.ac-nancy-metz.fr\/arts-plastiques\/wp-content\/uploads\/IMG_1705-300x225.jpg 300w\" sizes=\"(max-width: 640px) 100vw, 640px\" \/><\/figure><\/li><li class=\"blocks-gallery-item\"><figure><img loading=\"lazy\" decoding=\"async\" width=\"640\" height=\"480\" src=\"https:\/\/sites.ac-nancy-metz.fr\/arts-plastiques\/wp-content\/uploads\/IMG_1706.jpg\" alt=\"\" data-id=\"6441\" data-full-url=\"https:\/\/sites.ac-nancy-metz.fr\/arts-plastiques\/wp-content\/uploads\/IMG_1706.jpg\" data-link=\"https:\/\/sites.ac-nancy-metz.fr\/arts-plastiques\/projets-denseignement-2\/img_1706\/\" class=\"wp-image-6441\" srcset=\"https:\/\/sites.ac-nancy-metz.fr\/arts-plastiques\/wp-content\/uploads\/IMG_1706.jpg 640w, https:\/\/sites.ac-nancy-metz.fr\/arts-plastiques\/wp-content\/uploads\/IMG_1706-300x225.jpg 300w\" sizes=\"(max-width: 640px) 100vw, 640px\" \/><\/figure><\/li><li class=\"blocks-gallery-item\"><figure><img loading=\"lazy\" decoding=\"async\" width=\"640\" height=\"480\" src=\"https:\/\/sites.ac-nancy-metz.fr\/arts-plastiques\/wp-content\/uploads\/IMG_1708.jpg\" alt=\"\" data-id=\"6442\" data-full-url=\"https:\/\/sites.ac-nancy-metz.fr\/arts-plastiques\/wp-content\/uploads\/IMG_1708.jpg\" data-link=\"https:\/\/sites.ac-nancy-metz.fr\/arts-plastiques\/projets-denseignement-2\/img_1708\/\" class=\"wp-image-6442\" srcset=\"https:\/\/sites.ac-nancy-metz.fr\/arts-plastiques\/wp-content\/uploads\/IMG_1708.jpg 640w, https:\/\/sites.ac-nancy-metz.fr\/arts-plastiques\/wp-content\/uploads\/IMG_1708-300x225.jpg 300w\" sizes=\"(max-width: 640px) 100vw, 640px\" \/><\/figure><\/li><li class=\"blocks-gallery-item\"><figure><img loading=\"lazy\" decoding=\"async\" width=\"640\" height=\"480\" src=\"https:\/\/sites.ac-nancy-metz.fr\/arts-plastiques\/wp-content\/uploads\/IMG_1710.jpg\" alt=\"\" data-id=\"6443\" data-full-url=\"https:\/\/sites.ac-nancy-metz.fr\/arts-plastiques\/wp-content\/uploads\/IMG_1710.jpg\" data-link=\"https:\/\/sites.ac-nancy-metz.fr\/arts-plastiques\/projets-denseignement-2\/img_1710\/\" class=\"wp-image-6443\" srcset=\"https:\/\/sites.ac-nancy-metz.fr\/arts-plastiques\/wp-content\/uploads\/IMG_1710.jpg 640w, https:\/\/sites.ac-nancy-metz.fr\/arts-plastiques\/wp-content\/uploads\/IMG_1710-300x225.jpg 300w\" sizes=\"(max-width: 640px) 100vw, 640px\" \/><\/figure><\/li><\/ul><\/figure>\n\n\n\n<figure class=\"wp-block-video\"><video height=\"720\" style=\"aspect-ratio: 1280 \/ 720;\" width=\"1280\" controls src=\"https:\/\/sites.ac-nancy-metz.fr\/arts-plastiques\/wp-content\/uploads\/IMG_1693-1-720P.mov\"><\/video><\/figure>\n","protected":false},"excerpt":{"rendered":"<p>Les \u00e9l\u00e9ments ci-dessous constituent un corpus des projets p\u00e9dagogiques mis en \u0153uvre par les enseignants : Des \u00ab\u00a0Marianne\u00a0\u00bb r\u00e9alis\u00e9es par les \u00e9l\u00e8ves de 6\u00e8me : coll\u00e8ge&#8230;<\/p>\n","protected":false},"author":2,"featured_media":0,"parent":0,"menu_order":0,"comment_status":"closed","ping_status":"closed","template":"","meta":{"footnotes":""},"class_list":["post-6324","page","type-page","status-publish","hentry"],"_links":{"self":[{"href":"https:\/\/sites.ac-nancy-metz.fr\/arts-plastiques\/wp-json\/wp\/v2\/pages\/6324","targetHints":{"allow":["GET"]}}],"collection":[{"href":"https:\/\/sites.ac-nancy-metz.fr\/arts-plastiques\/wp-json\/wp\/v2\/pages"}],"about":[{"href":"https:\/\/sites.ac-nancy-metz.fr\/arts-plastiques\/wp-json\/wp\/v2\/types\/page"}],"author":[{"embeddable":true,"href":"https:\/\/sites.ac-nancy-metz.fr\/arts-plastiques\/wp-json\/wp\/v2\/users\/2"}],"replies":[{"embeddable":true,"href":"https:\/\/sites.ac-nancy-metz.fr\/arts-plastiques\/wp-json\/wp\/v2\/comments?post=6324"}],"version-history":[{"count":7,"href":"https:\/\/sites.ac-nancy-metz.fr\/arts-plastiques\/wp-json\/wp\/v2\/pages\/6324\/revisions"}],"predecessor-version":[{"id":6774,"href":"https:\/\/sites.ac-nancy-metz.fr\/arts-plastiques\/wp-json\/wp\/v2\/pages\/6324\/revisions\/6774"}],"wp:attachment":[{"href":"https:\/\/sites.ac-nancy-metz.fr\/arts-plastiques\/wp-json\/wp\/v2\/media?parent=6324"}],"curies":[{"name":"wp","href":"https:\/\/api.w.org\/{rel}","templated":true}]}}