{"id":6547,"date":"2021-12-17T12:58:10","date_gmt":"2021-12-17T11:58:10","guid":{"rendered":"https:\/\/sites.ac-nancy-metz.fr\/arts-plastiques\/?page_id=6547"},"modified":"2023-09-13T10:00:05","modified_gmt":"2023-09-13T08:00:05","slug":"formation","status":"publish","type":"page","link":"https:\/\/sites.ac-nancy-metz.fr\/arts-plastiques\/formation\/","title":{"rendered":"Formation"},"content":{"rendered":"<div class=\"wp-block-image\">\n<figure class=\"alignright size-medium\"><img decoding=\"async\" width=\"300\" height=\"150\" src=\"https:\/\/sites.ac-nancy-metz.fr\/arts-plastiques\/wp-content\/uploads\/Capture-decran-2022-07-08-a-15.11.29-300x150.png\" alt=\"\" class=\"wp-image-8746\" srcset=\"https:\/\/sites.ac-nancy-metz.fr\/arts-plastiques\/wp-content\/uploads\/Capture-decran-2022-07-08-a-15.11.29-300x150.png 300w, https:\/\/sites.ac-nancy-metz.fr\/arts-plastiques\/wp-content\/uploads\/Capture-decran-2022-07-08-a-15.11.29-1024x512.png 1024w, https:\/\/sites.ac-nancy-metz.fr\/arts-plastiques\/wp-content\/uploads\/Capture-decran-2022-07-08-a-15.11.29-768x384.png 768w, https:\/\/sites.ac-nancy-metz.fr\/arts-plastiques\/wp-content\/uploads\/Capture-decran-2022-07-08-a-15.11.29.png 1292w\" sizes=\"(max-width: 300px) 100vw, 300px\" \/><\/figure>\n<\/div>\n\n\n<p class=\"has-pale-cyan-blue-background-color has-background\"><strong>EAFC (Ecole Acad\u00e9mique de la Formation Continue)<\/strong> :<strong> Parcours Arts plastiques<\/strong><\/p>\n\n\n\n<p>Vous trouverez la proposition de Programme Acad\u00e9mique de la Formation &#8211; PRAF 2023-2024 d\u00e9di\u00e9 aux Arts plastiques. Celui-ci est en cours de construction et est susceptible d&rsquo;\u00e9voluer.<\/p>\n\n\n\n<p>Vous pouvez retrouver les \u00e9l\u00e9ments relatifs aux composantes de l&rsquo;EAFC de l&rsquo;Acad\u00e9mie de Nancy-Metz \u00e0 partir de ce lien : <a href=\"https:\/\/www.ac-nancy-metz.fr\/cycle-enseignants-arts-et-apprentissages-124324\">https:\/\/www.ac-nancy-metz.fr\/cycle-enseignants-arts-et-apprentissages-124324<\/a><\/p>\n\n\n\n<figure class=\"wp-block-image size-large is-resized\"><img fetchpriority=\"high\" decoding=\"async\" src=\"https:\/\/sites.ac-nancy-metz.fr\/arts-plastiques\/wp-content\/uploads\/Parcours-arts-plastiques-1024x508.png\" alt=\"\" class=\"wp-image-9280\" style=\"width:1140px;height:508px\" width=\"1140\" height=\"508\"\/><\/figure>\n\n\n\n<div data-wp-interactive=\"core\/file\" class=\"wp-block-file\"><object data-wp-bind--hidden=\"!state.hasPdfPreview\" hidden class=\"wp-block-file__embed\" data=\"https:\/\/sites.ac-nancy-metz.fr\/arts-plastiques\/wp-content\/uploads\/Carte-mentale-parcours-arts-plastiques.pdf\" type=\"application\/pdf\" style=\"width:100%;height:600px\" aria-label=\"Contenu embarqu\u00e9 Carte-mentale-parcours-arts-plastiques.\"><\/object><a id=\"wp-block-file--media-3d6596fa-39bf-406b-982c-2e6f52d2beb2\" href=\"https:\/\/sites.ac-nancy-metz.fr\/arts-plastiques\/wp-content\/uploads\/Carte-mentale-parcours-arts-plastiques.pdf\">Carte-mentale-parcours-arts-plastiques<\/a><a href=\"https:\/\/sites.ac-nancy-metz.fr\/arts-plastiques\/wp-content\/uploads\/Carte-mentale-parcours-arts-plastiques.pdf\" class=\"wp-block-file__button wp-element-button\" download aria-describedby=\"wp-block-file--media-3d6596fa-39bf-406b-982c-2e6f52d2beb2\">T\u00e9l\u00e9charger<\/a><\/div>\n\n\n\n<div data-wp-interactive=\"core\/file\" class=\"wp-block-file\"><object data-wp-bind--hidden=\"!state.hasPdfPreview\" hidden class=\"wp-block-file__embed\" data=\"https:\/\/sites.ac-nancy-metz.fr\/arts-plastiques\/wp-content\/uploads\/Parcours-arts-plast-V2.pdf\" type=\"application\/pdf\" style=\"width:100%;height:600px\" aria-label=\"Contenu embarqu\u00e9 Parcours-arts-plast-V2.\"><\/object><a id=\"wp-block-file--media-e045cc87-fcc5-4d50-861b-858561f29a5b\" href=\"https:\/\/sites.ac-nancy-metz.fr\/arts-plastiques\/wp-content\/uploads\/Parcours-arts-plast-V2.pdf\">Parcours-arts-plast-V2<\/a><a href=\"https:\/\/sites.ac-nancy-metz.fr\/arts-plastiques\/wp-content\/uploads\/Parcours-arts-plast-V2.pdf\" class=\"wp-block-file__button wp-element-button\" download aria-describedby=\"wp-block-file--media-e045cc87-fcc5-4d50-861b-858561f29a5b\">T\u00e9l\u00e9charger<\/a><\/div>\n","protected":false},"excerpt":{"rendered":"<p>EAFC (Ecole Acad\u00e9mique de la Formation Continue) : Parcours Arts plastiques Vous trouverez la proposition de Programme Acad\u00e9mique de la Formation &#8211; PRAF 2023-2024 d\u00e9di\u00e9 aux&#8230;<\/p>\n","protected":false},"author":2,"featured_media":0,"parent":0,"menu_order":0,"comment_status":"closed","ping_status":"closed","template":"","meta":{"footnotes":""},"class_list":["post-6547","page","type-page","status-publish","hentry"],"_links":{"self":[{"href":"https:\/\/sites.ac-nancy-metz.fr\/arts-plastiques\/wp-json\/wp\/v2\/pages\/6547","targetHints":{"allow":["GET"]}}],"collection":[{"href":"https:\/\/sites.ac-nancy-metz.fr\/arts-plastiques\/wp-json\/wp\/v2\/pages"}],"about":[{"href":"https:\/\/sites.ac-nancy-metz.fr\/arts-plastiques\/wp-json\/wp\/v2\/types\/page"}],"author":[{"embeddable":true,"href":"https:\/\/sites.ac-nancy-metz.fr\/arts-plastiques\/wp-json\/wp\/v2\/users\/2"}],"replies":[{"embeddable":true,"href":"https:\/\/sites.ac-nancy-metz.fr\/arts-plastiques\/wp-json\/wp\/v2\/comments?post=6547"}],"version-history":[{"count":4,"href":"https:\/\/sites.ac-nancy-metz.fr\/arts-plastiques\/wp-json\/wp\/v2\/pages\/6547\/revisions"}],"predecessor-version":[{"id":9281,"href":"https:\/\/sites.ac-nancy-metz.fr\/arts-plastiques\/wp-json\/wp\/v2\/pages\/6547\/revisions\/9281"}],"wp:attachment":[{"href":"https:\/\/sites.ac-nancy-metz.fr\/arts-plastiques\/wp-json\/wp\/v2\/media?parent=6547"}],"curies":[{"name":"wp","href":"https:\/\/api.w.org\/{rel}","templated":true}]}}