{"id":6589,"date":"2021-12-17T14:14:48","date_gmt":"2021-12-17T13:14:48","guid":{"rendered":"https:\/\/sites.ac-nancy-metz.fr\/arts-plastiques\/?page_id=6589"},"modified":"2022-01-22T17:43:00","modified_gmt":"2022-01-22T16:43:00","slug":"champ-des-questionnements-artistiques-interdisciplinaires","status":"publish","type":"page","link":"https:\/\/sites.ac-nancy-metz.fr\/arts-plastiques\/champ-des-questionnements-artistiques-interdisciplinaires\/","title":{"rendered":"Champ des questionnements artistiques interdisciplinaires"},"content":{"rendered":"\n<div data-wp-interactive=\"core\/file\" class=\"wp-block-file\"><object data-wp-bind--hidden=\"!state.hasPdfPreview\" hidden class=\"wp-block-file__embed\" data=\"https:\/\/sites.ac-nancy-metz.fr\/arts-plastiques\/wp-content\/uploads\/Champ-des-questionnements-artistiques-interdisciplinaires-lycee-enseignement-optionnel.pdf\" type=\"application\/pdf\" style=\"width:100%;height:600px\" aria-label=\"Contenu embarqu\u00e9 Contenu embarqu\u00e9 Champ-des-questionnements-artistiques-interdisciplinaires-lycee-enseignement-optionnel..\"><\/object><a href=\"https:\/\/sites.ac-nancy-metz.fr\/arts-plastiques\/wp-content\/uploads\/Champ-des-questionnements-artistiques-interdisciplinaires-lycee-enseignement-optionnel.pdf\">Champ-des-questionnements-artistiques-interdisciplinaires-lycee-enseignement-optionnel<\/a><a href=\"https:\/\/sites.ac-nancy-metz.fr\/arts-plastiques\/wp-content\/uploads\/Champ-des-questionnements-artistiques-interdisciplinaires-lycee-enseignement-optionnel.pdf\" class=\"wp-block-file__button\" download>T\u00e9l\u00e9charger<\/a><\/div>\n\n\n\n<p>Ressources : J\u00e9r\u00e9my LOPEZ (Lyc\u00e9e J.Moulin FORBACH), Laurent BRUNEL (Lyc\u00e9e G.de la Tour METZ), Virginie DUVAL-WINGEL (Lyc\u00e9e J.-B. Vuillaume MIRECOURT), Marl\u00e8ne FAURE (Lyc\u00e9e J.Callot VANDOEUVRE LES NANCY), Corinne BOURDENET-VICAIRE  (Lyc\u00e9e de la Communication METZ), Aude CORNIER (Lyc\u00e9e Ste-Chr\u00e9tienne SARREGUEMINES), Celine RINKENBACH, Mireille VALENTIN (Lyc\u00e9e H.Boucher THIONVILLE), Camille FLEUROT-MOUGEL (Lyc\u00e9e La Haie Griselle GERARDMER), Michel HOUPERT (Lyc\u00e9e Fabert METZ), Marie ROUSSEAU (IA-IPR arts plastiques), Fr\u00e9d\u00e9ric CARTIER (Lyc\u00e9e F.Chopin Nancy), Chlo\u00e9 PILGRAM (Lyc\u00e9e G.de la Tour NANCY), Maryse HOMS-FABRE (Lyc\u00e9e R.Poincar\u00e9 BAR-LE-DUC), Pierre CHAUDER (Lyc\u00e9e de la Communication METZ), Val\u00e9rie ANTOINE-VALBERT (Lyc\u00e9e J.Ferry SAINT-DIE-DES-VOSGES)<\/p>\n","protected":false},"excerpt":{"rendered":"<p>Ressources : J\u00e9r\u00e9my LOPEZ (Lyc\u00e9e J.Moulin FORBACH), Laurent BRUNEL (Lyc\u00e9e G.de la Tour METZ), Virginie DUVAL-WINGEL (Lyc\u00e9e J.-B. Vuillaume MIRECOURT), Marl\u00e8ne FAURE (Lyc\u00e9e J.Callot VANDOEUVRE LES&#8230;<\/p>\n","protected":false},"author":2,"featured_media":0,"parent":0,"menu_order":0,"comment_status":"closed","ping_status":"closed","template":"","meta":{"footnotes":""},"class_list":["post-6589","page","type-page","status-publish","hentry"],"_links":{"self":[{"href":"https:\/\/sites.ac-nancy-metz.fr\/arts-plastiques\/wp-json\/wp\/v2\/pages\/6589","targetHints":{"allow":["GET"]}}],"collection":[{"href":"https:\/\/sites.ac-nancy-metz.fr\/arts-plastiques\/wp-json\/wp\/v2\/pages"}],"about":[{"href":"https:\/\/sites.ac-nancy-metz.fr\/arts-plastiques\/wp-json\/wp\/v2\/types\/page"}],"author":[{"embeddable":true,"href":"https:\/\/sites.ac-nancy-metz.fr\/arts-plastiques\/wp-json\/wp\/v2\/users\/2"}],"replies":[{"embeddable":true,"href":"https:\/\/sites.ac-nancy-metz.fr\/arts-plastiques\/wp-json\/wp\/v2\/comments?post=6589"}],"version-history":[{"count":6,"href":"https:\/\/sites.ac-nancy-metz.fr\/arts-plastiques\/wp-json\/wp\/v2\/pages\/6589\/revisions"}],"predecessor-version":[{"id":6819,"href":"https:\/\/sites.ac-nancy-metz.fr\/arts-plastiques\/wp-json\/wp\/v2\/pages\/6589\/revisions\/6819"}],"wp:attachment":[{"href":"https:\/\/sites.ac-nancy-metz.fr\/arts-plastiques\/wp-json\/wp\/v2\/media?parent=6589"}],"curies":[{"name":"wp","href":"https:\/\/api.w.org\/{rel}","templated":true}]}}