{"id":6953,"date":"2022-02-17T11:38:40","date_gmt":"2022-02-17T10:38:40","guid":{"rendered":"https:\/\/sites.ac-nancy-metz.fr\/arts-plastiques\/?page_id=6953"},"modified":"2022-02-17T14:25:41","modified_gmt":"2022-02-17T13:25:41","slug":"approfondir-ses-connaissances-pour-enseigner","status":"publish","type":"page","link":"https:\/\/sites.ac-nancy-metz.fr\/arts-plastiques\/approfondir-ses-connaissances-pour-enseigner\/","title":{"rendered":"Approfondir ses connaissances pour enseigner"},"content":{"rendered":"\n<p>Diversifier la relation aux savoirs, varier les situations d&rsquo;apprentissages, d\u00e9velopper la d\u00e9marche de projet, favoriser les connexions avec d&rsquo;autres savoirs, d&rsquo;autres disciplines&#8230; sont des positions fortes de l&rsquo;enseignement des arts plastiques. Sur ces diff\u00e9rents plans, les ressources propos\u00e9es apportent des rep\u00e8res aux professeurs pour approfondir leur pratique professionnelle et leur action p\u00e9dagogique.<\/p>\n\n\n\n<h2 class=\"has-pale-cyan-blue-background-color has-background wp-block-heading\" id=\"summary-item-0\">Le projet dans l&rsquo;enseignement des arts plastiques<\/h2>\n\n\n\n<p>Cette ressource est compos\u00e9e de trois documents. Les deux premiers portent sur une pr\u00e9sentation de la notion de projet dans l&rsquo;enseignement des arts plastiques. Projet de s\u00e9quence, encouragement des \u00e9l\u00e8ves \u00e0 la d\u00e9marche de projet, projet artistique, p\u00e9dagogie du projet, etc., s&rsquo;ils se recoupent et s&rsquo;enrichissent, ne sont pas pour autant de m\u00eame nature. Pour le professeur, elles ont nombre de cons\u00e9quences sur la mani\u00e8re d&rsquo;enseigner. Pour l&rsquo;\u00e9l\u00e8ve, elles engagent des possibilit\u00e9s d&rsquo;adh\u00e9rer et de recevoir, plus ou moins, l&rsquo;enseignement servi. Le troisi\u00e8me document est une \u00e9tude de cas&nbsp;: les rouages didactiques pr\u00e9sent\u00e9s offrent l&rsquo;exemple d&rsquo;une strat\u00e9gie d&rsquo;enseignement articul\u00e9e \u00e0 ce que Jacques Ardoino nomme un \u00ab projet-vis\u00e9e \u00bb dans la conduite de l&rsquo;enseignement.<\/p>\n\n\n\n<h2 class=\"has-pale-cyan-blue-background-color has-background wp-block-heading\" id=\"summary-item-0\">Enseignement des arts plastiques et projet d&rsquo;enseignement<\/h2>\n\n\n\n<div data-wp-interactive=\"core\/file\" class=\"wp-block-file\"><object data-wp-bind--hidden=\"!state.hasPdfPreview\" hidden class=\"wp-block-file__embed\" data=\"https:\/\/sites.ac-nancy-metz.fr\/arts-plastiques\/wp-content\/uploads\/30_RA_C4_AP_Enseignement_des_AP_et_projet_denseignement_567313.pdf\" type=\"application\/pdf\" style=\"width:100%;height:600px\" aria-label=\"Contenu embarqu\u00e9 Contenu embarqu\u00e9 30_RA_C4_AP_Enseignement_des_AP_et_projet_denseignement_567313..\"><\/object><a id=\"wp-block-file--media-461102ee-fcb9-4189-a049-bc0a6e4c063f\" href=\"https:\/\/sites.ac-nancy-metz.fr\/arts-plastiques\/wp-content\/uploads\/30_RA_C4_AP_Enseignement_des_AP_et_projet_denseignement_567313.pdf\">30_RA_C4_AP_Enseignement_des_AP_et_projet_denseignement_567313<\/a><a href=\"https:\/\/sites.ac-nancy-metz.fr\/arts-plastiques\/wp-content\/uploads\/30_RA_C4_AP_Enseignement_des_AP_et_projet_denseignement_567313.pdf\" class=\"wp-block-file__button\" download aria-describedby=\"wp-block-file--media-461102ee-fcb9-4189-a049-bc0a6e4c063f\">T\u00e9l\u00e9charger<\/a><\/div>\n\n\n\n<h2 class=\"has-pale-cyan-blue-background-color has-background wp-block-heading\" id=\"summary-item-0\">Enseignement des arts plastiques et projet de l&rsquo;\u00e9l\u00e8ve<\/h2>\n\n\n\n<div data-wp-interactive=\"core\/file\" class=\"wp-block-file\"><object data-wp-bind--hidden=\"!state.hasPdfPreview\" hidden class=\"wp-block-file__embed\" data=\"https:\/\/sites.ac-nancy-metz.fr\/arts-plastiques\/wp-content\/uploads\/31_RA_C4_AP_EnseignementAp_projet_eleve_567315.pdf\" type=\"application\/pdf\" style=\"width:100%;height:600px\" aria-label=\"Contenu embarqu\u00e9 Contenu embarqu\u00e9 31_RA_C4_AP_EnseignementAp_projet_eleve_567315..\"><\/object><a id=\"wp-block-file--media-4d454a6e-d8d9-471a-a869-b7a3a7a00547\" href=\"https:\/\/sites.ac-nancy-metz.fr\/arts-plastiques\/wp-content\/uploads\/31_RA_C4_AP_EnseignementAp_projet_eleve_567315.pdf\">31_RA_C4_AP_EnseignementAp_projet_eleve_567315<\/a><a href=\"https:\/\/sites.ac-nancy-metz.fr\/arts-plastiques\/wp-content\/uploads\/31_RA_C4_AP_EnseignementAp_projet_eleve_567315.pdf\" class=\"wp-block-file__button\" download aria-describedby=\"wp-block-file--media-4d454a6e-d8d9-471a-a869-b7a3a7a00547\">T\u00e9l\u00e9charger<\/a><\/div>\n\n\n\n<h2 class=\"has-pale-cyan-blue-background-color has-background wp-block-heading\" id=\"summary-item-0\">Une \u00e9tude de cas\u00a0: \u00ab Mat\u00e9rialit\u00e9-Construction-\u00c9quilibre \u00bb, le travail du projet d&rsquo;enseignement dans une s\u00e9quence d&rsquo;arts plastiques<\/h2>\n\n\n\n<div data-wp-interactive=\"core\/file\" class=\"wp-block-file\"><object data-wp-bind--hidden=\"!state.hasPdfPreview\" hidden class=\"wp-block-file__embed\" data=\"https:\/\/sites.ac-nancy-metz.fr\/arts-plastiques\/wp-content\/uploads\/32_RA16_C4_APLA_projet-etude-materialite-contruc-equilibre_DM_625656.pdf\" type=\"application\/pdf\" style=\"width:100%;height:600px\" aria-label=\"Contenu embarqu\u00e9 Contenu embarqu\u00e9 32_RA16_C4_APLA_projet-etude-materialite-contruc-equilibre_DM_625656..\"><\/object><a id=\"wp-block-file--media-4914a175-0e4c-4ea3-b7bc-3c9b41f830a9\" href=\"https:\/\/sites.ac-nancy-metz.fr\/arts-plastiques\/wp-content\/uploads\/32_RA16_C4_APLA_projet-etude-materialite-contruc-equilibre_DM_625656.pdf\">32_RA16_C4_APLA_projet-etude-materialite-contruc-equilibre_DM_625656<\/a><a href=\"https:\/\/sites.ac-nancy-metz.fr\/arts-plastiques\/wp-content\/uploads\/32_RA16_C4_APLA_projet-etude-materialite-contruc-equilibre_DM_625656.pdf\" class=\"wp-block-file__button\" download aria-describedby=\"wp-block-file--media-4914a175-0e4c-4ea3-b7bc-3c9b41f830a9\">T\u00e9l\u00e9charger<\/a><\/div>\n\n\n\n<p><\/p>\n","protected":false},"excerpt":{"rendered":"<p>Diversifier la relation aux savoirs, varier les situations d&rsquo;apprentissages, d\u00e9velopper la d\u00e9marche de projet, favoriser les connexions avec d&rsquo;autres savoirs, d&rsquo;autres disciplines&#8230; sont des positions fortes&#8230;<\/p>\n","protected":false},"author":2,"featured_media":0,"parent":0,"menu_order":0,"comment_status":"closed","ping_status":"closed","template":"","meta":{"footnotes":""},"class_list":["post-6953","page","type-page","status-publish","hentry"],"_links":{"self":[{"href":"https:\/\/sites.ac-nancy-metz.fr\/arts-plastiques\/wp-json\/wp\/v2\/pages\/6953","targetHints":{"allow":["GET"]}}],"collection":[{"href":"https:\/\/sites.ac-nancy-metz.fr\/arts-plastiques\/wp-json\/wp\/v2\/pages"}],"about":[{"href":"https:\/\/sites.ac-nancy-metz.fr\/arts-plastiques\/wp-json\/wp\/v2\/types\/page"}],"author":[{"embeddable":true,"href":"https:\/\/sites.ac-nancy-metz.fr\/arts-plastiques\/wp-json\/wp\/v2\/users\/2"}],"replies":[{"embeddable":true,"href":"https:\/\/sites.ac-nancy-metz.fr\/arts-plastiques\/wp-json\/wp\/v2\/comments?post=6953"}],"version-history":[{"count":6,"href":"https:\/\/sites.ac-nancy-metz.fr\/arts-plastiques\/wp-json\/wp\/v2\/pages\/6953\/revisions"}],"predecessor-version":[{"id":7030,"href":"https:\/\/sites.ac-nancy-metz.fr\/arts-plastiques\/wp-json\/wp\/v2\/pages\/6953\/revisions\/7030"}],"wp:attachment":[{"href":"https:\/\/sites.ac-nancy-metz.fr\/arts-plastiques\/wp-json\/wp\/v2\/media?parent=6953"}],"curies":[{"name":"wp","href":"https:\/\/api.w.org\/{rel}","templated":true}]}}