{"id":6955,"date":"2022-02-17T11:38:40","date_gmt":"2022-02-17T10:38:40","guid":{"rendered":"https:\/\/sites.ac-nancy-metz.fr\/arts-plastiques\/?page_id=6955"},"modified":"2022-02-17T14:47:05","modified_gmt":"2022-02-17T13:47:05","slug":"concevoir-et-mettre-en-oeuvre-son-enseignement","status":"publish","type":"page","link":"https:\/\/sites.ac-nancy-metz.fr\/arts-plastiques\/concevoir-et-mettre-en-oeuvre-son-enseignement\/","title":{"rendered":"Concevoir et mettre en \u0153uvre son enseignement"},"content":{"rendered":"\n<p>Ces ressources apportent des outils et des \u00e9l\u00e9ments de r\u00e9flexion pour la construction d&rsquo;apprentissages fond\u00e9s sur la pratique, favorisant le va-et-vient entre exp\u00e9riences et connaissances, inter-reliant constamment la pratique plastique et le recul r\u00e9flexif sur elle, articulant pratique et culture artistiques.<\/p>\n\n\n\n<h2 class=\"has-pale-cyan-blue-background-color has-background wp-block-heading\" id=\"summary-item-0\">Se rep\u00e9rer dans les articulations entre questionnements, comp\u00e9tences travaill\u00e9es, comp\u00e9tences artistiques et attendus de fin de cycle dans le programme d&rsquo;arts plastiques du cycle 4<\/h2>\n\n\n\n<div data-wp-interactive=\"core\/file\" class=\"wp-block-file\"><object data-wp-bind--hidden=\"!state.hasPdfPreview\" hidden class=\"wp-block-file__embed\" data=\"https:\/\/sites.ac-nancy-metz.fr\/arts-plastiques\/wp-content\/uploads\/RA16_C4_AP_se_reperer_articulations_V2_662010.pdf\" type=\"application\/pdf\" style=\"width:100%;height:600px\" aria-label=\"Contenu embarqu\u00e9 Contenu embarqu\u00e9 RA16_C4_AP_se_reperer_articulations_V2_662010..\"><\/object><a id=\"wp-block-file--media-afe11e8c-b649-4dc5-a564-8d33a70178d7\" href=\"https:\/\/sites.ac-nancy-metz.fr\/arts-plastiques\/wp-content\/uploads\/RA16_C4_AP_se_reperer_articulations_V2_662010.pdf\">RA16_C4_AP_se_reperer_articulations_V2_662010<\/a><a href=\"https:\/\/sites.ac-nancy-metz.fr\/arts-plastiques\/wp-content\/uploads\/RA16_C4_AP_se_reperer_articulations_V2_662010.pdf\" class=\"wp-block-file__button\" download aria-describedby=\"wp-block-file--media-afe11e8c-b649-4dc5-a564-8d33a70178d7\">T\u00e9l\u00e9charger<\/a><\/div>\n\n\n\n<h2 class=\"has-pale-cyan-blue-background-color has-background wp-block-heading\" id=\"summary-item-0\">Attendus de fin de cycle 4 en arts plastiques<\/h2>\n\n\n\n<div data-wp-interactive=\"core\/file\" class=\"wp-block-file\"><object data-wp-bind--hidden=\"!state.hasPdfPreview\" hidden class=\"wp-block-file__embed\" data=\"https:\/\/sites.ac-nancy-metz.fr\/arts-plastiques\/wp-content\/uploads\/27_RA16_C4_APLA_Attendusdefindecycle4_649898.pdf\" type=\"application\/pdf\" style=\"width:100%;height:600px\" aria-label=\"Contenu embarqu\u00e9 Contenu embarqu\u00e9 27_RA16_C4_APLA_Attendusdefindecycle4_649898..\"><\/object><a id=\"wp-block-file--media-aa9f15a7-b983-4f4e-b7a3-d8b27ccb2b15\" href=\"https:\/\/sites.ac-nancy-metz.fr\/arts-plastiques\/wp-content\/uploads\/27_RA16_C4_APLA_Attendusdefindecycle4_649898.pdf\">27_RA16_C4_APLA_Attendusdefindecycle4_649898<\/a><a href=\"https:\/\/sites.ac-nancy-metz.fr\/arts-plastiques\/wp-content\/uploads\/27_RA16_C4_APLA_Attendusdefindecycle4_649898.pdf\" class=\"wp-block-file__button\" download aria-describedby=\"wp-block-file--media-aa9f15a7-b983-4f4e-b7a3-d8b27ccb2b15\">T\u00e9l\u00e9charger<\/a><\/div>\n\n\n\n<h2 class=\"has-pale-cyan-blue-background-color has-background wp-block-heading\" id=\"summary-item-0\">Tableaux des comp\u00e9tences travaill\u00e9es en arts plastiques aux cycles 2, 3 et 4<\/h2>\n\n\n\n<div data-wp-interactive=\"core\/file\" class=\"wp-block-file\"><object data-wp-bind--hidden=\"!state.hasPdfPreview\" hidden class=\"wp-block-file__embed\" data=\"https:\/\/sites.ac-nancy-metz.fr\/arts-plastiques\/wp-content\/uploads\/28_RA_C4_AP_Tableaux_comp_567707.pdf\" type=\"application\/pdf\" style=\"width:100%;height:600px\" aria-label=\"Contenu embarqu\u00e9 Contenu embarqu\u00e9 28_RA_C4_AP_Tableaux_comp_567707..\"><\/object><a id=\"wp-block-file--media-7c58664d-8e6a-402d-bb18-681b0b14b585\" href=\"https:\/\/sites.ac-nancy-metz.fr\/arts-plastiques\/wp-content\/uploads\/28_RA_C4_AP_Tableaux_comp_567707.pdf\">28_RA_C4_AP_Tableaux_comp_567707<\/a><a href=\"https:\/\/sites.ac-nancy-metz.fr\/arts-plastiques\/wp-content\/uploads\/28_RA_C4_AP_Tableaux_comp_567707.pdf\" class=\"wp-block-file__button\" download aria-describedby=\"wp-block-file--media-7c58664d-8e6a-402d-bb18-681b0b14b585\">T\u00e9l\u00e9charger<\/a><\/div>\n\n\n\n<h2 class=\"has-pale-cyan-blue-background-color has-background wp-block-heading\" id=\"summary-item-0\">La verbalisation ou l&rsquo;art de rendre compatibles l&rsquo;expression personnelle et les apprentissages\u00a0: \u00ab J&rsquo;ai pas fait grand-chose&#8230; \u00bb, une verbalisation en classe de 6e<\/h2>\n\n\n\n<div data-wp-interactive=\"core\/file\" class=\"wp-block-file\"><object data-wp-bind--hidden=\"!state.hasPdfPreview\" hidden class=\"wp-block-file__embed\" data=\"https:\/\/sites.ac-nancy-metz.fr\/arts-plastiques\/wp-content\/uploads\/12_RA_C4_AP_La_verbalisation_567299.pdf\" type=\"application\/pdf\" style=\"width:100%;height:600px\" aria-label=\"Contenu embarqu\u00e9 Contenu embarqu\u00e9 12_RA_C4_AP_La_verbalisation_567299..\"><\/object><a id=\"wp-block-file--media-631f1db5-ab09-439b-add1-4048aa7e70c9\" href=\"https:\/\/sites.ac-nancy-metz.fr\/arts-plastiques\/wp-content\/uploads\/12_RA_C4_AP_La_verbalisation_567299.pdf\">12_RA_C4_AP_La_verbalisation_567299<\/a><a href=\"https:\/\/sites.ac-nancy-metz.fr\/arts-plastiques\/wp-content\/uploads\/12_RA_C4_AP_La_verbalisation_567299.pdf\" class=\"wp-block-file__button\" download aria-describedby=\"wp-block-file--media-631f1db5-ab09-439b-add1-4048aa7e70c9\">T\u00e9l\u00e9charger<\/a><\/div>\n\n\n\n<h2 class=\"has-pale-cyan-blue-background-color has-background wp-block-heading\" id=\"summary-item-0\">\u00c9tude de cas\u00a0: \u00ab Madame, c&rsquo;est ma sculpture qui me regarde\u00a0! \u00bb, les liens entre \u00e9valuation et progr\u00e8s de l&rsquo;\u00e9l\u00e8ve<\/h2>\n\n\n\n<div data-wp-interactive=\"core\/file\" class=\"wp-block-file\"><object data-wp-bind--hidden=\"!state.hasPdfPreview\" hidden class=\"wp-block-file__embed\" data=\"https:\/\/sites.ac-nancy-metz.fr\/arts-plastiques\/wp-content\/uploads\/RA16_C4_APLA_Sculpture_qui_me_regarde_813170.pdf\" type=\"application\/pdf\" style=\"width:100%;height:600px\" aria-label=\"Contenu embarqu\u00e9 Contenu embarqu\u00e9 RA16_C4_APLA_Sculpture_qui_me_regarde_813170..\"><\/object><a id=\"wp-block-file--media-39e84979-1c72-4d09-a6e2-4d293d5e37d0\" href=\"https:\/\/sites.ac-nancy-metz.fr\/arts-plastiques\/wp-content\/uploads\/RA16_C4_APLA_Sculpture_qui_me_regarde_813170.pdf\">RA16_C4_APLA_Sculpture_qui_me_regarde_813170<\/a><a href=\"https:\/\/sites.ac-nancy-metz.fr\/arts-plastiques\/wp-content\/uploads\/RA16_C4_APLA_Sculpture_qui_me_regarde_813170.pdf\" class=\"wp-block-file__button\" download aria-describedby=\"wp-block-file--media-39e84979-1c72-4d09-a6e2-4d293d5e37d0\">T\u00e9l\u00e9charger<\/a><\/div>\n\n\n\n<h2 class=\"has-pale-cyan-blue-background-color has-background wp-block-heading\" id=\"summary-item-0\">Une \u00e9tude de cas\u00a0: \u00ab Int\u00e9rieur bleu\u00a0! \u00bb. Partie 1\u00a0: la gen\u00e8se d&rsquo;un cours, le passage des \u0153uvres aux apprentissages<\/h2>\n\n\n\n<div data-wp-interactive=\"core\/file\" class=\"wp-block-file\"><object data-wp-bind--hidden=\"!state.hasPdfPreview\" hidden class=\"wp-block-file__embed\" data=\"https:\/\/sites.ac-nancy-metz.fr\/arts-plastiques\/wp-content\/uploads\/17_RA_C4_AP_Interieur_bleu_partie1_567305.pdf\" type=\"application\/pdf\" style=\"width:100%;height:600px\" aria-label=\"Contenu embarqu\u00e9 Contenu embarqu\u00e9 17_RA_C4_AP_Interieur_bleu_partie1_567305..\"><\/object><a id=\"wp-block-file--media-2854c1ec-b398-4322-b86d-34d093a864a8\" href=\"https:\/\/sites.ac-nancy-metz.fr\/arts-plastiques\/wp-content\/uploads\/17_RA_C4_AP_Interieur_bleu_partie1_567305.pdf\">17_RA_C4_AP_Interieur_bleu_partie1_567305<\/a><a href=\"https:\/\/sites.ac-nancy-metz.fr\/arts-plastiques\/wp-content\/uploads\/17_RA_C4_AP_Interieur_bleu_partie1_567305.pdf\" class=\"wp-block-file__button\" download aria-describedby=\"wp-block-file--media-2854c1ec-b398-4322-b86d-34d093a864a8\">T\u00e9l\u00e9charger<\/a><\/div>\n\n\n\n<h2 class=\"has-pale-cyan-blue-background-color has-background wp-block-heading\" id=\"summary-item-0\">Une \u00e9tude de cas\u00a0: \u00ab Int\u00e9rieur bleu\u00a0! \u00bb. Partie 2\u00a0: de la pratique artistique \u00e0 la r\u00e9ception sensible d&rsquo;une \u0153uvre<\/h2>\n\n\n\n<div data-wp-interactive=\"core\/file\" class=\"wp-block-file\"><object data-wp-bind--hidden=\"!state.hasPdfPreview\" hidden class=\"wp-block-file__embed\" data=\"https:\/\/sites.ac-nancy-metz.fr\/arts-plastiques\/wp-content\/uploads\/18_RA_C4_AP_Interieur_bleu_partie2_567307.pdf\" type=\"application\/pdf\" style=\"width:100%;height:600px\" aria-label=\"Contenu embarqu\u00e9 Contenu embarqu\u00e9 18_RA_C4_AP_Interieur_bleu_partie2_567307..\"><\/object><a id=\"wp-block-file--media-1812fb93-9e55-43d5-9f14-9a2662745fbb\" href=\"https:\/\/sites.ac-nancy-metz.fr\/arts-plastiques\/wp-content\/uploads\/18_RA_C4_AP_Interieur_bleu_partie2_567307.pdf\">18_RA_C4_AP_Interieur_bleu_partie2_567307<\/a><a href=\"https:\/\/sites.ac-nancy-metz.fr\/arts-plastiques\/wp-content\/uploads\/18_RA_C4_AP_Interieur_bleu_partie2_567307.pdf\" class=\"wp-block-file__button\" download aria-describedby=\"wp-block-file--media-1812fb93-9e55-43d5-9f14-9a2662745fbb\">T\u00e9l\u00e9charger<\/a><\/div>\n\n\n\n<h2 class=\"has-pale-cyan-blue-background-color has-background wp-block-heading\" id=\"summary-item-0\">Conseils et pr\u00e9conisations pour l&rsquo;am\u00e9nagement des salles d&rsquo;arts plastiques et de leurs locaux annexes au coll\u00e8ge<\/h2>\n\n\n\n<div data-wp-interactive=\"core\/file\" class=\"wp-block-file\"><object data-wp-bind--hidden=\"!state.hasPdfPreview\" hidden class=\"wp-block-file__embed\" data=\"https:\/\/sites.ac-nancy-metz.fr\/arts-plastiques\/wp-content\/uploads\/38_RA16_C4_APLA_Conseils-preco-espace-travail_DM_V3_664564.pdf\" type=\"application\/pdf\" style=\"width:100%;height:600px\" aria-label=\"Contenu embarqu\u00e9 Contenu embarqu\u00e9 38_RA16_C4_APLA_Conseils-preco-espace-travail_DM_V3_664564..\"><\/object><a id=\"wp-block-file--media-2ab2aff9-16ab-4c31-bab0-03f8ada51ccf\" href=\"https:\/\/sites.ac-nancy-metz.fr\/arts-plastiques\/wp-content\/uploads\/38_RA16_C4_APLA_Conseils-preco-espace-travail_DM_V3_664564.pdf\">38_RA16_C4_APLA_Conseils-preco-espace-travail_DM_V3_664564<\/a><a href=\"https:\/\/sites.ac-nancy-metz.fr\/arts-plastiques\/wp-content\/uploads\/38_RA16_C4_APLA_Conseils-preco-espace-travail_DM_V3_664564.pdf\" class=\"wp-block-file__button\" download aria-describedby=\"wp-block-file--media-2ab2aff9-16ab-4c31-bab0-03f8ada51ccf\">T\u00e9l\u00e9charger<\/a><\/div>\n","protected":false},"excerpt":{"rendered":"<p>Ces ressources apportent des outils et des \u00e9l\u00e9ments de r\u00e9flexion pour la construction d&rsquo;apprentissages fond\u00e9s sur la pratique, favorisant le va-et-vient entre exp\u00e9riences et connaissances, inter-reliant&#8230;<\/p>\n","protected":false},"author":2,"featured_media":0,"parent":0,"menu_order":0,"comment_status":"closed","ping_status":"closed","template":"","meta":{"footnotes":""},"class_list":["post-6955","page","type-page","status-publish","hentry"],"_links":{"self":[{"href":"https:\/\/sites.ac-nancy-metz.fr\/arts-plastiques\/wp-json\/wp\/v2\/pages\/6955","targetHints":{"allow":["GET"]}}],"collection":[{"href":"https:\/\/sites.ac-nancy-metz.fr\/arts-plastiques\/wp-json\/wp\/v2\/pages"}],"about":[{"href":"https:\/\/sites.ac-nancy-metz.fr\/arts-plastiques\/wp-json\/wp\/v2\/types\/page"}],"author":[{"embeddable":true,"href":"https:\/\/sites.ac-nancy-metz.fr\/arts-plastiques\/wp-json\/wp\/v2\/users\/2"}],"replies":[{"embeddable":true,"href":"https:\/\/sites.ac-nancy-metz.fr\/arts-plastiques\/wp-json\/wp\/v2\/comments?post=6955"}],"version-history":[{"count":10,"href":"https:\/\/sites.ac-nancy-metz.fr\/arts-plastiques\/wp-json\/wp\/v2\/pages\/6955\/revisions"}],"predecessor-version":[{"id":7051,"href":"https:\/\/sites.ac-nancy-metz.fr\/arts-plastiques\/wp-json\/wp\/v2\/pages\/6955\/revisions\/7051"}],"wp:attachment":[{"href":"https:\/\/sites.ac-nancy-metz.fr\/arts-plastiques\/wp-json\/wp\/v2\/media?parent=6955"}],"curies":[{"name":"wp","href":"https:\/\/api.w.org\/{rel}","templated":true}]}}