{"id":6957,"date":"2022-02-17T11:38:40","date_gmt":"2022-02-17T10:38:40","guid":{"rendered":"https:\/\/sites.ac-nancy-metz.fr\/arts-plastiques\/?page_id=6957"},"modified":"2022-02-17T15:30:12","modified_gmt":"2022-02-17T14:30:12","slug":"pour-aller-plus-loin","status":"publish","type":"page","link":"https:\/\/sites.ac-nancy-metz.fr\/arts-plastiques\/pour-aller-plus-loin\/","title":{"rendered":"Pour aller plus loin"},"content":{"rendered":"\n<p>Les ressources rassembl\u00e9es permettent d&rsquo;acc\u00e9der \u00e0 des informations compl\u00e9mentaires (m\u00e9thodologiques, culturelles, th\u00e9oriques, etc.) li\u00e9es aux attendus et enjeux du programme, aux savoirs p\u00e9dagogiques et didactiques de la discipline, \u00e0 sa contribution aux enseignements pratiques interdisciplinaires (EPI), aux diff\u00e9rents parcours.<\/p>\n\n\n\n<h2 class=\"has-pale-cyan-blue-background-color has-background wp-block-heading\" id=\"summary-item-0\">Compr\u00e9hension, usages et r\u00e9sonances du mot \u00ab projet \u00bb dans l&rsquo;enseignement des arts plastiques<\/h2>\n\n\n\n<div data-wp-interactive=\"core\/file\" class=\"wp-block-file\"><object data-wp-bind--hidden=\"!state.hasPdfPreview\" hidden class=\"wp-block-file__embed\" data=\"https:\/\/sites.ac-nancy-metz.fr\/arts-plastiques\/wp-content\/uploads\/29_RA_C4_AP_Comprehension_usages_resonances_mot_projet_567311.pdf\" type=\"application\/pdf\" style=\"width:100%;height:600px\" aria-label=\"Contenu embarqu\u00e9 Contenu embarqu\u00e9 29_RA_C4_AP_Comprehension_usages_resonances_mot_projet_567311..\"><\/object><a id=\"wp-block-file--media-1d4882f9-93c5-4258-a4d3-8932daaa849d\" href=\"https:\/\/sites.ac-nancy-metz.fr\/arts-plastiques\/wp-content\/uploads\/29_RA_C4_AP_Comprehension_usages_resonances_mot_projet_567311.pdf\">29_RA_C4_AP_Comprehension_usages_resonances_mot_projet_567311<\/a><a href=\"https:\/\/sites.ac-nancy-metz.fr\/arts-plastiques\/wp-content\/uploads\/29_RA_C4_AP_Comprehension_usages_resonances_mot_projet_567311.pdf\" class=\"wp-block-file__button\" download aria-describedby=\"wp-block-file--media-1d4882f9-93c5-4258-a4d3-8932daaa849d\">T\u00e9l\u00e9charger<\/a><\/div>\n\n\n\n<h2 class=\"has-pale-cyan-blue-background-color has-background wp-block-heading\" id=\"summary-item-0\">Les usages du num\u00e9rique en arts plastiques<\/h2>\n\n\n\n<div data-wp-interactive=\"core\/file\" class=\"wp-block-file\"><object data-wp-bind--hidden=\"!state.hasPdfPreview\" hidden class=\"wp-block-file__embed\" data=\"https:\/\/sites.ac-nancy-metz.fr\/arts-plastiques\/wp-content\/uploads\/34_RA16_C4_APLA_arts-plastiques-numerique_usages_DM_625658.pdf\" type=\"application\/pdf\" style=\"width:100%;height:600px\" aria-label=\"Contenu embarqu\u00e9 Contenu embarqu\u00e9 34_RA16_C4_APLA_arts-plastiques-numerique_usages_DM_625658..\"><\/object><a id=\"wp-block-file--media-2d59dcd4-6d0a-467c-850c-4839ebafc19a\" href=\"https:\/\/sites.ac-nancy-metz.fr\/arts-plastiques\/wp-content\/uploads\/34_RA16_C4_APLA_arts-plastiques-numerique_usages_DM_625658.pdf\">34_RA16_C4_APLA_arts-plastiques-numerique_usages_DM_625658<\/a><a href=\"https:\/\/sites.ac-nancy-metz.fr\/arts-plastiques\/wp-content\/uploads\/34_RA16_C4_APLA_arts-plastiques-numerique_usages_DM_625658.pdf\" class=\"wp-block-file__button\" download aria-describedby=\"wp-block-file--media-2d59dcd4-6d0a-467c-850c-4839ebafc19a\">T\u00e9l\u00e9charger<\/a><\/div>\n\n\n\n<h2 class=\"has-pale-cyan-blue-background-color has-background wp-block-heading\" id=\"summary-item-0\">Quelques enjeux \u00e9ducatifs de l&rsquo;image num\u00e9rique en arts plastiques au coll\u00e8ge et au lyc\u00e9e<\/h2>\n\n\n\n<div data-wp-interactive=\"core\/file\" class=\"wp-block-file\"><object data-wp-bind--hidden=\"!state.hasPdfPreview\" hidden class=\"wp-block-file__embed\" data=\"https:\/\/sites.ac-nancy-metz.fr\/arts-plastiques\/wp-content\/uploads\/35_RA16_C4_APLA_Quelques-enjeux-educ-Image-num_DM_625660.pdf\" type=\"application\/pdf\" style=\"width:100%;height:600px\" aria-label=\"Contenu embarqu\u00e9 Contenu embarqu\u00e9 35_RA16_C4_APLA_Quelques-enjeux-educ-Image-num_DM_625660..\"><\/object><a id=\"wp-block-file--media-c8b15f2d-cc92-4f03-8bee-9faa3c770af5\" href=\"https:\/\/sites.ac-nancy-metz.fr\/arts-plastiques\/wp-content\/uploads\/35_RA16_C4_APLA_Quelques-enjeux-educ-Image-num_DM_625660.pdf\">35_RA16_C4_APLA_Quelques-enjeux-educ-Image-num_DM_625660<\/a><a href=\"https:\/\/sites.ac-nancy-metz.fr\/arts-plastiques\/wp-content\/uploads\/35_RA16_C4_APLA_Quelques-enjeux-educ-Image-num_DM_625660.pdf\" class=\"wp-block-file__button\" download aria-describedby=\"wp-block-file--media-c8b15f2d-cc92-4f03-8bee-9faa3c770af5\">T\u00e9l\u00e9charger<\/a><\/div>\n\n\n\n<h2 class=\"has-pale-cyan-blue-background-color has-background wp-block-heading\" id=\"summary-item-0\">Qu&rsquo;apporte l&rsquo;analyse d&rsquo;\u0153uvre \u00e0 l&rsquo;\u00e9l\u00e8ve en arts plastiques, \u00e0 quoi lui sert-elle\u00a0?<\/h2>\n\n\n\n<div data-wp-interactive=\"core\/file\" class=\"wp-block-file\"><object data-wp-bind--hidden=\"!state.hasPdfPreview\" hidden class=\"wp-block-file__embed\" data=\"https:\/\/sites.ac-nancy-metz.fr\/arts-plastiques\/wp-content\/uploads\/15_RA_C4_AP_Qu_apporte_l_analyse_d_oeuvre_DM_567303.pdf\" type=\"application\/pdf\" style=\"width:100%;height:600px\" aria-label=\"Contenu embarqu\u00e9 Contenu embarqu\u00e9 15_RA_C4_AP_Qu_apporte_l_analyse_d_oeuvre_DM_567303..\"><\/object><a id=\"wp-block-file--media-59053a4d-6d4d-4c61-8273-8c03530b3b41\" href=\"https:\/\/sites.ac-nancy-metz.fr\/arts-plastiques\/wp-content\/uploads\/15_RA_C4_AP_Qu_apporte_l_analyse_d_oeuvre_DM_567303.pdf\">15_RA_C4_AP_Qu_apporte_l_analyse_d_oeuvre_DM_567303<\/a><a href=\"https:\/\/sites.ac-nancy-metz.fr\/arts-plastiques\/wp-content\/uploads\/15_RA_C4_AP_Qu_apporte_l_analyse_d_oeuvre_DM_567303.pdf\" class=\"wp-block-file__button\" download aria-describedby=\"wp-block-file--media-59053a4d-6d4d-4c61-8273-8c03530b3b41\">T\u00e9l\u00e9charger<\/a><\/div>\n\n\n\n<h2 class=\"has-pale-cyan-blue-background-color has-background wp-block-heading\" id=\"summary-item-0\">Faire la diff\u00e9rence entre probl\u00e8me et question\u00a0; construire des probl\u00e9matiques et probl\u00e9matiser Enseigner par comp\u00e9tences en arts plastiques<\/h2>\n\n\n\n<div data-wp-interactive=\"core\/file\" class=\"wp-block-file\"><object data-wp-bind--hidden=\"!state.hasPdfPreview\" hidden class=\"wp-block-file__embed\" data=\"https:\/\/sites.ac-nancy-metz.fr\/arts-plastiques\/wp-content\/uploads\/16_RA16_C4_APLA_difference-_probleme-question_DM_625624.pdf\" type=\"application\/pdf\" style=\"width:100%;height:600px\" aria-label=\"Contenu embarqu\u00e9 Contenu embarqu\u00e9 16_RA16_C4_APLA_difference-_probleme-question_DM_625624..\"><\/object><a id=\"wp-block-file--media-b740e0da-d3c0-4eb8-894b-a26c544d2ce0\" href=\"https:\/\/sites.ac-nancy-metz.fr\/arts-plastiques\/wp-content\/uploads\/16_RA16_C4_APLA_difference-_probleme-question_DM_625624.pdf\">16_RA16_C4_APLA_difference-_probleme-question_DM_625624<\/a><a href=\"https:\/\/sites.ac-nancy-metz.fr\/arts-plastiques\/wp-content\/uploads\/16_RA16_C4_APLA_difference-_probleme-question_DM_625624.pdf\" class=\"wp-block-file__button\" download aria-describedby=\"wp-block-file--media-b740e0da-d3c0-4eb8-894b-a26c544d2ce0\">T\u00e9l\u00e9charger<\/a><\/div>\n\n\n\n<h2 class=\"has-pale-cyan-blue-background-color has-background wp-block-heading\" id=\"summary-item-0\">Avant-propos, bibliographie et sitographie<\/h2>\n\n\n\n<div data-wp-interactive=\"core\/file\" class=\"wp-block-file\"><object data-wp-bind--hidden=\"!state.hasPdfPreview\" hidden class=\"wp-block-file__embed\" data=\"https:\/\/sites.ac-nancy-metz.fr\/arts-plastiques\/wp-content\/uploads\/19_RA16_C4_APLA_approche_par_competences-avant-propos-biblio-sito_DM_625632.pdf\" type=\"application\/pdf\" style=\"width:100%;height:600px\" aria-label=\"Contenu embarqu\u00e9 Contenu embarqu\u00e9 19_RA16_C4_APLA_approche_par_competences-avant-propos-biblio-sito_DM_625632..\"><\/object><a id=\"wp-block-file--media-94f349ee-2dbb-45a3-b966-913f67e9831f\" href=\"https:\/\/sites.ac-nancy-metz.fr\/arts-plastiques\/wp-content\/uploads\/19_RA16_C4_APLA_approche_par_competences-avant-propos-biblio-sito_DM_625632.pdf\">19_RA16_C4_APLA_approche_par_competences-avant-propos-biblio-sito_DM_625632<\/a><a href=\"https:\/\/sites.ac-nancy-metz.fr\/arts-plastiques\/wp-content\/uploads\/19_RA16_C4_APLA_approche_par_competences-avant-propos-biblio-sito_DM_625632.pdf\" class=\"wp-block-file__button\" download aria-describedby=\"wp-block-file--media-94f349ee-2dbb-45a3-b966-913f67e9831f\">T\u00e9l\u00e9charger<\/a><\/div>\n\n\n\n<h2 class=\"has-pale-cyan-blue-background-color has-background wp-block-heading\" id=\"summary-item-0\">Partie 1\u00a0: au fil du temps, une synth\u00e8se historique<\/h2>\n\n\n\n<div data-wp-interactive=\"core\/file\" class=\"wp-block-file\"><object data-wp-bind--hidden=\"!state.hasPdfPreview\" hidden class=\"wp-block-file__embed\" data=\"https:\/\/sites.ac-nancy-metz.fr\/arts-plastiques\/wp-content\/uploads\/20_RA16_C4_APLA_approche_par_competences-partie1-au_fil_du_temps_DM_625635.pdf\" type=\"application\/pdf\" style=\"width:100%;height:600px\" aria-label=\"Contenu embarqu\u00e9 Contenu embarqu\u00e9 20_RA16_C4_APLA_approche_par_competences-partie1-au_fil_du_temps_DM_625635..\"><\/object><a id=\"wp-block-file--media-167a386c-4029-482b-983c-13f9e88b65f0\" href=\"https:\/\/sites.ac-nancy-metz.fr\/arts-plastiques\/wp-content\/uploads\/20_RA16_C4_APLA_approche_par_competences-partie1-au_fil_du_temps_DM_625635.pdf\">20_RA16_C4_APLA_approche_par_competences-partie1-au_fil_du_temps_DM_625635<\/a><a href=\"https:\/\/sites.ac-nancy-metz.fr\/arts-plastiques\/wp-content\/uploads\/20_RA16_C4_APLA_approche_par_competences-partie1-au_fil_du_temps_DM_625635.pdf\" class=\"wp-block-file__button\" download aria-describedby=\"wp-block-file--media-167a386c-4029-482b-983c-13f9e88b65f0\">T\u00e9l\u00e9charger<\/a><\/div>\n\n\n\n<h2 class=\"has-pale-cyan-blue-background-color has-background wp-block-heading\" id=\"summary-item-0\">Partie 2\u00a0: essai de d\u00e9finition, synth\u00e8se notionnelle<\/h2>\n\n\n\n<div data-wp-interactive=\"core\/file\" class=\"wp-block-file\"><object data-wp-bind--hidden=\"!state.hasPdfPreview\" hidden class=\"wp-block-file__embed\" data=\"https:\/\/sites.ac-nancy-metz.fr\/arts-plastiques\/wp-content\/uploads\/21_RA16_C4_APLA_approche_par_competences-partie2-synthese_notionnelle_DM_625639.pdf\" type=\"application\/pdf\" style=\"width:100%;height:600px\" aria-label=\"Contenu embarqu\u00e9 Contenu embarqu\u00e9 21_RA16_C4_APLA_approche_par_competences-partie2-synthese_notionnelle_DM_625639..\"><\/object><a id=\"wp-block-file--media-f7be77e9-bb7d-44f2-97fc-3bcb4c07aeea\" href=\"https:\/\/sites.ac-nancy-metz.fr\/arts-plastiques\/wp-content\/uploads\/21_RA16_C4_APLA_approche_par_competences-partie2-synthese_notionnelle_DM_625639.pdf\">21_RA16_C4_APLA_approche_par_competences-partie2-synthese_notionnelle_DM_625639<\/a><a href=\"https:\/\/sites.ac-nancy-metz.fr\/arts-plastiques\/wp-content\/uploads\/21_RA16_C4_APLA_approche_par_competences-partie2-synthese_notionnelle_DM_625639.pdf\" class=\"wp-block-file__button\" download aria-describedby=\"wp-block-file--media-f7be77e9-bb7d-44f2-97fc-3bcb4c07aeea\">T\u00e9l\u00e9charger<\/a><\/div>\n\n\n\n<h2 class=\"has-pale-cyan-blue-background-color has-background wp-block-heading\" id=\"summary-item-0\">Partie 3\u00a0: travailler par comp\u00e9tences, l&rsquo;\u00e9laboration de la s\u00e9quence<\/h2>\n\n\n\n<div data-wp-interactive=\"core\/file\" class=\"wp-block-file\"><object data-wp-bind--hidden=\"!state.hasPdfPreview\" hidden class=\"wp-block-file__embed\" data=\"https:\/\/sites.ac-nancy-metz.fr\/arts-plastiques\/wp-content\/uploads\/22_RA16_C4_APLA_approche_par_competences-partie3-travailler-competences_DM_625641.pdf\" type=\"application\/pdf\" style=\"width:100%;height:600px\" aria-label=\"Contenu embarqu\u00e9 Contenu embarqu\u00e9 22_RA16_C4_APLA_approche_par_competences-partie3-travailler-competences_DM_625641..\"><\/object><a id=\"wp-block-file--media-eddf1035-5492-4300-9928-e785a5d8c5b5\" href=\"https:\/\/sites.ac-nancy-metz.fr\/arts-plastiques\/wp-content\/uploads\/22_RA16_C4_APLA_approche_par_competences-partie3-travailler-competences_DM_625641.pdf\">22_RA16_C4_APLA_approche_par_competences-partie3-travailler-competences_DM_625641<\/a><a href=\"https:\/\/sites.ac-nancy-metz.fr\/arts-plastiques\/wp-content\/uploads\/22_RA16_C4_APLA_approche_par_competences-partie3-travailler-competences_DM_625641.pdf\" class=\"wp-block-file__button\" download aria-describedby=\"wp-block-file--media-eddf1035-5492-4300-9928-e785a5d8c5b5\">T\u00e9l\u00e9charger<\/a><\/div>\n\n\n\n<h2 class=\"has-pale-cyan-blue-background-color has-background wp-block-heading\" id=\"summary-item-0\">Partie 4\u00a0: travailler par t\u00e2che complexe, mise en situation<\/h2>\n\n\n\n<div data-wp-interactive=\"core\/file\" class=\"wp-block-file\"><object data-wp-bind--hidden=\"!state.hasPdfPreview\" hidden class=\"wp-block-file__embed\" data=\"https:\/\/sites.ac-nancy-metz.fr\/arts-plastiques\/wp-content\/uploads\/23_RA16_C4_APLA_approche_par_competences-partie4-travailler_tache_complexe_DM_625646.pdf\" type=\"application\/pdf\" style=\"width:100%;height:600px\" aria-label=\"Contenu embarqu\u00e9 Contenu embarqu\u00e9 23_RA16_C4_APLA_approche_par_competences-partie4-travailler_tache_complexe_DM_625646..\"><\/object><a id=\"wp-block-file--media-0f071d4e-4fdf-4843-a6b5-a44d145f252c\" href=\"https:\/\/sites.ac-nancy-metz.fr\/arts-plastiques\/wp-content\/uploads\/23_RA16_C4_APLA_approche_par_competences-partie4-travailler_tache_complexe_DM_625646.pdf\">23_RA16_C4_APLA_approche_par_competences-partie4-travailler_tache_complexe_DM_625646<\/a><a href=\"https:\/\/sites.ac-nancy-metz.fr\/arts-plastiques\/wp-content\/uploads\/23_RA16_C4_APLA_approche_par_competences-partie4-travailler_tache_complexe_DM_625646.pdf\" class=\"wp-block-file__button\" download aria-describedby=\"wp-block-file--media-0f071d4e-4fdf-4843-a6b5-a44d145f252c\">T\u00e9l\u00e9charger<\/a><\/div>\n\n\n\n<h2 class=\"has-pale-cyan-blue-background-color has-background wp-block-heading\" id=\"summary-item-0\">Partie 5\u00a0: \u00e9valuer par comp\u00e9tences, les principes et m\u00e9thode<\/h2>\n\n\n\n<div data-wp-interactive=\"core\/file\" class=\"wp-block-file\"><object data-wp-bind--hidden=\"!state.hasPdfPreview\" hidden class=\"wp-block-file__embed\" data=\"https:\/\/sites.ac-nancy-metz.fr\/arts-plastiques\/wp-content\/uploads\/24_RA16_C4_APLA_approche_par_competences-partie5-evaluer_par_competences_DM_625648.pdf\" type=\"application\/pdf\" style=\"width:100%;height:600px\" aria-label=\"Contenu embarqu\u00e9 Contenu embarqu\u00e9 24_RA16_C4_APLA_approche_par_competences-partie5-evaluer_par_competences_DM_625648..\"><\/object><a id=\"wp-block-file--media-3622253c-8993-4e9c-a50f-e97ffcaf4b75\" href=\"https:\/\/sites.ac-nancy-metz.fr\/arts-plastiques\/wp-content\/uploads\/24_RA16_C4_APLA_approche_par_competences-partie5-evaluer_par_competences_DM_625648.pdf\">24_RA16_C4_APLA_approche_par_competences-partie5-evaluer_par_competences_DM_625648<\/a><a href=\"https:\/\/sites.ac-nancy-metz.fr\/arts-plastiques\/wp-content\/uploads\/24_RA16_C4_APLA_approche_par_competences-partie5-evaluer_par_competences_DM_625648.pdf\" class=\"wp-block-file__button\" download aria-describedby=\"wp-block-file--media-3622253c-8993-4e9c-a50f-e97ffcaf4b75\">T\u00e9l\u00e9charger<\/a><\/div>\n\n\n\n<h2 class=\"has-pale-cyan-blue-background-color has-background wp-block-heading\" id=\"summary-item-0\">Partie 6\u00a0: construire des outils, \u00e9chapper \u00e0 l&rsquo;usine \u00e0 cases<\/h2>\n\n\n\n<div data-wp-interactive=\"core\/file\" class=\"wp-block-file\"><object data-wp-bind--hidden=\"!state.hasPdfPreview\" hidden class=\"wp-block-file__embed\" data=\"https:\/\/sites.ac-nancy-metz.fr\/arts-plastiques\/wp-content\/uploads\/25_RA16_C4_APLA_approche_par_competences-partie6-construire-outils_DM_625650.pdf\" type=\"application\/pdf\" style=\"width:100%;height:600px\" aria-label=\"Contenu embarqu\u00e9 Contenu embarqu\u00e9 25_RA16_C4_APLA_approche_par_competences-partie6-construire-outils_DM_625650..\"><\/object><a id=\"wp-block-file--media-987b1351-d38f-4167-a5c1-e48ff71cf507\" href=\"https:\/\/sites.ac-nancy-metz.fr\/arts-plastiques\/wp-content\/uploads\/25_RA16_C4_APLA_approche_par_competences-partie6-construire-outils_DM_625650.pdf\">25_RA16_C4_APLA_approche_par_competences-partie6-construire-outils_DM_625650<\/a><a href=\"https:\/\/sites.ac-nancy-metz.fr\/arts-plastiques\/wp-content\/uploads\/25_RA16_C4_APLA_approche_par_competences-partie6-construire-outils_DM_625650.pdf\" class=\"wp-block-file__button\" download aria-describedby=\"wp-block-file--media-987b1351-d38f-4167-a5c1-e48ff71cf507\">T\u00e9l\u00e9charger<\/a><\/div>\n","protected":false},"excerpt":{"rendered":"<p>Les ressources rassembl\u00e9es permettent d&rsquo;acc\u00e9der \u00e0 des informations compl\u00e9mentaires (m\u00e9thodologiques, culturelles, th\u00e9oriques, etc.) li\u00e9es aux attendus et enjeux du programme, aux savoirs p\u00e9dagogiques et didactiques de&#8230;<\/p>\n","protected":false},"author":2,"featured_media":0,"parent":0,"menu_order":0,"comment_status":"closed","ping_status":"closed","template":"","meta":{"footnotes":""},"class_list":["post-6957","page","type-page","status-publish","hentry"],"_links":{"self":[{"href":"https:\/\/sites.ac-nancy-metz.fr\/arts-plastiques\/wp-json\/wp\/v2\/pages\/6957","targetHints":{"allow":["GET"]}}],"collection":[{"href":"https:\/\/sites.ac-nancy-metz.fr\/arts-plastiques\/wp-json\/wp\/v2\/pages"}],"about":[{"href":"https:\/\/sites.ac-nancy-metz.fr\/arts-plastiques\/wp-json\/wp\/v2\/types\/page"}],"author":[{"embeddable":true,"href":"https:\/\/sites.ac-nancy-metz.fr\/arts-plastiques\/wp-json\/wp\/v2\/users\/2"}],"replies":[{"embeddable":true,"href":"https:\/\/sites.ac-nancy-metz.fr\/arts-plastiques\/wp-json\/wp\/v2\/comments?post=6957"}],"version-history":[{"count":10,"href":"https:\/\/sites.ac-nancy-metz.fr\/arts-plastiques\/wp-json\/wp\/v2\/pages\/6957\/revisions"}],"predecessor-version":[{"id":7091,"href":"https:\/\/sites.ac-nancy-metz.fr\/arts-plastiques\/wp-json\/wp\/v2\/pages\/6957\/revisions\/7091"}],"wp:attachment":[{"href":"https:\/\/sites.ac-nancy-metz.fr\/arts-plastiques\/wp-json\/wp\/v2\/media?parent=6957"}],"curies":[{"name":"wp","href":"https:\/\/api.w.org\/{rel}","templated":true}]}}