{"id":7154,"date":"2022-02-24T13:29:23","date_gmt":"2022-02-24T12:29:23","guid":{"rendered":"https:\/\/sites.ac-nancy-metz.fr\/arts-plastiques\/?page_id=7154"},"modified":"2022-06-29T20:44:32","modified_gmt":"2022-06-29T18:44:32","slug":"actualite-des-galeries-virtuelles-entrelac","status":"publish","type":"page","link":"https:\/\/sites.ac-nancy-metz.fr\/arts-plastiques\/actualite-des-galeries-virtuelles-entrelac\/","title":{"rendered":"Actualit\u00e9s des Galeries virtuelles EntreLAC"},"content":{"rendered":"\n<p>Les galeries virtuelles EntreLAC sont des <strong>lieux virtuels d\u2019expositions d\u2019Arts et de Cultures<\/strong>. La cr\u00e9ation et la diffusion des galeries virtuelles constituent un enjeu num\u00e9rique de travail acad\u00e9mique en prenant appui sur les <strong>sites d\u2019\u00e9tablissements<\/strong>.<\/p>\n\n\n\n<p>Le travail de publication permet de valoriser les productions des \u00e9l\u00e8ves et les projets p\u00e9dagogiques men\u00e9s.<\/p>\n\n\n\n<iframe width=\"100%\" height=\"300px\" frameborder=\"0\" allowfullscreen src=\"\/\/umap.openstreetmap.fr\/fr\/map\/galeries-darts-academie-de-nancy-metz_748361?scaleControl=false&#038;miniMap=false&#038;scrollWheelZoom=false&#038;zoomControl=true&#038;allowEdit=false&#038;moreControl=true&#038;searchControl=null&#038;tilelayersControl=null&#038;embedControl=null&#038;datalayersControl=true&#038;onLoadPanel=undefined&#038;captionBar=false\"><\/iframe><p><a href=\"\/\/umap.openstreetmap.fr\/fr\/map\/galeries-darts-academie-de-nancy-metz_748361\">Voir en plein \u00e9cran<\/a><\/p>\n\n\n<div class=\"wp-block-image\">\n<figure class=\"alignright size-full is-resized\"><img fetchpriority=\"high\" decoding=\"async\" src=\"https:\/\/sites.ac-nancy-metz.fr\/arts-plastiques\/wp-content\/uploads\/Logo-EntreLAC.png\" alt=\"\" class=\"wp-image-7336\" width=\"304\" height=\"302\" srcset=\"https:\/\/sites.ac-nancy-metz.fr\/arts-plastiques\/wp-content\/uploads\/Logo-EntreLAC.png 460w, https:\/\/sites.ac-nancy-metz.fr\/arts-plastiques\/wp-content\/uploads\/Logo-EntreLAC-300x298.png 300w, https:\/\/sites.ac-nancy-metz.fr\/arts-plastiques\/wp-content\/uploads\/Logo-EntreLAC-150x150.png 150w\" sizes=\"(max-width: 304px) 100vw, 304px\" \/><\/figure>\n<\/div>\n\n\n<figure class=\"wp-block-embed is-type-wp-embed is-provider-arts-plastiques wp-block-embed-arts-plastiques\"><div class=\"wp-block-embed__wrapper\">\n<blockquote class=\"wp-embedded-content\" data-secret=\"RoygORb41j\"><a href=\"https:\/\/sites.ac-nancy-metz.fr\/arts-plastiques\/galeries-virtuelles\/\">Galeries virtuelles EntreLAC<\/a><\/blockquote><iframe class=\"wp-embedded-content\" sandbox=\"allow-scripts\" security=\"restricted\" style=\"position: absolute; clip: rect(1px, 1px, 1px, 1px);\" title=\"\u00ab\u00a0Galeries virtuelles EntreLAC\u00a0\u00bb &#8212; Arts plastiques\" src=\"https:\/\/sites.ac-nancy-metz.fr\/arts-plastiques\/galeries-virtuelles\/embed\/#?secret=Ln0xHpQldp#?secret=RoygORb41j\" data-secret=\"RoygORb41j\" width=\"600\" height=\"338\" frameborder=\"0\" marginwidth=\"0\" marginheight=\"0\" scrolling=\"no\"><\/iframe>\n<\/div><\/figure>\n\n\n\n<p><\/p>\n","protected":false},"excerpt":{"rendered":"<p>Les galeries virtuelles EntreLAC sont des lieux virtuels d\u2019expositions d\u2019Arts et de Cultures. La cr\u00e9ation et la diffusion des galeries virtuelles constituent un enjeu num\u00e9rique de&#8230;<\/p>\n","protected":false},"author":2,"featured_media":0,"parent":0,"menu_order":0,"comment_status":"closed","ping_status":"closed","template":"","meta":{"footnotes":""},"class_list":["post-7154","page","type-page","status-publish","hentry"],"_links":{"self":[{"href":"https:\/\/sites.ac-nancy-metz.fr\/arts-plastiques\/wp-json\/wp\/v2\/pages\/7154","targetHints":{"allow":["GET"]}}],"collection":[{"href":"https:\/\/sites.ac-nancy-metz.fr\/arts-plastiques\/wp-json\/wp\/v2\/pages"}],"about":[{"href":"https:\/\/sites.ac-nancy-metz.fr\/arts-plastiques\/wp-json\/wp\/v2\/types\/page"}],"author":[{"embeddable":true,"href":"https:\/\/sites.ac-nancy-metz.fr\/arts-plastiques\/wp-json\/wp\/v2\/users\/2"}],"replies":[{"embeddable":true,"href":"https:\/\/sites.ac-nancy-metz.fr\/arts-plastiques\/wp-json\/wp\/v2\/comments?post=7154"}],"version-history":[{"count":8,"href":"https:\/\/sites.ac-nancy-metz.fr\/arts-plastiques\/wp-json\/wp\/v2\/pages\/7154\/revisions"}],"predecessor-version":[{"id":8671,"href":"https:\/\/sites.ac-nancy-metz.fr\/arts-plastiques\/wp-json\/wp\/v2\/pages\/7154\/revisions\/8671"}],"wp:attachment":[{"href":"https:\/\/sites.ac-nancy-metz.fr\/arts-plastiques\/wp-json\/wp\/v2\/media?parent=7154"}],"curies":[{"name":"wp","href":"https:\/\/api.w.org\/{rel}","templated":true}]}}