{"id":732,"date":"2020-09-11T13:11:21","date_gmt":"2020-09-11T11:11:21","guid":{"rendered":"https:\/\/sites.ac-nancy-metz.fr\/arts-plastiques\/?page_id=732"},"modified":"2021-04-19T12:08:13","modified_gmt":"2021-04-19T10:08:13","slug":"enseignement-hybride","status":"publish","type":"page","link":"https:\/\/sites.ac-nancy-metz.fr\/arts-plastiques\/enseignement-hybride\/","title":{"rendered":"Enseignement hybride coll\u00e8ge"},"content":{"rendered":"\n<p><strong>Des ressources pour d\u00e9velopper la pratique plastique \u00e0 distance, construire une culture artistique et favoriser la rencontre avec les oeuvres : <\/strong><\/p>\n\n\n\n<p><\/p>\n\n\n\n<div class=\"wp-block-image\"><figure class=\"aligncenter is-resized\"><a href=\"https:\/\/sites.ac-nancy-metz.fr\/arts-plastiques\/2020\/10\/30\/ressources-rentree-novembre-2020\/\"><img fetchpriority=\"high\" decoding=\"async\" src=\"https:\/\/sites.ac-nancy-metz.fr\/arts-plastiques\/wp-content\/uploads\/capture-decran-2020-11-20-a-14-59-56.png\" alt=\"\" class=\"wp-image-2356\" width=\"500\" height=\"483\" srcset=\"https:\/\/sites.ac-nancy-metz.fr\/arts-plastiques\/wp-content\/uploads\/capture-decran-2020-11-20-a-14-59-56.png 573w, https:\/\/sites.ac-nancy-metz.fr\/arts-plastiques\/wp-content\/uploads\/capture-decran-2020-11-20-a-14-59-56-300x290.png 300w\" sizes=\"(max-width: 500px) 100vw, 500px\" \/><\/a><\/figure><\/div>\n\n\n\n<div class=\"wp-block-image\"><figure class=\"aligncenter is-resized\"><img decoding=\"async\" src=\"https:\/\/sites.ac-nancy-metz.fr\/arts-plastiques\/wp-content\/uploads\/capture-decran-2020-11-20-a-09-37-05-1024x568.png\" alt=\"\" class=\"wp-image-2313\" width=\"608\" height=\"337\" srcset=\"https:\/\/sites.ac-nancy-metz.fr\/arts-plastiques\/wp-content\/uploads\/capture-decran-2020-11-20-a-09-37-05-1024x568.png 1024w, https:\/\/sites.ac-nancy-metz.fr\/arts-plastiques\/wp-content\/uploads\/capture-decran-2020-11-20-a-09-37-05-300x166.png 300w, https:\/\/sites.ac-nancy-metz.fr\/arts-plastiques\/wp-content\/uploads\/capture-decran-2020-11-20-a-09-37-05-768x426.png 768w, https:\/\/sites.ac-nancy-metz.fr\/arts-plastiques\/wp-content\/uploads\/capture-decran-2020-11-20-a-09-37-05.png 1405w\" sizes=\"(max-width: 608px) 100vw, 608px\" \/><\/figure><\/div>\n\n\n\n<figure class=\"wp-block-image\"><a href=\"https:\/\/sites.ac-nancy-metz.fr\/arts-plastiques\/innovations-pedagogiques\/\"><img decoding=\"async\" width=\"1024\" height=\"470\" src=\"https:\/\/sites.ac-nancy-metz.fr\/arts-plastiques\/wp-content\/uploads\/capture-decran-2020-11-17-a-15-50-32-1024x470.png\" alt=\"\" class=\"wp-image-2279\" srcset=\"https:\/\/sites.ac-nancy-metz.fr\/arts-plastiques\/wp-content\/uploads\/capture-decran-2020-11-17-a-15-50-32-1024x470.png 1024w, https:\/\/sites.ac-nancy-metz.fr\/arts-plastiques\/wp-content\/uploads\/capture-decran-2020-11-17-a-15-50-32-300x138.png 300w, https:\/\/sites.ac-nancy-metz.fr\/arts-plastiques\/wp-content\/uploads\/capture-decran-2020-11-17-a-15-50-32-768x353.png 768w, https:\/\/sites.ac-nancy-metz.fr\/arts-plastiques\/wp-content\/uploads\/capture-decran-2020-11-17-a-15-50-32.png 1184w\" sizes=\"(max-width: 1024px) 100vw, 1024px\" \/><\/a><\/figure>\n\n\n\n<div class=\"wp-block-image\"><figure class=\"aligncenter\"><a href=\"https:\/\/archiclasse.education.fr\/J-enseigne-en-classe-et-a-distance\"><img loading=\"lazy\" decoding=\"async\" width=\"290\" height=\"250\" src=\"https:\/\/sites.ac-nancy-metz.fr\/arts-plastiques\/wp-content\/uploads\/arton428-e978d.png\" alt=\"\" class=\"wp-image-2262\"\/><\/a><\/figure><\/div>\n\n\n\n<div class=\"wp-block-file\"><a href=\"https:\/\/sites.ac-nancy-metz.fr\/arts-plastiques\/wp-content\/uploads\/enseignement-hybride-exemple.pdf\">Enseignement hybride Exemple<\/a><a href=\"https:\/\/sites.ac-nancy-metz.fr\/arts-plastiques\/wp-content\/uploads\/enseignement-hybride-exemple.pdf\" class=\"wp-block-file__button\" download>T\u00e9l\u00e9charger<\/a><\/div>\n\n\n\n<div class=\"wp-block-file\"><a href=\"https:\/\/sites.ac-nancy-metz.fr\/arts-plastiques\/wp-content\/uploads\/cours-hybrides-au-college.pdf\">Nature morte d\u2019aujourd\u2019hui Cycle 3<\/a><a href=\"https:\/\/sites.ac-nancy-metz.fr\/arts-plastiques\/wp-content\/uploads\/cours-hybrides-au-college.pdf\" class=\"wp-block-file__button\" download>T\u00e9l\u00e9charger<\/a><\/div>\n\n\n\n<div class=\"wp-block-file\"><a href=\"https:\/\/sites.ac-nancy-metz.fr\/arts-plastiques\/wp-content\/uploads\/articulation-presentiel-ditanciel.pdf\">Articulation presentiel\/distanciel<\/a><a href=\"https:\/\/sites.ac-nancy-metz.fr\/arts-plastiques\/wp-content\/uploads\/articulation-presentiel-ditanciel.pdf\" class=\"wp-block-file__button\" download>T\u00e9l\u00e9charger<\/a><\/div>\n\n\n\n<p><a href=\"https:\/\/dane.ac-nancy-metz.fr\/continuite-pedagogique\/\">Continuit\u00e9 p\u00e9dagogique, enseignement hybride<\/a><\/p>\n\n\n\n<p><div><a href=\"https:\/\/dane.ac-nancy-metz.fr\/ressources-numeriques-et-disciplines\/arts-plastiques\/\">Arts plastiques : DANE Nancy-Metz<\/a><\/div><\/p>\n\n\n\n<p><a href=\"https:\/\/pedagogie.ac-nancy-metz.fr\/hybride\/\">Guide pratique de la mise en oeuvre d\u2019un enseignement en modalit\u00e9 hybride<\/a><\/p>\n\n\n\n<p>Une ressource acad\u00e9mique \u00e0 consulter : <\/p>\n\n\n\n<figure><iframe width=\"560\" height=\"315\" src=\"https:\/\/www.youtube.com\/embed\/Bu3dQTLGens\" allowfullscreen=\"\"><\/iframe><\/figure>\n","protected":false},"excerpt":{"rendered":"<p>Des ressources pour d\u00e9velopper la pratique plastique \u00e0 distance, construire une culture artistique et favoriser la rencontre avec les oeuvres : Continuit\u00e9 p\u00e9dagogique, enseignement hybride Arts&#8230;<\/p>\n","protected":false},"author":2,"featured_media":0,"parent":0,"menu_order":0,"comment_status":"closed","ping_status":"closed","template":"","meta":{"footnotes":""},"class_list":["post-732","page","type-page","status-publish","hentry"],"_links":{"self":[{"href":"https:\/\/sites.ac-nancy-metz.fr\/arts-plastiques\/wp-json\/wp\/v2\/pages\/732","targetHints":{"allow":["GET"]}}],"collection":[{"href":"https:\/\/sites.ac-nancy-metz.fr\/arts-plastiques\/wp-json\/wp\/v2\/pages"}],"about":[{"href":"https:\/\/sites.ac-nancy-metz.fr\/arts-plastiques\/wp-json\/wp\/v2\/types\/page"}],"author":[{"embeddable":true,"href":"https:\/\/sites.ac-nancy-metz.fr\/arts-plastiques\/wp-json\/wp\/v2\/users\/2"}],"replies":[{"embeddable":true,"href":"https:\/\/sites.ac-nancy-metz.fr\/arts-plastiques\/wp-json\/wp\/v2\/comments?post=732"}],"version-history":[{"count":12,"href":"https:\/\/sites.ac-nancy-metz.fr\/arts-plastiques\/wp-json\/wp\/v2\/pages\/732\/revisions"}],"predecessor-version":[{"id":2357,"href":"https:\/\/sites.ac-nancy-metz.fr\/arts-plastiques\/wp-json\/wp\/v2\/pages\/732\/revisions\/2357"}],"wp:attachment":[{"href":"https:\/\/sites.ac-nancy-metz.fr\/arts-plastiques\/wp-json\/wp\/v2\/media?parent=732"}],"curies":[{"name":"wp","href":"https:\/\/api.w.org\/{rel}","templated":true}]}}